{"id":37,"date":"2018-04-26T10:54:22","date_gmt":"2018-04-26T10:54:22","guid":{"rendered":"http:\/\/www.cavallcartro.cat\/escoles\/ebm-virolet\/?page_id=37"},"modified":"2022-11-07T16:31:39","modified_gmt":"2022-11-07T16:31:39","slug":"contacte","status":"publish","type":"page","link":"https:\/\/www.cavallcartro.cat\/escoles\/ebm-virolet\/contacte\/","title":{"rendered":"Contacte"},"content":{"rendered":"<div class=\"wpb-content-wrapper\">[vc_row full_width=&#8221;stretch_row&#8221; css=&#8221;.vc_custom_1507109100639{padding-bottom: 50px !important;background-image: url(https:\/\/www.cavallcartro.cat\/escoles\/llim-avet-blau\/wp-content\/uploads\/sites\/9\/2017\/09\/fons1.jpg?id=74) !important;}&#8221;][vc_column width=&#8221;1\/3&#8243;][vc_icon icon_fontawesome=&#8221;fa fa-map-marker&#8221; color=&#8221;custom&#8221; size=&#8221;lg&#8221; align=&#8221;center&#8221;]<div  class=\"swmsc_text_block\" > \n<p style=\"text-align: center\">Mol\u00ed de la Torre, 169<br \/>\n08915 Badalona<\/p>\n<\/div>[\/vc_column][vc_column width=&#8221;1\/3&#8243;][vc_icon icon_fontawesome=&#8221;fa fa-phone&#8221; color=&#8221;custom&#8221; size=&#8221;lg&#8221; align=&#8221;center&#8221;]<div  class=\"swmsc_text_block\" > \n<p style=\"text-align: center\"><a href=\"tel:934651057\">93 465 10 57<\/a><\/p>\n<\/div>[\/vc_column][vc_column width=&#8221;1\/3&#8243;][vc_icon icon_fontawesome=&#8221;fa fa-envelope&#8221; color=&#8221;custom&#8221; size=&#8221;lg&#8221; align=&#8221;center&#8221;]<div  class=\"swmsc_text_block\" > \n<p style=\"text-align: center\"><a href=\"mailto:a8072504@xtec.cat\">a8072504@xtec.cat<\/a><\/p>\n<\/div>[\/vc_column][\/vc_row][vc_row][vc_column]<div  class=\"swmsc_fancy_heading swmsc_fancy_heading_center fh_icon_envelope-o\" style=\"margin-top:20px;margin-bottom:40px;\">\n\t\t\t\t\t\t<div class=\"swmsc_fancy_heading_text\" style=\"font-size:42px;line-height:30px;\">\n\t\t\t\t\t\t\t\n<h1><strong>Contacte<\/strong><\/h1>\n\n\t\t\t\t\t\t\t<div class=\"swmsc_fancy_heading_border\">\n\t\t\t\t\t\t\t\t<span class=\"swmsc_fancy_heading_border1\" style=\"background:#87888a;\"><\/span>\n\t\t\t\t\t\t\t\t<span class=\"swmsc_fancy_heading_border2\" style=\"background:#87888a;\"><\/span>\n\t\t\t\t\t\t\t\t<span class=\"swmsc_fancy_heading_icon\"><i class=\"fa fa-envelope-o\"  style=\"color:#9295cc;\"><\/i><\/span>\n\t\t\t\t\t\t\t<\/div>\n\t\t\t\t\t\t<\/div>\n\t\t\t\t\t<\/div><div  class=\"clear swmsc_gap\" style=\"margin:10px 0 0 0;\"><\/div><div  class=\"swmsc_text_block\" > \n<p>Ompliu aquest formulari si desitgeu fer-nos qualsevol mena de suggeriment o pregunta. Us intentarem atendre el m\u00e9s aviat possible.<\/p>\n<\/div><div  class=\"clear swmsc_gap\" style=\"margin:30px 0 0 0;\"><\/div>\n<div class=\"wpcf7 no-js\" id=\"wpcf7-f78-o1\" lang=\"ca\" dir=\"ltr\" data-wpcf7-id=\"78\">\n<div class=\"screen-reader-response\"><p role=\"status\" aria-live=\"polite\" aria-atomic=\"true\"><\/p> <ul><\/ul><\/div>\n<form action=\"\/escoles\/ebm-virolet\/wp-json\/wp\/v2\/pages\/37#wpcf7-f78-o1\" method=\"post\" class=\"wpcf7-form init\" aria-label=\"Formulari de contacte\" novalidate=\"novalidate\" data-status=\"init\">\n<fieldset class=\"hidden-fields-container\"><input type=\"hidden\" name=\"_wpcf7\" value=\"78\" \/><input type=\"hidden\" name=\"_wpcf7_version\" value=\"6.1.5\" \/><input type=\"hidden\" name=\"_wpcf7_locale\" value=\"ca\" \/><input type=\"hidden\" name=\"_wpcf7_unit_tag\" value=\"wpcf7-f78-o1\" \/><input type=\"hidden\" name=\"_wpcf7_container_post\" value=\"0\" \/><input type=\"hidden\" name=\"_wpcf7_posted_data_hash\" value=\"\" \/>\n<\/fieldset>\n<div class=\"kidsworld_column first\">\n\t<p><span class=\"wpcf7-form-control-wrap\" data-name=\"desplegable\"><select class=\"wpcf7-form-control wpcf7-select wpcf7-validates-as-required\" aria-required=\"true\" aria-invalid=\"false\" name=\"desplegable\"><option value=\"Informaci\u00f3\">Informaci\u00f3<\/option><option value=\"Agra\u00efments\">Agra\u00efments<\/option><option value=\"Suggeriments o queixes\">Suggeriments o queixes<\/option><\/select><\/span>\n\t<\/p>\n\t<p><span class=\"wpcf7-form-control-wrap\" data-name=\"nom\"><input size=\"40\" maxlength=\"400\" class=\"wpcf7-form-control wpcf7-text wpcf7-validates-as-required\" aria-required=\"true\" aria-invalid=\"false\" placeholder=\"Nom i Cognoms *\" value=\"\" type=\"text\" name=\"nom\" \/><\/span>\n\t<\/p>\n\t<p><span class=\"wpcf7-form-control-wrap\" data-name=\"centre\"><input size=\"40\" maxlength=\"400\" class=\"wpcf7-form-control wpcf7-text wpcf7-validates-as-required\" aria-required=\"true\" aria-invalid=\"false\" placeholder=\"Centre, escola, ajuntament, ...\" value=\"\" type=\"text\" name=\"centre\" \/><\/span>\n\t<\/p>\n\t<p><span class=\"wpcf7-form-control-wrap\" data-name=\"email\"><input size=\"40\" maxlength=\"400\" class=\"wpcf7-form-control wpcf7-email wpcf7-validates-as-required wpcf7-text wpcf7-validates-as-email\" aria-required=\"true\" aria-invalid=\"false\" placeholder=\"Adre\u00e7a electr\u00f2nica*\" value=\"\" type=\"email\" name=\"email\" \/><\/span>\n\t<\/p>\n\t<div class=\"clear\">\n\t<\/div>\n<\/div>\n<div class=\"clear\">\n<\/div>\n<p><span class=\"wpcf7-form-control-wrap\" data-name=\"consulta\"><textarea cols=\"40\" rows=\"10\" maxlength=\"2000\" class=\"wpcf7-form-control wpcf7-textarea wpcf7-validates-as-required\" aria-required=\"true\" aria-invalid=\"false\" placeholder=\"El teu missatge ...\" name=\"consulta\"><\/textarea><\/span>\n<\/p>\n<p class=\"clear center\"><input class=\"wpcf7-form-control wpcf7-submit has-spinner\" type=\"submit\" value=\"ENVIAR MISSATGE\" \/>\n<\/p>\n<p><span class=\"wpcf7-form-control-wrap\" data-name=\"acceptance-privacidad\"><span class=\"wpcf7-form-control wpcf7-acceptance\"><span class=\"wpcf7-list-item\"><input type=\"checkbox\" name=\"acceptance-privacidad\" value=\"1\" aria-invalid=\"false\" \/><\/span><\/span><\/span> Accepto la<a href=\"\/llei-de-proteccio-de-dades\" target=\"_self\"> pol\u00edtica de privacitat <\/a>\n<\/p>\n<p><span class=\"wpcf7-form-control-wrap\" data-name=\"info\"><span class=\"wpcf7-form-control wpcf7-checkbox\"><span class=\"wpcf7-list-item first last\"><label><input type=\"checkbox\" name=\"info[]\" value=\"Si no desitja rebre informaci\u00f3 de la nostra empresa, marqui la casella.\" \/><span class=\"wpcf7-list-item-label\">Si no desitja rebre informaci\u00f3 de la nostra empresa, marqui la casella.<\/span><\/label><\/span><\/span><\/span>\n<\/p>\n<p><span class=\"wpcf7-form-control-wrap\" data-name=\"mediosonline\"><span class=\"wpcf7-form-control wpcf7-checkbox\"><span class=\"wpcf7-list-item first last\"><label><input type=\"checkbox\" name=\"mediosonline[]\" value=\"Si no desitja informaci\u00f3 de la nostra empresa per mitjans electr\u00f2nics, marqui la casella.\" \/><span class=\"wpcf7-list-item-label\">Si no desitja informaci\u00f3 de la nostra empresa per mitjans electr\u00f2nics, marqui la casella.<\/span><\/label><\/span><\/span><\/span>\n<\/p><p style=\"display: none !important;\" class=\"akismet-fields-container\" data-prefix=\"_wpcf7_ak_\"><label>&#916;<textarea name=\"_wpcf7_ak_hp_textarea\" cols=\"45\" rows=\"8\" maxlength=\"100\"><\/textarea><\/label><input type=\"hidden\" id=\"ak_js_1\" name=\"_wpcf7_ak_js\" value=\"220\"\/><script>document.getElementById( \"ak_js_1\" ).setAttribute( \"value\", ( new Date() ).getTime() );<\/script><\/p><div class=\"wpcf7-response-output\" aria-hidden=\"true\"><\/div>\n<\/form>\n<\/div>\n<div  class=\"clear swmsc_gap\" style=\"margin:90px 0 0 0;\"><\/div>[vc_gmaps link=&#8221;#E-8_JTNDaWZyYW1lJTIwc3JjJTNEJTIyaHR0cHMlM0ElMkYlMkZ3d3cuZ29vZ2xlLmNvbSUyRm1hcHMlMkZlbWJlZCUzRnBiJTNEJTIxMW0xOCUyMTFtMTIlMjExbTMlMjExZDI5ODkuOTE1NzkxMTU5MjAyNCUyMTJkMi4yNDEwMTE4NTEyMjMyMjA3JTIxM2Q0MS40NjI3NDE2OTkxODEwMiUyMTJtMyUyMTFmMCUyMTJmMCUyMTNmMCUyMTNtMiUyMTFpMTAyNCUyMTJpNzY4JTIxNGYxMy4xJTIxM20zJTIxMW0yJTIxMXMweDEyYTRiYjlmNjJmYzRlYmQlMjUzQTB4OGVmNTFhZmE3YmVmNDJjOCUyMTJzQ2FycmVyJTJCZGUlMkJNb2wlMjVDMyUyNUFEJTJCZGUlMkJsYSUyQlRvcnJlJTI1MkMlMkIxNjklMjUyQyUyQjA4OTE1JTJCQmFkYWxvbmElMjUyQyUyQkJhcmNlbG9uYSUyMTVlMCUyMTNtMiUyMTFzY2ElMjEyc2VzJTIxNHYxNTI2MDIzMTg5NzE0JTIyJTIwd2lkdGglM0QlMjI2MDAlMjIlMjBoZWlnaHQlM0QlMjI0NTAlMjIlMjBmcmFtZWJvcmRlciUzRCUyMjAlMjIlMjBzdHlsZSUzRCUyMmJvcmRlciUzQTAlMjIlMjBhbGxvd2Z1bGxzY3JlZW4lM0UlM0MlMkZpZnJhbWUlM0U=&#8221;][\/vc_column][\/vc_row]\n<\/div>","protected":false},"excerpt":{"rendered":"<p>[vc_row full_width=&#8221;stretch_row&#8221; css=&#8221;.vc_custom_1507109100639{padding-bottom: 50px !important;background-image: url(https:\/\/www.cavallcartro.cat\/escoles\/llim-avet-blau\/wp-content\/uploads\/sites\/9\/2017\/09\/fons1.jpg?id=74) !important;}&#8221;][vc_column width=&#8221;1\/3&#8243;][vc_icon icon_fontawesome=&#8221;fa fa-map-marker&#8221; color=&#8221;custom&#8221; size=&#8221;lg&#8221; align=&#8221;center&#8221;][\/vc_column][vc_column width=&#8221;1\/3&#8243;][vc_icon icon_fontawesome=&#8221;fa fa-phone&#8221; color=&#8221;custom&#8221; size=&#8221;lg&#8221; align=&#8221;center&#8221;][\/vc_column][vc_column width=&#8221;1\/3&#8243;][vc_icon icon_fontawesome=&#8221;fa fa-envelope&#8221; color=&#8221;custom&#8221; size=&#8221;lg&#8221; align=&#8221;center&#8221;][\/vc_column][\/vc_row][vc_row][vc_column][vc_gmaps link=&#8221;#E-8_JTNDaWZyYW1lJTIwc3JjJTNEJTIyaHR0cHMlM0ElMkYlMkZ3d3cuZ29vZ2xlLmNvbSUyRm1hcHMlMkZlbWJlZCUzRnBiJTNEJTIxMW0xOCUyMTFtMTIlMjExbTMlMjExZDI5ODkuOTE1NzkxMTU5MjAyNCUyMTJkMi4yNDEwMTE4NTEyMjMyMjA3JTIxM2Q0MS40NjI3NDE2OTkxODEwMiUyMTJtMyUyMTFmMCUyMTJmMCUyMTNmMCUyMTNtMiUyMTFpMTAyNCUyMTJpNzY4JTIxNGYxMy4xJTIxM20zJTIxMW0yJTIxMXMweDEyYTRiYjlmNjJmYzRlYmQlMjUzQTB4OGVmNTFhZmE3YmVmNDJjOCUyMTJzQ2FycmVyJTJCZGUlMkJNb2wlMjVDMyUyNUFEJTJCZGUlMkJsYSUyQlRvcnJlJTI1MkMlMkIxNjklMjUyQyUyQjA4OTE1JTJCQmFkYWxvbmElMjUyQyUyQkJhcmNlbG9uYSUyMTVlMCUyMTNtMiUyMTFzY2ElMjEyc2VzJTIxNHYxNTI2MDIzMTg5NzE0JTIyJTIwd2lkdGglM0QlMjI2MDAlMjIlMjBoZWlnaHQlM0QlMjI0NTAlMjIlMjBmcmFtZWJvcmRlciUzRCUyMjAlMjIlMjBzdHlsZSUzRCUyMmJvcmRlciUzQTAlMjIlMjBhbGxvd2Z1bGxzY3JlZW4lM0UlM0MlMkZpZnJhbWUlM0U=&#8221;][\/vc_column][\/vc_row]<\/p>\n","protected":false},"author":1,"featured_media":0,"parent":0,"menu_order":0,"comment_status":"closed","ping_status":"closed","template":"","meta":{"footnotes":""},"class_list":["post-37","page","type-page","status-publish","hentry"],"yoast_head":"<!-- This site is optimized with the Yoast SEO plugin v27.4 - https:\/\/yoast.com\/product\/yoast-seo-wordpress\/ -->\n<title>Contacte - EBM VIROLET. Escola bressol municipal de Badalona<\/title>\n<meta name=\"robots\" content=\"index, follow, max-snippet:-1, max-image-preview:large, max-video-preview:-1\" \/>\n<link rel=\"canonical\" href=\"https:\/\/www.cavallcartro.cat\/escoles\/ebm-virolet\/contacte\/\" \/>\n<meta property=\"og:locale\" content=\"ca_ES\" \/>\n<meta property=\"og:type\" content=\"article\" \/>\n<meta property=\"og:title\" content=\"Contacte - EBM VIROLET. Escola bressol municipal de Badalona\" \/>\n<meta property=\"og:description\" content=\"[vc_row full_width=&#8221;stretch_row&#8221; css=&#8221;.vc_custom_1507109100639{padding-bottom: 50px !important;background-image: url(https:\/\/www.cavallcartro.cat\/escoles\/llim-avet-blau\/wp-content\/uploads\/sites\/9\/2017\/09\/fons1.jpg?id=74) !important;}&#8221;][vc_column width=&#8221;1\/3&#8243;][vc_icon icon_fontawesome=&#8221;fa fa-map-marker&#8221; color=&#8221;custom&#8221; size=&#8221;lg&#8221; align=&#8221;center&#8221;][\/vc_column][vc_column width=&#8221;1\/3&#8243;][vc_icon icon_fontawesome=&#8221;fa fa-phone&#8221; color=&#8221;custom&#8221; size=&#8221;lg&#8221; align=&#8221;center&#8221;][\/vc_column][vc_column width=&#8221;1\/3&#8243;][vc_icon icon_fontawesome=&#8221;fa fa-envelope&#8221; color=&#8221;custom&#8221; size=&#8221;lg&#8221; align=&#8221;center&#8221;][\/vc_column][\/vc_row][vc_row][vc_column][vc_gmaps link=&#8221;#E-8_JTNDaWZyYW1lJTIwc3JjJTNEJTIyaHR0cHMlM0ElMkYlMkZ3d3cuZ29vZ2xlLmNvbSUyRm1hcHMlMkZlbWJlZCUzRnBiJTNEJTIxMW0xOCUyMTFtMTIlMjExbTMlMjExZDI5ODkuOTE1NzkxMTU5MjAyNCUyMTJkMi4yNDEwMTE4NTEyMjMyMjA3JTIxM2Q0MS40NjI3NDE2OTkxODEwMiUyMTJtMyUyMTFmMCUyMTJmMCUyMTNmMCUyMTNtMiUyMTFpMTAyNCUyMTJpNzY4JTIxNGYxMy4xJTIxM20zJTIxMW0yJTIxMXMweDEyYTRiYjlmNjJmYzRlYmQlMjUzQTB4OGVmNTFhZmE3YmVmNDJjOCUyMTJzQ2FycmVyJTJCZGUlMkJNb2wlMjVDMyUyNUFEJTJCZGUlMkJsYSUyQlRvcnJlJTI1MkMlMkIxNjklMjUyQyUyQjA4OTE1JTJCQmFkYWxvbmElMjUyQyUyQkJhcmNlbG9uYSUyMTVlMCUyMTNtMiUyMTFzY2ElMjEyc2VzJTIxNHYxNTI2MDIzMTg5NzE0JTIyJTIwd2lkdGglM0QlMjI2MDAlMjIlMjBoZWlnaHQlM0QlMjI0NTAlMjIlMjBmcmFtZWJvcmRlciUzRCUyMjAlMjIlMjBzdHlsZSUzRCUyMmJvcmRlciUzQTAlMjIlMjBhbGxvd2Z1bGxzY3JlZW4lM0UlM0MlMkZpZnJhbWUlM0U=&#8221;][\/vc_column][\/vc_row]\" \/>\n<meta property=\"og:url\" content=\"https:\/\/www.cavallcartro.cat\/escoles\/ebm-virolet\/contacte\/\" \/>\n<meta property=\"og:site_name\" content=\"EBM VIROLET. Escola bressol municipal de Badalona\" \/>\n<meta property=\"article:publisher\" content=\"https:\/\/www.facebook.com\/cavallcartroedu\/\" \/>\n<meta property=\"article:modified_time\" content=\"2022-11-07T16:31:39+00:00\" \/>\n<meta name=\"twitter:card\" content=\"summary_large_image\" \/>\n<meta name=\"twitter:site\" content=\"@cavallcartroedu\" \/>\n<meta name=\"twitter:label1\" content=\"Temps estimat de lectura\" \/>\n\t<meta name=\"twitter:data1\" content=\"1 minut\" \/>\n<script type=\"application\/ld+json\" class=\"yoast-schema-graph\">{\"@context\":\"https:\\\/\\\/schema.org\",\"@graph\":[{\"@type\":\"WebPage\",\"@id\":\"https:\\\/\\\/www.cavallcartro.cat\\\/escoles\\\/ebm-virolet\\\/contacte\\\/\",\"url\":\"https:\\\/\\\/www.cavallcartro.cat\\\/escoles\\\/ebm-virolet\\\/contacte\\\/\",\"name\":\"Contacte - EBM VIROLET. Escola bressol municipal de Badalona\",\"isPartOf\":{\"@id\":\"https:\\\/\\\/www.cavallcartro.cat\\\/escoles\\\/ebm-virolet\\\/#website\"},\"datePublished\":\"2018-04-26T10:54:22+00:00\",\"dateModified\":\"2022-11-07T16:31:39+00:00\",\"breadcrumb\":{\"@id\":\"https:\\\/\\\/www.cavallcartro.cat\\\/escoles\\\/ebm-virolet\\\/contacte\\\/#breadcrumb\"},\"inLanguage\":\"ca\",\"potentialAction\":[{\"@type\":\"ReadAction\",\"target\":[\"https:\\\/\\\/www.cavallcartro.cat\\\/escoles\\\/ebm-virolet\\\/contacte\\\/\"]}]},{\"@type\":\"BreadcrumbList\",\"@id\":\"https:\\\/\\\/www.cavallcartro.cat\\\/escoles\\\/ebm-virolet\\\/contacte\\\/#breadcrumb\",\"itemListElement\":[{\"@type\":\"ListItem\",\"position\":1,\"name\":\"Portada\",\"item\":\"https:\\\/\\\/www.cavallcartro.cat\\\/escoles\\\/ebm-virolet\\\/\"},{\"@type\":\"ListItem\",\"position\":2,\"name\":\"Contacte\"}]},{\"@type\":\"WebSite\",\"@id\":\"https:\\\/\\\/www.cavallcartro.cat\\\/escoles\\\/ebm-virolet\\\/#website\",\"url\":\"https:\\\/\\\/www.cavallcartro.cat\\\/escoles\\\/ebm-virolet\\\/\",\"name\":\"EBM VIROLET. Escola bressol municipal de Badalona\",\"description\":\"L&#039;escola bressol municipal de Badalona t\u00e9 com a eix principal vetllar per l\u2019infant i garantir el desenvolupament de les seves capacitats, exercint una funci\u00f3 educativa i social com a complement de la tasca familiar. Es pret\u00e9n crear un ambient educatiu en el qual l\u2019infant trobi seguretat, estabilitat i la confian\u00e7a necess\u00e0ria per viure i desenvolupar-se de manera integral i harm\u00f2nica.\",\"publisher\":{\"@id\":\"https:\\\/\\\/www.cavallcartro.cat\\\/escoles\\\/ebm-virolet\\\/#organization\"},\"potentialAction\":[{\"@type\":\"SearchAction\",\"target\":{\"@type\":\"EntryPoint\",\"urlTemplate\":\"https:\\\/\\\/www.cavallcartro.cat\\\/escoles\\\/ebm-virolet\\\/?s={search_term_string}\"},\"query-input\":{\"@type\":\"PropertyValueSpecification\",\"valueRequired\":true,\"valueName\":\"search_term_string\"}}],\"inLanguage\":\"ca\"},{\"@type\":\"Organization\",\"@id\":\"https:\\\/\\\/www.cavallcartro.cat\\\/escoles\\\/ebm-virolet\\\/#organization\",\"name\":\"Escola Bressol Municipal Virolet\",\"url\":\"https:\\\/\\\/www.cavallcartro.cat\\\/escoles\\\/ebm-virolet\\\/\",\"logo\":{\"@type\":\"ImageObject\",\"inLanguage\":\"ca\",\"@id\":\"https:\\\/\\\/www.cavallcartro.cat\\\/escoles\\\/ebm-virolet\\\/#\\\/schema\\\/logo\\\/image\\\/\",\"url\":\"https:\\\/\\\/www.cavallcartro.cat\\\/escoles\\\/ebm-virolet\\\/wp-content\\\/uploads\\\/sites\\\/27\\\/2018\\\/04\\\/logo-ebm-virolet.jpg\",\"contentUrl\":\"https:\\\/\\\/www.cavallcartro.cat\\\/escoles\\\/ebm-virolet\\\/wp-content\\\/uploads\\\/sites\\\/27\\\/2018\\\/04\\\/logo-ebm-virolet.jpg\",\"width\":547,\"height\":356,\"caption\":\"Escola Bressol Municipal Virolet\"},\"image\":{\"@id\":\"https:\\\/\\\/www.cavallcartro.cat\\\/escoles\\\/ebm-virolet\\\/#\\\/schema\\\/logo\\\/image\\\/\"},\"sameAs\":[\"https:\\\/\\\/www.facebook.com\\\/cavallcartroedu\\\/\",\"https:\\\/\\\/x.com\\\/cavallcartroedu\",\"https:\\\/\\\/www.instagram.com\\\/cavallcartroedu\\\/\"]}]}<\/script>\n<!-- \/ Yoast SEO plugin. -->","yoast_head_json":{"title":"Contacte - EBM VIROLET. Escola bressol municipal de Badalona","robots":{"index":"index","follow":"follow","max-snippet":"max-snippet:-1","max-image-preview":"max-image-preview:large","max-video-preview":"max-video-preview:-1"},"canonical":"https:\/\/www.cavallcartro.cat\/escoles\/ebm-virolet\/contacte\/","og_locale":"ca_ES","og_type":"article","og_title":"Contacte - EBM VIROLET. Escola bressol municipal de Badalona","og_description":"[vc_row full_width=&#8221;stretch_row&#8221; css=&#8221;.vc_custom_1507109100639{padding-bottom: 50px !important;background-image: url(https:\/\/www.cavallcartro.cat\/escoles\/llim-avet-blau\/wp-content\/uploads\/sites\/9\/2017\/09\/fons1.jpg?id=74) !important;}&#8221;][vc_column width=&#8221;1\/3&#8243;][vc_icon icon_fontawesome=&#8221;fa fa-map-marker&#8221; color=&#8221;custom&#8221; size=&#8221;lg&#8221; align=&#8221;center&#8221;][\/vc_column][vc_column width=&#8221;1\/3&#8243;][vc_icon icon_fontawesome=&#8221;fa fa-phone&#8221; color=&#8221;custom&#8221; size=&#8221;lg&#8221; align=&#8221;center&#8221;][\/vc_column][vc_column width=&#8221;1\/3&#8243;][vc_icon icon_fontawesome=&#8221;fa fa-envelope&#8221; color=&#8221;custom&#8221; size=&#8221;lg&#8221; align=&#8221;center&#8221;][\/vc_column][\/vc_row][vc_row][vc_column][vc_gmaps link=&#8221;#E-8_JTNDaWZyYW1lJTIwc3JjJTNEJTIyaHR0cHMlM0ElMkYlMkZ3d3cuZ29vZ2xlLmNvbSUyRm1hcHMlMkZlbWJlZCUzRnBiJTNEJTIxMW0xOCUyMTFtMTIlMjExbTMlMjExZDI5ODkuOTE1NzkxMTU5MjAyNCUyMTJkMi4yNDEwMTE4NTEyMjMyMjA3JTIxM2Q0MS40NjI3NDE2OTkxODEwMiUyMTJtMyUyMTFmMCUyMTJmMCUyMTNmMCUyMTNtMiUyMTFpMTAyNCUyMTJpNzY4JTIxNGYxMy4xJTIxM20zJTIxMW0yJTIxMXMweDEyYTRiYjlmNjJmYzRlYmQlMjUzQTB4OGVmNTFhZmE3YmVmNDJjOCUyMTJzQ2FycmVyJTJCZGUlMkJNb2wlMjVDMyUyNUFEJTJCZGUlMkJsYSUyQlRvcnJlJTI1MkMlMkIxNjklMjUyQyUyQjA4OTE1JTJCQmFkYWxvbmElMjUyQyUyQkJhcmNlbG9uYSUyMTVlMCUyMTNtMiUyMTFzY2ElMjEyc2VzJTIxNHYxNTI2MDIzMTg5NzE0JTIyJTIwd2lkdGglM0QlMjI2MDAlMjIlMjBoZWlnaHQlM0QlMjI0NTAlMjIlMjBmcmFtZWJvcmRlciUzRCUyMjAlMjIlMjBzdHlsZSUzRCUyMmJvcmRlciUzQTAlMjIlMjBhbGxvd2Z1bGxzY3JlZW4lM0UlM0MlMkZpZnJhbWUlM0U=&#8221;][\/vc_column][\/vc_row]","og_url":"https:\/\/www.cavallcartro.cat\/escoles\/ebm-virolet\/contacte\/","og_site_name":"EBM VIROLET. Escola bressol municipal de Badalona","article_publisher":"https:\/\/www.facebook.com\/cavallcartroedu\/","article_modified_time":"2022-11-07T16:31:39+00:00","twitter_card":"summary_large_image","twitter_site":"@cavallcartroedu","twitter_misc":{"Temps estimat de lectura":"1 minut"},"schema":{"@context":"https:\/\/schema.org","@graph":[{"@type":"WebPage","@id":"https:\/\/www.cavallcartro.cat\/escoles\/ebm-virolet\/contacte\/","url":"https:\/\/www.cavallcartro.cat\/escoles\/ebm-virolet\/contacte\/","name":"Contacte - EBM VIROLET. Escola bressol municipal de Badalona","isPartOf":{"@id":"https:\/\/www.cavallcartro.cat\/escoles\/ebm-virolet\/#website"},"datePublished":"2018-04-26T10:54:22+00:00","dateModified":"2022-11-07T16:31:39+00:00","breadcrumb":{"@id":"https:\/\/www.cavallcartro.cat\/escoles\/ebm-virolet\/contacte\/#breadcrumb"},"inLanguage":"ca","potentialAction":[{"@type":"ReadAction","target":["https:\/\/www.cavallcartro.cat\/escoles\/ebm-virolet\/contacte\/"]}]},{"@type":"BreadcrumbList","@id":"https:\/\/www.cavallcartro.cat\/escoles\/ebm-virolet\/contacte\/#breadcrumb","itemListElement":[{"@type":"ListItem","position":1,"name":"Portada","item":"https:\/\/www.cavallcartro.cat\/escoles\/ebm-virolet\/"},{"@type":"ListItem","position":2,"name":"Contacte"}]},{"@type":"WebSite","@id":"https:\/\/www.cavallcartro.cat\/escoles\/ebm-virolet\/#website","url":"https:\/\/www.cavallcartro.cat\/escoles\/ebm-virolet\/","name":"EBM VIROLET. Escola bressol municipal de Badalona","description":"L&#039;escola bressol municipal de Badalona t\u00e9 com a eix principal vetllar per l\u2019infant i garantir el desenvolupament de les seves capacitats, exercint una funci\u00f3 educativa i social com a complement de la tasca familiar. Es pret\u00e9n crear un ambient educatiu en el qual l\u2019infant trobi seguretat, estabilitat i la confian\u00e7a necess\u00e0ria per viure i desenvolupar-se de manera integral i harm\u00f2nica.","publisher":{"@id":"https:\/\/www.cavallcartro.cat\/escoles\/ebm-virolet\/#organization"},"potentialAction":[{"@type":"SearchAction","target":{"@type":"EntryPoint","urlTemplate":"https:\/\/www.cavallcartro.cat\/escoles\/ebm-virolet\/?s={search_term_string}"},"query-input":{"@type":"PropertyValueSpecification","valueRequired":true,"valueName":"search_term_string"}}],"inLanguage":"ca"},{"@type":"Organization","@id":"https:\/\/www.cavallcartro.cat\/escoles\/ebm-virolet\/#organization","name":"Escola Bressol Municipal Virolet","url":"https:\/\/www.cavallcartro.cat\/escoles\/ebm-virolet\/","logo":{"@type":"ImageObject","inLanguage":"ca","@id":"https:\/\/www.cavallcartro.cat\/escoles\/ebm-virolet\/#\/schema\/logo\/image\/","url":"https:\/\/www.cavallcartro.cat\/escoles\/ebm-virolet\/wp-content\/uploads\/sites\/27\/2018\/04\/logo-ebm-virolet.jpg","contentUrl":"https:\/\/www.cavallcartro.cat\/escoles\/ebm-virolet\/wp-content\/uploads\/sites\/27\/2018\/04\/logo-ebm-virolet.jpg","width":547,"height":356,"caption":"Escola Bressol Municipal Virolet"},"image":{"@id":"https:\/\/www.cavallcartro.cat\/escoles\/ebm-virolet\/#\/schema\/logo\/image\/"},"sameAs":["https:\/\/www.facebook.com\/cavallcartroedu\/","https:\/\/x.com\/cavallcartroedu","https:\/\/www.instagram.com\/cavallcartroedu\/"]}]}},"_links":{"self":[{"href":"https:\/\/www.cavallcartro.cat\/escoles\/ebm-virolet\/wp-json\/wp\/v2\/pages\/37","targetHints":{"allow":["GET"]}}],"collection":[{"href":"https:\/\/www.cavallcartro.cat\/escoles\/ebm-virolet\/wp-json\/wp\/v2\/pages"}],"about":[{"href":"https:\/\/www.cavallcartro.cat\/escoles\/ebm-virolet\/wp-json\/wp\/v2\/types\/page"}],"author":[{"embeddable":true,"href":"https:\/\/www.cavallcartro.cat\/escoles\/ebm-virolet\/wp-json\/wp\/v2\/users\/1"}],"replies":[{"embeddable":true,"href":"https:\/\/www.cavallcartro.cat\/escoles\/ebm-virolet\/wp-json\/wp\/v2\/comments?post=37"}],"version-history":[{"count":11,"href":"https:\/\/www.cavallcartro.cat\/escoles\/ebm-virolet\/wp-json\/wp\/v2\/pages\/37\/revisions"}],"predecessor-version":[{"id":1281,"href":"https:\/\/www.cavallcartro.cat\/escoles\/ebm-virolet\/wp-json\/wp\/v2\/pages\/37\/revisions\/1281"}],"wp:attachment":[{"href":"https:\/\/www.cavallcartro.cat\/escoles\/ebm-virolet\/wp-json\/wp\/v2\/media?parent=37"}],"curies":[{"name":"wp","href":"https:\/\/api.w.org\/{rel}","templated":true}]}}