{"id":28,"date":"2018-04-26T10:51:57","date_gmt":"2018-04-26T10:51:57","guid":{"rendered":"http:\/\/www.cavallcartro.cat\/escoles\/ebm-virolet\/?page_id=28"},"modified":"2018-04-26T10:51:57","modified_gmt":"2018-04-26T10:51:57","slug":"area-privada","status":"publish","type":"page","link":"https:\/\/www.cavallcartro.cat\/escoles\/ebm-virolet\/area-privada\/","title":{"rendered":"\u00c0rea privada"},"content":{"rendered":"<div class=\"pc_aligned_form pc_falign_center\">\r\n\t<form class=\"pc_login_form   \" >\r\n\t\t<div class=\"pc_login_row \">\r\n\t\t\t<label for=\"pc_auth_username\">Username<\/label>\r\n\t\t\t\r\n\t\t\t<div class=\"pc_field_container\">\r\n\t\t\t\t\r\n\t\t\t\t<input type=\"text\" name=\"pc_auth_username\" value=\"\"  autocapitalize=\"off\" autocomplete=\"off\" autocorrect=\"off\" maxlength=\"150\" \/>\r\n\t\t\t<\/div>\t\r\n\t\t<\/div>\r\n\t\t<div class=\"pc_login_row \">\r\n\t\t\t<label for=\"pc_auth_psw\">Password<\/label>\r\n\t\t\t\r\n\t\t\t<div class=\"pc_field_container\">\r\n\t\t\t\t\r\n\t\t\t\t<input type=\"password\" name=\"pc_auth_psw\" value=\"\"  autocapitalize=\"off\" autocomplete=\"off\" autocorrect=\"off\" \/>\r\n\t\t\t<\/div>\r\n\t\t<\/div>\r\n\t\t\r\n\t\t<div class=\"pc_hnpt_code\" style=\"display: none; visibility: hidden; position: fixed; left: -9999px;\">\r\n\t\t\t<label for=\"pc_hnpt_1\">Antispam 1<\/label>\r\n\t\t\t<input type=\"text\" name=\"pc_hnpt_1\" value=\"\" autocomplete=\"off\" \/>\r\n\t\t\t\r\n\t\t\t<label for=\"pc_hnpt_2\">Antispam 2<\/label>\r\n\t\t\t<input type=\"text\" name=\"pc_hnpt_2\" value=\"94\" autocomplete=\"off\" \/>\r\n\t\t\t\r\n\t\t\t<label for=\"pc_hnpt_3\">Antispam 3<\/label>\r\n\t\t\t<input type=\"text\" name=\"pc_hnpt_3\" value=\"a7594b4f8efde47a7ab0dad3b0203445\" autocomplete=\"off\" \/>\r\n\t\t<\/div>\r\n\t\t\r\n\t\t<div id=\"pc_auth_message\"><\/div>\r\n\t\t\r\n\t\t<div class=\"pc_login_smalls\">\r\n\t\t<\/div>\r\n\t\t<button class=\"pc_auth_btn\"><span class=\"pc_inner_btn\">Login<\/span><\/button>\r\n\t<\/form><\/div>","protected":false},"excerpt":{"rendered":"<p>Username Password Antispam 1 Antispam 2 Antispam 3 Login<\/p>\n","protected":false},"author":1,"featured_media":0,"parent":0,"menu_order":0,"comment_status":"closed","ping_status":"closed","template":"","meta":{"footnotes":""},"class_list":["post-28","page","type-page","status-publish","hentry"],"yoast_head":"<!-- This site is optimized with the Yoast SEO plugin v27.4 - https:\/\/yoast.com\/product\/yoast-seo-wordpress\/ -->\n<title>\u00c0rea privada - EBM VIROLET. Escola bressol municipal de Badalona<\/title>\n<meta name=\"robots\" content=\"index, follow, max-snippet:-1, max-image-preview:large, max-video-preview:-1\" \/>\n<link rel=\"canonical\" href=\"https:\/\/www.cavallcartro.cat\/escoles\/ebm-virolet\/area-privada\/\" \/>\n<meta property=\"og:locale\" content=\"ca_ES\" \/>\n<meta property=\"og:type\" content=\"article\" \/>\n<meta property=\"og:title\" content=\"\u00c0rea privada - EBM VIROLET. Escola bressol municipal de Badalona\" \/>\n<meta property=\"og:description\" content=\"Username Password Antispam 1 Antispam 2 Antispam 3 Login\" \/>\n<meta property=\"og:url\" content=\"https:\/\/www.cavallcartro.cat\/escoles\/ebm-virolet\/area-privada\/\" \/>\n<meta property=\"og:site_name\" content=\"EBM VIROLET. Escola bressol municipal de Badalona\" \/>\n<meta property=\"article:publisher\" content=\"https:\/\/www.facebook.com\/cavallcartroedu\/\" \/>\n<meta name=\"twitter:card\" content=\"summary_large_image\" \/>\n<meta name=\"twitter:site\" content=\"@cavallcartroedu\" \/>\n<script type=\"application\/ld+json\" class=\"yoast-schema-graph\">{\"@context\":\"https:\\\/\\\/schema.org\",\"@graph\":[{\"@type\":\"WebPage\",\"@id\":\"https:\\\/\\\/www.cavallcartro.cat\\\/escoles\\\/ebm-virolet\\\/area-privada\\\/\",\"url\":\"https:\\\/\\\/www.cavallcartro.cat\\\/escoles\\\/ebm-virolet\\\/area-privada\\\/\",\"name\":\"\u00c0rea privada - EBM VIROLET. Escola bressol municipal de Badalona\",\"isPartOf\":{\"@id\":\"https:\\\/\\\/www.cavallcartro.cat\\\/escoles\\\/ebm-virolet\\\/#website\"},\"datePublished\":\"2018-04-26T10:51:57+00:00\",\"breadcrumb\":{\"@id\":\"https:\\\/\\\/www.cavallcartro.cat\\\/escoles\\\/ebm-virolet\\\/area-privada\\\/#breadcrumb\"},\"inLanguage\":\"ca\",\"potentialAction\":[{\"@type\":\"ReadAction\",\"target\":[\"https:\\\/\\\/www.cavallcartro.cat\\\/escoles\\\/ebm-virolet\\\/area-privada\\\/\"]}]},{\"@type\":\"BreadcrumbList\",\"@id\":\"https:\\\/\\\/www.cavallcartro.cat\\\/escoles\\\/ebm-virolet\\\/area-privada\\\/#breadcrumb\",\"itemListElement\":[{\"@type\":\"ListItem\",\"position\":1,\"name\":\"Portada\",\"item\":\"https:\\\/\\\/www.cavallcartro.cat\\\/escoles\\\/ebm-virolet\\\/\"},{\"@type\":\"ListItem\",\"position\":2,\"name\":\"\u00c0rea privada\"}]},{\"@type\":\"WebSite\",\"@id\":\"https:\\\/\\\/www.cavallcartro.cat\\\/escoles\\\/ebm-virolet\\\/#website\",\"url\":\"https:\\\/\\\/www.cavallcartro.cat\\\/escoles\\\/ebm-virolet\\\/\",\"name\":\"EBM VIROLET. Escola bressol municipal de Badalona\",\"description\":\"L&#039;escola bressol municipal de Badalona t\u00e9 com a eix principal vetllar per l\u2019infant i garantir el desenvolupament de les seves capacitats, exercint una funci\u00f3 educativa i social com a complement de la tasca familiar. Es pret\u00e9n crear un ambient educatiu en el qual l\u2019infant trobi seguretat, estabilitat i la confian\u00e7a necess\u00e0ria per viure i desenvolupar-se de manera integral i harm\u00f2nica.\",\"publisher\":{\"@id\":\"https:\\\/\\\/www.cavallcartro.cat\\\/escoles\\\/ebm-virolet\\\/#organization\"},\"potentialAction\":[{\"@type\":\"SearchAction\",\"target\":{\"@type\":\"EntryPoint\",\"urlTemplate\":\"https:\\\/\\\/www.cavallcartro.cat\\\/escoles\\\/ebm-virolet\\\/?s={search_term_string}\"},\"query-input\":{\"@type\":\"PropertyValueSpecification\",\"valueRequired\":true,\"valueName\":\"search_term_string\"}}],\"inLanguage\":\"ca\"},{\"@type\":\"Organization\",\"@id\":\"https:\\\/\\\/www.cavallcartro.cat\\\/escoles\\\/ebm-virolet\\\/#organization\",\"name\":\"Escola Bressol Municipal Virolet\",\"url\":\"https:\\\/\\\/www.cavallcartro.cat\\\/escoles\\\/ebm-virolet\\\/\",\"logo\":{\"@type\":\"ImageObject\",\"inLanguage\":\"ca\",\"@id\":\"https:\\\/\\\/www.cavallcartro.cat\\\/escoles\\\/ebm-virolet\\\/#\\\/schema\\\/logo\\\/image\\\/\",\"url\":\"https:\\\/\\\/www.cavallcartro.cat\\\/escoles\\\/ebm-virolet\\\/wp-content\\\/uploads\\\/sites\\\/27\\\/2018\\\/04\\\/logo-ebm-virolet.jpg\",\"contentUrl\":\"https:\\\/\\\/www.cavallcartro.cat\\\/escoles\\\/ebm-virolet\\\/wp-content\\\/uploads\\\/sites\\\/27\\\/2018\\\/04\\\/logo-ebm-virolet.jpg\",\"width\":547,\"height\":356,\"caption\":\"Escola Bressol Municipal Virolet\"},\"image\":{\"@id\":\"https:\\\/\\\/www.cavallcartro.cat\\\/escoles\\\/ebm-virolet\\\/#\\\/schema\\\/logo\\\/image\\\/\"},\"sameAs\":[\"https:\\\/\\\/www.facebook.com\\\/cavallcartroedu\\\/\",\"https:\\\/\\\/x.com\\\/cavallcartroedu\",\"https:\\\/\\\/www.instagram.com\\\/cavallcartroedu\\\/\"]}]}<\/script>\n<!-- \/ Yoast SEO plugin. -->","yoast_head_json":{"title":"\u00c0rea privada - EBM VIROLET. Escola bressol municipal de Badalona","robots":{"index":"index","follow":"follow","max-snippet":"max-snippet:-1","max-image-preview":"max-image-preview:large","max-video-preview":"max-video-preview:-1"},"canonical":"https:\/\/www.cavallcartro.cat\/escoles\/ebm-virolet\/area-privada\/","og_locale":"ca_ES","og_type":"article","og_title":"\u00c0rea privada - EBM VIROLET. Escola bressol municipal de Badalona","og_description":"Username Password Antispam 1 Antispam 2 Antispam 3 Login","og_url":"https:\/\/www.cavallcartro.cat\/escoles\/ebm-virolet\/area-privada\/","og_site_name":"EBM VIROLET. Escola bressol municipal de Badalona","article_publisher":"https:\/\/www.facebook.com\/cavallcartroedu\/","twitter_card":"summary_large_image","twitter_site":"@cavallcartroedu","schema":{"@context":"https:\/\/schema.org","@graph":[{"@type":"WebPage","@id":"https:\/\/www.cavallcartro.cat\/escoles\/ebm-virolet\/area-privada\/","url":"https:\/\/www.cavallcartro.cat\/escoles\/ebm-virolet\/area-privada\/","name":"\u00c0rea privada - EBM VIROLET. Escola bressol municipal de Badalona","isPartOf":{"@id":"https:\/\/www.cavallcartro.cat\/escoles\/ebm-virolet\/#website"},"datePublished":"2018-04-26T10:51:57+00:00","breadcrumb":{"@id":"https:\/\/www.cavallcartro.cat\/escoles\/ebm-virolet\/area-privada\/#breadcrumb"},"inLanguage":"ca","potentialAction":[{"@type":"ReadAction","target":["https:\/\/www.cavallcartro.cat\/escoles\/ebm-virolet\/area-privada\/"]}]},{"@type":"BreadcrumbList","@id":"https:\/\/www.cavallcartro.cat\/escoles\/ebm-virolet\/area-privada\/#breadcrumb","itemListElement":[{"@type":"ListItem","position":1,"name":"Portada","item":"https:\/\/www.cavallcartro.cat\/escoles\/ebm-virolet\/"},{"@type":"ListItem","position":2,"name":"\u00c0rea privada"}]},{"@type":"WebSite","@id":"https:\/\/www.cavallcartro.cat\/escoles\/ebm-virolet\/#website","url":"https:\/\/www.cavallcartro.cat\/escoles\/ebm-virolet\/","name":"EBM VIROLET. Escola bressol municipal de Badalona","description":"L&#039;escola bressol municipal de Badalona t\u00e9 com a eix principal vetllar per l\u2019infant i garantir el desenvolupament de les seves capacitats, exercint una funci\u00f3 educativa i social com a complement de la tasca familiar. Es pret\u00e9n crear un ambient educatiu en el qual l\u2019infant trobi seguretat, estabilitat i la confian\u00e7a necess\u00e0ria per viure i desenvolupar-se de manera integral i harm\u00f2nica.","publisher":{"@id":"https:\/\/www.cavallcartro.cat\/escoles\/ebm-virolet\/#organization"},"potentialAction":[{"@type":"SearchAction","target":{"@type":"EntryPoint","urlTemplate":"https:\/\/www.cavallcartro.cat\/escoles\/ebm-virolet\/?s={search_term_string}"},"query-input":{"@type":"PropertyValueSpecification","valueRequired":true,"valueName":"search_term_string"}}],"inLanguage":"ca"},{"@type":"Organization","@id":"https:\/\/www.cavallcartro.cat\/escoles\/ebm-virolet\/#organization","name":"Escola Bressol Municipal Virolet","url":"https:\/\/www.cavallcartro.cat\/escoles\/ebm-virolet\/","logo":{"@type":"ImageObject","inLanguage":"ca","@id":"https:\/\/www.cavallcartro.cat\/escoles\/ebm-virolet\/#\/schema\/logo\/image\/","url":"https:\/\/www.cavallcartro.cat\/escoles\/ebm-virolet\/wp-content\/uploads\/sites\/27\/2018\/04\/logo-ebm-virolet.jpg","contentUrl":"https:\/\/www.cavallcartro.cat\/escoles\/ebm-virolet\/wp-content\/uploads\/sites\/27\/2018\/04\/logo-ebm-virolet.jpg","width":547,"height":356,"caption":"Escola Bressol Municipal Virolet"},"image":{"@id":"https:\/\/www.cavallcartro.cat\/escoles\/ebm-virolet\/#\/schema\/logo\/image\/"},"sameAs":["https:\/\/www.facebook.com\/cavallcartroedu\/","https:\/\/x.com\/cavallcartroedu","https:\/\/www.instagram.com\/cavallcartroedu\/"]}]}},"_links":{"self":[{"href":"https:\/\/www.cavallcartro.cat\/escoles\/ebm-virolet\/wp-json\/wp\/v2\/pages\/28","targetHints":{"allow":["GET"]}}],"collection":[{"href":"https:\/\/www.cavallcartro.cat\/escoles\/ebm-virolet\/wp-json\/wp\/v2\/pages"}],"about":[{"href":"https:\/\/www.cavallcartro.cat\/escoles\/ebm-virolet\/wp-json\/wp\/v2\/types\/page"}],"author":[{"embeddable":true,"href":"https:\/\/www.cavallcartro.cat\/escoles\/ebm-virolet\/wp-json\/wp\/v2\/users\/1"}],"replies":[{"embeddable":true,"href":"https:\/\/www.cavallcartro.cat\/escoles\/ebm-virolet\/wp-json\/wp\/v2\/comments?post=28"}],"version-history":[{"count":1,"href":"https:\/\/www.cavallcartro.cat\/escoles\/ebm-virolet\/wp-json\/wp\/v2\/pages\/28\/revisions"}],"predecessor-version":[{"id":30,"href":"https:\/\/www.cavallcartro.cat\/escoles\/ebm-virolet\/wp-json\/wp\/v2\/pages\/28\/revisions\/30"}],"wp:attachment":[{"href":"https:\/\/www.cavallcartro.cat\/escoles\/ebm-virolet\/wp-json\/wp\/v2\/media?parent=28"}],"curies":[{"name":"wp","href":"https:\/\/api.w.org\/{rel}","templated":true}]}}