{"id":24,"date":"2018-04-26T10:51:40","date_gmt":"2018-04-26T10:51:40","guid":{"rendered":"http:\/\/www.cavallcartro.cat\/escoles\/ebm-virolet\/?page_id=24"},"modified":"2018-05-14T16:32:07","modified_gmt":"2018-05-14T16:32:07","slug":"ampa","status":"publish","type":"page","link":"https:\/\/www.cavallcartro.cat\/escoles\/ebm-virolet\/ampa\/","title":{"rendered":"AMPA"},"content":{"rendered":"<div class=\"wpb-content-wrapper\">[vc_row][vc_column]<div  class=\"swmsc_fancy_heading swmsc_fancy_heading_center fh_icon_fancyHeadingNoIcon\" style=\"margin-top:40px;margin-bottom:40px;\">\n\t\t\t\t\t\t<div class=\"swmsc_fancy_heading_text\" style=\"font-size:30px;line-height:36px;\">\n\t\t\t\t\t\t\t\n<h1>AMPA Virolet<\/h1>\n\n\t\t\t\t\t\t\t<div class=\"swmsc_fancy_heading_border\">\n\t\t\t\t\t\t\t\t<span class=\"swmsc_fancy_heading_border1\" style=\"background:#f8b54d;\"><\/span>\n\t\t\t\t\t\t\t\t<span class=\"swmsc_fancy_heading_border2\" style=\"background:#f8b54d;\"><\/span>\n\t\t\t\t\t\t\t\t<span class=\"swmsc_fancy_heading_icon\"><i class=\"fa fa-fancyHeadingNoIcon\"  style=\"color:#8373ce;\"><\/i><\/span>\n\t\t\t\t\t\t\t<\/div>\n\t\t\t\t\t\t<\/div>\n\t\t\t\t\t<\/div>[vc_single_image image=&#8221;57&#8243; img_size=&#8221;full&#8221; alignment=&#8221;center&#8221;][\/vc_column][\/vc_row][vc_row full_width=&#8221;stretch_row&#8221; css=&#8221;.vc_custom_1506623550978{padding-top: 150px !important;}&#8221;][vc_column width=&#8221;1\/4&#8243;]<div  class=\"swmsc_fancy_heading swmsc_fancy_heading_center fh_icon_fancyHeadingNoIcon\" style=\"margin-top:40px;margin-bottom:40px;\">\n\t\t\t\t\t\t<div class=\"swmsc_fancy_heading_text\" style=\"font-size:30px;line-height:36px;\">\n\t\t\t\t\t\t\t\n<h1>Qu\u00e8 \u00e9s?<\/h1>\n\n\t\t\t\t\t\t\t<div class=\"swmsc_fancy_heading_border\">\n\t\t\t\t\t\t\t\t<span class=\"swmsc_fancy_heading_border1\" style=\"background:#f8b54d;\"><\/span>\n\t\t\t\t\t\t\t\t<span class=\"swmsc_fancy_heading_border2\" style=\"background:#f8b54d;\"><\/span>\n\t\t\t\t\t\t\t\t<span class=\"swmsc_fancy_heading_icon\"><i class=\"fa fa-fancyHeadingNoIcon\"  style=\"color:#8373ce;\"><\/i><\/span>\n\t\t\t\t\t\t\t<\/div>\n\t\t\t\t\t\t<\/div>\n\t\t\t\t\t<\/div>[\/vc_column][vc_column width=&#8221;3\/4&#8243; css=&#8221;.vc_custom_1506623731342{padding-top: 50px !important;}&#8221;][vc_column_text]L&#8217;AMPA de l&#8217;escola bressol municipal Virolet, de Badalona, promou la participaci\u00f3 i col\u00b7labora amb les activitats educatives del centre. Com a finalitats, les AMPAS contribueixen a:<\/p>\n<ul>\n<li>Vetllar per la qualitat de l&#8217;educaci\u00f3 a l&#8217;escola<\/li>\n<li>Facilitar la relaci\u00f3 entre les fam\u00edlies, la direcci\u00f3 i el professorat de l&#8217;escola<\/li>\n<li>Proposar activitats, fer suggeriments o formular queixes en relaci\u00f3 amb el funcionament de l&#8217;escola<\/li>\n<li>Organitzar xerrades de formaci\u00f3, tallers i activitats adre\u00e7ada a pares i mares<\/li>\n<li>Representar les fam\u00edlies al Consell Escolar del centre i les institucions educatives i canalitzar les inquietuds o iniciatives dels pares i mares relacionades amb l\u2019escola<\/li>\n<li>Orientar les fam\u00edlies sobre els seus drets i deures<\/li>\n<\/ul>\n[\/vc_column_text][\/vc_column][\/vc_row][vc_row full_width=&#8221;stretch_row&#8221; css=&#8221;.vc_custom_1506623557441{padding-top: 150px !important;}&#8221;][vc_column width=&#8221;1\/4&#8243;]<div  class=\"swmsc_fancy_heading swmsc_fancy_heading_center fh_icon_fancyHeadingNoIcon\" style=\"margin-top:40px;margin-bottom:40px;\">\n\t\t\t\t\t\t<div class=\"swmsc_fancy_heading_text\" style=\"font-size:30px;line-height:36px;\">\n\t\t\t\t\t\t\t\n<h1>On som?<\/h1>\n\n\t\t\t\t\t\t\t<div class=\"swmsc_fancy_heading_border\">\n\t\t\t\t\t\t\t\t<span class=\"swmsc_fancy_heading_border1\" style=\"background:#f8b54d;\"><\/span>\n\t\t\t\t\t\t\t\t<span class=\"swmsc_fancy_heading_border2\" style=\"background:#f8b54d;\"><\/span>\n\t\t\t\t\t\t\t\t<span class=\"swmsc_fancy_heading_icon\"><i class=\"fa fa-fancyHeadingNoIcon\"  style=\"color:#8373ce;\"><\/i><\/span>\n\t\t\t\t\t\t\t<\/div>\n\t\t\t\t\t\t<\/div>\n\t\t\t\t\t<\/div>[\/vc_column][vc_column width=&#8221;3\/4&#8243; css=&#8221;.vc_custom_1506623725514{padding-top: 50px !important;}&#8221;][vc_column_text]Et convidem a visitar la web de l&#8217;AMPA Virolet de Badalona, on trobar\u00e0s en detall les activitats que organitzem i\u00a0les que hi donem suport:\u00a0<a href=\"http:\/\/ampavirolet.blogspot.com.es\/\">http:\/\/ampavirolet.blogspot.com.es\/<\/a><\/p>\n<p>\u200bPots escriure a l&#8217;AMPA mitjan\u00e7ant aquesta adre\u00e7a:\u00a0<a href=\"mailto:ampavirolet@gmail.com\">ampavirolet@gmail.com<\/a><\/p>\n[\/vc_column_text][\/vc_column][\/vc_row]\n<\/div>","protected":false},"excerpt":{"rendered":"<p>[vc_row][vc_column][vc_single_image image=&#8221;57&#8243; img_size=&#8221;full&#8221; alignment=&#8221;center&#8221;][\/vc_column][\/vc_row][vc_row full_width=&#8221;stretch_row&#8221; css=&#8221;.vc_custom_1506623550978{padding-top: 150px !important;}&#8221;][vc_column width=&#8221;1\/4&#8243;][\/vc_column][vc_column width=&#8221;3\/4&#8243; css=&#8221;.vc_custom_1506623731342{padding-top: 50px !important;}&#8221;][vc_column_text]L&#8217;AMPA de l&#8217;escola bressol municipal Virolet, de Badalona, promou la participaci\u00f3 i col\u00b7labora amb les activitats educatives del centre. Com a finalitats, les AMPAS contribueixen a: Vetllar per la qualitat de l&#8217;educaci\u00f3 a l&#8217;escola Facilitar la relaci\u00f3 entre [&hellip;]<\/p>\n","protected":false},"author":1,"featured_media":0,"parent":0,"menu_order":0,"comment_status":"closed","ping_status":"closed","template":"","meta":{"footnotes":""},"class_list":["post-24","page","type-page","status-publish","hentry"],"yoast_head":"<!-- This site is optimized with the Yoast SEO plugin v27.4 - https:\/\/yoast.com\/product\/yoast-seo-wordpress\/ -->\n<title>AMPA - EBM VIROLET. Escola bressol municipal de Badalona<\/title>\n<meta name=\"robots\" content=\"index, follow, max-snippet:-1, max-image-preview:large, max-video-preview:-1\" \/>\n<link rel=\"canonical\" href=\"https:\/\/www.cavallcartro.cat\/escoles\/ebm-virolet\/ampa\/\" \/>\n<meta property=\"og:locale\" content=\"ca_ES\" \/>\n<meta property=\"og:type\" content=\"article\" \/>\n<meta property=\"og:title\" content=\"AMPA - EBM VIROLET. Escola bressol municipal de Badalona\" \/>\n<meta property=\"og:description\" content=\"[vc_row][vc_column][vc_single_image image=&#8221;57&#8243; img_size=&#8221;full&#8221; alignment=&#8221;center&#8221;][\/vc_column][\/vc_row][vc_row full_width=&#8221;stretch_row&#8221; css=&#8221;.vc_custom_1506623550978{padding-top: 150px !important;}&#8221;][vc_column width=&#8221;1\/4&#8243;][\/vc_column][vc_column width=&#8221;3\/4&#8243; css=&#8221;.vc_custom_1506623731342{padding-top: 50px !important;}&#8221;][vc_column_text]L&#8217;AMPA de l&#8217;escola bressol municipal Virolet, de Badalona, promou la participaci\u00f3 i col\u00b7labora amb les activitats educatives del centre. Com a finalitats, les AMPAS contribueixen a: Vetllar per la qualitat de l&#8217;educaci\u00f3 a l&#8217;escola Facilitar la relaci\u00f3 entre [&hellip;]\" \/>\n<meta property=\"og:url\" content=\"https:\/\/www.cavallcartro.cat\/escoles\/ebm-virolet\/ampa\/\" \/>\n<meta property=\"og:site_name\" content=\"EBM VIROLET. Escola bressol municipal de Badalona\" \/>\n<meta property=\"article:publisher\" content=\"https:\/\/www.facebook.com\/cavallcartroedu\/\" \/>\n<meta property=\"article:modified_time\" content=\"2018-05-14T16:32:07+00:00\" \/>\n<meta name=\"twitter:card\" content=\"summary_large_image\" \/>\n<meta name=\"twitter:site\" content=\"@cavallcartroedu\" \/>\n<meta name=\"twitter:label1\" content=\"Temps estimat de lectura\" \/>\n\t<meta name=\"twitter:data1\" content=\"2 minuts\" \/>\n<script type=\"application\/ld+json\" class=\"yoast-schema-graph\">{\"@context\":\"https:\\\/\\\/schema.org\",\"@graph\":[{\"@type\":\"WebPage\",\"@id\":\"https:\\\/\\\/www.cavallcartro.cat\\\/escoles\\\/ebm-virolet\\\/ampa\\\/\",\"url\":\"https:\\\/\\\/www.cavallcartro.cat\\\/escoles\\\/ebm-virolet\\\/ampa\\\/\",\"name\":\"AMPA - EBM VIROLET. Escola bressol municipal de Badalona\",\"isPartOf\":{\"@id\":\"https:\\\/\\\/www.cavallcartro.cat\\\/escoles\\\/ebm-virolet\\\/#website\"},\"datePublished\":\"2018-04-26T10:51:40+00:00\",\"dateModified\":\"2018-05-14T16:32:07+00:00\",\"breadcrumb\":{\"@id\":\"https:\\\/\\\/www.cavallcartro.cat\\\/escoles\\\/ebm-virolet\\\/ampa\\\/#breadcrumb\"},\"inLanguage\":\"ca\",\"potentialAction\":[{\"@type\":\"ReadAction\",\"target\":[\"https:\\\/\\\/www.cavallcartro.cat\\\/escoles\\\/ebm-virolet\\\/ampa\\\/\"]}]},{\"@type\":\"BreadcrumbList\",\"@id\":\"https:\\\/\\\/www.cavallcartro.cat\\\/escoles\\\/ebm-virolet\\\/ampa\\\/#breadcrumb\",\"itemListElement\":[{\"@type\":\"ListItem\",\"position\":1,\"name\":\"Portada\",\"item\":\"https:\\\/\\\/www.cavallcartro.cat\\\/escoles\\\/ebm-virolet\\\/\"},{\"@type\":\"ListItem\",\"position\":2,\"name\":\"AMPA\"}]},{\"@type\":\"WebSite\",\"@id\":\"https:\\\/\\\/www.cavallcartro.cat\\\/escoles\\\/ebm-virolet\\\/#website\",\"url\":\"https:\\\/\\\/www.cavallcartro.cat\\\/escoles\\\/ebm-virolet\\\/\",\"name\":\"EBM VIROLET. Escola bressol municipal de Badalona\",\"description\":\"L&#039;escola bressol municipal de Badalona t\u00e9 com a eix principal vetllar per l\u2019infant i garantir el desenvolupament de les seves capacitats, exercint una funci\u00f3 educativa i social com a complement de la tasca familiar. Es pret\u00e9n crear un ambient educatiu en el qual l\u2019infant trobi seguretat, estabilitat i la confian\u00e7a necess\u00e0ria per viure i desenvolupar-se de manera integral i harm\u00f2nica.\",\"publisher\":{\"@id\":\"https:\\\/\\\/www.cavallcartro.cat\\\/escoles\\\/ebm-virolet\\\/#organization\"},\"potentialAction\":[{\"@type\":\"SearchAction\",\"target\":{\"@type\":\"EntryPoint\",\"urlTemplate\":\"https:\\\/\\\/www.cavallcartro.cat\\\/escoles\\\/ebm-virolet\\\/?s={search_term_string}\"},\"query-input\":{\"@type\":\"PropertyValueSpecification\",\"valueRequired\":true,\"valueName\":\"search_term_string\"}}],\"inLanguage\":\"ca\"},{\"@type\":\"Organization\",\"@id\":\"https:\\\/\\\/www.cavallcartro.cat\\\/escoles\\\/ebm-virolet\\\/#organization\",\"name\":\"Escola Bressol Municipal Virolet\",\"url\":\"https:\\\/\\\/www.cavallcartro.cat\\\/escoles\\\/ebm-virolet\\\/\",\"logo\":{\"@type\":\"ImageObject\",\"inLanguage\":\"ca\",\"@id\":\"https:\\\/\\\/www.cavallcartro.cat\\\/escoles\\\/ebm-virolet\\\/#\\\/schema\\\/logo\\\/image\\\/\",\"url\":\"https:\\\/\\\/www.cavallcartro.cat\\\/escoles\\\/ebm-virolet\\\/wp-content\\\/uploads\\\/sites\\\/27\\\/2018\\\/04\\\/logo-ebm-virolet.jpg\",\"contentUrl\":\"https:\\\/\\\/www.cavallcartro.cat\\\/escoles\\\/ebm-virolet\\\/wp-content\\\/uploads\\\/sites\\\/27\\\/2018\\\/04\\\/logo-ebm-virolet.jpg\",\"width\":547,\"height\":356,\"caption\":\"Escola Bressol Municipal Virolet\"},\"image\":{\"@id\":\"https:\\\/\\\/www.cavallcartro.cat\\\/escoles\\\/ebm-virolet\\\/#\\\/schema\\\/logo\\\/image\\\/\"},\"sameAs\":[\"https:\\\/\\\/www.facebook.com\\\/cavallcartroedu\\\/\",\"https:\\\/\\\/x.com\\\/cavallcartroedu\",\"https:\\\/\\\/www.instagram.com\\\/cavallcartroedu\\\/\"]}]}<\/script>\n<!-- \/ Yoast SEO plugin. -->","yoast_head_json":{"title":"AMPA - EBM VIROLET. Escola bressol municipal de Badalona","robots":{"index":"index","follow":"follow","max-snippet":"max-snippet:-1","max-image-preview":"max-image-preview:large","max-video-preview":"max-video-preview:-1"},"canonical":"https:\/\/www.cavallcartro.cat\/escoles\/ebm-virolet\/ampa\/","og_locale":"ca_ES","og_type":"article","og_title":"AMPA - EBM VIROLET. Escola bressol municipal de Badalona","og_description":"[vc_row][vc_column][vc_single_image image=&#8221;57&#8243; img_size=&#8221;full&#8221; alignment=&#8221;center&#8221;][\/vc_column][\/vc_row][vc_row full_width=&#8221;stretch_row&#8221; css=&#8221;.vc_custom_1506623550978{padding-top: 150px !important;}&#8221;][vc_column width=&#8221;1\/4&#8243;][\/vc_column][vc_column width=&#8221;3\/4&#8243; css=&#8221;.vc_custom_1506623731342{padding-top: 50px !important;}&#8221;][vc_column_text]L&#8217;AMPA de l&#8217;escola bressol municipal Virolet, de Badalona, promou la participaci\u00f3 i col\u00b7labora amb les activitats educatives del centre. Com a finalitats, les AMPAS contribueixen a: Vetllar per la qualitat de l&#8217;educaci\u00f3 a l&#8217;escola Facilitar la relaci\u00f3 entre [&hellip;]","og_url":"https:\/\/www.cavallcartro.cat\/escoles\/ebm-virolet\/ampa\/","og_site_name":"EBM VIROLET. Escola bressol municipal de Badalona","article_publisher":"https:\/\/www.facebook.com\/cavallcartroedu\/","article_modified_time":"2018-05-14T16:32:07+00:00","twitter_card":"summary_large_image","twitter_site":"@cavallcartroedu","twitter_misc":{"Temps estimat de lectura":"2 minuts"},"schema":{"@context":"https:\/\/schema.org","@graph":[{"@type":"WebPage","@id":"https:\/\/www.cavallcartro.cat\/escoles\/ebm-virolet\/ampa\/","url":"https:\/\/www.cavallcartro.cat\/escoles\/ebm-virolet\/ampa\/","name":"AMPA - EBM VIROLET. Escola bressol municipal de Badalona","isPartOf":{"@id":"https:\/\/www.cavallcartro.cat\/escoles\/ebm-virolet\/#website"},"datePublished":"2018-04-26T10:51:40+00:00","dateModified":"2018-05-14T16:32:07+00:00","breadcrumb":{"@id":"https:\/\/www.cavallcartro.cat\/escoles\/ebm-virolet\/ampa\/#breadcrumb"},"inLanguage":"ca","potentialAction":[{"@type":"ReadAction","target":["https:\/\/www.cavallcartro.cat\/escoles\/ebm-virolet\/ampa\/"]}]},{"@type":"BreadcrumbList","@id":"https:\/\/www.cavallcartro.cat\/escoles\/ebm-virolet\/ampa\/#breadcrumb","itemListElement":[{"@type":"ListItem","position":1,"name":"Portada","item":"https:\/\/www.cavallcartro.cat\/escoles\/ebm-virolet\/"},{"@type":"ListItem","position":2,"name":"AMPA"}]},{"@type":"WebSite","@id":"https:\/\/www.cavallcartro.cat\/escoles\/ebm-virolet\/#website","url":"https:\/\/www.cavallcartro.cat\/escoles\/ebm-virolet\/","name":"EBM VIROLET. Escola bressol municipal de Badalona","description":"L&#039;escola bressol municipal de Badalona t\u00e9 com a eix principal vetllar per l\u2019infant i garantir el desenvolupament de les seves capacitats, exercint una funci\u00f3 educativa i social com a complement de la tasca familiar. Es pret\u00e9n crear un ambient educatiu en el qual l\u2019infant trobi seguretat, estabilitat i la confian\u00e7a necess\u00e0ria per viure i desenvolupar-se de manera integral i harm\u00f2nica.","publisher":{"@id":"https:\/\/www.cavallcartro.cat\/escoles\/ebm-virolet\/#organization"},"potentialAction":[{"@type":"SearchAction","target":{"@type":"EntryPoint","urlTemplate":"https:\/\/www.cavallcartro.cat\/escoles\/ebm-virolet\/?s={search_term_string}"},"query-input":{"@type":"PropertyValueSpecification","valueRequired":true,"valueName":"search_term_string"}}],"inLanguage":"ca"},{"@type":"Organization","@id":"https:\/\/www.cavallcartro.cat\/escoles\/ebm-virolet\/#organization","name":"Escola Bressol Municipal Virolet","url":"https:\/\/www.cavallcartro.cat\/escoles\/ebm-virolet\/","logo":{"@type":"ImageObject","inLanguage":"ca","@id":"https:\/\/www.cavallcartro.cat\/escoles\/ebm-virolet\/#\/schema\/logo\/image\/","url":"https:\/\/www.cavallcartro.cat\/escoles\/ebm-virolet\/wp-content\/uploads\/sites\/27\/2018\/04\/logo-ebm-virolet.jpg","contentUrl":"https:\/\/www.cavallcartro.cat\/escoles\/ebm-virolet\/wp-content\/uploads\/sites\/27\/2018\/04\/logo-ebm-virolet.jpg","width":547,"height":356,"caption":"Escola Bressol Municipal Virolet"},"image":{"@id":"https:\/\/www.cavallcartro.cat\/escoles\/ebm-virolet\/#\/schema\/logo\/image\/"},"sameAs":["https:\/\/www.facebook.com\/cavallcartroedu\/","https:\/\/x.com\/cavallcartroedu","https:\/\/www.instagram.com\/cavallcartroedu\/"]}]}},"_links":{"self":[{"href":"https:\/\/www.cavallcartro.cat\/escoles\/ebm-virolet\/wp-json\/wp\/v2\/pages\/24","targetHints":{"allow":["GET"]}}],"collection":[{"href":"https:\/\/www.cavallcartro.cat\/escoles\/ebm-virolet\/wp-json\/wp\/v2\/pages"}],"about":[{"href":"https:\/\/www.cavallcartro.cat\/escoles\/ebm-virolet\/wp-json\/wp\/v2\/types\/page"}],"author":[{"embeddable":true,"href":"https:\/\/www.cavallcartro.cat\/escoles\/ebm-virolet\/wp-json\/wp\/v2\/users\/1"}],"replies":[{"embeddable":true,"href":"https:\/\/www.cavallcartro.cat\/escoles\/ebm-virolet\/wp-json\/wp\/v2\/comments?post=24"}],"version-history":[{"count":6,"href":"https:\/\/www.cavallcartro.cat\/escoles\/ebm-virolet\/wp-json\/wp\/v2\/pages\/24\/revisions"}],"predecessor-version":[{"id":84,"href":"https:\/\/www.cavallcartro.cat\/escoles\/ebm-virolet\/wp-json\/wp\/v2\/pages\/24\/revisions\/84"}],"wp:attachment":[{"href":"https:\/\/www.cavallcartro.cat\/escoles\/ebm-virolet\/wp-json\/wp\/v2\/media?parent=24"}],"curies":[{"name":"wp","href":"https:\/\/api.w.org\/{rel}","templated":true}]}}