{"id":20,"date":"2018-07-24T09:36:03","date_gmt":"2018-07-24T09:36:03","guid":{"rendered":"http:\/\/www.cavallcartro.cat\/escoles\/ebm-uni-dori\/?page_id=20"},"modified":"2024-05-23T11:29:16","modified_gmt":"2024-05-23T11:29:16","slug":"ampa","status":"publish","type":"page","link":"https:\/\/www.cavallcartro.cat\/escoles\/ebm-uni-dori\/ampa\/","title":{"rendered":"AFA"},"content":{"rendered":"<div class=\"wpb-content-wrapper\">[vc_row][vc_column]<div  class=\"swmsc_fancy_heading swmsc_fancy_heading_center fh_icon_fancyHeadingNoIcon\" style=\"margin-top:40px;margin-bottom:40px;\">\n\t\t\t\t\t\t<div class=\"swmsc_fancy_heading_text\" style=\"font-size:30px;line-height:36px;\">\n\t\t\t\t\t\t\t\n<h1 style=\"text-align: center\">AFA Uni Dori<\/h1>\n\n\t\t\t\t\t\t\t<div class=\"swmsc_fancy_heading_border\">\n\t\t\t\t\t\t\t\t<span class=\"swmsc_fancy_heading_border1\" style=\"background:#f8b54d;\"><\/span>\n\t\t\t\t\t\t\t\t<span class=\"swmsc_fancy_heading_border2\" style=\"background:#f8b54d;\"><\/span>\n\t\t\t\t\t\t\t\t<span class=\"swmsc_fancy_heading_icon\"><i class=\"fa fa-fancyHeadingNoIcon\"  style=\"color:#8373ce;\"><\/i><\/span>\n\t\t\t\t\t\t\t<\/div>\n\t\t\t\t\t\t<\/div>\n\t\t\t\t\t<\/div>[\/vc_column][\/vc_row][vc_row full_width=&#8221;stretch_row&#8221; css=&#8221;.vc_custom_1528795501895{padding-top: 50px !important;}&#8221;][vc_column width=&#8221;1\/4&#8243;]<div  class=\"swmsc_fancy_heading swmsc_fancy_heading_center fh_icon_fancyHeadingNoIcon\" style=\"margin-top:40px;margin-bottom:40px;\">\n\t\t\t\t\t\t<div class=\"swmsc_fancy_heading_text\" style=\"font-size:30px;line-height:36px;\">\n\t\t\t\t\t\t\t\n<h1>Qu\u00e8 \u00e9s?<\/h1>\n\n\t\t\t\t\t\t\t<div class=\"swmsc_fancy_heading_border\">\n\t\t\t\t\t\t\t\t<span class=\"swmsc_fancy_heading_border1\" style=\"background:#f8b54d;\"><\/span>\n\t\t\t\t\t\t\t\t<span class=\"swmsc_fancy_heading_border2\" style=\"background:#f8b54d;\"><\/span>\n\t\t\t\t\t\t\t\t<span class=\"swmsc_fancy_heading_icon\"><i class=\"fa fa-fancyHeadingNoIcon\"  style=\"color:#8373ce;\"><\/i><\/span>\n\t\t\t\t\t\t\t<\/div>\n\t\t\t\t\t\t<\/div>\n\t\t\t\t\t<\/div>[\/vc_column][vc_column width=&#8221;3\/4&#8243; css=&#8221;.vc_custom_1506623731342{padding-top: 50px !important;}&#8221;][vc_column_text]Benvolgudes fam\u00edlies de l&#8217;Escola Bressol Uni Dori.<\/p>\n<p>Des de l&#8217;AFA de l&#8217;escola us volem donar la benvinguda i felicitar-vos per la nova etapa que comencen o continuen els vostres infants. Tamb\u00e9 us volem informar d&#8217;algunes de les maneres que tenim, des de l&#8217;AFA, de col\u00b7laborar i fer entre tots que el nostre centre millori dia a dia i pugui oferir als nostres infants el millor.<\/p>\n<p><strong>&#8220;ENTRE TOTS FEM ESCOLA&#8221;<\/strong>[\/vc_column_text][\/vc_column][\/vc_row][vc_row full_width=&#8221;stretch_row&#8221; css=&#8221;.vc_custom_1528795519577{padding-top: 50px !important;}&#8221;][vc_column width=&#8221;1\/4&#8243;]<div  class=\"swmsc_fancy_heading swmsc_fancy_heading_center fh_icon_fancyHeadingNoIcon\" style=\"margin-top:40px;margin-bottom:40px;\">\n\t\t\t\t\t\t<div class=\"swmsc_fancy_heading_text\" style=\"font-size:30px;line-height:36px;\">\n\t\t\t\t\t\t\t\n<h1>Contacte<\/h1>\n\n\t\t\t\t\t\t\t<div class=\"swmsc_fancy_heading_border\">\n\t\t\t\t\t\t\t\t<span class=\"swmsc_fancy_heading_border1\" style=\"background:#f8b54d;\"><\/span>\n\t\t\t\t\t\t\t\t<span class=\"swmsc_fancy_heading_border2\" style=\"background:#f8b54d;\"><\/span>\n\t\t\t\t\t\t\t\t<span class=\"swmsc_fancy_heading_icon\"><i class=\"fa fa-fancyHeadingNoIcon\"  style=\"color:#8373ce;\"><\/i><\/span>\n\t\t\t\t\t\t\t<\/div>\n\t\t\t\t\t\t<\/div>\n\t\t\t\t\t<\/div>[\/vc_column][vc_column width=&#8221;3\/4&#8243; css=&#8221;.vc_custom_1506623725514{padding-top: 50px !important;}&#8221;][vc_column_text]Per a qualsevol consulta: <a href=\"mailto:afaunidori@gmail.com\">afaunidori@gmail.com<\/a>[\/vc_column_text][\/vc_column][\/vc_row]\n<\/div>","protected":false},"excerpt":{"rendered":"<p>[vc_row][vc_column][\/vc_column][\/vc_row][vc_row full_width=&#8221;stretch_row&#8221; css=&#8221;.vc_custom_1528795501895{padding-top: 50px !important;}&#8221;][vc_column width=&#8221;1\/4&#8243;][\/vc_column][vc_column width=&#8221;3\/4&#8243; css=&#8221;.vc_custom_1506623731342{padding-top: 50px !important;}&#8221;][vc_column_text]Benvolgudes fam\u00edlies de l&#8217;Escola Bressol Uni Dori. Des de l&#8217;AFA de l&#8217;escola us volem donar la benvinguda i felicitar-vos per la nova etapa que comencen o continuen els vostres infants. Tamb\u00e9 us volem informar d&#8217;algunes de les maneres que tenim, des [&hellip;]<\/p>\n","protected":false},"author":1,"featured_media":0,"parent":0,"menu_order":0,"comment_status":"closed","ping_status":"closed","template":"","meta":{"footnotes":""},"class_list":["post-20","page","type-page","status-publish","hentry"],"yoast_head":"<!-- This site is optimized with the Yoast SEO plugin v27.5 - https:\/\/yoast.com\/product\/yoast-seo-wordpress\/ -->\n<title>AFA - EBM UNI DORI - Escola Bressol Municipal de Badalona<\/title>\n<meta name=\"robots\" content=\"index, follow, max-snippet:-1, max-image-preview:large, max-video-preview:-1\" \/>\n<link rel=\"canonical\" href=\"https:\/\/www.cavallcartro.cat\/escoles\/ebm-uni-dori\/ampa\/\" \/>\n<meta property=\"og:locale\" content=\"ca_ES\" \/>\n<meta property=\"og:type\" content=\"article\" \/>\n<meta property=\"og:title\" content=\"AFA - EBM UNI DORI - Escola Bressol Municipal de Badalona\" \/>\n<meta property=\"og:description\" content=\"[vc_row][vc_column][\/vc_column][\/vc_row][vc_row full_width=&#8221;stretch_row&#8221; css=&#8221;.vc_custom_1528795501895{padding-top: 50px !important;}&#8221;][vc_column width=&#8221;1\/4&#8243;][\/vc_column][vc_column width=&#8221;3\/4&#8243; css=&#8221;.vc_custom_1506623731342{padding-top: 50px !important;}&#8221;][vc_column_text]Benvolgudes fam\u00edlies de l&#8217;Escola Bressol Uni Dori. Des de l&#8217;AFA de l&#8217;escola us volem donar la benvinguda i felicitar-vos per la nova etapa que comencen o continuen els vostres infants. Tamb\u00e9 us volem informar d&#8217;algunes de les maneres que tenim, des [&hellip;]\" \/>\n<meta property=\"og:url\" content=\"https:\/\/www.cavallcartro.cat\/escoles\/ebm-uni-dori\/ampa\/\" \/>\n<meta property=\"og:site_name\" content=\"EBM UNI DORI - Escola Bressol Municipal de Badalona\" \/>\n<meta property=\"article:publisher\" content=\"https:\/\/www.facebook.com\/cavallcartroedu\" \/>\n<meta property=\"article:modified_time\" content=\"2024-05-23T11:29:16+00:00\" \/>\n<meta name=\"twitter:card\" content=\"summary_large_image\" \/>\n<meta name=\"twitter:site\" content=\"@cavallcartroedu\" \/>\n<meta name=\"twitter:label1\" content=\"Temps estimat de lectura\" \/>\n\t<meta name=\"twitter:data1\" content=\"1 minut\" \/>\n<script type=\"application\/ld+json\" class=\"yoast-schema-graph\">{\"@context\":\"https:\\\/\\\/schema.org\",\"@graph\":[{\"@type\":\"WebPage\",\"@id\":\"https:\\\/\\\/www.cavallcartro.cat\\\/escoles\\\/ebm-uni-dori\\\/ampa\\\/\",\"url\":\"https:\\\/\\\/www.cavallcartro.cat\\\/escoles\\\/ebm-uni-dori\\\/ampa\\\/\",\"name\":\"AFA - EBM UNI DORI - Escola Bressol Municipal de Badalona\",\"isPartOf\":{\"@id\":\"https:\\\/\\\/www.cavallcartro.cat\\\/escoles\\\/ebm-uni-dori\\\/#website\"},\"datePublished\":\"2018-07-24T09:36:03+00:00\",\"dateModified\":\"2024-05-23T11:29:16+00:00\",\"breadcrumb\":{\"@id\":\"https:\\\/\\\/www.cavallcartro.cat\\\/escoles\\\/ebm-uni-dori\\\/ampa\\\/#breadcrumb\"},\"inLanguage\":\"ca\",\"potentialAction\":[{\"@type\":\"ReadAction\",\"target\":[\"https:\\\/\\\/www.cavallcartro.cat\\\/escoles\\\/ebm-uni-dori\\\/ampa\\\/\"]}]},{\"@type\":\"BreadcrumbList\",\"@id\":\"https:\\\/\\\/www.cavallcartro.cat\\\/escoles\\\/ebm-uni-dori\\\/ampa\\\/#breadcrumb\",\"itemListElement\":[{\"@type\":\"ListItem\",\"position\":1,\"name\":\"Portada\",\"item\":\"https:\\\/\\\/www.cavallcartro.cat\\\/escoles\\\/ebm-uni-dori\\\/\"},{\"@type\":\"ListItem\",\"position\":2,\"name\":\"AFA\"}]},{\"@type\":\"WebSite\",\"@id\":\"https:\\\/\\\/www.cavallcartro.cat\\\/escoles\\\/ebm-uni-dori\\\/#website\",\"url\":\"https:\\\/\\\/www.cavallcartro.cat\\\/escoles\\\/ebm-uni-dori\\\/\",\"name\":\"EBM UNI DORI - Escola Bressol Municipal de Badalona\",\"description\":\"L&#039;escola bressol municipal Uni Dori \u00e9s ubicada al barri de Montigal\u00e0 de Badalona i est\u00e0 pensada per acompanyar els infants en el seu creixement, sentint-se feli\u00e7os i segurs.\",\"publisher\":{\"@id\":\"https:\\\/\\\/www.cavallcartro.cat\\\/escoles\\\/ebm-uni-dori\\\/#organization\"},\"potentialAction\":[{\"@type\":\"SearchAction\",\"target\":{\"@type\":\"EntryPoint\",\"urlTemplate\":\"https:\\\/\\\/www.cavallcartro.cat\\\/escoles\\\/ebm-uni-dori\\\/?s={search_term_string}\"},\"query-input\":{\"@type\":\"PropertyValueSpecification\",\"valueRequired\":true,\"valueName\":\"search_term_string\"}}],\"inLanguage\":\"ca\"},{\"@type\":\"Organization\",\"@id\":\"https:\\\/\\\/www.cavallcartro.cat\\\/escoles\\\/ebm-uni-dori\\\/#organization\",\"name\":\"EBM UNI DORI - Escola Bressol Municipal de Badalona\",\"url\":\"https:\\\/\\\/www.cavallcartro.cat\\\/escoles\\\/ebm-uni-dori\\\/\",\"logo\":{\"@type\":\"ImageObject\",\"inLanguage\":\"ca\",\"@id\":\"https:\\\/\\\/www.cavallcartro.cat\\\/escoles\\\/ebm-uni-dori\\\/#\\\/schema\\\/logo\\\/image\\\/\",\"url\":\"https:\\\/\\\/www.cavallcartro.cat\\\/escoles\\\/ebm-uni-dori\\\/wp-content\\\/uploads\\\/sites\\\/32\\\/2018\\\/07\\\/logo-ebm-UNI-DORI.jpg\",\"contentUrl\":\"https:\\\/\\\/www.cavallcartro.cat\\\/escoles\\\/ebm-uni-dori\\\/wp-content\\\/uploads\\\/sites\\\/32\\\/2018\\\/07\\\/logo-ebm-UNI-DORI.jpg\",\"width\":547,\"height\":356,\"caption\":\"EBM UNI DORI - Escola Bressol Municipal de Badalona\"},\"image\":{\"@id\":\"https:\\\/\\\/www.cavallcartro.cat\\\/escoles\\\/ebm-uni-dori\\\/#\\\/schema\\\/logo\\\/image\\\/\"},\"sameAs\":[\"https:\\\/\\\/www.facebook.com\\\/cavallcartroedu\",\"https:\\\/\\\/x.com\\\/cavallcartroedu\",\"https:\\\/\\\/instagram.com\\\/cavallcartroedu\"]}]}<\/script>\n<!-- \/ Yoast SEO plugin. -->","yoast_head_json":{"title":"AFA - EBM UNI DORI - Escola Bressol Municipal de Badalona","robots":{"index":"index","follow":"follow","max-snippet":"max-snippet:-1","max-image-preview":"max-image-preview:large","max-video-preview":"max-video-preview:-1"},"canonical":"https:\/\/www.cavallcartro.cat\/escoles\/ebm-uni-dori\/ampa\/","og_locale":"ca_ES","og_type":"article","og_title":"AFA - EBM UNI DORI - Escola Bressol Municipal de Badalona","og_description":"[vc_row][vc_column][\/vc_column][\/vc_row][vc_row full_width=&#8221;stretch_row&#8221; css=&#8221;.vc_custom_1528795501895{padding-top: 50px !important;}&#8221;][vc_column width=&#8221;1\/4&#8243;][\/vc_column][vc_column width=&#8221;3\/4&#8243; css=&#8221;.vc_custom_1506623731342{padding-top: 50px !important;}&#8221;][vc_column_text]Benvolgudes fam\u00edlies de l&#8217;Escola Bressol Uni Dori. Des de l&#8217;AFA de l&#8217;escola us volem donar la benvinguda i felicitar-vos per la nova etapa que comencen o continuen els vostres infants. Tamb\u00e9 us volem informar d&#8217;algunes de les maneres que tenim, des [&hellip;]","og_url":"https:\/\/www.cavallcartro.cat\/escoles\/ebm-uni-dori\/ampa\/","og_site_name":"EBM UNI DORI - Escola Bressol Municipal de Badalona","article_publisher":"https:\/\/www.facebook.com\/cavallcartroedu","article_modified_time":"2024-05-23T11:29:16+00:00","twitter_card":"summary_large_image","twitter_site":"@cavallcartroedu","twitter_misc":{"Temps estimat de lectura":"1 minut"},"schema":{"@context":"https:\/\/schema.org","@graph":[{"@type":"WebPage","@id":"https:\/\/www.cavallcartro.cat\/escoles\/ebm-uni-dori\/ampa\/","url":"https:\/\/www.cavallcartro.cat\/escoles\/ebm-uni-dori\/ampa\/","name":"AFA - EBM UNI DORI - Escola Bressol Municipal de Badalona","isPartOf":{"@id":"https:\/\/www.cavallcartro.cat\/escoles\/ebm-uni-dori\/#website"},"datePublished":"2018-07-24T09:36:03+00:00","dateModified":"2024-05-23T11:29:16+00:00","breadcrumb":{"@id":"https:\/\/www.cavallcartro.cat\/escoles\/ebm-uni-dori\/ampa\/#breadcrumb"},"inLanguage":"ca","potentialAction":[{"@type":"ReadAction","target":["https:\/\/www.cavallcartro.cat\/escoles\/ebm-uni-dori\/ampa\/"]}]},{"@type":"BreadcrumbList","@id":"https:\/\/www.cavallcartro.cat\/escoles\/ebm-uni-dori\/ampa\/#breadcrumb","itemListElement":[{"@type":"ListItem","position":1,"name":"Portada","item":"https:\/\/www.cavallcartro.cat\/escoles\/ebm-uni-dori\/"},{"@type":"ListItem","position":2,"name":"AFA"}]},{"@type":"WebSite","@id":"https:\/\/www.cavallcartro.cat\/escoles\/ebm-uni-dori\/#website","url":"https:\/\/www.cavallcartro.cat\/escoles\/ebm-uni-dori\/","name":"EBM UNI DORI - Escola Bressol Municipal de Badalona","description":"L&#039;escola bressol municipal Uni Dori \u00e9s ubicada al barri de Montigal\u00e0 de Badalona i est\u00e0 pensada per acompanyar els infants en el seu creixement, sentint-se feli\u00e7os i segurs.","publisher":{"@id":"https:\/\/www.cavallcartro.cat\/escoles\/ebm-uni-dori\/#organization"},"potentialAction":[{"@type":"SearchAction","target":{"@type":"EntryPoint","urlTemplate":"https:\/\/www.cavallcartro.cat\/escoles\/ebm-uni-dori\/?s={search_term_string}"},"query-input":{"@type":"PropertyValueSpecification","valueRequired":true,"valueName":"search_term_string"}}],"inLanguage":"ca"},{"@type":"Organization","@id":"https:\/\/www.cavallcartro.cat\/escoles\/ebm-uni-dori\/#organization","name":"EBM UNI DORI - Escola Bressol Municipal de Badalona","url":"https:\/\/www.cavallcartro.cat\/escoles\/ebm-uni-dori\/","logo":{"@type":"ImageObject","inLanguage":"ca","@id":"https:\/\/www.cavallcartro.cat\/escoles\/ebm-uni-dori\/#\/schema\/logo\/image\/","url":"https:\/\/www.cavallcartro.cat\/escoles\/ebm-uni-dori\/wp-content\/uploads\/sites\/32\/2018\/07\/logo-ebm-UNI-DORI.jpg","contentUrl":"https:\/\/www.cavallcartro.cat\/escoles\/ebm-uni-dori\/wp-content\/uploads\/sites\/32\/2018\/07\/logo-ebm-UNI-DORI.jpg","width":547,"height":356,"caption":"EBM UNI DORI - Escola Bressol Municipal de Badalona"},"image":{"@id":"https:\/\/www.cavallcartro.cat\/escoles\/ebm-uni-dori\/#\/schema\/logo\/image\/"},"sameAs":["https:\/\/www.facebook.com\/cavallcartroedu","https:\/\/x.com\/cavallcartroedu","https:\/\/instagram.com\/cavallcartroedu"]}]}},"_links":{"self":[{"href":"https:\/\/www.cavallcartro.cat\/escoles\/ebm-uni-dori\/wp-json\/wp\/v2\/pages\/20","targetHints":{"allow":["GET"]}}],"collection":[{"href":"https:\/\/www.cavallcartro.cat\/escoles\/ebm-uni-dori\/wp-json\/wp\/v2\/pages"}],"about":[{"href":"https:\/\/www.cavallcartro.cat\/escoles\/ebm-uni-dori\/wp-json\/wp\/v2\/types\/page"}],"author":[{"embeddable":true,"href":"https:\/\/www.cavallcartro.cat\/escoles\/ebm-uni-dori\/wp-json\/wp\/v2\/users\/1"}],"replies":[{"embeddable":true,"href":"https:\/\/www.cavallcartro.cat\/escoles\/ebm-uni-dori\/wp-json\/wp\/v2\/comments?post=20"}],"version-history":[{"count":7,"href":"https:\/\/www.cavallcartro.cat\/escoles\/ebm-uni-dori\/wp-json\/wp\/v2\/pages\/20\/revisions"}],"predecessor-version":[{"id":2213,"href":"https:\/\/www.cavallcartro.cat\/escoles\/ebm-uni-dori\/wp-json\/wp\/v2\/pages\/20\/revisions\/2213"}],"wp:attachment":[{"href":"https:\/\/www.cavallcartro.cat\/escoles\/ebm-uni-dori\/wp-json\/wp\/v2\/media?parent=20"}],"curies":[{"name":"wp","href":"https:\/\/api.w.org\/{rel}","templated":true}]}}