{"id":26,"date":"2018-03-13T11:25:45","date_gmt":"2018-03-13T11:25:45","guid":{"rendered":"http:\/\/www.cavallcartro.cat\/escoles\/ebm-ralet-ralet\/?page_id=26"},"modified":"2026-03-02T10:35:45","modified_gmt":"2026-03-02T10:35:45","slug":"inici","status":"publish","type":"page","link":"https:\/\/www.cavallcartro.cat\/escoles\/ebm-ralet-ralet\/","title":{"rendered":"Inici"},"content":{"rendered":"<div class=\"wpb-content-wrapper\">[vc_row full_width=&#8221;stretch_row&#8221; css=&#8221;.vc_custom_1678710999741{padding-top: 100px !important;padding-bottom: 50px !important;background-image: url(https:\/\/www.cavallcartro.cat\/escoles\/llip-la-baldufa\/wp-content\/uploads\/sites\/3\/2017\/09\/fons1.jpg?id=39) !important;}&#8221;][vc_column][vc_column_text]\n<h1>Fam\u00edlies, benvingudes a l&#8217;EBM Ralet Ralet, de Badalona<\/h1>\n<p>La llar d\u2019infants \u00e9s una etapa m\u00e0gica pels m\u00e9s menuts. L\u2019escola pret\u00e9n crear un espai de col\u00b7laboraci\u00f3 amb tots vosaltres, acompanyant-vos en el desenvolupament educatiu dels vostres infants.[\/vc_column_text][\/vc_column][\/vc_row][vc_row full_width=&#8221;stretch_row&#8221; el_id=&#8221;qui-som&#8221; css=&#8221;.vc_custom_1500032841736{padding-top: 150px !important;}&#8221;][vc_column width=&#8221;1\/4&#8243;]<div  class=\"swmsc_fancy_heading swmsc_fancy_heading_center fh_icon_fancyHeadingNoIcon\" style=\"margin-top:40px;margin-bottom:40px;\">\n\t\t\t\t\t\t<div class=\"swmsc_fancy_heading_text\" style=\"font-size:30px;line-height:36px;\">\n\t\t\t\t\t\t\t\n<h1>Qui som?<\/h1>\n\n\t\t\t\t\t\t\t<div class=\"swmsc_fancy_heading_border\">\n\t\t\t\t\t\t\t\t<span class=\"swmsc_fancy_heading_border1\" style=\"background:#f8b54d;\"><\/span>\n\t\t\t\t\t\t\t\t<span class=\"swmsc_fancy_heading_border2\" style=\"background:#f8b54d;\"><\/span>\n\t\t\t\t\t\t\t\t<span class=\"swmsc_fancy_heading_icon\"><i class=\"fa fa-fancyHeadingNoIcon\"  style=\"color:#8373ce;\"><\/i><\/span>\n\t\t\t\t\t\t\t<\/div>\n\t\t\t\t\t\t<\/div>\n\t\t\t\t\t<\/div>[\/vc_column][vc_column width=&#8221;3\/4&#8243; css=&#8221;.vc_custom_1506676119457{padding-top: 50px !important;}&#8221;][vc_column_text]<em>L\u2019Escola Bressol Municipal Ralet Ralet<\/em> va iniciar la seva traject\u00f2ria el curs 2003-2004, sent de les pioneres a la ciutat de Badalona, amb capacitat per a 52 infants.<\/p>\n<p>La nostra escola \u00e9s un centre amb espais acollidors, on l \u2019infant pot sentir-se segur i feli\u00e7. L\u2019entorn els permet viure les seves pr\u00f2pies experi\u00e8ncies, respectant la seva evoluci\u00f3 i els seus drets com a persona.<\/p>\n<p>Aquesta etapa de la vida dels infants \u00e9s fonamental pel seu creixement i podem descobrir un infant competent, capa\u00e7 de relacionar-se, d\u2019afrontar noves situacions, ser aut\u00f2nom i potenciar l\u2019aprenentatge, tot desenvolupant les seves capacitats i valors.[\/vc_column_text][\/vc_column][\/vc_row][vc_row full_width=&#8221;stretch_row&#8221; el_id=&#8221;horaris&#8221; css=&#8221;.vc_custom_1499942765676{padding-top: 150px !important;}&#8221;][vc_column width=&#8221;1\/4&#8243;]<div  class=\"swmsc_fancy_heading swmsc_fancy_heading_center fh_icon_fancyHeadingNoIcon\" style=\"margin-top:40px;margin-bottom:40px;\">\n\t\t\t\t\t\t<div class=\"swmsc_fancy_heading_text\" style=\"font-size:30px;line-height:36px;\">\n\t\t\t\t\t\t\t\n<h1>Horaris<\/h1>\n\n\t\t\t\t\t\t\t<div class=\"swmsc_fancy_heading_border\">\n\t\t\t\t\t\t\t\t<span class=\"swmsc_fancy_heading_border1\" style=\"background:#f8b54d;\"><\/span>\n\t\t\t\t\t\t\t\t<span class=\"swmsc_fancy_heading_border2\" style=\"background:#f8b54d;\"><\/span>\n\t\t\t\t\t\t\t\t<span class=\"swmsc_fancy_heading_icon\"><i class=\"fa fa-fancyHeadingNoIcon\"  style=\"color:#8373ce;\"><\/i><\/span>\n\t\t\t\t\t\t\t<\/div>\n\t\t\t\t\t\t<\/div>\n\t\t\t\t\t<\/div>[\/vc_column][vc_column width=&#8221;3\/4&#8243; css=&#8221;.vc_custom_1506676126679{padding-top: 50px !important;}&#8221;][vc_column_text]\n<table width=\"100%\">\n<tbody>\n<tr>\n<td width=\"35%\"><strong>DESCRIPCI\u00d3<\/strong><\/td>\n<td width=\"65%\"><strong>HORARI<\/strong><\/td>\n<\/tr>\n<tr>\n<td width=\"35%\"><strong>ENTRADA MAT\u00cd<\/strong><\/td>\n<td width=\"65%\">8<strong>:<\/strong>45h a 9:30h<\/td>\n<\/tr>\n<tr>\n<td width=\"35%\"><strong>SORTIDA A LA LLAR AL MIGDIA<\/strong><\/td>\n<td width=\"65%\">11<strong>:<\/strong>45h a 12:00h<\/td>\n<\/tr>\n<tr>\n<td width=\"35%\"><strong>SERVEI DE MENJADOR<\/strong><\/td>\n<td width=\"65%\">12:00h a 15:00h<\/td>\n<\/tr>\n<tr>\n<td width=\"35%\"><strong>ENTRADA A LA TARDA<\/strong><\/td>\n<td width=\"65%\">15:00h a 15:15h<\/td>\n<\/tr>\n<tr>\n<td width=\"35%\"><strong>SORTIDA A LA TARDA<\/strong><\/td>\n<td width=\"65%\">16:30h a 17:00h<\/td>\n<\/tr>\n<tr>\n<td width=\"35%\"><strong>SERVEI D\u2019ACOLLIDA MAT\u00cd<\/strong><\/td>\n<td width=\"65%\">7:45h a 8:45h<\/td>\n<\/tr>\n<tr>\n<td width=\"35%\"><strong>SERVEI D\u2019ACOLLIDA TARDA<\/strong><\/td>\n<td width=\"65%\">17:00h a 18:00 h<\/td>\n<\/tr>\n<\/tbody>\n<\/table>\n[\/vc_column_text][\/vc_column][\/vc_row][vc_row full_width=&#8221;stretch_row&#8221; el_id=&#8221;calendari&#8221; css=&#8221;.vc_custom_1499942774068{padding-top: 150px !important;}&#8221;][vc_column width=&#8221;1\/4&#8243;]<div  class=\"swmsc_fancy_heading swmsc_fancy_heading_center fh_icon_fancyHeadingNoIcon\" style=\"margin-top:40px;margin-bottom:40px;\">\n\t\t\t\t\t\t<div class=\"swmsc_fancy_heading_text\" style=\"font-size:30px;line-height:36px;\">\n\t\t\t\t\t\t\t\n<h1>Calendari<\/h1>\n\n\t\t\t\t\t\t\t<div class=\"swmsc_fancy_heading_border\">\n\t\t\t\t\t\t\t\t<span class=\"swmsc_fancy_heading_border1\" style=\"background:#f8b54d;\"><\/span>\n\t\t\t\t\t\t\t\t<span class=\"swmsc_fancy_heading_border2\" style=\"background:#f8b54d;\"><\/span>\n\t\t\t\t\t\t\t\t<span class=\"swmsc_fancy_heading_icon\"><i class=\"fa fa-fancyHeadingNoIcon\"  style=\"color:#8373ce;\"><\/i><\/span>\n\t\t\t\t\t\t\t<\/div>\n\t\t\t\t\t\t<\/div>\n\t\t\t\t\t<\/div>[\/vc_column][vc_column width=&#8221;3\/4&#8243; css=&#8221;.vc_custom_1506676134880{padding-top: 50px !important;}&#8221;]<div  class=\"swmsc_image_lightbox  image_left\" >\n\n\t\t\t\t\t\t<div class=\"swmsc_image_lightbox_img\"><img decoding=\"async\" alt=\"\" src=\"https:\/\/www.cavallcartro.cat\/escoles\/ebm-ralet-ralet\/wp-content\/uploads\/sites\/22\/2025\/09\/calendari-25-26.jpg\" class=\"\" style=\"border-radius:10px;\" \/><div class=\"swmsc_img_overlay\" style=\"border-radius:10px;\">\n\t\t\t\t\t\t\t\t\t\t\t\t<a class=\"swmsc_popup_img\" href=\"https:\/\/www.cavallcartro.cat\/escoles\/ebm-ralet-ralet\/wp-content\/uploads\/sites\/22\/2025\/09\/calendari-25-26.jpg\" title=\"\" target=\"_self\" >\n\t\t\t\t\t\t\t\t\t\t\t\t\t<i class=\"fa fa-search\"><\/i>\n\t\t\t\t\t\t\t\t\t\t\t\t<\/a>\n\t\t\t\t\t\t\t\t\t\t\t<\/div><\/div><\/div>[\/vc_column][\/vc_row][vc_row full_width=&#8221;stretch_row&#8221; el_id=&#8221;aules&#8221; css=&#8221;.vc_custom_1499942782522{padding-top: 150px !important;}&#8221;][vc_column width=&#8221;1\/4&#8243;]<div  class=\"swmsc_fancy_heading swmsc_fancy_heading_center fh_icon_fancyHeadingNoIcon\" style=\"margin-top:40px;margin-bottom:40px;\">\n\t\t\t\t\t\t<div class=\"swmsc_fancy_heading_text\" style=\"font-size:30px;line-height:36px;\">\n\t\t\t\t\t\t\t\n<h1>Estances<\/h1>\n\n\t\t\t\t\t\t\t<div class=\"swmsc_fancy_heading_border\">\n\t\t\t\t\t\t\t\t<span class=\"swmsc_fancy_heading_border1\" style=\"background:#f8b54d;\"><\/span>\n\t\t\t\t\t\t\t\t<span class=\"swmsc_fancy_heading_border2\" style=\"background:#f8b54d;\"><\/span>\n\t\t\t\t\t\t\t\t<span class=\"swmsc_fancy_heading_icon\"><i class=\"fa fa-fancyHeadingNoIcon\"  style=\"color:#8373ce;\"><\/i><\/span>\n\t\t\t\t\t\t\t<\/div>\n\t\t\t\t\t\t<\/div>\n\t\t\t\t\t<\/div>[\/vc_column][vc_column width=&#8221;3\/4&#8243; css=&#8221;.vc_custom_1506676143590{padding-top: 50px !important;}&#8221;][vc_row_inner][vc_column_inner width=&#8221;1\/3&#8243;]<div class=\"center\"><div  class=\"swmsc_image_lightbox  image_center\" >\n\n\t\t\t\t\t\t<div class=\"swmsc_image_lightbox_img\"><img decoding=\"async\" alt=\"\" src=\"\" class=\"\" style=\"border-radius:10px;\" \/><div class=\"swmsc_img_overlay\" style=\"border-radius:10px;\">\n\t\t\t\t\t\t\t\t\t\t\t\t<a class=\"swmsc_popup_img\" href=\"https:\/\/www.cavallcartro.cat\/escoles\/ebm-ralet-ralet\/wp-content\/uploads\/sites\/22\/2025\/02\/Estanca-1-2-MIQUELETS.jpg\" title=\"\" target=\"_self\" >\n\t\t\t\t\t\t\t\t\t\t\t\t\t<i class=\"fa fa-search\"><\/i>\n\t\t\t\t\t\t\t\t\t\t\t\t<\/a>\n\t\t\t\t\t\t\t\t\t\t\t<\/div><\/div><\/div><\/div><div  class=\"swmsc_text_block\" > \n<p style=\"text-align: center;\"><strong>ESTAN\u00c7A ELS MIQUELETS<\/strong><\/p>\n<p style=\"text-align: left;\">L\u2019estan\u00e7a de Miquelets acull a 13 infants d\u20191 a 2 anys. \u00c9s l\u2019estan\u00e7a dels m\u00e9s petits de l&#8217;escola i tamb\u00e9 la que t\u00e9 m\u00e9s espai, en total uns 38 m<sup>\u00b2<\/sup>.<\/p>\n<p style=\"text-align: left;\">En aquest grup d\u2019edat la relaci\u00f3 amb l\u2019entorn s\u2019intensifica i s\u2019enriqueix.<\/p>\n<p style=\"text-align: left;\">L\u2019infant comen\u00e7a a prendre consci\u00e8ncia del seu propi cos, a con\u00e8ixer-ho i per tant a controlar-ho. La personalitat es reafirma i es d\u00f3na l\u2019inici de la representaci\u00f3 mental. Apareixen les primeres relacions de grup, aprofundint en les formes d\u2019expressi\u00f3.<\/p>\n<\/div>[\/vc_column_inner][vc_column_inner width=&#8221;1\/3&#8243;]<div class=\"center\"><div  class=\"swmsc_image_lightbox  image_center\" >\n\n\t\t\t\t\t\t<div class=\"swmsc_image_lightbox_img\"><img decoding=\"async\" alt=\"\" src=\"\" class=\"\" style=\"border-radius:10px;\" \/><div class=\"swmsc_img_overlay\" style=\"border-radius:10px;\">\n\t\t\t\t\t\t\t\t\t\t\t\t<a class=\"swmsc_popup_img\" href=\"https:\/\/www.cavallcartro.cat\/escoles\/ebm-ralet-ralet\/wp-content\/uploads\/sites\/22\/2025\/02\/ESTANCA-2-3-DRAGOLINS-2.jpg\" title=\"\" target=\"_self\" >\n\t\t\t\t\t\t\t\t\t\t\t\t\t<i class=\"fa fa-search\"><\/i>\n\t\t\t\t\t\t\t\t\t\t\t\t<\/a>\n\t\t\t\t\t\t\t\t\t\t\t<\/div><\/div><\/div><\/div><div  class=\"swmsc_text_block\" > \n<p style=\"text-align: center;\"><strong>ESTAN\u00c7A ELS DRAGOLINS<\/strong><\/p>\n<p style=\"text-align: left;\">L\u2019estan\u00e7a dels Dragolins acull a 19 infants de 2 a 3 anys i disposa d\u2019un espai de 39,19 m<sup>\u00b2<\/sup>.<\/p>\n<p style=\"text-align: left;\">Entre els dos i tres anys de vida els nous aprenentatges donen pas a una visi\u00f3 m\u00e9s elaborada de l\u2019entorn. La mobilitat, ja molt desenvolupada, d\u00f3na a l\u2019infant seguretat respecte a l\u2019espai, alhora que s\u2019assoleix cada cop m\u00e9s autonomia.<\/p>\n<p style=\"text-align: left;\">La paraula, al final del d\u2019aquesta etapa, \u00e9s la protagonista de la comunicaci\u00f3.<\/p>\n<\/div>[\/vc_column_inner][vc_column_inner width=&#8221;1\/3&#8243;]<div class=\"center\"><div  class=\"swmsc_image_lightbox  image_center\" >\n\n\t\t\t\t\t\t<div class=\"swmsc_image_lightbox_img\"><img decoding=\"async\" alt=\"\" src=\"\" class=\"\" style=\"border-radius:10px;\" \/><div class=\"swmsc_img_overlay\" style=\"border-radius:10px;\">\n\t\t\t\t\t\t\t\t\t\t\t\t<a class=\"swmsc_popup_img\" href=\"https:\/\/www.cavallcartro.cat\/escoles\/ebm-ralet-ralet\/wp-content\/uploads\/sites\/22\/2025\/02\/ESTANCA-2-3-MICACOS-2.jpg\" title=\"\" target=\"_self\" >\n\t\t\t\t\t\t\t\t\t\t\t\t\t<i class=\"fa fa-search\"><\/i>\n\t\t\t\t\t\t\t\t\t\t\t\t<\/a>\n\t\t\t\t\t\t\t\t\t\t\t<\/div><\/div><\/div><\/div><div  class=\"swmsc_text_block\" > \n<p style=\"text-align: center;\"><strong>ESTAN\u00c7A ELS MICACOS<\/strong><\/p>\n<p style=\"text-align: left;\">L\u2019estan\u00e7a dels Micacos acull a 20 infants de 2 a 3 anys i disposa d\u2019un espai de 40,08 m<sup>\u00b2<\/sup>.<\/p>\n<p style=\"text-align: left;\">Entre els dos i tres anys de vida els nous aprenentatges donen pas a una visi\u00f3 m\u00e9s elaborada de l\u2019entorn. La mobilitat, ja molt desenvolupada, d\u00f3na a l\u2019infant seguretat respecte a l\u2019espai, alhora que s\u2019assoleix cada cop m\u00e9s autonomia.<\/p>\n<p style=\"text-align: left;\">La paraula, al final d\u2019aquesta etapa, \u00e9s la protagonista de la comunicaci\u00f3.<\/p>\n<\/div>[\/vc_column_inner][\/vc_row_inner][vc_row_inner][vc_column_inner width=&#8221;1\/3&#8243;]<div class=\"center\"><div  class=\"swmsc_image_lightbox  image_center\" >\n\n\t\t\t\t\t\t<div class=\"swmsc_image_lightbox_img\"><img decoding=\"async\" alt=\"\" src=\"\" class=\"\" style=\"border-radius:10px;\" \/><div class=\"swmsc_img_overlay\" style=\"border-radius:10px;\">\n\t\t\t\t\t\t\t\t\t\t\t\t<a class=\"swmsc_popup_img\" href=\"https:\/\/www.cavallcartro.cat\/escoles\/ebm-ralet-ralet\/wp-content\/uploads\/sites\/22\/2025\/02\/ESPAI-DE-CIENCIES-3-1-rotated.jpg\" title=\"\" target=\"_self\" >\n\t\t\t\t\t\t\t\t\t\t\t\t\t<i class=\"fa fa-search\"><\/i>\n\t\t\t\t\t\t\t\t\t\t\t\t<\/a>\n\t\t\t\t\t\t\t\t\t\t\t<\/div><\/div><\/div><\/div><div  class=\"swmsc_text_block\" > \n<p style=\"text-align: center;\"><strong>ESPAI DE CI\u00c8NCIES<\/strong><\/p>\n<\/div>[\/vc_column_inner][vc_column_inner width=&#8221;1\/3&#8243;]<div class=\"center\"><div  class=\"swmsc_image_lightbox  image_center\" >\n\n\t\t\t\t\t\t<div class=\"swmsc_image_lightbox_img\"><img decoding=\"async\" alt=\"\" src=\"https:\/\/www.cavallcartro.cat\/escoles\/ebm-ralet-ralet\/wp-content\/uploads\/sites\/22\/2019\/04\/ESPAI-DE-LLUM-I-COLOR-2-1.jpg\" class=\"\" style=\"border-radius:10px;\" \/><div class=\"swmsc_img_overlay\" style=\"border-radius:10px;\">\n\t\t\t\t\t\t\t\t\t\t\t\t<a class=\"swmsc_popup_img\" href=\"https:\/\/www.cavallcartro.cat\/escoles\/ebm-ralet-ralet\/wp-content\/uploads\/sites\/22\/2018\/03\/EBM-RALET-RALET-LLUMICOLOR.jpg\" title=\"\" target=\"_self\" >\n\t\t\t\t\t\t\t\t\t\t\t\t\t<i class=\"fa fa-search\"><\/i>\n\t\t\t\t\t\t\t\t\t\t\t\t<\/a>\n\t\t\t\t\t\t\t\t\t\t\t<\/div><\/div><\/div><\/div><div  class=\"swmsc_text_block\" > \n<p style=\"text-align: center;\"><strong>ESPAI DE LLUM I COLOR<\/strong><\/p>\n<\/div>[\/vc_column_inner][vc_column_inner width=&#8221;1\/3&#8243;]<div class=\"center\"><div  class=\"swmsc_image_lightbox  image_center\" >\n\n\t\t\t\t\t\t<div class=\"swmsc_image_lightbox_img\"><img decoding=\"async\" alt=\"\" src=\"https:\/\/www.cavallcartro.cat\/escoles\/ebm-ralet-ralet\/wp-content\/uploads\/sites\/22\/2018\/03\/EBM-RALET-RALET-Pati.jpg\" class=\"\" style=\"border-radius:10px;\" \/><div class=\"swmsc_img_overlay\" style=\"border-radius:10px;\">\n\t\t\t\t\t\t\t\t\t\t\t\t<a class=\"swmsc_popup_img\" href=\"https:\/\/www.cavallcartro.cat\/escoles\/ebm-ralet-ralet\/wp-content\/uploads\/sites\/22\/2018\/03\/EBM-RALET-RALET-Pati.jpg\" title=\"\" target=\"_self\" >\n\t\t\t\t\t\t\t\t\t\t\t\t\t<i class=\"fa fa-search\"><\/i>\n\t\t\t\t\t\t\t\t\t\t\t\t<\/a>\n\t\t\t\t\t\t\t\t\t\t\t<\/div><\/div><\/div><\/div><div  class=\"swmsc_text_block\" > \n<p style=\"text-align: center;\"><strong>JARD\u00cd<\/strong><\/p>\n<\/div>[\/vc_column_inner][\/vc_row_inner][\/vc_column][\/vc_row][vc_row full_width=&#8221;stretch_row&#8221; el_id=&#8221;menus&#8221; css=&#8221;.vc_custom_1500032698252{padding-top: 150px !important;}&#8221;][vc_column width=&#8221;1\/4&#8243;]<div  class=\"swmsc_fancy_heading swmsc_fancy_heading_center fh_icon_fancyHeadingNoIcon\" style=\"margin-top:40px;margin-bottom:40px;\">\n\t\t\t\t\t\t<div class=\"swmsc_fancy_heading_text\" style=\"font-size:30px;line-height:36px;\">\n\t\t\t\t\t\t\t\n<h1>Menus<\/h1>\n\n\t\t\t\t\t\t\t<div class=\"swmsc_fancy_heading_border\">\n\t\t\t\t\t\t\t\t<span class=\"swmsc_fancy_heading_border1\" style=\"background:#f8b54d;\"><\/span>\n\t\t\t\t\t\t\t\t<span class=\"swmsc_fancy_heading_border2\" style=\"background:#f8b54d;\"><\/span>\n\t\t\t\t\t\t\t\t<span class=\"swmsc_fancy_heading_icon\"><i class=\"fa fa-fancyHeadingNoIcon\"  style=\"color:#8373ce;\"><\/i><\/span>\n\t\t\t\t\t\t\t<\/div>\n\t\t\t\t\t\t<\/div>\n\t\t\t\t\t<\/div>[\/vc_column][vc_column width=&#8221;3\/4&#8243; css=&#8221;.vc_custom_1506676149789{padding-top: 50px !important;}&#8221;][vc_row_inner][vc_column_inner]<div   >\n\t\t\t\t\t\t<div class=\"swmsc_image_gallery swmsc_gal1  \" data-grid=\"masonry\" style=\"margin-right:-20px;\">\n\t\t\t\t\t\t\t\n        \t\t\t\t<div class=\"swmsc_image_gallery_item\">\n        \t\t\t\t\t<div style=\"padding-right:20px; padding-bottom:20px;\">\n\t        \t\t\t\t\t<a href=\"https:\/\/www.cavallcartro.cat\/escoles\/ebm-ralet-ralet\/wp-content\/uploads\/sites\/22\/2026\/03\/MENU-BASAL.jpg\" class=\"swmsc_popup_gallery\" style=\"border-radius:20px;\" title=\"MEN\u00da BASAL\">\n\t\t        \t\t\t\t\t\t<img decoding=\"async\" style=\"border-radius:20px;\" src=\"https:\/\/www.cavallcartro.cat\/escoles\/ebm-ralet-ralet\/wp-content\/uploads\/sites\/22\/2026\/03\/MENU-BASAL.jpg\" alt=\"\" \/>\n\t\t        \t\t\t\t\t\t<span><i class=\"fa fa-search\" style=\"background-color:#f8b54e;color:#ffffff;\"><\/i><\/span>\n\t\t        \t\t\t\t\t<\/a>\n\t        \t\t\t\t\t\n\t        \t\t\t\t<\/div>\n        \t\t\t\t<\/div>\n        \t\t\t\t<div class=\"swmsc_image_gallery_item\">\n        \t\t\t\t\t<div style=\"padding-right:20px; padding-bottom:20px;\">\n\t        \t\t\t\t\t<a href=\"https:\/\/www.cavallcartro.cat\/escoles\/ebm-ralet-ralet\/wp-content\/uploads\/sites\/22\/2026\/03\/MENU-VEGETARIA.jpg\" class=\"swmsc_popup_gallery\" style=\"border-radius:20px;\" title=\"MEN\u00da VEGETARI\u00c0\">\n\t\t        \t\t\t\t\t\t<img decoding=\"async\" style=\"border-radius:20px;\" src=\"https:\/\/www.cavallcartro.cat\/escoles\/ebm-ralet-ralet\/wp-content\/uploads\/sites\/22\/2026\/03\/MENU-VEGETARIA.jpg\" alt=\"\" \/>\n\t\t        \t\t\t\t\t\t<span><i class=\"fa fa-search\" style=\"background-color:#f8b54e;color:#ffffff;\"><\/i><\/span>\n\t\t        \t\t\t\t\t<\/a>\n\t        \t\t\t\t\t\n\t        \t\t\t\t<\/div>\n        \t\t\t\t<\/div>\n\t\t\t\t\t\t<\/div>\n\t\t\t\t\t<\/div>[\/vc_column_inner][\/vc_row_inner][\/vc_column][\/vc_row]\n<\/div>","protected":false},"excerpt":{"rendered":"<p>L&#8217;escola bressol municipal Ralet Ralet, a Badalona, \u00e9s un centre amb espais acollidors, on repectem el ritme dels nens i nenes de 0 a 3 anys<\/p>\n","protected":false},"author":1,"featured_media":0,"parent":0,"menu_order":0,"comment_status":"closed","ping_status":"closed","template":"","meta":{"footnotes":""},"class_list":["post-26","page","type-page","status-publish","hentry"],"yoast_head":"<!-- This site is optimized with the Yoast SEO plugin v27.3 - https:\/\/yoast.com\/product\/yoast-seo-wordpress\/ -->\n<title>Inici - EBM RALET RALET. Escola bressol municipal de Badalona<\/title>\n<meta name=\"description\" content=\"L&#039;escola bressol municipal Ralet Ralet, a Badalona, \u00e9s un centre amb espais acollidors, on repectem el ritme dels nens i nenes de 0 a 3 anys\" \/>\n<meta name=\"robots\" content=\"index, follow, max-snippet:-1, max-image-preview:large, max-video-preview:-1\" \/>\n<link rel=\"canonical\" href=\"https:\/\/www.cavallcartro.cat\/escoles\/ebm-ralet-ralet\/\" \/>\n<meta property=\"og:locale\" content=\"ca_ES\" \/>\n<meta property=\"og:type\" content=\"article\" \/>\n<meta property=\"og:title\" content=\"Inici - EBM RALET RALET. Escola bressol municipal de Badalona\" \/>\n<meta property=\"og:description\" content=\"L&#039;escola bressol municipal Ralet Ralet, a Badalona, \u00e9s un centre amb espais acollidors, on repectem el ritme dels nens i nenes de 0 a 3 anys\" \/>\n<meta property=\"og:url\" content=\"https:\/\/www.cavallcartro.cat\/escoles\/ebm-ralet-ralet\/\" \/>\n<meta property=\"og:site_name\" content=\"EBM RALET RALET. Escola bressol municipal de Badalona\" \/>\n<meta property=\"article:modified_time\" content=\"2026-03-02T10:35:45+00:00\" \/>\n<meta name=\"twitter:card\" content=\"summary_large_image\" \/>\n<meta name=\"twitter:label1\" content=\"Temps estimat de lectura\" \/>\n\t<meta name=\"twitter:data1\" content=\"4 minuts\" \/>\n<script type=\"application\/ld+json\" class=\"yoast-schema-graph\">{\"@context\":\"https:\\\/\\\/schema.org\",\"@graph\":[{\"@type\":\"WebPage\",\"@id\":\"https:\\\/\\\/www.cavallcartro.cat\\\/escoles\\\/ebm-ralet-ralet\\\/\",\"url\":\"https:\\\/\\\/www.cavallcartro.cat\\\/escoles\\\/ebm-ralet-ralet\\\/\",\"name\":\"Inici - EBM RALET RALET. Escola bressol municipal de Badalona\",\"isPartOf\":{\"@id\":\"https:\\\/\\\/www.cavallcartro.cat\\\/escoles\\\/ebm-ralet-ralet\\\/#website\"},\"datePublished\":\"2018-03-13T11:25:45+00:00\",\"dateModified\":\"2026-03-02T10:35:45+00:00\",\"description\":\"L'escola bressol municipal Ralet Ralet, a Badalona, \u00e9s un centre amb espais acollidors, on repectem el ritme dels nens i nenes de 0 a 3 anys\",\"breadcrumb\":{\"@id\":\"https:\\\/\\\/www.cavallcartro.cat\\\/escoles\\\/ebm-ralet-ralet\\\/#breadcrumb\"},\"inLanguage\":\"ca\",\"potentialAction\":[{\"@type\":\"ReadAction\",\"target\":[\"https:\\\/\\\/www.cavallcartro.cat\\\/escoles\\\/ebm-ralet-ralet\\\/\"]}]},{\"@type\":\"BreadcrumbList\",\"@id\":\"https:\\\/\\\/www.cavallcartro.cat\\\/escoles\\\/ebm-ralet-ralet\\\/#breadcrumb\",\"itemListElement\":[{\"@type\":\"ListItem\",\"position\":1,\"name\":\"Portada\",\"item\":\"https:\\\/\\\/www.cavallcartro.cat\\\/escoles\\\/ebm-ralet-ralet\\\/\"},{\"@type\":\"ListItem\",\"position\":2,\"name\":\"Inici\"}]},{\"@type\":\"WebSite\",\"@id\":\"https:\\\/\\\/www.cavallcartro.cat\\\/escoles\\\/ebm-ralet-ralet\\\/#website\",\"url\":\"https:\\\/\\\/www.cavallcartro.cat\\\/escoles\\\/ebm-ralet-ralet\\\/\",\"name\":\"EBM RALET RALET. Escola bressol municipal de Badalona\",\"description\":\"L&#039;escola bressol municipal Ralet Ralet \u00e9s un centre amb espais acollidors, on l \u2019infant pot sentir-se segur i feli\u00e7. L\u2019entorn els permet viure les seves pr\u00f2pies experi\u00e8ncies, respectant la seva evoluci\u00f3 i els seus drets com a persona.\",\"potentialAction\":[{\"@type\":\"SearchAction\",\"target\":{\"@type\":\"EntryPoint\",\"urlTemplate\":\"https:\\\/\\\/www.cavallcartro.cat\\\/escoles\\\/ebm-ralet-ralet\\\/?s={search_term_string}\"},\"query-input\":{\"@type\":\"PropertyValueSpecification\",\"valueRequired\":true,\"valueName\":\"search_term_string\"}}],\"inLanguage\":\"ca\"}]}<\/script>\n<!-- \/ Yoast SEO plugin. -->","yoast_head_json":{"title":"Inici - EBM RALET RALET. Escola bressol municipal de Badalona","description":"L'escola bressol municipal Ralet Ralet, a Badalona, \u00e9s un centre amb espais acollidors, on repectem el ritme dels nens i nenes de 0 a 3 anys","robots":{"index":"index","follow":"follow","max-snippet":"max-snippet:-1","max-image-preview":"max-image-preview:large","max-video-preview":"max-video-preview:-1"},"canonical":"https:\/\/www.cavallcartro.cat\/escoles\/ebm-ralet-ralet\/","og_locale":"ca_ES","og_type":"article","og_title":"Inici - EBM RALET RALET. Escola bressol municipal de Badalona","og_description":"L'escola bressol municipal Ralet Ralet, a Badalona, \u00e9s un centre amb espais acollidors, on repectem el ritme dels nens i nenes de 0 a 3 anys","og_url":"https:\/\/www.cavallcartro.cat\/escoles\/ebm-ralet-ralet\/","og_site_name":"EBM RALET RALET. Escola bressol municipal de Badalona","article_modified_time":"2026-03-02T10:35:45+00:00","twitter_card":"summary_large_image","twitter_misc":{"Temps estimat de lectura":"4 minuts"},"schema":{"@context":"https:\/\/schema.org","@graph":[{"@type":"WebPage","@id":"https:\/\/www.cavallcartro.cat\/escoles\/ebm-ralet-ralet\/","url":"https:\/\/www.cavallcartro.cat\/escoles\/ebm-ralet-ralet\/","name":"Inici - EBM RALET RALET. Escola bressol municipal de Badalona","isPartOf":{"@id":"https:\/\/www.cavallcartro.cat\/escoles\/ebm-ralet-ralet\/#website"},"datePublished":"2018-03-13T11:25:45+00:00","dateModified":"2026-03-02T10:35:45+00:00","description":"L'escola bressol municipal Ralet Ralet, a Badalona, \u00e9s un centre amb espais acollidors, on repectem el ritme dels nens i nenes de 0 a 3 anys","breadcrumb":{"@id":"https:\/\/www.cavallcartro.cat\/escoles\/ebm-ralet-ralet\/#breadcrumb"},"inLanguage":"ca","potentialAction":[{"@type":"ReadAction","target":["https:\/\/www.cavallcartro.cat\/escoles\/ebm-ralet-ralet\/"]}]},{"@type":"BreadcrumbList","@id":"https:\/\/www.cavallcartro.cat\/escoles\/ebm-ralet-ralet\/#breadcrumb","itemListElement":[{"@type":"ListItem","position":1,"name":"Portada","item":"https:\/\/www.cavallcartro.cat\/escoles\/ebm-ralet-ralet\/"},{"@type":"ListItem","position":2,"name":"Inici"}]},{"@type":"WebSite","@id":"https:\/\/www.cavallcartro.cat\/escoles\/ebm-ralet-ralet\/#website","url":"https:\/\/www.cavallcartro.cat\/escoles\/ebm-ralet-ralet\/","name":"EBM RALET RALET. Escola bressol municipal de Badalona","description":"L&#039;escola bressol municipal Ralet Ralet \u00e9s un centre amb espais acollidors, on l \u2019infant pot sentir-se segur i feli\u00e7. L\u2019entorn els permet viure les seves pr\u00f2pies experi\u00e8ncies, respectant la seva evoluci\u00f3 i els seus drets com a persona.","potentialAction":[{"@type":"SearchAction","target":{"@type":"EntryPoint","urlTemplate":"https:\/\/www.cavallcartro.cat\/escoles\/ebm-ralet-ralet\/?s={search_term_string}"},"query-input":{"@type":"PropertyValueSpecification","valueRequired":true,"valueName":"search_term_string"}}],"inLanguage":"ca"}]}},"_links":{"self":[{"href":"https:\/\/www.cavallcartro.cat\/escoles\/ebm-ralet-ralet\/wp-json\/wp\/v2\/pages\/26","targetHints":{"allow":["GET"]}}],"collection":[{"href":"https:\/\/www.cavallcartro.cat\/escoles\/ebm-ralet-ralet\/wp-json\/wp\/v2\/pages"}],"about":[{"href":"https:\/\/www.cavallcartro.cat\/escoles\/ebm-ralet-ralet\/wp-json\/wp\/v2\/types\/page"}],"author":[{"embeddable":true,"href":"https:\/\/www.cavallcartro.cat\/escoles\/ebm-ralet-ralet\/wp-json\/wp\/v2\/users\/1"}],"replies":[{"embeddable":true,"href":"https:\/\/www.cavallcartro.cat\/escoles\/ebm-ralet-ralet\/wp-json\/wp\/v2\/comments?post=26"}],"version-history":[{"count":149,"href":"https:\/\/www.cavallcartro.cat\/escoles\/ebm-ralet-ralet\/wp-json\/wp\/v2\/pages\/26\/revisions"}],"predecessor-version":[{"id":2807,"href":"https:\/\/www.cavallcartro.cat\/escoles\/ebm-ralet-ralet\/wp-json\/wp\/v2\/pages\/26\/revisions\/2807"}],"wp:attachment":[{"href":"https:\/\/www.cavallcartro.cat\/escoles\/ebm-ralet-ralet\/wp-json\/wp\/v2\/media?parent=26"}],"curies":[{"name":"wp","href":"https:\/\/api.w.org\/{rel}","templated":true}]}}