{"id":21,"date":"2018-03-13T11:24:03","date_gmt":"2018-03-13T11:24:03","guid":{"rendered":"http:\/\/www.cavallcartro.cat\/escoles\/ebm-ralet-ralet\/?page_id=21"},"modified":"2024-02-21T12:50:07","modified_gmt":"2024-02-21T12:50:07","slug":"area-privada","status":"publish","type":"page","link":"https:\/\/www.cavallcartro.cat\/escoles\/ebm-ralet-ralet\/area-privada\/","title":{"rendered":"\u00c0rea privada"},"content":{"rendered":"<p style=\"text-align: center;\"><a href=\"https:\/\/www.cavallcartro.cat\/escoles\/ebm-ralet-ralet\/wp-admin\">Acc\u00e9s per a educadores<\/a><\/p>\n<div class=\"pc_aligned_form pc_falign_center\">\r\n\t<form class=\"pc_login_form   \" >\r\n\t\t<div class=\"pc_login_row \">\r\n\t\t\t<label for=\"pc_auth_username\">Username<\/label>\r\n\t\t\t\r\n\t\t\t<div class=\"pc_field_container\">\r\n\t\t\t\t\r\n\t\t\t\t<input type=\"text\" name=\"pc_auth_username\" value=\"\"  autocapitalize=\"off\" autocomplete=\"off\" autocorrect=\"off\" maxlength=\"150\" \/>\r\n\t\t\t<\/div>\t\r\n\t\t<\/div>\r\n\t\t<div class=\"pc_login_row \">\r\n\t\t\t<label for=\"pc_auth_psw\">Password<\/label>\r\n\t\t\t\r\n\t\t\t<div class=\"pc_field_container\">\r\n\t\t\t\t\r\n\t\t\t\t<input type=\"password\" name=\"pc_auth_psw\" value=\"\"  autocapitalize=\"off\" autocomplete=\"off\" autocorrect=\"off\" \/>\r\n\t\t\t<\/div>\r\n\t\t<\/div>\r\n\t\t\r\n\t\t<div class=\"pc_hnpt_code\" style=\"display: none; visibility: hidden; position: fixed; left: -9999px;\">\r\n\t\t\t<label for=\"pc_hnpt_1\">Antispam 1<\/label>\r\n\t\t\t<input type=\"text\" name=\"pc_hnpt_1\" value=\"\" autocomplete=\"off\" \/>\r\n\t\t\t\r\n\t\t\t<label for=\"pc_hnpt_2\">Antispam 2<\/label>\r\n\t\t\t<input type=\"text\" name=\"pc_hnpt_2\" value=\"70\" autocomplete=\"off\" \/>\r\n\t\t\t\r\n\t\t\t<label for=\"pc_hnpt_3\">Antispam 3<\/label>\r\n\t\t\t<input type=\"text\" name=\"pc_hnpt_3\" value=\"78825f959740c53ee465582e7ff5005d\" autocomplete=\"off\" \/>\r\n\t\t<\/div>\r\n\t\t\r\n\t\t<div id=\"pc_auth_message\"><\/div>\r\n\t\t\r\n\t\t<div class=\"pc_login_smalls\">\r\n\t\t<\/div>\r\n\t\t<button class=\"pc_auth_btn\"><span class=\"pc_inner_btn\">Login<\/span><\/button>\r\n\t<\/form><\/div>","protected":false},"excerpt":{"rendered":"<p>Acc\u00e9s per a educadores Username Password Antispam 1 Antispam 2 Antispam 3 Login<\/p>\n","protected":false},"author":1,"featured_media":0,"parent":0,"menu_order":0,"comment_status":"closed","ping_status":"closed","template":"","meta":{"footnotes":""},"class_list":["post-21","page","type-page","status-publish","hentry"],"yoast_head":"<!-- This site is optimized with the Yoast SEO plugin v27.3 - https:\/\/yoast.com\/product\/yoast-seo-wordpress\/ -->\n<title>\u00c0rea privada - EBM RALET RALET. Escola bressol municipal de Badalona<\/title>\n<meta name=\"robots\" content=\"index, follow, max-snippet:-1, max-image-preview:large, max-video-preview:-1\" \/>\n<link rel=\"canonical\" href=\"https:\/\/www.cavallcartro.cat\/escoles\/ebm-ralet-ralet\/area-privada\/\" \/>\n<meta property=\"og:locale\" content=\"ca_ES\" \/>\n<meta property=\"og:type\" content=\"article\" \/>\n<meta property=\"og:title\" content=\"\u00c0rea privada - EBM RALET RALET. Escola bressol municipal de Badalona\" \/>\n<meta property=\"og:description\" content=\"Acc\u00e9s per a educadores Username Password Antispam 1 Antispam 2 Antispam 3 Login\" \/>\n<meta property=\"og:url\" content=\"https:\/\/www.cavallcartro.cat\/escoles\/ebm-ralet-ralet\/area-privada\/\" \/>\n<meta property=\"og:site_name\" content=\"EBM RALET RALET. Escola bressol municipal de Badalona\" \/>\n<meta property=\"article:modified_time\" content=\"2024-02-21T12:50:07+00:00\" \/>\n<meta name=\"twitter:card\" content=\"summary_large_image\" \/>\n<meta name=\"twitter:label1\" content=\"Temps estimat de lectura\" \/>\n\t<meta name=\"twitter:data1\" content=\"1 minut\" \/>\n<script type=\"application\/ld+json\" class=\"yoast-schema-graph\">{\"@context\":\"https:\\\/\\\/schema.org\",\"@graph\":[{\"@type\":\"WebPage\",\"@id\":\"https:\\\/\\\/www.cavallcartro.cat\\\/escoles\\\/ebm-ralet-ralet\\\/area-privada\\\/\",\"url\":\"https:\\\/\\\/www.cavallcartro.cat\\\/escoles\\\/ebm-ralet-ralet\\\/area-privada\\\/\",\"name\":\"\u00c0rea privada - EBM RALET RALET. Escola bressol municipal de Badalona\",\"isPartOf\":{\"@id\":\"https:\\\/\\\/www.cavallcartro.cat\\\/escoles\\\/ebm-ralet-ralet\\\/#website\"},\"datePublished\":\"2018-03-13T11:24:03+00:00\",\"dateModified\":\"2024-02-21T12:50:07+00:00\",\"breadcrumb\":{\"@id\":\"https:\\\/\\\/www.cavallcartro.cat\\\/escoles\\\/ebm-ralet-ralet\\\/area-privada\\\/#breadcrumb\"},\"inLanguage\":\"ca\",\"potentialAction\":[{\"@type\":\"ReadAction\",\"target\":[\"https:\\\/\\\/www.cavallcartro.cat\\\/escoles\\\/ebm-ralet-ralet\\\/area-privada\\\/\"]}]},{\"@type\":\"BreadcrumbList\",\"@id\":\"https:\\\/\\\/www.cavallcartro.cat\\\/escoles\\\/ebm-ralet-ralet\\\/area-privada\\\/#breadcrumb\",\"itemListElement\":[{\"@type\":\"ListItem\",\"position\":1,\"name\":\"Portada\",\"item\":\"https:\\\/\\\/www.cavallcartro.cat\\\/escoles\\\/ebm-ralet-ralet\\\/\"},{\"@type\":\"ListItem\",\"position\":2,\"name\":\"\u00c0rea privada\"}]},{\"@type\":\"WebSite\",\"@id\":\"https:\\\/\\\/www.cavallcartro.cat\\\/escoles\\\/ebm-ralet-ralet\\\/#website\",\"url\":\"https:\\\/\\\/www.cavallcartro.cat\\\/escoles\\\/ebm-ralet-ralet\\\/\",\"name\":\"EBM RALET RALET. Escola bressol municipal de Badalona\",\"description\":\"L&#039;escola bressol municipal Ralet Ralet \u00e9s un centre amb espais acollidors, on l \u2019infant pot sentir-se segur i feli\u00e7. L\u2019entorn els permet viure les seves pr\u00f2pies experi\u00e8ncies, respectant la seva evoluci\u00f3 i els seus drets com a persona.\",\"potentialAction\":[{\"@type\":\"SearchAction\",\"target\":{\"@type\":\"EntryPoint\",\"urlTemplate\":\"https:\\\/\\\/www.cavallcartro.cat\\\/escoles\\\/ebm-ralet-ralet\\\/?s={search_term_string}\"},\"query-input\":{\"@type\":\"PropertyValueSpecification\",\"valueRequired\":true,\"valueName\":\"search_term_string\"}}],\"inLanguage\":\"ca\"}]}<\/script>\n<!-- \/ Yoast SEO plugin. -->","yoast_head_json":{"title":"\u00c0rea privada - EBM RALET RALET. Escola bressol municipal de Badalona","robots":{"index":"index","follow":"follow","max-snippet":"max-snippet:-1","max-image-preview":"max-image-preview:large","max-video-preview":"max-video-preview:-1"},"canonical":"https:\/\/www.cavallcartro.cat\/escoles\/ebm-ralet-ralet\/area-privada\/","og_locale":"ca_ES","og_type":"article","og_title":"\u00c0rea privada - EBM RALET RALET. Escola bressol municipal de Badalona","og_description":"Acc\u00e9s per a educadores Username Password Antispam 1 Antispam 2 Antispam 3 Login","og_url":"https:\/\/www.cavallcartro.cat\/escoles\/ebm-ralet-ralet\/area-privada\/","og_site_name":"EBM RALET RALET. Escola bressol municipal de Badalona","article_modified_time":"2024-02-21T12:50:07+00:00","twitter_card":"summary_large_image","twitter_misc":{"Temps estimat de lectura":"1 minut"},"schema":{"@context":"https:\/\/schema.org","@graph":[{"@type":"WebPage","@id":"https:\/\/www.cavallcartro.cat\/escoles\/ebm-ralet-ralet\/area-privada\/","url":"https:\/\/www.cavallcartro.cat\/escoles\/ebm-ralet-ralet\/area-privada\/","name":"\u00c0rea privada - EBM RALET RALET. Escola bressol municipal de Badalona","isPartOf":{"@id":"https:\/\/www.cavallcartro.cat\/escoles\/ebm-ralet-ralet\/#website"},"datePublished":"2018-03-13T11:24:03+00:00","dateModified":"2024-02-21T12:50:07+00:00","breadcrumb":{"@id":"https:\/\/www.cavallcartro.cat\/escoles\/ebm-ralet-ralet\/area-privada\/#breadcrumb"},"inLanguage":"ca","potentialAction":[{"@type":"ReadAction","target":["https:\/\/www.cavallcartro.cat\/escoles\/ebm-ralet-ralet\/area-privada\/"]}]},{"@type":"BreadcrumbList","@id":"https:\/\/www.cavallcartro.cat\/escoles\/ebm-ralet-ralet\/area-privada\/#breadcrumb","itemListElement":[{"@type":"ListItem","position":1,"name":"Portada","item":"https:\/\/www.cavallcartro.cat\/escoles\/ebm-ralet-ralet\/"},{"@type":"ListItem","position":2,"name":"\u00c0rea privada"}]},{"@type":"WebSite","@id":"https:\/\/www.cavallcartro.cat\/escoles\/ebm-ralet-ralet\/#website","url":"https:\/\/www.cavallcartro.cat\/escoles\/ebm-ralet-ralet\/","name":"EBM RALET RALET. Escola bressol municipal de Badalona","description":"L&#039;escola bressol municipal Ralet Ralet \u00e9s un centre amb espais acollidors, on l \u2019infant pot sentir-se segur i feli\u00e7. L\u2019entorn els permet viure les seves pr\u00f2pies experi\u00e8ncies, respectant la seva evoluci\u00f3 i els seus drets com a persona.","potentialAction":[{"@type":"SearchAction","target":{"@type":"EntryPoint","urlTemplate":"https:\/\/www.cavallcartro.cat\/escoles\/ebm-ralet-ralet\/?s={search_term_string}"},"query-input":{"@type":"PropertyValueSpecification","valueRequired":true,"valueName":"search_term_string"}}],"inLanguage":"ca"}]}},"_links":{"self":[{"href":"https:\/\/www.cavallcartro.cat\/escoles\/ebm-ralet-ralet\/wp-json\/wp\/v2\/pages\/21","targetHints":{"allow":["GET"]}}],"collection":[{"href":"https:\/\/www.cavallcartro.cat\/escoles\/ebm-ralet-ralet\/wp-json\/wp\/v2\/pages"}],"about":[{"href":"https:\/\/www.cavallcartro.cat\/escoles\/ebm-ralet-ralet\/wp-json\/wp\/v2\/types\/page"}],"author":[{"embeddable":true,"href":"https:\/\/www.cavallcartro.cat\/escoles\/ebm-ralet-ralet\/wp-json\/wp\/v2\/users\/1"}],"replies":[{"embeddable":true,"href":"https:\/\/www.cavallcartro.cat\/escoles\/ebm-ralet-ralet\/wp-json\/wp\/v2\/comments?post=21"}],"version-history":[{"count":3,"href":"https:\/\/www.cavallcartro.cat\/escoles\/ebm-ralet-ralet\/wp-json\/wp\/v2\/pages\/21\/revisions"}],"predecessor-version":[{"id":2328,"href":"https:\/\/www.cavallcartro.cat\/escoles\/ebm-ralet-ralet\/wp-json\/wp\/v2\/pages\/21\/revisions\/2328"}],"wp:attachment":[{"href":"https:\/\/www.cavallcartro.cat\/escoles\/ebm-ralet-ralet\/wp-json\/wp\/v2\/media?parent=21"}],"curies":[{"name":"wp","href":"https:\/\/api.w.org\/{rel}","templated":true}]}}