{"id":19,"date":"2018-03-07T09:17:23","date_gmt":"2018-03-07T09:17:23","guid":{"rendered":"http:\/\/www.cavallcartro.cat\/escoles\/ebm-pam-i-pipa\/?page_id=19"},"modified":"2018-03-07T09:17:23","modified_gmt":"2018-03-07T09:17:23","slug":"area-privada","status":"publish","type":"page","link":"https:\/\/www.cavallcartro.cat\/escoles\/ebm-pam-i-pipa\/area-privada\/","title":{"rendered":"\u00c0rea privada"},"content":{"rendered":"<div class=\"pc_aligned_form pc_falign_center\">\r\n\t<form class=\"pc_login_form   \" >\r\n\t\t<div class=\"pc_login_row \">\r\n\t\t\t<label for=\"pc_auth_username\">Username<\/label>\r\n\t\t\t\r\n\t\t\t<div class=\"pc_field_container\">\r\n\t\t\t\t\r\n\t\t\t\t<input type=\"text\" name=\"pc_auth_username\" value=\"\"  autocapitalize=\"off\" autocomplete=\"off\" autocorrect=\"off\" maxlength=\"150\" \/>\r\n\t\t\t<\/div>\t\r\n\t\t<\/div>\r\n\t\t<div class=\"pc_login_row \">\r\n\t\t\t<label for=\"pc_auth_psw\">Password<\/label>\r\n\t\t\t\r\n\t\t\t<div class=\"pc_field_container\">\r\n\t\t\t\t\r\n\t\t\t\t<input type=\"password\" name=\"pc_auth_psw\" value=\"\"  autocapitalize=\"off\" autocomplete=\"off\" autocorrect=\"off\" \/>\r\n\t\t\t<\/div>\r\n\t\t<\/div>\r\n\t\t\r\n\t\t<div class=\"pc_hnpt_code\" style=\"display: none; visibility: hidden; position: fixed; left: -9999px;\">\r\n\t\t\t<label for=\"pc_hnpt_1\">Antispam 1<\/label>\r\n\t\t\t<input type=\"text\" name=\"pc_hnpt_1\" value=\"\" autocomplete=\"off\" \/>\r\n\t\t\t\r\n\t\t\t<label for=\"pc_hnpt_2\">Antispam 2<\/label>\r\n\t\t\t<input type=\"text\" name=\"pc_hnpt_2\" value=\"55\" autocomplete=\"off\" \/>\r\n\t\t\t\r\n\t\t\t<label for=\"pc_hnpt_3\">Antispam 3<\/label>\r\n\t\t\t<input type=\"text\" name=\"pc_hnpt_3\" value=\"cbb6448e08ad7d0d7e4c0879b70a07f1\" autocomplete=\"off\" \/>\r\n\t\t<\/div>\r\n\t\t\r\n\t\t<div id=\"pc_auth_message\"><\/div>\r\n\t\t\r\n\t\t<div class=\"pc_login_smalls\">\r\n\t\t<\/div>\r\n\t\t<button class=\"pc_auth_btn\"><span class=\"pc_inner_btn\">Login<\/span><\/button>\r\n\t<\/form><\/div>","protected":false},"excerpt":{"rendered":"<p>Username Password Antispam 1 Antispam 2 Antispam 3 Login<\/p>\n","protected":false},"author":1,"featured_media":0,"parent":0,"menu_order":0,"comment_status":"closed","ping_status":"closed","template":"","meta":{"footnotes":""},"class_list":["post-19","page","type-page","status-publish","hentry"],"yoast_head":"<!-- This site is optimized with the Yoast SEO plugin v27.5 - https:\/\/yoast.com\/product\/yoast-seo-wordpress\/ -->\n<title>\u00c0rea privada - EBM PAM I PIPA. Escola bressol municipal de Badalona<\/title>\n<meta name=\"robots\" content=\"index, follow, max-snippet:-1, max-image-preview:large, max-video-preview:-1\" \/>\n<link rel=\"canonical\" href=\"https:\/\/www.cavallcartro.cat\/escoles\/ebm-pam-i-pipa\/area-privada\/\" \/>\n<meta property=\"og:locale\" content=\"ca_ES\" \/>\n<meta property=\"og:type\" content=\"article\" \/>\n<meta property=\"og:title\" content=\"\u00c0rea privada - EBM PAM I PIPA. Escola bressol municipal de Badalona\" \/>\n<meta property=\"og:description\" content=\"Username Password Antispam 1 Antispam 2 Antispam 3 Login\" \/>\n<meta property=\"og:url\" content=\"https:\/\/www.cavallcartro.cat\/escoles\/ebm-pam-i-pipa\/area-privada\/\" \/>\n<meta property=\"og:site_name\" content=\"EBM PAM I PIPA. Escola bressol municipal de Badalona\" \/>\n<meta property=\"article:publisher\" content=\"https:\/\/www.facebook.com\/cavallcartroedu\" \/>\n<meta property=\"og:image\" content=\"https:\/\/www.cavallcartro.cat\/escoles\/ebm-pam-i-pipa\/wp-content\/uploads\/sites\/20\/2018\/05\/EBM-Pam-i-Pipa-de-Badalona-Aula-Cinc-de-2-3-anys-05.jpg\" \/>\n\t<meta property=\"og:image:width\" content=\"1200\" \/>\n\t<meta property=\"og:image:height\" content=\"800\" \/>\n\t<meta property=\"og:image:type\" content=\"image\/jpeg\" \/>\n<meta name=\"twitter:card\" content=\"summary_large_image\" \/>\n<meta name=\"twitter:site\" content=\"@cavallcartroedu\" \/>\n<script type=\"application\/ld+json\" class=\"yoast-schema-graph\">{\"@context\":\"https:\\\/\\\/schema.org\",\"@graph\":[{\"@type\":\"WebPage\",\"@id\":\"https:\\\/\\\/www.cavallcartro.cat\\\/escoles\\\/ebm-pam-i-pipa\\\/area-privada\\\/\",\"url\":\"https:\\\/\\\/www.cavallcartro.cat\\\/escoles\\\/ebm-pam-i-pipa\\\/area-privada\\\/\",\"name\":\"\u00c0rea privada - EBM PAM I PIPA. Escola bressol municipal de Badalona\",\"isPartOf\":{\"@id\":\"https:\\\/\\\/www.cavallcartro.cat\\\/escoles\\\/ebm-pam-i-pipa\\\/#website\"},\"datePublished\":\"2018-03-07T09:17:23+00:00\",\"breadcrumb\":{\"@id\":\"https:\\\/\\\/www.cavallcartro.cat\\\/escoles\\\/ebm-pam-i-pipa\\\/area-privada\\\/#breadcrumb\"},\"inLanguage\":\"ca\",\"potentialAction\":[{\"@type\":\"ReadAction\",\"target\":[\"https:\\\/\\\/www.cavallcartro.cat\\\/escoles\\\/ebm-pam-i-pipa\\\/area-privada\\\/\"]}]},{\"@type\":\"BreadcrumbList\",\"@id\":\"https:\\\/\\\/www.cavallcartro.cat\\\/escoles\\\/ebm-pam-i-pipa\\\/area-privada\\\/#breadcrumb\",\"itemListElement\":[{\"@type\":\"ListItem\",\"position\":1,\"name\":\"Portada\",\"item\":\"https:\\\/\\\/www.cavallcartro.cat\\\/escoles\\\/ebm-pam-i-pipa\\\/\"},{\"@type\":\"ListItem\",\"position\":2,\"name\":\"\u00c0rea privada\"}]},{\"@type\":\"WebSite\",\"@id\":\"https:\\\/\\\/www.cavallcartro.cat\\\/escoles\\\/ebm-pam-i-pipa\\\/#website\",\"url\":\"https:\\\/\\\/www.cavallcartro.cat\\\/escoles\\\/ebm-pam-i-pipa\\\/\",\"name\":\"EBM PAM I PIPA. Escola bressol municipal de Badalona\",\"description\":\"L\u2019Escola Bressol Municipal Pam i Pipa \u00e9s una escola activa i oberta, on es treballa per establir un marc de confian\u00e7a m\u00fatua entre les fam\u00edlies i l\u2019escola per compartir l\u2019educaci\u00f3 dels infants. Respectant el ritme de cadasc\u00fa en els seus propis aprenentatges.\",\"publisher\":{\"@id\":\"https:\\\/\\\/www.cavallcartro.cat\\\/escoles\\\/ebm-pam-i-pipa\\\/#organization\"},\"alternateName\":\"Escola Bressol Municipal Pam i Pipa\",\"potentialAction\":[{\"@type\":\"SearchAction\",\"target\":{\"@type\":\"EntryPoint\",\"urlTemplate\":\"https:\\\/\\\/www.cavallcartro.cat\\\/escoles\\\/ebm-pam-i-pipa\\\/?s={search_term_string}\"},\"query-input\":{\"@type\":\"PropertyValueSpecification\",\"valueRequired\":true,\"valueName\":\"search_term_string\"}}],\"inLanguage\":\"ca\"},{\"@type\":\"Organization\",\"@id\":\"https:\\\/\\\/www.cavallcartro.cat\\\/escoles\\\/ebm-pam-i-pipa\\\/#organization\",\"name\":\"Escola Bressol Municipal Pam i Pipa\",\"url\":\"https:\\\/\\\/www.cavallcartro.cat\\\/escoles\\\/ebm-pam-i-pipa\\\/\",\"logo\":{\"@type\":\"ImageObject\",\"inLanguage\":\"ca\",\"@id\":\"https:\\\/\\\/www.cavallcartro.cat\\\/escoles\\\/ebm-pam-i-pipa\\\/#\\\/schema\\\/logo\\\/image\\\/\",\"url\":\"https:\\\/\\\/www.cavallcartro.cat\\\/escoles\\\/ebm-pam-i-pipa\\\/wp-content\\\/uploads\\\/sites\\\/20\\\/2018\\\/03\\\/logo-ebm-pam-i-pipa.jpg\",\"contentUrl\":\"https:\\\/\\\/www.cavallcartro.cat\\\/escoles\\\/ebm-pam-i-pipa\\\/wp-content\\\/uploads\\\/sites\\\/20\\\/2018\\\/03\\\/logo-ebm-pam-i-pipa.jpg\",\"width\":547,\"height\":356,\"caption\":\"Escola Bressol Municipal Pam i Pipa\"},\"image\":{\"@id\":\"https:\\\/\\\/www.cavallcartro.cat\\\/escoles\\\/ebm-pam-i-pipa\\\/#\\\/schema\\\/logo\\\/image\\\/\"},\"sameAs\":[\"https:\\\/\\\/www.facebook.com\\\/cavallcartroedu\",\"https:\\\/\\\/x.com\\\/cavallcartroedu\"]}]}<\/script>\n<!-- \/ Yoast SEO plugin. -->","yoast_head_json":{"title":"\u00c0rea privada - EBM PAM I PIPA. Escola bressol municipal de Badalona","robots":{"index":"index","follow":"follow","max-snippet":"max-snippet:-1","max-image-preview":"max-image-preview:large","max-video-preview":"max-video-preview:-1"},"canonical":"https:\/\/www.cavallcartro.cat\/escoles\/ebm-pam-i-pipa\/area-privada\/","og_locale":"ca_ES","og_type":"article","og_title":"\u00c0rea privada - EBM PAM I PIPA. Escola bressol municipal de Badalona","og_description":"Username Password Antispam 1 Antispam 2 Antispam 3 Login","og_url":"https:\/\/www.cavallcartro.cat\/escoles\/ebm-pam-i-pipa\/area-privada\/","og_site_name":"EBM PAM I PIPA. Escola bressol municipal de Badalona","article_publisher":"https:\/\/www.facebook.com\/cavallcartroedu","og_image":[{"width":1200,"height":800,"url":"https:\/\/www.cavallcartro.cat\/escoles\/ebm-pam-i-pipa\/wp-content\/uploads\/sites\/20\/2018\/05\/EBM-Pam-i-Pipa-de-Badalona-Aula-Cinc-de-2-3-anys-05.jpg","type":"image\/jpeg"}],"twitter_card":"summary_large_image","twitter_site":"@cavallcartroedu","schema":{"@context":"https:\/\/schema.org","@graph":[{"@type":"WebPage","@id":"https:\/\/www.cavallcartro.cat\/escoles\/ebm-pam-i-pipa\/area-privada\/","url":"https:\/\/www.cavallcartro.cat\/escoles\/ebm-pam-i-pipa\/area-privada\/","name":"\u00c0rea privada - EBM PAM I PIPA. Escola bressol municipal de Badalona","isPartOf":{"@id":"https:\/\/www.cavallcartro.cat\/escoles\/ebm-pam-i-pipa\/#website"},"datePublished":"2018-03-07T09:17:23+00:00","breadcrumb":{"@id":"https:\/\/www.cavallcartro.cat\/escoles\/ebm-pam-i-pipa\/area-privada\/#breadcrumb"},"inLanguage":"ca","potentialAction":[{"@type":"ReadAction","target":["https:\/\/www.cavallcartro.cat\/escoles\/ebm-pam-i-pipa\/area-privada\/"]}]},{"@type":"BreadcrumbList","@id":"https:\/\/www.cavallcartro.cat\/escoles\/ebm-pam-i-pipa\/area-privada\/#breadcrumb","itemListElement":[{"@type":"ListItem","position":1,"name":"Portada","item":"https:\/\/www.cavallcartro.cat\/escoles\/ebm-pam-i-pipa\/"},{"@type":"ListItem","position":2,"name":"\u00c0rea privada"}]},{"@type":"WebSite","@id":"https:\/\/www.cavallcartro.cat\/escoles\/ebm-pam-i-pipa\/#website","url":"https:\/\/www.cavallcartro.cat\/escoles\/ebm-pam-i-pipa\/","name":"EBM PAM I PIPA. Escola bressol municipal de Badalona","description":"L\u2019Escola Bressol Municipal Pam i Pipa \u00e9s una escola activa i oberta, on es treballa per establir un marc de confian\u00e7a m\u00fatua entre les fam\u00edlies i l\u2019escola per compartir l\u2019educaci\u00f3 dels infants. Respectant el ritme de cadasc\u00fa en els seus propis aprenentatges.","publisher":{"@id":"https:\/\/www.cavallcartro.cat\/escoles\/ebm-pam-i-pipa\/#organization"},"alternateName":"Escola Bressol Municipal Pam i Pipa","potentialAction":[{"@type":"SearchAction","target":{"@type":"EntryPoint","urlTemplate":"https:\/\/www.cavallcartro.cat\/escoles\/ebm-pam-i-pipa\/?s={search_term_string}"},"query-input":{"@type":"PropertyValueSpecification","valueRequired":true,"valueName":"search_term_string"}}],"inLanguage":"ca"},{"@type":"Organization","@id":"https:\/\/www.cavallcartro.cat\/escoles\/ebm-pam-i-pipa\/#organization","name":"Escola Bressol Municipal Pam i Pipa","url":"https:\/\/www.cavallcartro.cat\/escoles\/ebm-pam-i-pipa\/","logo":{"@type":"ImageObject","inLanguage":"ca","@id":"https:\/\/www.cavallcartro.cat\/escoles\/ebm-pam-i-pipa\/#\/schema\/logo\/image\/","url":"https:\/\/www.cavallcartro.cat\/escoles\/ebm-pam-i-pipa\/wp-content\/uploads\/sites\/20\/2018\/03\/logo-ebm-pam-i-pipa.jpg","contentUrl":"https:\/\/www.cavallcartro.cat\/escoles\/ebm-pam-i-pipa\/wp-content\/uploads\/sites\/20\/2018\/03\/logo-ebm-pam-i-pipa.jpg","width":547,"height":356,"caption":"Escola Bressol Municipal Pam i Pipa"},"image":{"@id":"https:\/\/www.cavallcartro.cat\/escoles\/ebm-pam-i-pipa\/#\/schema\/logo\/image\/"},"sameAs":["https:\/\/www.facebook.com\/cavallcartroedu","https:\/\/x.com\/cavallcartroedu"]}]}},"_links":{"self":[{"href":"https:\/\/www.cavallcartro.cat\/escoles\/ebm-pam-i-pipa\/wp-json\/wp\/v2\/pages\/19","targetHints":{"allow":["GET"]}}],"collection":[{"href":"https:\/\/www.cavallcartro.cat\/escoles\/ebm-pam-i-pipa\/wp-json\/wp\/v2\/pages"}],"about":[{"href":"https:\/\/www.cavallcartro.cat\/escoles\/ebm-pam-i-pipa\/wp-json\/wp\/v2\/types\/page"}],"author":[{"embeddable":true,"href":"https:\/\/www.cavallcartro.cat\/escoles\/ebm-pam-i-pipa\/wp-json\/wp\/v2\/users\/1"}],"replies":[{"embeddable":true,"href":"https:\/\/www.cavallcartro.cat\/escoles\/ebm-pam-i-pipa\/wp-json\/wp\/v2\/comments?post=19"}],"version-history":[{"count":1,"href":"https:\/\/www.cavallcartro.cat\/escoles\/ebm-pam-i-pipa\/wp-json\/wp\/v2\/pages\/19\/revisions"}],"predecessor-version":[{"id":20,"href":"https:\/\/www.cavallcartro.cat\/escoles\/ebm-pam-i-pipa\/wp-json\/wp\/v2\/pages\/19\/revisions\/20"}],"wp:attachment":[{"href":"https:\/\/www.cavallcartro.cat\/escoles\/ebm-pam-i-pipa\/wp-json\/wp\/v2\/media?parent=19"}],"curies":[{"name":"wp","href":"https:\/\/api.w.org\/{rel}","templated":true}]}}