{"id":17,"date":"2018-03-07T09:16:57","date_gmt":"2018-03-07T09:16:57","guid":{"rendered":"http:\/\/www.cavallcartro.cat\/escoles\/ebm-pam-i-pipa\/?page_id=17"},"modified":"2020-12-01T10:48:35","modified_gmt":"2020-12-01T10:48:35","slug":"ampa","status":"publish","type":"page","link":"https:\/\/www.cavallcartro.cat\/escoles\/ebm-pam-i-pipa\/ampa\/","title":{"rendered":"AMPA"},"content":{"rendered":"<div class=\"wpb-content-wrapper\">[vc_row][vc_column]<div  class=\"swmsc_fancy_heading swmsc_fancy_heading_center fh_icon_fancyHeadingNoIcon\" style=\"margin-top:40px;margin-bottom:40px;\">\n\t\t\t\t\t\t<div class=\"swmsc_fancy_heading_text\" style=\"font-size:30px;line-height:36px;\">\n\t\t\t\t\t\t\t\n<h1 style=\"text-align: center\">AMPA Pam i Pipa<\/h1>\n\n\t\t\t\t\t\t\t<div class=\"swmsc_fancy_heading_border\">\n\t\t\t\t\t\t\t\t<span class=\"swmsc_fancy_heading_border1\" style=\"background:#f8b54d;\"><\/span>\n\t\t\t\t\t\t\t\t<span class=\"swmsc_fancy_heading_border2\" style=\"background:#f8b54d;\"><\/span>\n\t\t\t\t\t\t\t\t<span class=\"swmsc_fancy_heading_icon\"><i class=\"fa fa-fancyHeadingNoIcon\"  style=\"color:#8373ce;\"><\/i><\/span>\n\t\t\t\t\t\t\t<\/div>\n\t\t\t\t\t\t<\/div>\n\t\t\t\t\t<\/div>[\/vc_column][\/vc_row][vc_row full_width=&#8221;stretch_row&#8221; css=&#8221;.vc_custom_1528795501895{padding-top: 50px !important;}&#8221;][vc_column width=&#8221;1\/4&#8243;]<div  class=\"swmsc_fancy_heading swmsc_fancy_heading_center fh_icon_fancyHeadingNoIcon\" style=\"margin-top:40px;margin-bottom:40px;\">\n\t\t\t\t\t\t<div class=\"swmsc_fancy_heading_text\" style=\"font-size:30px;line-height:36px;\">\n\t\t\t\t\t\t\t\n<h1>Web<\/h1>\n\n\t\t\t\t\t\t\t<div class=\"swmsc_fancy_heading_border\">\n\t\t\t\t\t\t\t\t<span class=\"swmsc_fancy_heading_border1\" style=\"background:#f8b54d;\"><\/span>\n\t\t\t\t\t\t\t\t<span class=\"swmsc_fancy_heading_border2\" style=\"background:#f8b54d;\"><\/span>\n\t\t\t\t\t\t\t\t<span class=\"swmsc_fancy_heading_icon\"><i class=\"fa fa-fancyHeadingNoIcon\"  style=\"color:#8373ce;\"><\/i><\/span>\n\t\t\t\t\t\t\t<\/div>\n\t\t\t\t\t\t<\/div>\n\t\t\t\t\t<\/div>[\/vc_column][vc_column width=&#8221;3\/4&#8243; css=&#8221;.vc_custom_1506623731342{padding-top: 50px !important;}&#8221;][vc_column_text]<a href=\"http:\/\/ambaebmpamipipa.wordpress.com\/\" target=\"_blank\" rel=\"noopener noreferrer\">ampaebmpamipipa.wordpress.com<\/a>[\/vc_column_text][\/vc_column][\/vc_row][vc_row full_width=&#8221;stretch_row&#8221; css=&#8221;.vc_custom_1528795519577{padding-top: 50px !important;}&#8221;][vc_column width=&#8221;1\/4&#8243;]<div  class=\"swmsc_fancy_heading swmsc_fancy_heading_center fh_icon_fancyHeadingNoIcon\" style=\"margin-top:40px;margin-bottom:40px;\">\n\t\t\t\t\t\t<div class=\"swmsc_fancy_heading_text\" style=\"font-size:30px;line-height:36px;\">\n\t\t\t\t\t\t\t\n<h1>Contacte<\/h1>\n\n\t\t\t\t\t\t\t<div class=\"swmsc_fancy_heading_border\">\n\t\t\t\t\t\t\t\t<span class=\"swmsc_fancy_heading_border1\" style=\"background:#f8b54d;\"><\/span>\n\t\t\t\t\t\t\t\t<span class=\"swmsc_fancy_heading_border2\" style=\"background:#f8b54d;\"><\/span>\n\t\t\t\t\t\t\t\t<span class=\"swmsc_fancy_heading_icon\"><i class=\"fa fa-fancyHeadingNoIcon\"  style=\"color:#8373ce;\"><\/i><\/span>\n\t\t\t\t\t\t\t<\/div>\n\t\t\t\t\t\t<\/div>\n\t\t\t\t\t<\/div>[\/vc_column][vc_column width=&#8221;3\/4&#8243; css=&#8221;.vc_custom_1506623725514{padding-top: 50px !important;}&#8221;][vc_column_text]<a href=\"mailto:ampaebmpamipipa@gmail.com\">ampaebmpamipipa@gmail.com<\/a>[\/vc_column_text][\/vc_column][\/vc_row]\n<\/div>","protected":false},"excerpt":{"rendered":"<p>[vc_row][vc_column][\/vc_column][\/vc_row][vc_row full_width=&#8221;stretch_row&#8221; css=&#8221;.vc_custom_1528795501895{padding-top: 50px !important;}&#8221;][vc_column width=&#8221;1\/4&#8243;][\/vc_column][vc_column width=&#8221;3\/4&#8243; css=&#8221;.vc_custom_1506623731342{padding-top: 50px !important;}&#8221;][vc_column_text]ampaebmpamipipa.wordpress.com[\/vc_column_text][\/vc_column][\/vc_row][vc_row full_width=&#8221;stretch_row&#8221; css=&#8221;.vc_custom_1528795519577{padding-top: 50px !important;}&#8221;][vc_column width=&#8221;1\/4&#8243;][\/vc_column][vc_column width=&#8221;3\/4&#8243; css=&#8221;.vc_custom_1506623725514{padding-top: 50px !important;}&#8221;][vc_column_text]ampaebmpamipipa@gmail.com[\/vc_column_text][\/vc_column][\/vc_row]<\/p>\n","protected":false},"author":1,"featured_media":0,"parent":0,"menu_order":0,"comment_status":"closed","ping_status":"closed","template":"","meta":{"footnotes":""},"class_list":["post-17","page","type-page","status-publish","hentry"],"yoast_head":"<!-- This site is optimized with the Yoast SEO plugin v27.4 - https:\/\/yoast.com\/product\/yoast-seo-wordpress\/ -->\n<title>AMPA - EBM PAM I PIPA. Escola bressol municipal de Badalona<\/title>\n<meta name=\"robots\" content=\"index, follow, max-snippet:-1, max-image-preview:large, max-video-preview:-1\" \/>\n<link rel=\"canonical\" href=\"https:\/\/www.cavallcartro.cat\/escoles\/ebm-pam-i-pipa\/ampa\/\" \/>\n<meta property=\"og:locale\" content=\"ca_ES\" \/>\n<meta property=\"og:type\" content=\"article\" \/>\n<meta property=\"og:title\" content=\"AMPA - EBM PAM I PIPA. Escola bressol municipal de Badalona\" \/>\n<meta property=\"og:description\" content=\"[vc_row][vc_column][\/vc_column][\/vc_row][vc_row full_width=&#8221;stretch_row&#8221; css=&#8221;.vc_custom_1528795501895{padding-top: 50px !important;}&#8221;][vc_column width=&#8221;1\/4&#8243;][\/vc_column][vc_column width=&#8221;3\/4&#8243; css=&#8221;.vc_custom_1506623731342{padding-top: 50px !important;}&#8221;][vc_column_text]ampaebmpamipipa.wordpress.com[\/vc_column_text][\/vc_column][\/vc_row][vc_row full_width=&#8221;stretch_row&#8221; css=&#8221;.vc_custom_1528795519577{padding-top: 50px !important;}&#8221;][vc_column width=&#8221;1\/4&#8243;][\/vc_column][vc_column width=&#8221;3\/4&#8243; css=&#8221;.vc_custom_1506623725514{padding-top: 50px !important;}&#8221;][vc_column_text]ampaebmpamipipa@gmail.com[\/vc_column_text][\/vc_column][\/vc_row]\" \/>\n<meta property=\"og:url\" content=\"https:\/\/www.cavallcartro.cat\/escoles\/ebm-pam-i-pipa\/ampa\/\" \/>\n<meta property=\"og:site_name\" content=\"EBM PAM I PIPA. Escola bressol municipal de Badalona\" \/>\n<meta property=\"article:publisher\" content=\"https:\/\/www.facebook.com\/cavallcartroedu\" \/>\n<meta property=\"article:modified_time\" content=\"2020-12-01T10:48:35+00:00\" \/>\n<meta property=\"og:image\" content=\"https:\/\/www.cavallcartro.cat\/escoles\/ebm-pam-i-pipa\/wp-content\/uploads\/sites\/20\/2018\/05\/EBM-Pam-i-Pipa-de-Badalona-Aula-Cinc-de-2-3-anys-05.jpg\" \/>\n\t<meta property=\"og:image:width\" content=\"1200\" \/>\n\t<meta property=\"og:image:height\" content=\"800\" \/>\n\t<meta property=\"og:image:type\" content=\"image\/jpeg\" \/>\n<meta name=\"twitter:card\" content=\"summary_large_image\" \/>\n<meta name=\"twitter:site\" content=\"@cavallcartroedu\" \/>\n<meta name=\"twitter:label1\" content=\"Temps estimat de lectura\" \/>\n\t<meta name=\"twitter:data1\" content=\"1 minut\" \/>\n<script type=\"application\/ld+json\" class=\"yoast-schema-graph\">{\"@context\":\"https:\\\/\\\/schema.org\",\"@graph\":[{\"@type\":\"WebPage\",\"@id\":\"https:\\\/\\\/www.cavallcartro.cat\\\/escoles\\\/ebm-pam-i-pipa\\\/ampa\\\/\",\"url\":\"https:\\\/\\\/www.cavallcartro.cat\\\/escoles\\\/ebm-pam-i-pipa\\\/ampa\\\/\",\"name\":\"AMPA - EBM PAM I PIPA. Escola bressol municipal de Badalona\",\"isPartOf\":{\"@id\":\"https:\\\/\\\/www.cavallcartro.cat\\\/escoles\\\/ebm-pam-i-pipa\\\/#website\"},\"datePublished\":\"2018-03-07T09:16:57+00:00\",\"dateModified\":\"2020-12-01T10:48:35+00:00\",\"breadcrumb\":{\"@id\":\"https:\\\/\\\/www.cavallcartro.cat\\\/escoles\\\/ebm-pam-i-pipa\\\/ampa\\\/#breadcrumb\"},\"inLanguage\":\"ca\",\"potentialAction\":[{\"@type\":\"ReadAction\",\"target\":[\"https:\\\/\\\/www.cavallcartro.cat\\\/escoles\\\/ebm-pam-i-pipa\\\/ampa\\\/\"]}]},{\"@type\":\"BreadcrumbList\",\"@id\":\"https:\\\/\\\/www.cavallcartro.cat\\\/escoles\\\/ebm-pam-i-pipa\\\/ampa\\\/#breadcrumb\",\"itemListElement\":[{\"@type\":\"ListItem\",\"position\":1,\"name\":\"Portada\",\"item\":\"https:\\\/\\\/www.cavallcartro.cat\\\/escoles\\\/ebm-pam-i-pipa\\\/\"},{\"@type\":\"ListItem\",\"position\":2,\"name\":\"AMPA\"}]},{\"@type\":\"WebSite\",\"@id\":\"https:\\\/\\\/www.cavallcartro.cat\\\/escoles\\\/ebm-pam-i-pipa\\\/#website\",\"url\":\"https:\\\/\\\/www.cavallcartro.cat\\\/escoles\\\/ebm-pam-i-pipa\\\/\",\"name\":\"EBM PAM I PIPA. Escola bressol municipal de Badalona\",\"description\":\"L\u2019Escola Bressol Municipal Pam i Pipa \u00e9s una escola activa i oberta, on es treballa per establir un marc de confian\u00e7a m\u00fatua entre les fam\u00edlies i l\u2019escola per compartir l\u2019educaci\u00f3 dels infants. Respectant el ritme de cadasc\u00fa en els seus propis aprenentatges.\",\"publisher\":{\"@id\":\"https:\\\/\\\/www.cavallcartro.cat\\\/escoles\\\/ebm-pam-i-pipa\\\/#organization\"},\"alternateName\":\"Escola Bressol Municipal Pam i Pipa\",\"potentialAction\":[{\"@type\":\"SearchAction\",\"target\":{\"@type\":\"EntryPoint\",\"urlTemplate\":\"https:\\\/\\\/www.cavallcartro.cat\\\/escoles\\\/ebm-pam-i-pipa\\\/?s={search_term_string}\"},\"query-input\":{\"@type\":\"PropertyValueSpecification\",\"valueRequired\":true,\"valueName\":\"search_term_string\"}}],\"inLanguage\":\"ca\"},{\"@type\":\"Organization\",\"@id\":\"https:\\\/\\\/www.cavallcartro.cat\\\/escoles\\\/ebm-pam-i-pipa\\\/#organization\",\"name\":\"Escola Bressol Municipal Pam i Pipa\",\"url\":\"https:\\\/\\\/www.cavallcartro.cat\\\/escoles\\\/ebm-pam-i-pipa\\\/\",\"logo\":{\"@type\":\"ImageObject\",\"inLanguage\":\"ca\",\"@id\":\"https:\\\/\\\/www.cavallcartro.cat\\\/escoles\\\/ebm-pam-i-pipa\\\/#\\\/schema\\\/logo\\\/image\\\/\",\"url\":\"https:\\\/\\\/www.cavallcartro.cat\\\/escoles\\\/ebm-pam-i-pipa\\\/wp-content\\\/uploads\\\/sites\\\/20\\\/2018\\\/03\\\/logo-ebm-pam-i-pipa.jpg\",\"contentUrl\":\"https:\\\/\\\/www.cavallcartro.cat\\\/escoles\\\/ebm-pam-i-pipa\\\/wp-content\\\/uploads\\\/sites\\\/20\\\/2018\\\/03\\\/logo-ebm-pam-i-pipa.jpg\",\"width\":547,\"height\":356,\"caption\":\"Escola Bressol Municipal Pam i Pipa\"},\"image\":{\"@id\":\"https:\\\/\\\/www.cavallcartro.cat\\\/escoles\\\/ebm-pam-i-pipa\\\/#\\\/schema\\\/logo\\\/image\\\/\"},\"sameAs\":[\"https:\\\/\\\/www.facebook.com\\\/cavallcartroedu\",\"https:\\\/\\\/x.com\\\/cavallcartroedu\"]}]}<\/script>\n<!-- \/ Yoast SEO plugin. -->","yoast_head_json":{"title":"AMPA - EBM PAM I PIPA. Escola bressol municipal de Badalona","robots":{"index":"index","follow":"follow","max-snippet":"max-snippet:-1","max-image-preview":"max-image-preview:large","max-video-preview":"max-video-preview:-1"},"canonical":"https:\/\/www.cavallcartro.cat\/escoles\/ebm-pam-i-pipa\/ampa\/","og_locale":"ca_ES","og_type":"article","og_title":"AMPA - EBM PAM I PIPA. Escola bressol municipal de Badalona","og_description":"[vc_row][vc_column][\/vc_column][\/vc_row][vc_row full_width=&#8221;stretch_row&#8221; css=&#8221;.vc_custom_1528795501895{padding-top: 50px !important;}&#8221;][vc_column width=&#8221;1\/4&#8243;][\/vc_column][vc_column width=&#8221;3\/4&#8243; css=&#8221;.vc_custom_1506623731342{padding-top: 50px !important;}&#8221;][vc_column_text]ampaebmpamipipa.wordpress.com[\/vc_column_text][\/vc_column][\/vc_row][vc_row full_width=&#8221;stretch_row&#8221; css=&#8221;.vc_custom_1528795519577{padding-top: 50px !important;}&#8221;][vc_column width=&#8221;1\/4&#8243;][\/vc_column][vc_column width=&#8221;3\/4&#8243; css=&#8221;.vc_custom_1506623725514{padding-top: 50px !important;}&#8221;][vc_column_text]ampaebmpamipipa@gmail.com[\/vc_column_text][\/vc_column][\/vc_row]","og_url":"https:\/\/www.cavallcartro.cat\/escoles\/ebm-pam-i-pipa\/ampa\/","og_site_name":"EBM PAM I PIPA. Escola bressol municipal de Badalona","article_publisher":"https:\/\/www.facebook.com\/cavallcartroedu","article_modified_time":"2020-12-01T10:48:35+00:00","og_image":[{"width":1200,"height":800,"url":"https:\/\/www.cavallcartro.cat\/escoles\/ebm-pam-i-pipa\/wp-content\/uploads\/sites\/20\/2018\/05\/EBM-Pam-i-Pipa-de-Badalona-Aula-Cinc-de-2-3-anys-05.jpg","type":"image\/jpeg"}],"twitter_card":"summary_large_image","twitter_site":"@cavallcartroedu","twitter_misc":{"Temps estimat de lectura":"1 minut"},"schema":{"@context":"https:\/\/schema.org","@graph":[{"@type":"WebPage","@id":"https:\/\/www.cavallcartro.cat\/escoles\/ebm-pam-i-pipa\/ampa\/","url":"https:\/\/www.cavallcartro.cat\/escoles\/ebm-pam-i-pipa\/ampa\/","name":"AMPA - EBM PAM I PIPA. Escola bressol municipal de Badalona","isPartOf":{"@id":"https:\/\/www.cavallcartro.cat\/escoles\/ebm-pam-i-pipa\/#website"},"datePublished":"2018-03-07T09:16:57+00:00","dateModified":"2020-12-01T10:48:35+00:00","breadcrumb":{"@id":"https:\/\/www.cavallcartro.cat\/escoles\/ebm-pam-i-pipa\/ampa\/#breadcrumb"},"inLanguage":"ca","potentialAction":[{"@type":"ReadAction","target":["https:\/\/www.cavallcartro.cat\/escoles\/ebm-pam-i-pipa\/ampa\/"]}]},{"@type":"BreadcrumbList","@id":"https:\/\/www.cavallcartro.cat\/escoles\/ebm-pam-i-pipa\/ampa\/#breadcrumb","itemListElement":[{"@type":"ListItem","position":1,"name":"Portada","item":"https:\/\/www.cavallcartro.cat\/escoles\/ebm-pam-i-pipa\/"},{"@type":"ListItem","position":2,"name":"AMPA"}]},{"@type":"WebSite","@id":"https:\/\/www.cavallcartro.cat\/escoles\/ebm-pam-i-pipa\/#website","url":"https:\/\/www.cavallcartro.cat\/escoles\/ebm-pam-i-pipa\/","name":"EBM PAM I PIPA. Escola bressol municipal de Badalona","description":"L\u2019Escola Bressol Municipal Pam i Pipa \u00e9s una escola activa i oberta, on es treballa per establir un marc de confian\u00e7a m\u00fatua entre les fam\u00edlies i l\u2019escola per compartir l\u2019educaci\u00f3 dels infants. Respectant el ritme de cadasc\u00fa en els seus propis aprenentatges.","publisher":{"@id":"https:\/\/www.cavallcartro.cat\/escoles\/ebm-pam-i-pipa\/#organization"},"alternateName":"Escola Bressol Municipal Pam i Pipa","potentialAction":[{"@type":"SearchAction","target":{"@type":"EntryPoint","urlTemplate":"https:\/\/www.cavallcartro.cat\/escoles\/ebm-pam-i-pipa\/?s={search_term_string}"},"query-input":{"@type":"PropertyValueSpecification","valueRequired":true,"valueName":"search_term_string"}}],"inLanguage":"ca"},{"@type":"Organization","@id":"https:\/\/www.cavallcartro.cat\/escoles\/ebm-pam-i-pipa\/#organization","name":"Escola Bressol Municipal Pam i Pipa","url":"https:\/\/www.cavallcartro.cat\/escoles\/ebm-pam-i-pipa\/","logo":{"@type":"ImageObject","inLanguage":"ca","@id":"https:\/\/www.cavallcartro.cat\/escoles\/ebm-pam-i-pipa\/#\/schema\/logo\/image\/","url":"https:\/\/www.cavallcartro.cat\/escoles\/ebm-pam-i-pipa\/wp-content\/uploads\/sites\/20\/2018\/03\/logo-ebm-pam-i-pipa.jpg","contentUrl":"https:\/\/www.cavallcartro.cat\/escoles\/ebm-pam-i-pipa\/wp-content\/uploads\/sites\/20\/2018\/03\/logo-ebm-pam-i-pipa.jpg","width":547,"height":356,"caption":"Escola Bressol Municipal Pam i Pipa"},"image":{"@id":"https:\/\/www.cavallcartro.cat\/escoles\/ebm-pam-i-pipa\/#\/schema\/logo\/image\/"},"sameAs":["https:\/\/www.facebook.com\/cavallcartroedu","https:\/\/x.com\/cavallcartroedu"]}]}},"_links":{"self":[{"href":"https:\/\/www.cavallcartro.cat\/escoles\/ebm-pam-i-pipa\/wp-json\/wp\/v2\/pages\/17","targetHints":{"allow":["GET"]}}],"collection":[{"href":"https:\/\/www.cavallcartro.cat\/escoles\/ebm-pam-i-pipa\/wp-json\/wp\/v2\/pages"}],"about":[{"href":"https:\/\/www.cavallcartro.cat\/escoles\/ebm-pam-i-pipa\/wp-json\/wp\/v2\/types\/page"}],"author":[{"embeddable":true,"href":"https:\/\/www.cavallcartro.cat\/escoles\/ebm-pam-i-pipa\/wp-json\/wp\/v2\/users\/1"}],"replies":[{"embeddable":true,"href":"https:\/\/www.cavallcartro.cat\/escoles\/ebm-pam-i-pipa\/wp-json\/wp\/v2\/comments?post=17"}],"version-history":[{"count":5,"href":"https:\/\/www.cavallcartro.cat\/escoles\/ebm-pam-i-pipa\/wp-json\/wp\/v2\/pages\/17\/revisions"}],"predecessor-version":[{"id":499,"href":"https:\/\/www.cavallcartro.cat\/escoles\/ebm-pam-i-pipa\/wp-json\/wp\/v2\/pages\/17\/revisions\/499"}],"wp:attachment":[{"href":"https:\/\/www.cavallcartro.cat\/escoles\/ebm-pam-i-pipa\/wp-json\/wp\/v2\/media?parent=17"}],"curies":[{"name":"wp","href":"https:\/\/api.w.org\/{rel}","templated":true}]}}