{"id":17,"date":"2017-10-17T07:24:14","date_gmt":"2017-10-17T07:24:14","guid":{"rendered":"http:\/\/www.cavallcartro.cat\/escoles\/ebm-el-pampol\/?page_id=17"},"modified":"2017-10-17T07:30:31","modified_gmt":"2017-10-17T07:30:31","slug":"area-privada","status":"publish","type":"page","link":"https:\/\/www.cavallcartro.cat\/escoles\/ebm-gotims-el-pampol\/area-privada\/","title":{"rendered":"\u00c0rea privada"},"content":{"rendered":"<div class=\"pc_aligned_form pc_falign_center\">\r\n\t<form class=\"pc_login_form   \" >\r\n\t\t<div class=\"pc_login_row \">\r\n\t\t\t<label for=\"pc_auth_username\">Username<\/label>\r\n\t\t\t\r\n\t\t\t<div class=\"pc_field_container\">\r\n\t\t\t\t\r\n\t\t\t\t<input type=\"text\" name=\"pc_auth_username\" value=\"\"  autocapitalize=\"off\" autocomplete=\"off\" autocorrect=\"off\" maxlength=\"150\" \/>\r\n\t\t\t<\/div>\t\r\n\t\t<\/div>\r\n\t\t<div class=\"pc_login_row \">\r\n\t\t\t<label for=\"pc_auth_psw\">Password<\/label>\r\n\t\t\t\r\n\t\t\t<div class=\"pc_field_container\">\r\n\t\t\t\t\r\n\t\t\t\t<input type=\"password\" name=\"pc_auth_psw\" value=\"\"  autocapitalize=\"off\" autocomplete=\"off\" autocorrect=\"off\" \/>\r\n\t\t\t<\/div>\r\n\t\t<\/div>\r\n\t\t\r\n\t\t<div class=\"pc_hnpt_code\" style=\"display: none; visibility: hidden; position: fixed; left: -9999px;\">\r\n\t\t\t<label for=\"pc_hnpt_1\">Antispam 1<\/label>\r\n\t\t\t<input type=\"text\" name=\"pc_hnpt_1\" value=\"\" autocomplete=\"off\" \/>\r\n\t\t\t\r\n\t\t\t<label for=\"pc_hnpt_2\">Antispam 2<\/label>\r\n\t\t\t<input type=\"text\" name=\"pc_hnpt_2\" value=\"60\" autocomplete=\"off\" \/>\r\n\t\t\t\r\n\t\t\t<label for=\"pc_hnpt_3\">Antispam 3<\/label>\r\n\t\t\t<input type=\"text\" name=\"pc_hnpt_3\" value=\"b608a71efa4b14b7d560d767c823616c\" autocomplete=\"off\" \/>\r\n\t\t<\/div>\r\n\t\t\r\n\t\t<div id=\"pc_auth_message\"><\/div>\r\n\t\t\r\n\t\t<div class=\"pc_login_smalls\">\r\n\t\t<\/div>\r\n\t\t<button class=\"pc_auth_btn\"><span class=\"pc_inner_btn\">Login<\/span><\/button>\r\n\t<\/form><\/div>","protected":false},"excerpt":{"rendered":"<p>Username Password Antispam 1 Antispam 2 Antispam 3 Login<\/p>\n","protected":false},"author":1,"featured_media":0,"parent":0,"menu_order":0,"comment_status":"closed","ping_status":"closed","template":"","meta":{"footnotes":""},"class_list":["post-17","page","type-page","status-publish","hentry"],"yoast_head":"<!-- This site is optimized with the Yoast SEO plugin v27.5 - https:\/\/yoast.com\/product\/yoast-seo-wordpress\/ -->\n<title>\u00c0rea privada - EBM GOTIMS I EL P\u00c0MPOL, escoles bressol municipals d&#039;Ol\u00e8rdola<\/title>\n<meta name=\"robots\" content=\"index, follow, max-snippet:-1, max-image-preview:large, max-video-preview:-1\" \/>\n<link rel=\"canonical\" href=\"https:\/\/www.cavallcartro.cat\/escoles\/ebm-gotims-el-pampol\/area-privada\/\" \/>\n<meta property=\"og:locale\" content=\"ca_ES\" \/>\n<meta property=\"og:type\" content=\"article\" \/>\n<meta property=\"og:title\" content=\"\u00c0rea privada - EBM GOTIMS I EL P\u00c0MPOL, escoles bressol municipals d&#039;Ol\u00e8rdola\" \/>\n<meta property=\"og:description\" content=\"Username Password Antispam 1 Antispam 2 Antispam 3 Login\" \/>\n<meta property=\"og:url\" content=\"https:\/\/www.cavallcartro.cat\/escoles\/ebm-gotims-el-pampol\/area-privada\/\" \/>\n<meta property=\"og:site_name\" content=\"EBM GOTIMS I EL P\u00c0MPOL, escoles bressol municipals d&#039;Ol\u00e8rdola\" \/>\n<meta property=\"article:modified_time\" content=\"2017-10-17T07:30:31+00:00\" \/>\n<meta name=\"twitter:card\" content=\"summary_large_image\" \/>\n<script type=\"application\/ld+json\" class=\"yoast-schema-graph\">{\"@context\":\"https:\\\/\\\/schema.org\",\"@graph\":[{\"@type\":\"WebPage\",\"@id\":\"https:\\\/\\\/www.cavallcartro.cat\\\/escoles\\\/ebm-gotims-el-pampol\\\/area-privada\\\/\",\"url\":\"https:\\\/\\\/www.cavallcartro.cat\\\/escoles\\\/ebm-gotims-el-pampol\\\/area-privada\\\/\",\"name\":\"\u00c0rea privada - EBM GOTIMS I EL P\u00c0MPOL, escoles bressol municipals d&#039;Ol\u00e8rdola\",\"isPartOf\":{\"@id\":\"https:\\\/\\\/www.cavallcartro.cat\\\/escoles\\\/ebm-gotims-el-pampol\\\/#website\"},\"datePublished\":\"2017-10-17T07:24:14+00:00\",\"dateModified\":\"2017-10-17T07:30:31+00:00\",\"breadcrumb\":{\"@id\":\"https:\\\/\\\/www.cavallcartro.cat\\\/escoles\\\/ebm-gotims-el-pampol\\\/area-privada\\\/#breadcrumb\"},\"inLanguage\":\"ca\",\"potentialAction\":[{\"@type\":\"ReadAction\",\"target\":[\"https:\\\/\\\/www.cavallcartro.cat\\\/escoles\\\/ebm-gotims-el-pampol\\\/area-privada\\\/\"]}]},{\"@type\":\"BreadcrumbList\",\"@id\":\"https:\\\/\\\/www.cavallcartro.cat\\\/escoles\\\/ebm-gotims-el-pampol\\\/area-privada\\\/#breadcrumb\",\"itemListElement\":[{\"@type\":\"ListItem\",\"position\":1,\"name\":\"Portada\",\"item\":\"https:\\\/\\\/www.cavallcartro.cat\\\/escoles\\\/ebm-gotims-el-pampol\\\/\"},{\"@type\":\"ListItem\",\"position\":2,\"name\":\"\u00c0rea privada\"}]},{\"@type\":\"WebSite\",\"@id\":\"https:\\\/\\\/www.cavallcartro.cat\\\/escoles\\\/ebm-gotims-el-pampol\\\/#website\",\"url\":\"https:\\\/\\\/www.cavallcartro.cat\\\/escoles\\\/ebm-gotims-el-pampol\\\/\",\"name\":\"EBM GOTIMS I EL P\u00c0MPOL, escoles bressol municipals d&#039;Ol\u00e8rdola\",\"description\":\"Les escoles bressol d&#039;Ol\u00e8rdola s\u00f3n espais on aprenem a conviure plegats infants i adults. Aprenem a compartir molts moments carregats d\u2019alegries, somriures i moltes experi\u00e8ncies que ens fan cr\u00e9ixer i gaudir de l\u2019aprenentatge i del proc\u00e9s maduratiu de cada infant.\",\"potentialAction\":[{\"@type\":\"SearchAction\",\"target\":{\"@type\":\"EntryPoint\",\"urlTemplate\":\"https:\\\/\\\/www.cavallcartro.cat\\\/escoles\\\/ebm-gotims-el-pampol\\\/?s={search_term_string}\"},\"query-input\":{\"@type\":\"PropertyValueSpecification\",\"valueRequired\":true,\"valueName\":\"search_term_string\"}}],\"inLanguage\":\"ca\"}]}<\/script>\n<!-- \/ Yoast SEO plugin. -->","yoast_head_json":{"title":"\u00c0rea privada - EBM GOTIMS I EL P\u00c0MPOL, escoles bressol municipals d&#039;Ol\u00e8rdola","robots":{"index":"index","follow":"follow","max-snippet":"max-snippet:-1","max-image-preview":"max-image-preview:large","max-video-preview":"max-video-preview:-1"},"canonical":"https:\/\/www.cavallcartro.cat\/escoles\/ebm-gotims-el-pampol\/area-privada\/","og_locale":"ca_ES","og_type":"article","og_title":"\u00c0rea privada - EBM GOTIMS I EL P\u00c0MPOL, escoles bressol municipals d&#039;Ol\u00e8rdola","og_description":"Username Password Antispam 1 Antispam 2 Antispam 3 Login","og_url":"https:\/\/www.cavallcartro.cat\/escoles\/ebm-gotims-el-pampol\/area-privada\/","og_site_name":"EBM GOTIMS I EL P\u00c0MPOL, escoles bressol municipals d&#039;Ol\u00e8rdola","article_modified_time":"2017-10-17T07:30:31+00:00","twitter_card":"summary_large_image","schema":{"@context":"https:\/\/schema.org","@graph":[{"@type":"WebPage","@id":"https:\/\/www.cavallcartro.cat\/escoles\/ebm-gotims-el-pampol\/area-privada\/","url":"https:\/\/www.cavallcartro.cat\/escoles\/ebm-gotims-el-pampol\/area-privada\/","name":"\u00c0rea privada - EBM GOTIMS I EL P\u00c0MPOL, escoles bressol municipals d&#039;Ol\u00e8rdola","isPartOf":{"@id":"https:\/\/www.cavallcartro.cat\/escoles\/ebm-gotims-el-pampol\/#website"},"datePublished":"2017-10-17T07:24:14+00:00","dateModified":"2017-10-17T07:30:31+00:00","breadcrumb":{"@id":"https:\/\/www.cavallcartro.cat\/escoles\/ebm-gotims-el-pampol\/area-privada\/#breadcrumb"},"inLanguage":"ca","potentialAction":[{"@type":"ReadAction","target":["https:\/\/www.cavallcartro.cat\/escoles\/ebm-gotims-el-pampol\/area-privada\/"]}]},{"@type":"BreadcrumbList","@id":"https:\/\/www.cavallcartro.cat\/escoles\/ebm-gotims-el-pampol\/area-privada\/#breadcrumb","itemListElement":[{"@type":"ListItem","position":1,"name":"Portada","item":"https:\/\/www.cavallcartro.cat\/escoles\/ebm-gotims-el-pampol\/"},{"@type":"ListItem","position":2,"name":"\u00c0rea privada"}]},{"@type":"WebSite","@id":"https:\/\/www.cavallcartro.cat\/escoles\/ebm-gotims-el-pampol\/#website","url":"https:\/\/www.cavallcartro.cat\/escoles\/ebm-gotims-el-pampol\/","name":"EBM GOTIMS I EL P\u00c0MPOL, escoles bressol municipals d&#039;Ol\u00e8rdola","description":"Les escoles bressol d&#039;Ol\u00e8rdola s\u00f3n espais on aprenem a conviure plegats infants i adults. Aprenem a compartir molts moments carregats d\u2019alegries, somriures i moltes experi\u00e8ncies que ens fan cr\u00e9ixer i gaudir de l\u2019aprenentatge i del proc\u00e9s maduratiu de cada infant.","potentialAction":[{"@type":"SearchAction","target":{"@type":"EntryPoint","urlTemplate":"https:\/\/www.cavallcartro.cat\/escoles\/ebm-gotims-el-pampol\/?s={search_term_string}"},"query-input":{"@type":"PropertyValueSpecification","valueRequired":true,"valueName":"search_term_string"}}],"inLanguage":"ca"}]}},"_links":{"self":[{"href":"https:\/\/www.cavallcartro.cat\/escoles\/ebm-gotims-el-pampol\/wp-json\/wp\/v2\/pages\/17","targetHints":{"allow":["GET"]}}],"collection":[{"href":"https:\/\/www.cavallcartro.cat\/escoles\/ebm-gotims-el-pampol\/wp-json\/wp\/v2\/pages"}],"about":[{"href":"https:\/\/www.cavallcartro.cat\/escoles\/ebm-gotims-el-pampol\/wp-json\/wp\/v2\/types\/page"}],"author":[{"embeddable":true,"href":"https:\/\/www.cavallcartro.cat\/escoles\/ebm-gotims-el-pampol\/wp-json\/wp\/v2\/users\/1"}],"replies":[{"embeddable":true,"href":"https:\/\/www.cavallcartro.cat\/escoles\/ebm-gotims-el-pampol\/wp-json\/wp\/v2\/comments?post=17"}],"version-history":[{"count":1,"href":"https:\/\/www.cavallcartro.cat\/escoles\/ebm-gotims-el-pampol\/wp-json\/wp\/v2\/pages\/17\/revisions"}],"predecessor-version":[{"id":22,"href":"https:\/\/www.cavallcartro.cat\/escoles\/ebm-gotims-el-pampol\/wp-json\/wp\/v2\/pages\/17\/revisions\/22"}],"wp:attachment":[{"href":"https:\/\/www.cavallcartro.cat\/escoles\/ebm-gotims-el-pampol\/wp-json\/wp\/v2\/media?parent=17"}],"curies":[{"name":"wp","href":"https:\/\/api.w.org\/{rel}","templated":true}]}}