{"id":7,"date":"2024-09-20T13:21:44","date_gmt":"2024-09-20T11:21:44","guid":{"rendered":"https:\/\/www.cavallcartro.cat\/escoles\/ebm-els-montgatets\/?page_id=7"},"modified":"2025-02-19T19:14:00","modified_gmt":"2025-02-19T18:14:00","slug":"afa-ebm-montagets-montgat","status":"publish","type":"page","link":"https:\/\/www.cavallcartro.cat\/escoles\/ebm-els-montgatets\/afa-ebm-montagets-montgat\/","title":{"rendered":"AFA Els Montgatets"},"content":{"rendered":"<div class=\"wpb-content-wrapper\">[vc_row][vc_column]<div  class=\"swmsc_fancy_heading swmsc_fancy_heading_center fh_icon_fancyHeadingNoIcon\" style=\"margin-top:40px;margin-bottom:40px;\">\n\t\t\t\t\t\t<div class=\"swmsc_fancy_heading_text\" style=\"font-size:30px;line-height:36px;\">\n\t\t\t\t\t\t\t\n<h1>AFA Els Montgatets<\/h1>\n\n\t\t\t\t\t\t\t<div class=\"swmsc_fancy_heading_border\">\n\t\t\t\t\t\t\t\t<span class=\"swmsc_fancy_heading_border1\" style=\"background:#f8b54d;\"><\/span>\n\t\t\t\t\t\t\t\t<span class=\"swmsc_fancy_heading_border2\" style=\"background:#f8b54d;\"><\/span>\n\t\t\t\t\t\t\t\t<span class=\"swmsc_fancy_heading_icon\"><i class=\"fa fa-fancyHeadingNoIcon\"  style=\"color:#8373ce;\"><\/i><\/span>\n\t\t\t\t\t\t\t<\/div>\n\t\t\t\t\t\t<\/div>\n\t\t\t\t\t<\/div>[\/vc_column][\/vc_row][vc_row][vc_column]<div  class=\"swmsc_text_block\" > L\u2019AFA de l\u2019escola bressol duu a terme una s\u00e8rie de propostes perqu\u00e8 els infants i les seves fam\u00edlies puguin <strong>gaudir de temps junts a l\u2019escola<\/strong>: organitzaci\u00f3 de festes, tallers, activitats i xerrades.<\/p>\n<p>Si voleu contactar amb l&#8217;actual grup de mares i pares que gestiona aquest espai, podeu escriure&#8217;ls a: <a href=\"mailto:ampamontgatets@gmail.com\">ampamontgatets@gmail.com<\/a><\/div>[\/vc_column][\/vc_row]\n<\/div>","protected":false},"excerpt":{"rendered":"<p>[vc_row][vc_column][\/vc_column][\/vc_row][vc_row][vc_column][\/vc_column][\/vc_row]<\/p>\n","protected":false},"author":1,"featured_media":0,"parent":0,"menu_order":0,"comment_status":"closed","ping_status":"closed","template":"","meta":{"footnotes":""},"class_list":["post-7","page","type-page","status-publish","hentry"],"yoast_head":"<!-- This site is optimized with the Yoast SEO plugin v27.5 - https:\/\/yoast.com\/product\/yoast-seo-wordpress\/ -->\n<title>AFA Els Montgatets - Escola bressol de Montgat<\/title>\n<meta name=\"description\" content=\"L&#039;AFA Els Montgatets \u00e9s l&#039;espai gestionat per les mares i pares dels infants de l&#039;escola bressol municipal de Montgat.\" \/>\n<meta name=\"robots\" content=\"index, follow, max-snippet:-1, max-image-preview:large, max-video-preview:-1\" \/>\n<link rel=\"canonical\" href=\"https:\/\/www.cavallcartro.cat\/escoles\/ebm-els-montgatets\/afa-ebm-montagets-montgat\/\" \/>\n<meta property=\"og:locale\" content=\"ca_ES\" \/>\n<meta property=\"og:type\" content=\"article\" \/>\n<meta property=\"og:title\" content=\"AFA Els Montgatets - Escola bressol de Montgat\" \/>\n<meta property=\"og:description\" content=\"L&#039;AFA Els Montgatets \u00e9s l&#039;espai gestionat per les mares i pares dels infants de l&#039;escola bressol municipal de Montgat.\" \/>\n<meta property=\"og:url\" content=\"https:\/\/www.cavallcartro.cat\/escoles\/ebm-els-montgatets\/afa-ebm-montagets-montgat\/\" \/>\n<meta property=\"og:site_name\" content=\"EBM ELS MONTGATETS. Escola bressol municipal de Montgat\" \/>\n<meta property=\"article:publisher\" content=\"https:\/\/www.facebook.com\/cavallcartroedu\" \/>\n<meta property=\"article:modified_time\" content=\"2025-02-19T18:14:00+00:00\" \/>\n<meta name=\"twitter:card\" content=\"summary_large_image\" \/>\n<meta name=\"twitter:site\" content=\"@cavallcartroedu\" \/>\n<meta name=\"twitter:label1\" content=\"Temps estimat de lectura\" \/>\n\t<meta name=\"twitter:data1\" content=\"1 minut\" \/>\n<script type=\"application\/ld+json\" class=\"yoast-schema-graph\">{\"@context\":\"https:\\\/\\\/schema.org\",\"@graph\":[{\"@type\":\"WebPage\",\"@id\":\"https:\\\/\\\/www.cavallcartro.cat\\\/escoles\\\/ebm-els-montgatets\\\/afa-ebm-montagets-montgat\\\/\",\"url\":\"https:\\\/\\\/www.cavallcartro.cat\\\/escoles\\\/ebm-els-montgatets\\\/afa-ebm-montagets-montgat\\\/\",\"name\":\"AFA Els Montgatets - Escola bressol de Montgat\",\"isPartOf\":{\"@id\":\"https:\\\/\\\/www.cavallcartro.cat\\\/escoles\\\/ebm-els-montgatets\\\/#website\"},\"datePublished\":\"2024-09-20T11:21:44+00:00\",\"dateModified\":\"2025-02-19T18:14:00+00:00\",\"description\":\"L'AFA Els Montgatets \u00e9s l'espai gestionat per les mares i pares dels infants de l'escola bressol municipal de Montgat.\",\"breadcrumb\":{\"@id\":\"https:\\\/\\\/www.cavallcartro.cat\\\/escoles\\\/ebm-els-montgatets\\\/afa-ebm-montagets-montgat\\\/#breadcrumb\"},\"inLanguage\":\"ca\",\"potentialAction\":[{\"@type\":\"ReadAction\",\"target\":[\"https:\\\/\\\/www.cavallcartro.cat\\\/escoles\\\/ebm-els-montgatets\\\/afa-ebm-montagets-montgat\\\/\"]}]},{\"@type\":\"BreadcrumbList\",\"@id\":\"https:\\\/\\\/www.cavallcartro.cat\\\/escoles\\\/ebm-els-montgatets\\\/afa-ebm-montagets-montgat\\\/#breadcrumb\",\"itemListElement\":[{\"@type\":\"ListItem\",\"position\":1,\"name\":\"Portada\",\"item\":\"https:\\\/\\\/www.cavallcartro.cat\\\/escoles\\\/ebm-els-montgatets\\\/\"},{\"@type\":\"ListItem\",\"position\":2,\"name\":\"AFA Els Montgatets\"}]},{\"@type\":\"WebSite\",\"@id\":\"https:\\\/\\\/www.cavallcartro.cat\\\/escoles\\\/ebm-els-montgatets\\\/#website\",\"url\":\"https:\\\/\\\/www.cavallcartro.cat\\\/escoles\\\/ebm-els-montgatets\\\/\",\"name\":\"EBM ELS MONTGATETS. Escola bressol municipal de Montgat\",\"description\":\"\",\"publisher\":{\"@id\":\"https:\\\/\\\/www.cavallcartro.cat\\\/escoles\\\/ebm-els-montgatets\\\/#organization\"},\"potentialAction\":[{\"@type\":\"SearchAction\",\"target\":{\"@type\":\"EntryPoint\",\"urlTemplate\":\"https:\\\/\\\/www.cavallcartro.cat\\\/escoles\\\/ebm-els-montgatets\\\/?s={search_term_string}\"},\"query-input\":{\"@type\":\"PropertyValueSpecification\",\"valueRequired\":true,\"valueName\":\"search_term_string\"}}],\"inLanguage\":\"ca\"},{\"@type\":\"Organization\",\"@id\":\"https:\\\/\\\/www.cavallcartro.cat\\\/escoles\\\/ebm-els-montgatets\\\/#organization\",\"name\":\"EBM ELS MONTGATETS. Escola bressol municipal de Montgat\",\"url\":\"https:\\\/\\\/www.cavallcartro.cat\\\/escoles\\\/ebm-els-montgatets\\\/\",\"logo\":{\"@type\":\"ImageObject\",\"inLanguage\":\"ca\",\"@id\":\"https:\\\/\\\/www.cavallcartro.cat\\\/escoles\\\/ebm-els-montgatets\\\/#\\\/schema\\\/logo\\\/image\\\/\",\"url\":\"https:\\\/\\\/www.cavallcartro.cat\\\/escoles\\\/ebm-els-montgatets\\\/wp-content\\\/uploads\\\/sites\\\/47\\\/2024\\\/10\\\/Logo-EBM-ELS-MONTGATETS.jpg\",\"contentUrl\":\"https:\\\/\\\/www.cavallcartro.cat\\\/escoles\\\/ebm-els-montgatets\\\/wp-content\\\/uploads\\\/sites\\\/47\\\/2024\\\/10\\\/Logo-EBM-ELS-MONTGATETS.jpg\",\"width\":824,\"height\":356,\"caption\":\"EBM ELS MONTGATETS. Escola bressol municipal de Montgat\"},\"image\":{\"@id\":\"https:\\\/\\\/www.cavallcartro.cat\\\/escoles\\\/ebm-els-montgatets\\\/#\\\/schema\\\/logo\\\/image\\\/\"},\"sameAs\":[\"https:\\\/\\\/www.facebook.com\\\/cavallcartroedu\",\"https:\\\/\\\/x.com\\\/cavallcartroedu\",\"https:\\\/\\\/www.instagram.com\\\/cavallcartroedu\"]}]}<\/script>\n<!-- \/ Yoast SEO plugin. -->","yoast_head_json":{"title":"AFA Els Montgatets - Escola bressol de Montgat","description":"L'AFA Els Montgatets \u00e9s l'espai gestionat per les mares i pares dels infants de l'escola bressol municipal de Montgat.","robots":{"index":"index","follow":"follow","max-snippet":"max-snippet:-1","max-image-preview":"max-image-preview:large","max-video-preview":"max-video-preview:-1"},"canonical":"https:\/\/www.cavallcartro.cat\/escoles\/ebm-els-montgatets\/afa-ebm-montagets-montgat\/","og_locale":"ca_ES","og_type":"article","og_title":"AFA Els Montgatets - Escola bressol de Montgat","og_description":"L'AFA Els Montgatets \u00e9s l'espai gestionat per les mares i pares dels infants de l'escola bressol municipal de Montgat.","og_url":"https:\/\/www.cavallcartro.cat\/escoles\/ebm-els-montgatets\/afa-ebm-montagets-montgat\/","og_site_name":"EBM ELS MONTGATETS. Escola bressol municipal de Montgat","article_publisher":"https:\/\/www.facebook.com\/cavallcartroedu","article_modified_time":"2025-02-19T18:14:00+00:00","twitter_card":"summary_large_image","twitter_site":"@cavallcartroedu","twitter_misc":{"Temps estimat de lectura":"1 minut"},"schema":{"@context":"https:\/\/schema.org","@graph":[{"@type":"WebPage","@id":"https:\/\/www.cavallcartro.cat\/escoles\/ebm-els-montgatets\/afa-ebm-montagets-montgat\/","url":"https:\/\/www.cavallcartro.cat\/escoles\/ebm-els-montgatets\/afa-ebm-montagets-montgat\/","name":"AFA Els Montgatets - Escola bressol de Montgat","isPartOf":{"@id":"https:\/\/www.cavallcartro.cat\/escoles\/ebm-els-montgatets\/#website"},"datePublished":"2024-09-20T11:21:44+00:00","dateModified":"2025-02-19T18:14:00+00:00","description":"L'AFA Els Montgatets \u00e9s l'espai gestionat per les mares i pares dels infants de l'escola bressol municipal de Montgat.","breadcrumb":{"@id":"https:\/\/www.cavallcartro.cat\/escoles\/ebm-els-montgatets\/afa-ebm-montagets-montgat\/#breadcrumb"},"inLanguage":"ca","potentialAction":[{"@type":"ReadAction","target":["https:\/\/www.cavallcartro.cat\/escoles\/ebm-els-montgatets\/afa-ebm-montagets-montgat\/"]}]},{"@type":"BreadcrumbList","@id":"https:\/\/www.cavallcartro.cat\/escoles\/ebm-els-montgatets\/afa-ebm-montagets-montgat\/#breadcrumb","itemListElement":[{"@type":"ListItem","position":1,"name":"Portada","item":"https:\/\/www.cavallcartro.cat\/escoles\/ebm-els-montgatets\/"},{"@type":"ListItem","position":2,"name":"AFA Els Montgatets"}]},{"@type":"WebSite","@id":"https:\/\/www.cavallcartro.cat\/escoles\/ebm-els-montgatets\/#website","url":"https:\/\/www.cavallcartro.cat\/escoles\/ebm-els-montgatets\/","name":"EBM ELS MONTGATETS. Escola bressol municipal de Montgat","description":"","publisher":{"@id":"https:\/\/www.cavallcartro.cat\/escoles\/ebm-els-montgatets\/#organization"},"potentialAction":[{"@type":"SearchAction","target":{"@type":"EntryPoint","urlTemplate":"https:\/\/www.cavallcartro.cat\/escoles\/ebm-els-montgatets\/?s={search_term_string}"},"query-input":{"@type":"PropertyValueSpecification","valueRequired":true,"valueName":"search_term_string"}}],"inLanguage":"ca"},{"@type":"Organization","@id":"https:\/\/www.cavallcartro.cat\/escoles\/ebm-els-montgatets\/#organization","name":"EBM ELS MONTGATETS. Escola bressol municipal de Montgat","url":"https:\/\/www.cavallcartro.cat\/escoles\/ebm-els-montgatets\/","logo":{"@type":"ImageObject","inLanguage":"ca","@id":"https:\/\/www.cavallcartro.cat\/escoles\/ebm-els-montgatets\/#\/schema\/logo\/image\/","url":"https:\/\/www.cavallcartro.cat\/escoles\/ebm-els-montgatets\/wp-content\/uploads\/sites\/47\/2024\/10\/Logo-EBM-ELS-MONTGATETS.jpg","contentUrl":"https:\/\/www.cavallcartro.cat\/escoles\/ebm-els-montgatets\/wp-content\/uploads\/sites\/47\/2024\/10\/Logo-EBM-ELS-MONTGATETS.jpg","width":824,"height":356,"caption":"EBM ELS MONTGATETS. Escola bressol municipal de Montgat"},"image":{"@id":"https:\/\/www.cavallcartro.cat\/escoles\/ebm-els-montgatets\/#\/schema\/logo\/image\/"},"sameAs":["https:\/\/www.facebook.com\/cavallcartroedu","https:\/\/x.com\/cavallcartroedu","https:\/\/www.instagram.com\/cavallcartroedu"]}]}},"_links":{"self":[{"href":"https:\/\/www.cavallcartro.cat\/escoles\/ebm-els-montgatets\/wp-json\/wp\/v2\/pages\/7","targetHints":{"allow":["GET"]}}],"collection":[{"href":"https:\/\/www.cavallcartro.cat\/escoles\/ebm-els-montgatets\/wp-json\/wp\/v2\/pages"}],"about":[{"href":"https:\/\/www.cavallcartro.cat\/escoles\/ebm-els-montgatets\/wp-json\/wp\/v2\/types\/page"}],"author":[{"embeddable":true,"href":"https:\/\/www.cavallcartro.cat\/escoles\/ebm-els-montgatets\/wp-json\/wp\/v2\/users\/1"}],"replies":[{"embeddable":true,"href":"https:\/\/www.cavallcartro.cat\/escoles\/ebm-els-montgatets\/wp-json\/wp\/v2\/comments?post=7"}],"version-history":[{"count":6,"href":"https:\/\/www.cavallcartro.cat\/escoles\/ebm-els-montgatets\/wp-json\/wp\/v2\/pages\/7\/revisions"}],"predecessor-version":[{"id":99,"href":"https:\/\/www.cavallcartro.cat\/escoles\/ebm-els-montgatets\/wp-json\/wp\/v2\/pages\/7\/revisions\/99"}],"wp:attachment":[{"href":"https:\/\/www.cavallcartro.cat\/escoles\/ebm-els-montgatets\/wp-json\/wp\/v2\/media?parent=7"}],"curies":[{"name":"wp","href":"https:\/\/api.w.org\/{rel}","templated":true}]}}