{"id":8,"date":"2017-09-28T08:37:24","date_gmt":"2017-09-28T08:37:24","guid":{"rendered":"http:\/\/www.cavallcartro.cat\/escoles\/ebm-els-galamons\/?page_id=8"},"modified":"2021-03-23T14:23:54","modified_gmt":"2021-03-23T14:23:54","slug":"ampa","status":"publish","type":"page","link":"https:\/\/www.cavallcartro.cat\/escoles\/ebm-els-galamons\/ampa\/","title":{"rendered":"AMPA"},"content":{"rendered":"<div class=\"wpb-content-wrapper\">[vc_row][vc_column]<div  class=\"swmsc_fancy_heading swmsc_fancy_heading_center fh_icon_fancyHeadingNoIcon\" style=\"margin-top:40px;margin-bottom:40px;\">\n\t\t\t\t\t\t<div class=\"swmsc_fancy_heading_text\" style=\"font-size:30px;line-height:36px;\">\n\t\t\t\t\t\t\t\n<h1>AMPA Els Galamons<\/h1>\n\n\t\t\t\t\t\t\t<div class=\"swmsc_fancy_heading_border\">\n\t\t\t\t\t\t\t\t<span class=\"swmsc_fancy_heading_border1\" style=\"background:#f8b54d;\"><\/span>\n\t\t\t\t\t\t\t\t<span class=\"swmsc_fancy_heading_border2\" style=\"background:#f8b54d;\"><\/span>\n\t\t\t\t\t\t\t\t<span class=\"swmsc_fancy_heading_icon\"><i class=\"fa fa-fancyHeadingNoIcon\"  style=\"color:#8373ce;\"><\/i><\/span>\n\t\t\t\t\t\t\t<\/div>\n\t\t\t\t\t\t<\/div>\n\t\t\t\t\t<\/div>[\/vc_column][\/vc_row][vc_row][vc_column][vc_column_text]L\u2019AMPA de l\u2019EBM els Galamanos \u00e9s una entitat sense afany de lucre i oberta a tothom, que agrupa els pares i les mares dels alumnes de l\u2019Escola Bressol que volunt\u00e0riament ho desitgen.<\/p>\n<p>Est\u00e0 creada per;<\/p>\n<ul>\n<li>Oferir un ventall d\u2019activitats pels infants i pels pares i mares de l\u2019escola.<\/li>\n<li>Transmetre propostes i suggeriments al centre.<\/li>\n<li>Fomentar la relaci\u00f3 entre els pares i mares dels alumnes.<\/li>\n<li>Potenciar l\u2019educaci\u00f3 conjunta dels pares i els fills.<\/li>\n<\/ul>\n<p>Algunes de les propostes que es porten a terme s\u00f3n: baixada de vehicles sense motor, la organitzaci\u00f3 de la festa de Nadal, el carnestoltes, activitats per Sant Jordi, la festa final de curs, la contractaci\u00f3 del transport per les excursions, la compra de material per l\u2019escola i ajudar en els berenars per les festes.<\/p>\n<p><strong>\u00a0<\/strong>[\/vc_column_text][\/vc_column][\/vc_row]\n<\/div>","protected":false},"excerpt":{"rendered":"<p>[vc_row][vc_column][\/vc_column][\/vc_row][vc_row][vc_column][vc_column_text]L\u2019AMPA de l\u2019EBM els Galamanos \u00e9s una entitat sense afany de lucre i oberta a tothom, que agrupa els pares i les mares dels alumnes de l\u2019Escola Bressol que volunt\u00e0riament ho desitgen. Est\u00e0 creada per; Oferir un ventall d\u2019activitats pels infants i pels pares i mares de l\u2019escola. Transmetre propostes [&hellip;]<\/p>\n","protected":false},"author":1,"featured_media":0,"parent":0,"menu_order":0,"comment_status":"closed","ping_status":"closed","template":"","meta":{"footnotes":""},"class_list":["post-8","page","type-page","status-publish","hentry"],"yoast_head":"<!-- This site is optimized with the Yoast SEO plugin v27.4 - https:\/\/yoast.com\/product\/yoast-seo-wordpress\/ -->\n<title>AMPA - EMB ELS GALAMONS - Escola Bressol Municipal de Tei\u00e0<\/title>\n<meta name=\"robots\" content=\"index, follow, max-snippet:-1, max-image-preview:large, max-video-preview:-1\" \/>\n<link rel=\"canonical\" href=\"https:\/\/www.cavallcartro.cat\/escoles\/ebm-els-galamons\/ampa\/\" \/>\n<meta property=\"og:locale\" content=\"ca_ES\" \/>\n<meta property=\"og:type\" content=\"article\" \/>\n<meta property=\"og:title\" content=\"AMPA - EMB ELS GALAMONS - Escola Bressol Municipal de Tei\u00e0\" \/>\n<meta property=\"og:description\" content=\"[vc_row][vc_column][\/vc_column][\/vc_row][vc_row][vc_column][vc_column_text]L\u2019AMPA de l\u2019EBM els Galamanos \u00e9s una entitat sense afany de lucre i oberta a tothom, que agrupa els pares i les mares dels alumnes de l\u2019Escola Bressol que volunt\u00e0riament ho desitgen. Est\u00e0 creada per; Oferir un ventall d\u2019activitats pels infants i pels pares i mares de l\u2019escola. Transmetre propostes [&hellip;]\" \/>\n<meta property=\"og:url\" content=\"https:\/\/www.cavallcartro.cat\/escoles\/ebm-els-galamons\/ampa\/\" \/>\n<meta property=\"og:site_name\" content=\"EMB ELS GALAMONS - Escola Bressol Municipal de Tei\u00e0\" \/>\n<meta property=\"article:modified_time\" content=\"2021-03-23T14:23:54+00:00\" \/>\n<meta name=\"twitter:card\" content=\"summary_large_image\" \/>\n<meta name=\"twitter:label1\" content=\"Temps estimat de lectura\" \/>\n\t<meta name=\"twitter:data1\" content=\"1 minut\" \/>\n<script type=\"application\/ld+json\" class=\"yoast-schema-graph\">{\"@context\":\"https:\\\/\\\/schema.org\",\"@graph\":[{\"@type\":\"WebPage\",\"@id\":\"https:\\\/\\\/www.cavallcartro.cat\\\/escoles\\\/ebm-els-galamons\\\/ampa\\\/\",\"url\":\"https:\\\/\\\/www.cavallcartro.cat\\\/escoles\\\/ebm-els-galamons\\\/ampa\\\/\",\"name\":\"AMPA - EMB ELS GALAMONS - Escola Bressol Municipal de Tei\u00e0\",\"isPartOf\":{\"@id\":\"https:\\\/\\\/www.cavallcartro.cat\\\/escoles\\\/ebm-els-galamons\\\/#website\"},\"datePublished\":\"2017-09-28T08:37:24+00:00\",\"dateModified\":\"2021-03-23T14:23:54+00:00\",\"breadcrumb\":{\"@id\":\"https:\\\/\\\/www.cavallcartro.cat\\\/escoles\\\/ebm-els-galamons\\\/ampa\\\/#breadcrumb\"},\"inLanguage\":\"ca\",\"potentialAction\":[{\"@type\":\"ReadAction\",\"target\":[\"https:\\\/\\\/www.cavallcartro.cat\\\/escoles\\\/ebm-els-galamons\\\/ampa\\\/\"]}]},{\"@type\":\"BreadcrumbList\",\"@id\":\"https:\\\/\\\/www.cavallcartro.cat\\\/escoles\\\/ebm-els-galamons\\\/ampa\\\/#breadcrumb\",\"itemListElement\":[{\"@type\":\"ListItem\",\"position\":1,\"name\":\"Portada\",\"item\":\"https:\\\/\\\/www.cavallcartro.cat\\\/escoles\\\/ebm-els-galamons\\\/\"},{\"@type\":\"ListItem\",\"position\":2,\"name\":\"AMPA\"}]},{\"@type\":\"WebSite\",\"@id\":\"https:\\\/\\\/www.cavallcartro.cat\\\/escoles\\\/ebm-els-galamons\\\/#website\",\"url\":\"https:\\\/\\\/www.cavallcartro.cat\\\/escoles\\\/ebm-els-galamons\\\/\",\"name\":\"EMB ELS GALAMONS - Escola Bressol Municipal de Tei\u00e0\",\"description\":\"Som un centre d\u2019educaci\u00f3 infantil de titularitat municipal a Tei\u00e0, gestionat per Cavall de Cartr\u00f3. Acollim infants entre els 4 mesos i els 3 anys.\",\"potentialAction\":[{\"@type\":\"SearchAction\",\"target\":{\"@type\":\"EntryPoint\",\"urlTemplate\":\"https:\\\/\\\/www.cavallcartro.cat\\\/escoles\\\/ebm-els-galamons\\\/?s={search_term_string}\"},\"query-input\":{\"@type\":\"PropertyValueSpecification\",\"valueRequired\":true,\"valueName\":\"search_term_string\"}}],\"inLanguage\":\"ca\"}]}<\/script>\n<!-- \/ Yoast SEO plugin. -->","yoast_head_json":{"title":"AMPA - EMB ELS GALAMONS - Escola Bressol Municipal de Tei\u00e0","robots":{"index":"index","follow":"follow","max-snippet":"max-snippet:-1","max-image-preview":"max-image-preview:large","max-video-preview":"max-video-preview:-1"},"canonical":"https:\/\/www.cavallcartro.cat\/escoles\/ebm-els-galamons\/ampa\/","og_locale":"ca_ES","og_type":"article","og_title":"AMPA - EMB ELS GALAMONS - Escola Bressol Municipal de Tei\u00e0","og_description":"[vc_row][vc_column][\/vc_column][\/vc_row][vc_row][vc_column][vc_column_text]L\u2019AMPA de l\u2019EBM els Galamanos \u00e9s una entitat sense afany de lucre i oberta a tothom, que agrupa els pares i les mares dels alumnes de l\u2019Escola Bressol que volunt\u00e0riament ho desitgen. Est\u00e0 creada per; Oferir un ventall d\u2019activitats pels infants i pels pares i mares de l\u2019escola. Transmetre propostes [&hellip;]","og_url":"https:\/\/www.cavallcartro.cat\/escoles\/ebm-els-galamons\/ampa\/","og_site_name":"EMB ELS GALAMONS - Escola Bressol Municipal de Tei\u00e0","article_modified_time":"2021-03-23T14:23:54+00:00","twitter_card":"summary_large_image","twitter_misc":{"Temps estimat de lectura":"1 minut"},"schema":{"@context":"https:\/\/schema.org","@graph":[{"@type":"WebPage","@id":"https:\/\/www.cavallcartro.cat\/escoles\/ebm-els-galamons\/ampa\/","url":"https:\/\/www.cavallcartro.cat\/escoles\/ebm-els-galamons\/ampa\/","name":"AMPA - EMB ELS GALAMONS - Escola Bressol Municipal de Tei\u00e0","isPartOf":{"@id":"https:\/\/www.cavallcartro.cat\/escoles\/ebm-els-galamons\/#website"},"datePublished":"2017-09-28T08:37:24+00:00","dateModified":"2021-03-23T14:23:54+00:00","breadcrumb":{"@id":"https:\/\/www.cavallcartro.cat\/escoles\/ebm-els-galamons\/ampa\/#breadcrumb"},"inLanguage":"ca","potentialAction":[{"@type":"ReadAction","target":["https:\/\/www.cavallcartro.cat\/escoles\/ebm-els-galamons\/ampa\/"]}]},{"@type":"BreadcrumbList","@id":"https:\/\/www.cavallcartro.cat\/escoles\/ebm-els-galamons\/ampa\/#breadcrumb","itemListElement":[{"@type":"ListItem","position":1,"name":"Portada","item":"https:\/\/www.cavallcartro.cat\/escoles\/ebm-els-galamons\/"},{"@type":"ListItem","position":2,"name":"AMPA"}]},{"@type":"WebSite","@id":"https:\/\/www.cavallcartro.cat\/escoles\/ebm-els-galamons\/#website","url":"https:\/\/www.cavallcartro.cat\/escoles\/ebm-els-galamons\/","name":"EMB ELS GALAMONS - Escola Bressol Municipal de Tei\u00e0","description":"Som un centre d\u2019educaci\u00f3 infantil de titularitat municipal a Tei\u00e0, gestionat per Cavall de Cartr\u00f3. Acollim infants entre els 4 mesos i els 3 anys.","potentialAction":[{"@type":"SearchAction","target":{"@type":"EntryPoint","urlTemplate":"https:\/\/www.cavallcartro.cat\/escoles\/ebm-els-galamons\/?s={search_term_string}"},"query-input":{"@type":"PropertyValueSpecification","valueRequired":true,"valueName":"search_term_string"}}],"inLanguage":"ca"}]}},"_links":{"self":[{"href":"https:\/\/www.cavallcartro.cat\/escoles\/ebm-els-galamons\/wp-json\/wp\/v2\/pages\/8","targetHints":{"allow":["GET"]}}],"collection":[{"href":"https:\/\/www.cavallcartro.cat\/escoles\/ebm-els-galamons\/wp-json\/wp\/v2\/pages"}],"about":[{"href":"https:\/\/www.cavallcartro.cat\/escoles\/ebm-els-galamons\/wp-json\/wp\/v2\/types\/page"}],"author":[{"embeddable":true,"href":"https:\/\/www.cavallcartro.cat\/escoles\/ebm-els-galamons\/wp-json\/wp\/v2\/users\/1"}],"replies":[{"embeddable":true,"href":"https:\/\/www.cavallcartro.cat\/escoles\/ebm-els-galamons\/wp-json\/wp\/v2\/comments?post=8"}],"version-history":[{"count":6,"href":"https:\/\/www.cavallcartro.cat\/escoles\/ebm-els-galamons\/wp-json\/wp\/v2\/pages\/8\/revisions"}],"predecessor-version":[{"id":319,"href":"https:\/\/www.cavallcartro.cat\/escoles\/ebm-els-galamons\/wp-json\/wp\/v2\/pages\/8\/revisions\/319"}],"wp:attachment":[{"href":"https:\/\/www.cavallcartro.cat\/escoles\/ebm-els-galamons\/wp-json\/wp\/v2\/media?parent=8"}],"curies":[{"name":"wp","href":"https:\/\/api.w.org\/{rel}","templated":true}]}}