{"id":16,"date":"2024-09-06T08:51:06","date_gmt":"2024-09-06T06:51:06","guid":{"rendered":"https:\/\/www.cavallcartro.cat\/escoles\/ebm-el-cavallet\/?page_id=16"},"modified":"2025-10-13T15:48:23","modified_gmt":"2025-10-13T13:48:23","slug":"ampa","status":"publish","type":"page","link":"https:\/\/www.cavallcartro.cat\/escoles\/ebm-el-cavallet\/ampa\/","title":{"rendered":"AMPA"},"content":{"rendered":"<div class=\"wpb-content-wrapper\">[vc_row][vc_column]<div  class=\"swmsc_fancy_heading swmsc_fancy_heading_center fh_icon_fancyHeadingNoIcon\" style=\"margin-top:40px;margin-bottom:40px;\">\n\t\t\t\t\t\t<div class=\"swmsc_fancy_heading_text\" style=\"font-size:30px;line-height:36px;\">\n\t\t\t\t\t\t\t\n<h1>AMPA El Cavallet<\/h1>\n\n\t\t\t\t\t\t\t<div class=\"swmsc_fancy_heading_border\">\n\t\t\t\t\t\t\t\t<span class=\"swmsc_fancy_heading_border1\" style=\"background:#f8b54d;\"><\/span>\n\t\t\t\t\t\t\t\t<span class=\"swmsc_fancy_heading_border2\" style=\"background:#f8b54d;\"><\/span>\n\t\t\t\t\t\t\t\t<span class=\"swmsc_fancy_heading_icon\"><i class=\"fa fa-fancyHeadingNoIcon\"  style=\"color:#8373ce;\"><\/i><\/span>\n\t\t\t\t\t\t\t<\/div>\n\t\t\t\t\t\t<\/div>\n\t\t\t\t\t<\/div>[\/vc_column][\/vc_row][vc_row][vc_column][vc_column_text css=&#8221;&#8221;]L&#8217;AFA (Associaci\u00f3 de Fam\u00edlies d&#8217;Alumnes), som una organitzaci\u00f3 sense \u00e0nim de lucre, formada per les fam\u00edlies dels alumnes de l&#8217;Escola Bressol per participar activament en l&#8217;educaci\u00f3 i el desenvolupament, col\u00b7laborar amb l&#8217;escola, representar els seus interessos davant les institucions educatives, i organitzar activitats complement\u00e0ries i extraescolars.<\/p>\n<p>Som un \u00f2rgan de representaci\u00f3 de les fam\u00edlies davant de l&#8217;equip directiu, el Claustre i els \u00f2rgans com el Consell Escolar, actuant com a enlla\u00e7 de comunicaci\u00f3.<\/p>\n<p>El nostre objectiu \u00e9s millorar la qualitat educativa i promoure valors de conviv\u00e8ncia, diversitat i respecte entre la comunitat escolar.<\/p>\n<p>Qualsevol fam\u00edlia del centre es pot fer s\u00f2cia o col\u00b7laborar de forma volunt\u00e0ria, b\u00e9 sigui mitjan\u00e7ant el pagament d&#8217;una quota anual i\/o participant en l&#8217;organitzaci\u00f3 i la gesti\u00f3 de projectes i activitats.<\/p>\n<p>Les activitats que duem a terme s\u00f3n:<\/p>\n<p>&#8211; Lliurament de carnet de soci, aix\u00ed com un regal de benvinguda.<\/p>\n<p>&#8211; Organitzaci\u00f3 i participaci\u00f3 en les festes i esdeveniments realitzats en col\u00b7laboraci\u00f3 amb l&#8217;escola.<\/p>\n<p>&#8211; Promoure i dur a terme activitats extraescolars, tant pels alumnes del centre com pels pares.<\/p>\n<p>&#8211; Col\u00b7laborem amb negocis, promovent el comer\u00e7 local i ajudant les fam\u00edlies a tenir descomptes (benefici obtingut amb el carnet de soci).<\/p>\n<p>&#8211; Donar suport a les millores dels serveis i les infraestructures de l&#8217;escola.<\/p>\n<p>&#8211; Orientar i donar suport a les fam\u00edlies en tot all\u00f2 relacionat amb l&#8217;educaci\u00f3 dels fills.<\/p>\n<p><strong>\u00a0<\/strong>[\/vc_column_text][\/vc_column][\/vc_row]\n<\/div>","protected":false},"excerpt":{"rendered":"<p>Coneix l&#8217;AMPA de l&#8217;escola bressol municipal El Cavallet, l&#8217;espai de relaci\u00f3 m\u00e9s actiu i participatiu entre les fam\u00edlies i el centre.<\/p>\n","protected":false},"author":1,"featured_media":0,"parent":0,"menu_order":0,"comment_status":"closed","ping_status":"closed","template":"","meta":{"footnotes":""},"class_list":["post-16","page","type-page","status-publish","hentry"],"yoast_head":"<!-- This site is optimized with the Yoast SEO plugin v27.6 - https:\/\/yoast.com\/product\/yoast-seo-wordpress\/ -->\n<title>AMPA - EBM EL CAVALLET. Escola bressol municipal de Sant Andreu de la Barca<\/title>\n<meta name=\"description\" content=\"Coneix l&#039;AMPA de l&#039;escola bressol municipal El Cavallet, l&#039;espai de relaci\u00f3 m\u00e9s actiu i participatiu entre les fam\u00edlies i el centre.\" \/>\n<meta name=\"robots\" content=\"index, follow, max-snippet:-1, max-image-preview:large, max-video-preview:-1\" \/>\n<link rel=\"canonical\" href=\"https:\/\/www.cavallcartro.cat\/escoles\/ebm-el-cavallet\/ampa\/\" \/>\n<meta property=\"og:locale\" content=\"ca_ES\" \/>\n<meta property=\"og:type\" content=\"article\" \/>\n<meta property=\"og:title\" content=\"AMPA - EBM EL CAVALLET. Escola bressol municipal de Sant Andreu de la Barca\" \/>\n<meta property=\"og:description\" content=\"Coneix l&#039;AMPA de l&#039;escola bressol municipal El Cavallet, l&#039;espai de relaci\u00f3 m\u00e9s actiu i participatiu entre les fam\u00edlies i el centre.\" \/>\n<meta property=\"og:url\" content=\"https:\/\/www.cavallcartro.cat\/escoles\/ebm-el-cavallet\/ampa\/\" \/>\n<meta property=\"og:site_name\" content=\"EBM EL CAVALLET. Escola bressol municipal de Sant Andreu de la Barca\" \/>\n<meta property=\"article:publisher\" content=\"https:\/\/facebook.com\/cavallcartroedu\" \/>\n<meta property=\"article:modified_time\" content=\"2025-10-13T13:48:23+00:00\" \/>\n<meta name=\"twitter:card\" content=\"summary_large_image\" \/>\n<meta name=\"twitter:site\" content=\"@cavallcartroedu\" \/>\n<meta name=\"twitter:label1\" content=\"Temps estimat de lectura\" \/>\n\t<meta name=\"twitter:data1\" content=\"2 minuts\" \/>\n<script type=\"application\/ld+json\" class=\"yoast-schema-graph\">{\"@context\":\"https:\\\/\\\/schema.org\",\"@graph\":[{\"@type\":\"WebPage\",\"@id\":\"https:\\\/\\\/www.cavallcartro.cat\\\/escoles\\\/ebm-el-cavallet\\\/ampa\\\/\",\"url\":\"https:\\\/\\\/www.cavallcartro.cat\\\/escoles\\\/ebm-el-cavallet\\\/ampa\\\/\",\"name\":\"AMPA - EBM EL CAVALLET. Escola bressol municipal de Sant Andreu de la Barca\",\"isPartOf\":{\"@id\":\"https:\\\/\\\/www.cavallcartro.cat\\\/escoles\\\/ebm-el-cavallet\\\/#website\"},\"datePublished\":\"2024-09-06T06:51:06+00:00\",\"dateModified\":\"2025-10-13T13:48:23+00:00\",\"description\":\"Coneix l'AMPA de l'escola bressol municipal El Cavallet, l'espai de relaci\u00f3 m\u00e9s actiu i participatiu entre les fam\u00edlies i el centre.\",\"breadcrumb\":{\"@id\":\"https:\\\/\\\/www.cavallcartro.cat\\\/escoles\\\/ebm-el-cavallet\\\/ampa\\\/#breadcrumb\"},\"inLanguage\":\"ca\",\"potentialAction\":[{\"@type\":\"ReadAction\",\"target\":[\"https:\\\/\\\/www.cavallcartro.cat\\\/escoles\\\/ebm-el-cavallet\\\/ampa\\\/\"]}]},{\"@type\":\"BreadcrumbList\",\"@id\":\"https:\\\/\\\/www.cavallcartro.cat\\\/escoles\\\/ebm-el-cavallet\\\/ampa\\\/#breadcrumb\",\"itemListElement\":[{\"@type\":\"ListItem\",\"position\":1,\"name\":\"Portada\",\"item\":\"https:\\\/\\\/www.cavallcartro.cat\\\/escoles\\\/ebm-el-cavallet\\\/\"},{\"@type\":\"ListItem\",\"position\":2,\"name\":\"AMPA\"}]},{\"@type\":\"WebSite\",\"@id\":\"https:\\\/\\\/www.cavallcartro.cat\\\/escoles\\\/ebm-el-cavallet\\\/#website\",\"url\":\"https:\\\/\\\/www.cavallcartro.cat\\\/escoles\\\/ebm-el-cavallet\\\/\",\"name\":\"EBM EL CAVALLET. Escola bressol municipal de Sant Andreu de la Barca\",\"description\":\"EBM EL CAVALLET. Escola bressol municipal de Sant Andreu de la Barca\",\"publisher\":{\"@id\":\"https:\\\/\\\/www.cavallcartro.cat\\\/escoles\\\/ebm-el-cavallet\\\/#organization\"},\"potentialAction\":[{\"@type\":\"SearchAction\",\"target\":{\"@type\":\"EntryPoint\",\"urlTemplate\":\"https:\\\/\\\/www.cavallcartro.cat\\\/escoles\\\/ebm-el-cavallet\\\/?s={search_term_string}\"},\"query-input\":{\"@type\":\"PropertyValueSpecification\",\"valueRequired\":true,\"valueName\":\"search_term_string\"}}],\"inLanguage\":\"ca\"},{\"@type\":\"Organization\",\"@id\":\"https:\\\/\\\/www.cavallcartro.cat\\\/escoles\\\/ebm-el-cavallet\\\/#organization\",\"name\":\"EBM EL CAVALLET. Escola bressol municipal de Sant Andreu de la Barca\",\"url\":\"https:\\\/\\\/www.cavallcartro.cat\\\/escoles\\\/ebm-el-cavallet\\\/\",\"logo\":{\"@type\":\"ImageObject\",\"inLanguage\":\"ca\",\"@id\":\"https:\\\/\\\/www.cavallcartro.cat\\\/escoles\\\/ebm-el-cavallet\\\/#\\\/schema\\\/logo\\\/image\\\/\",\"url\":\"https:\\\/\\\/www.cavallcartro.cat\\\/escoles\\\/ebm-el-cavallet\\\/wp-content\\\/uploads\\\/sites\\\/45\\\/2025\\\/09\\\/Logo-ebm-el-cavallet.png\",\"contentUrl\":\"https:\\\/\\\/www.cavallcartro.cat\\\/escoles\\\/ebm-el-cavallet\\\/wp-content\\\/uploads\\\/sites\\\/45\\\/2025\\\/09\\\/Logo-ebm-el-cavallet.png\",\"width\":600,\"height\":348,\"caption\":\"EBM EL CAVALLET. Escola bressol municipal de Sant Andreu de la Barca\"},\"image\":{\"@id\":\"https:\\\/\\\/www.cavallcartro.cat\\\/escoles\\\/ebm-el-cavallet\\\/#\\\/schema\\\/logo\\\/image\\\/\"},\"sameAs\":[\"https:\\\/\\\/facebook.com\\\/cavallcartroedu\",\"https:\\\/\\\/x.com\\\/cavallcartroedu\",\"https:\\\/\\\/instagram.com\\\/cavallcartroedu\"]}]}<\/script>\n<!-- \/ Yoast SEO plugin. -->","yoast_head_json":{"title":"AMPA - EBM EL CAVALLET. Escola bressol municipal de Sant Andreu de la Barca","description":"Coneix l'AMPA de l'escola bressol municipal El Cavallet, l'espai de relaci\u00f3 m\u00e9s actiu i participatiu entre les fam\u00edlies i el centre.","robots":{"index":"index","follow":"follow","max-snippet":"max-snippet:-1","max-image-preview":"max-image-preview:large","max-video-preview":"max-video-preview:-1"},"canonical":"https:\/\/www.cavallcartro.cat\/escoles\/ebm-el-cavallet\/ampa\/","og_locale":"ca_ES","og_type":"article","og_title":"AMPA - EBM EL CAVALLET. Escola bressol municipal de Sant Andreu de la Barca","og_description":"Coneix l'AMPA de l'escola bressol municipal El Cavallet, l'espai de relaci\u00f3 m\u00e9s actiu i participatiu entre les fam\u00edlies i el centre.","og_url":"https:\/\/www.cavallcartro.cat\/escoles\/ebm-el-cavallet\/ampa\/","og_site_name":"EBM EL CAVALLET. Escola bressol municipal de Sant Andreu de la Barca","article_publisher":"https:\/\/facebook.com\/cavallcartroedu","article_modified_time":"2025-10-13T13:48:23+00:00","twitter_card":"summary_large_image","twitter_site":"@cavallcartroedu","twitter_misc":{"Temps estimat de lectura":"2 minuts"},"schema":{"@context":"https:\/\/schema.org","@graph":[{"@type":"WebPage","@id":"https:\/\/www.cavallcartro.cat\/escoles\/ebm-el-cavallet\/ampa\/","url":"https:\/\/www.cavallcartro.cat\/escoles\/ebm-el-cavallet\/ampa\/","name":"AMPA - EBM EL CAVALLET. Escola bressol municipal de Sant Andreu de la Barca","isPartOf":{"@id":"https:\/\/www.cavallcartro.cat\/escoles\/ebm-el-cavallet\/#website"},"datePublished":"2024-09-06T06:51:06+00:00","dateModified":"2025-10-13T13:48:23+00:00","description":"Coneix l'AMPA de l'escola bressol municipal El Cavallet, l'espai de relaci\u00f3 m\u00e9s actiu i participatiu entre les fam\u00edlies i el centre.","breadcrumb":{"@id":"https:\/\/www.cavallcartro.cat\/escoles\/ebm-el-cavallet\/ampa\/#breadcrumb"},"inLanguage":"ca","potentialAction":[{"@type":"ReadAction","target":["https:\/\/www.cavallcartro.cat\/escoles\/ebm-el-cavallet\/ampa\/"]}]},{"@type":"BreadcrumbList","@id":"https:\/\/www.cavallcartro.cat\/escoles\/ebm-el-cavallet\/ampa\/#breadcrumb","itemListElement":[{"@type":"ListItem","position":1,"name":"Portada","item":"https:\/\/www.cavallcartro.cat\/escoles\/ebm-el-cavallet\/"},{"@type":"ListItem","position":2,"name":"AMPA"}]},{"@type":"WebSite","@id":"https:\/\/www.cavallcartro.cat\/escoles\/ebm-el-cavallet\/#website","url":"https:\/\/www.cavallcartro.cat\/escoles\/ebm-el-cavallet\/","name":"EBM EL CAVALLET. Escola bressol municipal de Sant Andreu de la Barca","description":"EBM EL CAVALLET. Escola bressol municipal de Sant Andreu de la Barca","publisher":{"@id":"https:\/\/www.cavallcartro.cat\/escoles\/ebm-el-cavallet\/#organization"},"potentialAction":[{"@type":"SearchAction","target":{"@type":"EntryPoint","urlTemplate":"https:\/\/www.cavallcartro.cat\/escoles\/ebm-el-cavallet\/?s={search_term_string}"},"query-input":{"@type":"PropertyValueSpecification","valueRequired":true,"valueName":"search_term_string"}}],"inLanguage":"ca"},{"@type":"Organization","@id":"https:\/\/www.cavallcartro.cat\/escoles\/ebm-el-cavallet\/#organization","name":"EBM EL CAVALLET. Escola bressol municipal de Sant Andreu de la Barca","url":"https:\/\/www.cavallcartro.cat\/escoles\/ebm-el-cavallet\/","logo":{"@type":"ImageObject","inLanguage":"ca","@id":"https:\/\/www.cavallcartro.cat\/escoles\/ebm-el-cavallet\/#\/schema\/logo\/image\/","url":"https:\/\/www.cavallcartro.cat\/escoles\/ebm-el-cavallet\/wp-content\/uploads\/sites\/45\/2025\/09\/Logo-ebm-el-cavallet.png","contentUrl":"https:\/\/www.cavallcartro.cat\/escoles\/ebm-el-cavallet\/wp-content\/uploads\/sites\/45\/2025\/09\/Logo-ebm-el-cavallet.png","width":600,"height":348,"caption":"EBM EL CAVALLET. Escola bressol municipal de Sant Andreu de la Barca"},"image":{"@id":"https:\/\/www.cavallcartro.cat\/escoles\/ebm-el-cavallet\/#\/schema\/logo\/image\/"},"sameAs":["https:\/\/facebook.com\/cavallcartroedu","https:\/\/x.com\/cavallcartroedu","https:\/\/instagram.com\/cavallcartroedu"]}]}},"_links":{"self":[{"href":"https:\/\/www.cavallcartro.cat\/escoles\/ebm-el-cavallet\/wp-json\/wp\/v2\/pages\/16","targetHints":{"allow":["GET"]}}],"collection":[{"href":"https:\/\/www.cavallcartro.cat\/escoles\/ebm-el-cavallet\/wp-json\/wp\/v2\/pages"}],"about":[{"href":"https:\/\/www.cavallcartro.cat\/escoles\/ebm-el-cavallet\/wp-json\/wp\/v2\/types\/page"}],"author":[{"embeddable":true,"href":"https:\/\/www.cavallcartro.cat\/escoles\/ebm-el-cavallet\/wp-json\/wp\/v2\/users\/1"}],"replies":[{"embeddable":true,"href":"https:\/\/www.cavallcartro.cat\/escoles\/ebm-el-cavallet\/wp-json\/wp\/v2\/comments?post=16"}],"version-history":[{"count":4,"href":"https:\/\/www.cavallcartro.cat\/escoles\/ebm-el-cavallet\/wp-json\/wp\/v2\/pages\/16\/revisions"}],"predecessor-version":[{"id":110,"href":"https:\/\/www.cavallcartro.cat\/escoles\/ebm-el-cavallet\/wp-json\/wp\/v2\/pages\/16\/revisions\/110"}],"wp:attachment":[{"href":"https:\/\/www.cavallcartro.cat\/escoles\/ebm-el-cavallet\/wp-json\/wp\/v2\/media?parent=16"}],"curies":[{"name":"wp","href":"https:\/\/api.w.org\/{rel}","templated":true}]}}