{"id":6183,"date":"2023-09-29T07:17:35","date_gmt":"2023-09-29T07:17:35","guid":{"rendered":"https:\/\/www.cavallcartro.cat\/inicio\/plan-de-igualdad"},"modified":"2023-09-29T07:32:18","modified_gmt":"2023-09-29T07:32:18","slug":"plan-de-igualdad","status":"publish","type":"page","link":"https:\/\/www.cavallcartro.cat\/es\/inicio\/plan-de-igualdad","title":{"rendered":"Plan de igualdad"},"content":{"rendered":"<h2 style=\"text-align: center;\">PLAN DE IGUALDAD<\/h2>\n<p>Cavall de Cartr\u00f3 somos una organizaci\u00f3n comprometida con la <strong>iguadad efectiva de mujeres y hombres<\/strong>. Por eso hemos desarrollado nuestro II Plan de Igualdad, el marco donde se establece <b>nuestro compromiso y las l\u00edneas operativas<\/b> que nos permitir\u00e1n avanzar en materia de igualdad de g\u00e9nero.<\/p>\n<p>El Plan de Igualdad es un conjunto ordenado de medidas que sirven para <strong>alcanzar la igualdad de trato y de oportunidades en la organizaci\u00f3n<\/strong>, asegurado la ausencia de cualquier tipo de discriminaci\u00f3n por raz\u00f3n de sexo.<\/p>\n<p>&nbsp;<\/p>\n<div  class=\"swmsc_horizontal_line\" style=\"padding-top:20px;padding-bottom:80px;\">\n                        <span class=\"swmsc_horizontal_line_h_line\" style=\"border-color:#99d01b;\"><\/span><span class=\"swmsc_horizontal_line_icon\"><i class=\"fa fa-compass\" style=\"color:#99d01b;\"><\/i><\/span>\n                    <div class=\"clear\"><\/div>\n                    <\/div>\n<h2 style=\"text-align: center;\">EXISTENCIA DE PROTOCOLOS<\/h2>\n<p>Disponemos de un <strong>protocolo de actuaci\u00f3n en caso de acoso laboral<\/strong> y de un protocolo de actuaci\u00f3n en casos de <strong>acoso sexual y por raz\u00f3n de g\u00e9nero<\/strong>.<\/p>\n<p>Si son de vuestro inter\u00e9s, o bien deb\u00e9is notificar una incidencia al Departamento de Igualdad, pod\u00e9is hacerlo a trav\u00e9s del correo <a href=\"mailto:canalprotocol@cavallcartro.cat\" target=\"_blank\" rel=\"noopener\">canalprotocol@cavallcartro.cat<\/a> , o tambi\u00e9n pod\u00e9is acceder v\u00eda software de gesti\u00f3n de incidencias: <strong>EthicsPoint -Plataforma Navex-, <\/strong>mediante el c\u00f3digo QR siguiente.<\/p>\n<p><img loading=\"lazy\" decoding=\"async\" class=\"size-full wp-image-14549 aligncenter\" src=\"https:\/\/www.cavallcartro.cat\/wp-content\/uploads\/2023\/09\/Codi-QR-per-protocols-igualtat.jpg\" alt=\"C\u00f3digo QR para protocolos de igualdad\" width=\"80\" height=\"89\" \/><\/p>\n","protected":false},"excerpt":{"rendered":"<p>PLAN DE IGUALDAD Cavall de Cartr\u00f3 somos una organizaci\u00f3n comprometida con la iguadad efectiva de mujeres y hombres. Por eso hemos desarrollado nuestro II Plan de Igualdad, el marco donde se establece nuestro compromiso y las l\u00edneas operativas que nos permitir\u00e1n avanzar en materia de igualdad de g\u00e9nero. El Plan [&hellip;]<\/p>\n","protected":false},"author":1,"featured_media":0,"parent":2402,"menu_order":0,"comment_status":"closed","ping_status":"closed","template":"","meta":{"footnotes":""},"class_list":["post-6183","page","type-page","status-publish","hentry"],"yoast_head":"<!-- This site is optimized with the Yoast SEO plugin v27.5 - https:\/\/yoast.com\/product\/yoast-seo-wordpress\/ -->\n<title>Plan de Igualdad de Cavall de Cartr\u00f3<\/title>\n<meta name=\"description\" content=\"Plan de Igualdad y protocolos para garantizar la no discriminaci\u00f3n por raz\u00f3n de g\u00e9nero en los procesos de la entidad Cavall de Cartr\u00f3\" \/>\n<meta name=\"robots\" content=\"index, follow, max-snippet:-1, max-image-preview:large, max-video-preview:-1\" \/>\n<link rel=\"canonical\" href=\"https:\/\/www.cavallcartro.cat\/es\/inicio\/plan-de-igualdad\" \/>\n<meta property=\"og:locale\" content=\"es_ES\" \/>\n<meta property=\"og:type\" content=\"article\" \/>\n<meta property=\"og:title\" content=\"Plan de Igualdad de Cavall de Cartr\u00f3\" \/>\n<meta property=\"og:description\" content=\"Plan de Igualdad y protocolos para garantizar la no discriminaci\u00f3n por raz\u00f3n de g\u00e9nero en los procesos de la entidad Cavall de Cartr\u00f3\" \/>\n<meta property=\"og:url\" content=\"https:\/\/www.cavallcartro.cat\/es\/inicio\/plan-de-igualdad\" \/>\n<meta property=\"og:site_name\" content=\"Cavall de Cartr\u00f3 - Serveis Educatius\" \/>\n<meta property=\"article:publisher\" content=\"https:\/\/www.facebook.com\/cavallcartroedu\" \/>\n<meta property=\"article:modified_time\" content=\"2023-09-29T07:32:18+00:00\" \/>\n<meta property=\"og:image\" content=\"https:\/\/www.cavallcartro.cat\/wp-content\/uploads\/2023\/09\/Codi-QR-per-protocols-igualtat.jpg\" \/>\n<meta name=\"twitter:card\" content=\"summary_large_image\" \/>\n<meta name=\"twitter:site\" content=\"@cavallcartroedu\" \/>\n<meta name=\"twitter:label1\" content=\"Tiempo de lectura\" \/>\n\t<meta name=\"twitter:data1\" content=\"2 minutos\" \/>\n<script type=\"application\/ld+json\" class=\"yoast-schema-graph\">{\"@context\":\"https:\\\/\\\/schema.org\",\"@graph\":[{\"@type\":\"Article\",\"@id\":\"https:\\\/\\\/www.cavallcartro.cat\\\/es\\\/inicio\\\/plan-de-igualdad#article\",\"isPartOf\":{\"@id\":\"https:\\\/\\\/www.cavallcartro.cat\\\/es\\\/inicio\\\/plan-de-igualdad\"},\"author\":{\"name\":\"cgarcia\",\"@id\":\"https:\\\/\\\/www.cavallcartro.cat\\\/#\\\/schema\\\/person\\\/6747bc1660e32d545ab2b8e5927ea542\"},\"headline\":\"Plan de igualdad\",\"datePublished\":\"2023-09-29T07:17:35+00:00\",\"dateModified\":\"2023-09-29T07:32:18+00:00\",\"mainEntityOfPage\":{\"@id\":\"https:\\\/\\\/www.cavallcartro.cat\\\/es\\\/inicio\\\/plan-de-igualdad\"},\"wordCount\":201,\"publisher\":{\"@id\":\"https:\\\/\\\/www.cavallcartro.cat\\\/#organization\"},\"image\":{\"@id\":\"https:\\\/\\\/www.cavallcartro.cat\\\/es\\\/inicio\\\/plan-de-igualdad#primaryimage\"},\"thumbnailUrl\":\"https:\\\/\\\/www.cavallcartro.cat\\\/wp-content\\\/uploads\\\/2023\\\/09\\\/Codi-QR-per-protocols-igualtat.jpg\",\"inLanguage\":\"es\"},{\"@type\":\"WebPage\",\"@id\":\"https:\\\/\\\/www.cavallcartro.cat\\\/es\\\/inicio\\\/plan-de-igualdad\",\"url\":\"https:\\\/\\\/www.cavallcartro.cat\\\/es\\\/inicio\\\/plan-de-igualdad\",\"name\":\"Plan de Igualdad de Cavall de Cartr\u00f3\",\"isPartOf\":{\"@id\":\"https:\\\/\\\/www.cavallcartro.cat\\\/#website\"},\"primaryImageOfPage\":{\"@id\":\"https:\\\/\\\/www.cavallcartro.cat\\\/es\\\/inicio\\\/plan-de-igualdad#primaryimage\"},\"image\":{\"@id\":\"https:\\\/\\\/www.cavallcartro.cat\\\/es\\\/inicio\\\/plan-de-igualdad#primaryimage\"},\"thumbnailUrl\":\"https:\\\/\\\/www.cavallcartro.cat\\\/wp-content\\\/uploads\\\/2023\\\/09\\\/Codi-QR-per-protocols-igualtat.jpg\",\"datePublished\":\"2023-09-29T07:17:35+00:00\",\"dateModified\":\"2023-09-29T07:32:18+00:00\",\"description\":\"Plan de Igualdad y protocolos para garantizar la no discriminaci\u00f3n por raz\u00f3n de g\u00e9nero en los procesos de la entidad Cavall de Cartr\u00f3\",\"breadcrumb\":{\"@id\":\"https:\\\/\\\/www.cavallcartro.cat\\\/es\\\/inicio\\\/plan-de-igualdad#breadcrumb\"},\"inLanguage\":\"es\",\"potentialAction\":[{\"@type\":\"ReadAction\",\"target\":[\"https:\\\/\\\/www.cavallcartro.cat\\\/es\\\/inicio\\\/plan-de-igualdad\"]}]},{\"@type\":\"ImageObject\",\"inLanguage\":\"es\",\"@id\":\"https:\\\/\\\/www.cavallcartro.cat\\\/es\\\/inicio\\\/plan-de-igualdad#primaryimage\",\"url\":\"https:\\\/\\\/www.cavallcartro.cat\\\/wp-content\\\/uploads\\\/2023\\\/09\\\/Codi-QR-per-protocols-igualtat.jpg\",\"contentUrl\":\"https:\\\/\\\/www.cavallcartro.cat\\\/wp-content\\\/uploads\\\/2023\\\/09\\\/Codi-QR-per-protocols-igualtat.jpg\"},{\"@type\":\"BreadcrumbList\",\"@id\":\"https:\\\/\\\/www.cavallcartro.cat\\\/es\\\/inicio\\\/plan-de-igualdad#breadcrumb\",\"itemListElement\":[{\"@type\":\"ListItem\",\"position\":1,\"name\":\"Portada\",\"item\":\"https:\\\/\\\/www.cavallcartro.cat\\\/es\"},{\"@type\":\"ListItem\",\"position\":2,\"name\":\"Inicio\",\"item\":\"https:\\\/\\\/www.cavallcartro.cat\\\/es\"},{\"@type\":\"ListItem\",\"position\":3,\"name\":\"Plan de igualdad\"}]},{\"@type\":\"WebSite\",\"@id\":\"https:\\\/\\\/www.cavallcartro.cat\\\/#website\",\"url\":\"https:\\\/\\\/www.cavallcartro.cat\\\/\",\"name\":\"Cavall de Cartr\u00f3\",\"description\":\"Gesti\u00f3 d&#039;escoles bressol i llars d&#039;infants municipals a Barcelona i tota Catalunya.\",\"publisher\":{\"@id\":\"https:\\\/\\\/www.cavallcartro.cat\\\/#organization\"},\"potentialAction\":[{\"@type\":\"SearchAction\",\"target\":{\"@type\":\"EntryPoint\",\"urlTemplate\":\"https:\\\/\\\/www.cavallcartro.cat\\\/?s={search_term_string}\"},\"query-input\":{\"@type\":\"PropertyValueSpecification\",\"valueRequired\":true,\"valueName\":\"search_term_string\"}}],\"inLanguage\":\"es\"},{\"@type\":\"Organization\",\"@id\":\"https:\\\/\\\/www.cavallcartro.cat\\\/#organization\",\"name\":\"Cavall de Cartr\u00f3\",\"url\":\"https:\\\/\\\/www.cavallcartro.cat\\\/\",\"logo\":{\"@type\":\"ImageObject\",\"inLanguage\":\"es\",\"@id\":\"https:\\\/\\\/www.cavallcartro.cat\\\/#\\\/schema\\\/logo\\\/image\\\/\",\"url\":\"https:\\\/\\\/www.cavallcartro.cat\\\/wp-content\\\/uploads\\\/2020\\\/07\\\/Logo-Cavall-de-Cartr\u00f3-gesti\u00f3-escoles-bressol-i-menjadors-escolars-e1596129492304.png\",\"contentUrl\":\"https:\\\/\\\/www.cavallcartro.cat\\\/wp-content\\\/uploads\\\/2020\\\/07\\\/Logo-Cavall-de-Cartr\u00f3-gesti\u00f3-escoles-bressol-i-menjadors-escolars-e1596129492304.png\",\"width\":528,\"height\":274,\"caption\":\"Cavall de Cartr\u00f3\"},\"image\":{\"@id\":\"https:\\\/\\\/www.cavallcartro.cat\\\/#\\\/schema\\\/logo\\\/image\\\/\"},\"sameAs\":[\"https:\\\/\\\/www.facebook.com\\\/cavallcartroedu\",\"https:\\\/\\\/x.com\\\/cavallcartroedu\",\"https:\\\/\\\/www.instagram.com\\\/cavallcartroedu\\\/\",\"https:\\\/\\\/www.youtube.com\\\/@CavalldeCartro\"]},{\"@type\":\"Person\",\"@id\":\"https:\\\/\\\/www.cavallcartro.cat\\\/#\\\/schema\\\/person\\\/6747bc1660e32d545ab2b8e5927ea542\",\"name\":\"cgarcia\",\"image\":{\"@type\":\"ImageObject\",\"inLanguage\":\"es\",\"@id\":\"https:\\\/\\\/secure.gravatar.com\\\/avatar\\\/469990a84f48a39e93ee0d8243415a74ba5692f608ea41afee8cae0e81f99f77?s=96&d=mm&r=g\",\"url\":\"https:\\\/\\\/secure.gravatar.com\\\/avatar\\\/469990a84f48a39e93ee0d8243415a74ba5692f608ea41afee8cae0e81f99f77?s=96&d=mm&r=g\",\"contentUrl\":\"https:\\\/\\\/secure.gravatar.com\\\/avatar\\\/469990a84f48a39e93ee0d8243415a74ba5692f608ea41afee8cae0e81f99f77?s=96&d=mm&r=g\",\"caption\":\"cgarcia\"},\"url\":\"https:\\\/\\\/www.cavallcartro.cat\\\/es\\\/author\\\/cgarcia\"}]}<\/script>\n<!-- \/ Yoast SEO plugin. -->","yoast_head_json":{"title":"Plan de Igualdad de Cavall de Cartr\u00f3","description":"Plan de Igualdad y protocolos para garantizar la no discriminaci\u00f3n por raz\u00f3n de g\u00e9nero en los procesos de la entidad Cavall de Cartr\u00f3","robots":{"index":"index","follow":"follow","max-snippet":"max-snippet:-1","max-image-preview":"max-image-preview:large","max-video-preview":"max-video-preview:-1"},"canonical":"https:\/\/www.cavallcartro.cat\/es\/inicio\/plan-de-igualdad","og_locale":"es_ES","og_type":"article","og_title":"Plan de Igualdad de Cavall de Cartr\u00f3","og_description":"Plan de Igualdad y protocolos para garantizar la no discriminaci\u00f3n por raz\u00f3n de g\u00e9nero en los procesos de la entidad Cavall de Cartr\u00f3","og_url":"https:\/\/www.cavallcartro.cat\/es\/inicio\/plan-de-igualdad","og_site_name":"Cavall de Cartr\u00f3 - Serveis Educatius","article_publisher":"https:\/\/www.facebook.com\/cavallcartroedu","article_modified_time":"2023-09-29T07:32:18+00:00","og_image":[{"url":"https:\/\/www.cavallcartro.cat\/wp-content\/uploads\/2023\/09\/Codi-QR-per-protocols-igualtat.jpg","type":"","width":"","height":""}],"twitter_card":"summary_large_image","twitter_site":"@cavallcartroedu","twitter_misc":{"Tiempo de lectura":"2 minutos"},"schema":{"@context":"https:\/\/schema.org","@graph":[{"@type":"Article","@id":"https:\/\/www.cavallcartro.cat\/es\/inicio\/plan-de-igualdad#article","isPartOf":{"@id":"https:\/\/www.cavallcartro.cat\/es\/inicio\/plan-de-igualdad"},"author":{"name":"cgarcia","@id":"https:\/\/www.cavallcartro.cat\/#\/schema\/person\/6747bc1660e32d545ab2b8e5927ea542"},"headline":"Plan de igualdad","datePublished":"2023-09-29T07:17:35+00:00","dateModified":"2023-09-29T07:32:18+00:00","mainEntityOfPage":{"@id":"https:\/\/www.cavallcartro.cat\/es\/inicio\/plan-de-igualdad"},"wordCount":201,"publisher":{"@id":"https:\/\/www.cavallcartro.cat\/#organization"},"image":{"@id":"https:\/\/www.cavallcartro.cat\/es\/inicio\/plan-de-igualdad#primaryimage"},"thumbnailUrl":"https:\/\/www.cavallcartro.cat\/wp-content\/uploads\/2023\/09\/Codi-QR-per-protocols-igualtat.jpg","inLanguage":"es"},{"@type":"WebPage","@id":"https:\/\/www.cavallcartro.cat\/es\/inicio\/plan-de-igualdad","url":"https:\/\/www.cavallcartro.cat\/es\/inicio\/plan-de-igualdad","name":"Plan de Igualdad de Cavall de Cartr\u00f3","isPartOf":{"@id":"https:\/\/www.cavallcartro.cat\/#website"},"primaryImageOfPage":{"@id":"https:\/\/www.cavallcartro.cat\/es\/inicio\/plan-de-igualdad#primaryimage"},"image":{"@id":"https:\/\/www.cavallcartro.cat\/es\/inicio\/plan-de-igualdad#primaryimage"},"thumbnailUrl":"https:\/\/www.cavallcartro.cat\/wp-content\/uploads\/2023\/09\/Codi-QR-per-protocols-igualtat.jpg","datePublished":"2023-09-29T07:17:35+00:00","dateModified":"2023-09-29T07:32:18+00:00","description":"Plan de Igualdad y protocolos para garantizar la no discriminaci\u00f3n por raz\u00f3n de g\u00e9nero en los procesos de la entidad Cavall de Cartr\u00f3","breadcrumb":{"@id":"https:\/\/www.cavallcartro.cat\/es\/inicio\/plan-de-igualdad#breadcrumb"},"inLanguage":"es","potentialAction":[{"@type":"ReadAction","target":["https:\/\/www.cavallcartro.cat\/es\/inicio\/plan-de-igualdad"]}]},{"@type":"ImageObject","inLanguage":"es","@id":"https:\/\/www.cavallcartro.cat\/es\/inicio\/plan-de-igualdad#primaryimage","url":"https:\/\/www.cavallcartro.cat\/wp-content\/uploads\/2023\/09\/Codi-QR-per-protocols-igualtat.jpg","contentUrl":"https:\/\/www.cavallcartro.cat\/wp-content\/uploads\/2023\/09\/Codi-QR-per-protocols-igualtat.jpg"},{"@type":"BreadcrumbList","@id":"https:\/\/www.cavallcartro.cat\/es\/inicio\/plan-de-igualdad#breadcrumb","itemListElement":[{"@type":"ListItem","position":1,"name":"Portada","item":"https:\/\/www.cavallcartro.cat\/es"},{"@type":"ListItem","position":2,"name":"Inicio","item":"https:\/\/www.cavallcartro.cat\/es"},{"@type":"ListItem","position":3,"name":"Plan de igualdad"}]},{"@type":"WebSite","@id":"https:\/\/www.cavallcartro.cat\/#website","url":"https:\/\/www.cavallcartro.cat\/","name":"Cavall de Cartr\u00f3","description":"Gesti\u00f3 d&#039;escoles bressol i llars d&#039;infants municipals a Barcelona i tota Catalunya.","publisher":{"@id":"https:\/\/www.cavallcartro.cat\/#organization"},"potentialAction":[{"@type":"SearchAction","target":{"@type":"EntryPoint","urlTemplate":"https:\/\/www.cavallcartro.cat\/?s={search_term_string}"},"query-input":{"@type":"PropertyValueSpecification","valueRequired":true,"valueName":"search_term_string"}}],"inLanguage":"es"},{"@type":"Organization","@id":"https:\/\/www.cavallcartro.cat\/#organization","name":"Cavall de Cartr\u00f3","url":"https:\/\/www.cavallcartro.cat\/","logo":{"@type":"ImageObject","inLanguage":"es","@id":"https:\/\/www.cavallcartro.cat\/#\/schema\/logo\/image\/","url":"https:\/\/www.cavallcartro.cat\/wp-content\/uploads\/2020\/07\/Logo-Cavall-de-Cartr\u00f3-gesti\u00f3-escoles-bressol-i-menjadors-escolars-e1596129492304.png","contentUrl":"https:\/\/www.cavallcartro.cat\/wp-content\/uploads\/2020\/07\/Logo-Cavall-de-Cartr\u00f3-gesti\u00f3-escoles-bressol-i-menjadors-escolars-e1596129492304.png","width":528,"height":274,"caption":"Cavall de Cartr\u00f3"},"image":{"@id":"https:\/\/www.cavallcartro.cat\/#\/schema\/logo\/image\/"},"sameAs":["https:\/\/www.facebook.com\/cavallcartroedu","https:\/\/x.com\/cavallcartroedu","https:\/\/www.instagram.com\/cavallcartroedu\/","https:\/\/www.youtube.com\/@CavalldeCartro"]},{"@type":"Person","@id":"https:\/\/www.cavallcartro.cat\/#\/schema\/person\/6747bc1660e32d545ab2b8e5927ea542","name":"cgarcia","image":{"@type":"ImageObject","inLanguage":"es","@id":"https:\/\/secure.gravatar.com\/avatar\/469990a84f48a39e93ee0d8243415a74ba5692f608ea41afee8cae0e81f99f77?s=96&d=mm&r=g","url":"https:\/\/secure.gravatar.com\/avatar\/469990a84f48a39e93ee0d8243415a74ba5692f608ea41afee8cae0e81f99f77?s=96&d=mm&r=g","contentUrl":"https:\/\/secure.gravatar.com\/avatar\/469990a84f48a39e93ee0d8243415a74ba5692f608ea41afee8cae0e81f99f77?s=96&d=mm&r=g","caption":"cgarcia"},"url":"https:\/\/www.cavallcartro.cat\/es\/author\/cgarcia"}]}},"_links":{"self":[{"href":"https:\/\/www.cavallcartro.cat\/es\/wp-json\/wp\/v2\/pages\/6183","targetHints":{"allow":["GET"]}}],"collection":[{"href":"https:\/\/www.cavallcartro.cat\/es\/wp-json\/wp\/v2\/pages"}],"about":[{"href":"https:\/\/www.cavallcartro.cat\/es\/wp-json\/wp\/v2\/types\/page"}],"author":[{"embeddable":true,"href":"https:\/\/www.cavallcartro.cat\/es\/wp-json\/wp\/v2\/users\/1"}],"replies":[{"embeddable":true,"href":"https:\/\/www.cavallcartro.cat\/es\/wp-json\/wp\/v2\/comments?post=6183"}],"version-history":[{"count":4,"href":"https:\/\/www.cavallcartro.cat\/es\/wp-json\/wp\/v2\/pages\/6183\/revisions"}],"predecessor-version":[{"id":6188,"href":"https:\/\/www.cavallcartro.cat\/es\/wp-json\/wp\/v2\/pages\/6183\/revisions\/6188"}],"up":[{"embeddable":true,"href":"https:\/\/www.cavallcartro.cat\/es\/wp-json\/wp\/v2\/pages\/2402"}],"wp:attachment":[{"href":"https:\/\/www.cavallcartro.cat\/es\/wp-json\/wp\/v2\/media?parent=6183"}],"curies":[{"name":"wp","href":"https:\/\/api.w.org\/{rel}","templated":true}]}}