{"id":3707,"date":"2018-08-06T19:46:59","date_gmt":"2018-08-06T19:46:59","guid":{"rendered":"https:\/\/www.cavallcartro.cat\/?page_id=3707"},"modified":"2019-02-21T11:10:22","modified_gmt":"2019-02-21T11:10:22","slug":"educacion-en-valores","status":"publish","type":"page","link":"https:\/\/www.cavallcartro.cat\/es\/educacion-en-valores","title":{"rendered":"Educaci\u00f3n en valores"},"content":{"rendered":"<div class=\"wpb-content-wrapper\">[vc_row][vc_column]<div   >\n                        <div class=\"swmsc_container\">\n                            [vc_row_inner][vc_column_inner]<div  class=\"swmsc_fancy_heading swmsc_fancy_heading_center fh_icon_star\" style=\"margin-top:0;margin-bottom:60px;\">\n                        <div class=\"swmsc_fancy_heading_text\" style=\"font-size:42px;line-height:36px;\">\n                            <span style=\"color: #9fcdb1;\"><strong><span style=\"color: #80b5df;\">Educaci\u00f3n en valores<\/span><br \/>\n<\/strong><\/span>\n                            <div class=\"swmsc_fancy_heading_border\">\n                                <span class=\"swmsc_fancy_heading_border1\" style=\"background:#87888a;\"><\/span>\n                                <span class=\"swmsc_fancy_heading_border2\" style=\"background:#87888a;\"><\/span>\n                                <span class=\"swmsc_fancy_heading_icon\"><i class=\"fa fa-star\"  style=\"color:#9fcdb1;\"><\/i><\/span>\n                            <\/div>\n                        <\/div>\n                    <\/div><div  class=\"swmsc_text_block\" > El espacio del comedor no s\u00f3lo es un espacio donde satisfacer las necesidades b\u00e1sicas de alimentaci\u00f3n, sino que nos permite trabajar valores fundamentales como son el respeto a los dem\u00e1s, el medio ambiente o los h\u00e1bitos en la mesa. Trabajamos a partir de un proyecto educativo coordinado con el centro, basado en los valores y en las actitudes.<\/p>\n<p>Durante el tiempo del comedor y del ocio potenciamos y promovemos el inter\u00e9s, de la mano del equipo de monitores\/as, por:<\/p>\n<ul>\n<li>Alimentaci\u00f3n y h\u00e1bitos saludables.<\/li>\n<li>La autonom\u00eda de los ni\u00f1os y ni\u00f1as.<\/li>\n<li>H\u00e1bitos de higiene.<\/li>\n<li>Los buenos h\u00e1bitos en la mesa.<\/li>\n<li>El reciclaje de residuos.<\/li>\n<li>El respeto por el medio ambiente.<\/li>\n<li>El valor social de los productos de proximidad, m\u00e1s frescos y de confianza.<\/li>\n<li>La escucha activa y la empat\u00eda.<\/li>\n<li>La socializaci\u00f3n durante la comida y los momentos de ocio.<\/li>\n<li>Reforzar la relaci\u00f3n y el respeto por los compa\u00f1eros y compa\u00f1eras.<\/li>\n<li>El valor del juego como veh\u00edculo educativo.<\/li>\n<\/ul>\n<p>Los j\u00f3venes de hoy ser\u00e1n los adultos del ma\u00f1ana. Por eso trabajamos siempre en base a los cuatro valores principales de Cavall de Cartr\u00f3 SE:<\/div>[vc_single_image image=\u00bb3609&#8243; img_size=\u00bbfull\u00bb alignment=\u00bbcenter\u00bb]<div  class=\"clear swmsc_gap\" style=\"margin:30px 0 0 0;\"><\/div>[\/vc_column_inner][\/vc_row_inner]\n                            <div class=\"clear\"><\/div>\n                        <\/div>\n                    <\/div>[\/vc_column][\/vc_row]\n<\/div>","protected":false},"excerpt":{"rendered":"<p>[vc_row][vc_column][\/vc_column][\/vc_row]<\/p>\n","protected":false},"author":1,"featured_media":0,"parent":0,"menu_order":0,"comment_status":"closed","ping_status":"closed","template":"","meta":{"footnotes":""},"class_list":["post-3707","page","type-page","status-publish","hentry"],"yoast_head":"<!-- This site is optimized with the Yoast SEO plugin v27.4 - https:\/\/yoast.com\/product\/yoast-seo-wordpress\/ -->\n<title>Educaci\u00f3n en valores | Cavall de Cartr\u00f3 - Serveis Educatius<\/title>\n<meta name=\"robots\" content=\"index, follow, max-snippet:-1, max-image-preview:large, max-video-preview:-1\" \/>\n<link rel=\"canonical\" href=\"https:\/\/www.cavallcartro.cat\/es\/educacion-en-valores\" \/>\n<meta property=\"og:locale\" content=\"es_ES\" \/>\n<meta property=\"og:type\" content=\"article\" \/>\n<meta property=\"og:title\" content=\"Educaci\u00f3n en valores | Cavall de Cartr\u00f3 - Serveis Educatius\" \/>\n<meta property=\"og:description\" content=\"[vc_row][vc_column][\/vc_column][\/vc_row]\" \/>\n<meta property=\"og:url\" content=\"https:\/\/www.cavallcartro.cat\/es\/educacion-en-valores\" \/>\n<meta property=\"og:site_name\" content=\"Cavall de Cartr\u00f3 - Serveis Educatius\" \/>\n<meta property=\"article:publisher\" content=\"https:\/\/www.facebook.com\/cavallcartroedu\" \/>\n<meta property=\"article:modified_time\" content=\"2019-02-21T11:10:22+00:00\" \/>\n<meta property=\"og:image\" content=\"https:\/\/www.cavallcartro.cat\/wp-content\/uploads\/2019\/03\/Logo-HD-Cavall-de-Cartr\u00f3-Bressol-2019-transparent.png\" \/>\n\t<meta property=\"og:image:width\" content=\"1200\" \/>\n\t<meta property=\"og:image:height\" content=\"496\" \/>\n\t<meta property=\"og:image:type\" content=\"image\/png\" \/>\n<meta name=\"twitter:card\" content=\"summary_large_image\" \/>\n<meta name=\"twitter:site\" content=\"@cavallcartroedu\" \/>\n<meta name=\"twitter:label1\" content=\"Tiempo de lectura\" \/>\n\t<meta name=\"twitter:data1\" content=\"1 minuto\" \/>\n<script type=\"application\/ld+json\" class=\"yoast-schema-graph\">{\"@context\":\"https:\\\/\\\/schema.org\",\"@graph\":[{\"@type\":\"Article\",\"@id\":\"https:\\\/\\\/www.cavallcartro.cat\\\/es\\\/educacion-en-valores#article\",\"isPartOf\":{\"@id\":\"https:\\\/\\\/www.cavallcartro.cat\\\/es\\\/educacion-en-valores\"},\"author\":{\"name\":\"cgarcia\",\"@id\":\"https:\\\/\\\/www.cavallcartro.cat\\\/#\\\/schema\\\/person\\\/6747bc1660e32d545ab2b8e5927ea542\"},\"headline\":\"Educaci\u00f3n en valores\",\"datePublished\":\"2018-08-06T19:46:59+00:00\",\"dateModified\":\"2019-02-21T11:10:22+00:00\",\"mainEntityOfPage\":{\"@id\":\"https:\\\/\\\/www.cavallcartro.cat\\\/es\\\/educacion-en-valores\"},\"wordCount\":296,\"publisher\":{\"@id\":\"https:\\\/\\\/www.cavallcartro.cat\\\/#organization\"},\"inLanguage\":\"es\"},{\"@type\":\"WebPage\",\"@id\":\"https:\\\/\\\/www.cavallcartro.cat\\\/es\\\/educacion-en-valores\",\"url\":\"https:\\\/\\\/www.cavallcartro.cat\\\/es\\\/educacion-en-valores\",\"name\":\"Educaci\u00f3n en valores | Cavall de Cartr\u00f3 - Serveis Educatius\",\"isPartOf\":{\"@id\":\"https:\\\/\\\/www.cavallcartro.cat\\\/#website\"},\"datePublished\":\"2018-08-06T19:46:59+00:00\",\"dateModified\":\"2019-02-21T11:10:22+00:00\",\"breadcrumb\":{\"@id\":\"https:\\\/\\\/www.cavallcartro.cat\\\/es\\\/educacion-en-valores#breadcrumb\"},\"inLanguage\":\"es\",\"potentialAction\":[{\"@type\":\"ReadAction\",\"target\":[\"https:\\\/\\\/www.cavallcartro.cat\\\/es\\\/educacion-en-valores\"]}]},{\"@type\":\"BreadcrumbList\",\"@id\":\"https:\\\/\\\/www.cavallcartro.cat\\\/es\\\/educacion-en-valores#breadcrumb\",\"itemListElement\":[{\"@type\":\"ListItem\",\"position\":1,\"name\":\"Portada\",\"item\":\"https:\\\/\\\/www.cavallcartro.cat\\\/es\"},{\"@type\":\"ListItem\",\"position\":2,\"name\":\"Educaci\u00f3n en valores\"}]},{\"@type\":\"WebSite\",\"@id\":\"https:\\\/\\\/www.cavallcartro.cat\\\/#website\",\"url\":\"https:\\\/\\\/www.cavallcartro.cat\\\/\",\"name\":\"Cavall de Cartr\u00f3\",\"description\":\"Gesti\u00f3 d&#039;escoles bressol i llars d&#039;infants municipals a Barcelona i tota Catalunya.\",\"publisher\":{\"@id\":\"https:\\\/\\\/www.cavallcartro.cat\\\/#organization\"},\"potentialAction\":[{\"@type\":\"SearchAction\",\"target\":{\"@type\":\"EntryPoint\",\"urlTemplate\":\"https:\\\/\\\/www.cavallcartro.cat\\\/?s={search_term_string}\"},\"query-input\":{\"@type\":\"PropertyValueSpecification\",\"valueRequired\":true,\"valueName\":\"search_term_string\"}}],\"inLanguage\":\"es\"},{\"@type\":\"Organization\",\"@id\":\"https:\\\/\\\/www.cavallcartro.cat\\\/#organization\",\"name\":\"Cavall de Cartr\u00f3\",\"url\":\"https:\\\/\\\/www.cavallcartro.cat\\\/\",\"logo\":{\"@type\":\"ImageObject\",\"inLanguage\":\"es\",\"@id\":\"https:\\\/\\\/www.cavallcartro.cat\\\/#\\\/schema\\\/logo\\\/image\\\/\",\"url\":\"https:\\\/\\\/www.cavallcartro.cat\\\/wp-content\\\/uploads\\\/2020\\\/07\\\/Logo-Cavall-de-Cartr\u00f3-gesti\u00f3-escoles-bressol-i-menjadors-escolars-e1596129492304.png\",\"contentUrl\":\"https:\\\/\\\/www.cavallcartro.cat\\\/wp-content\\\/uploads\\\/2020\\\/07\\\/Logo-Cavall-de-Cartr\u00f3-gesti\u00f3-escoles-bressol-i-menjadors-escolars-e1596129492304.png\",\"width\":528,\"height\":274,\"caption\":\"Cavall de Cartr\u00f3\"},\"image\":{\"@id\":\"https:\\\/\\\/www.cavallcartro.cat\\\/#\\\/schema\\\/logo\\\/image\\\/\"},\"sameAs\":[\"https:\\\/\\\/www.facebook.com\\\/cavallcartroedu\",\"https:\\\/\\\/x.com\\\/cavallcartroedu\",\"https:\\\/\\\/www.instagram.com\\\/cavallcartroedu\\\/\",\"https:\\\/\\\/www.youtube.com\\\/@CavalldeCartro\"]},{\"@type\":\"Person\",\"@id\":\"https:\\\/\\\/www.cavallcartro.cat\\\/#\\\/schema\\\/person\\\/6747bc1660e32d545ab2b8e5927ea542\",\"name\":\"cgarcia\",\"image\":{\"@type\":\"ImageObject\",\"inLanguage\":\"es\",\"@id\":\"https:\\\/\\\/secure.gravatar.com\\\/avatar\\\/469990a84f48a39e93ee0d8243415a74ba5692f608ea41afee8cae0e81f99f77?s=96&d=mm&r=g\",\"url\":\"https:\\\/\\\/secure.gravatar.com\\\/avatar\\\/469990a84f48a39e93ee0d8243415a74ba5692f608ea41afee8cae0e81f99f77?s=96&d=mm&r=g\",\"contentUrl\":\"https:\\\/\\\/secure.gravatar.com\\\/avatar\\\/469990a84f48a39e93ee0d8243415a74ba5692f608ea41afee8cae0e81f99f77?s=96&d=mm&r=g\",\"caption\":\"cgarcia\"},\"url\":\"https:\\\/\\\/www.cavallcartro.cat\\\/es\\\/author\\\/cgarcia\"}]}<\/script>\n<!-- \/ Yoast SEO plugin. -->","yoast_head_json":{"title":"Educaci\u00f3n en valores | Cavall de Cartr\u00f3 - Serveis Educatius","robots":{"index":"index","follow":"follow","max-snippet":"max-snippet:-1","max-image-preview":"max-image-preview:large","max-video-preview":"max-video-preview:-1"},"canonical":"https:\/\/www.cavallcartro.cat\/es\/educacion-en-valores","og_locale":"es_ES","og_type":"article","og_title":"Educaci\u00f3n en valores | Cavall de Cartr\u00f3 - Serveis Educatius","og_description":"[vc_row][vc_column][\/vc_column][\/vc_row]","og_url":"https:\/\/www.cavallcartro.cat\/es\/educacion-en-valores","og_site_name":"Cavall de Cartr\u00f3 - Serveis Educatius","article_publisher":"https:\/\/www.facebook.com\/cavallcartroedu","article_modified_time":"2019-02-21T11:10:22+00:00","og_image":[{"width":1200,"height":496,"url":"https:\/\/www.cavallcartro.cat\/wp-content\/uploads\/2019\/03\/Logo-HD-Cavall-de-Cartr\u00f3-Bressol-2019-transparent.png","type":"image\/png"}],"twitter_card":"summary_large_image","twitter_site":"@cavallcartroedu","twitter_misc":{"Tiempo de lectura":"1 minuto"},"schema":{"@context":"https:\/\/schema.org","@graph":[{"@type":"Article","@id":"https:\/\/www.cavallcartro.cat\/es\/educacion-en-valores#article","isPartOf":{"@id":"https:\/\/www.cavallcartro.cat\/es\/educacion-en-valores"},"author":{"name":"cgarcia","@id":"https:\/\/www.cavallcartro.cat\/#\/schema\/person\/6747bc1660e32d545ab2b8e5927ea542"},"headline":"Educaci\u00f3n en valores","datePublished":"2018-08-06T19:46:59+00:00","dateModified":"2019-02-21T11:10:22+00:00","mainEntityOfPage":{"@id":"https:\/\/www.cavallcartro.cat\/es\/educacion-en-valores"},"wordCount":296,"publisher":{"@id":"https:\/\/www.cavallcartro.cat\/#organization"},"inLanguage":"es"},{"@type":"WebPage","@id":"https:\/\/www.cavallcartro.cat\/es\/educacion-en-valores","url":"https:\/\/www.cavallcartro.cat\/es\/educacion-en-valores","name":"Educaci\u00f3n en valores | Cavall de Cartr\u00f3 - Serveis Educatius","isPartOf":{"@id":"https:\/\/www.cavallcartro.cat\/#website"},"datePublished":"2018-08-06T19:46:59+00:00","dateModified":"2019-02-21T11:10:22+00:00","breadcrumb":{"@id":"https:\/\/www.cavallcartro.cat\/es\/educacion-en-valores#breadcrumb"},"inLanguage":"es","potentialAction":[{"@type":"ReadAction","target":["https:\/\/www.cavallcartro.cat\/es\/educacion-en-valores"]}]},{"@type":"BreadcrumbList","@id":"https:\/\/www.cavallcartro.cat\/es\/educacion-en-valores#breadcrumb","itemListElement":[{"@type":"ListItem","position":1,"name":"Portada","item":"https:\/\/www.cavallcartro.cat\/es"},{"@type":"ListItem","position":2,"name":"Educaci\u00f3n en valores"}]},{"@type":"WebSite","@id":"https:\/\/www.cavallcartro.cat\/#website","url":"https:\/\/www.cavallcartro.cat\/","name":"Cavall de Cartr\u00f3","description":"Gesti\u00f3 d&#039;escoles bressol i llars d&#039;infants municipals a Barcelona i tota Catalunya.","publisher":{"@id":"https:\/\/www.cavallcartro.cat\/#organization"},"potentialAction":[{"@type":"SearchAction","target":{"@type":"EntryPoint","urlTemplate":"https:\/\/www.cavallcartro.cat\/?s={search_term_string}"},"query-input":{"@type":"PropertyValueSpecification","valueRequired":true,"valueName":"search_term_string"}}],"inLanguage":"es"},{"@type":"Organization","@id":"https:\/\/www.cavallcartro.cat\/#organization","name":"Cavall de Cartr\u00f3","url":"https:\/\/www.cavallcartro.cat\/","logo":{"@type":"ImageObject","inLanguage":"es","@id":"https:\/\/www.cavallcartro.cat\/#\/schema\/logo\/image\/","url":"https:\/\/www.cavallcartro.cat\/wp-content\/uploads\/2020\/07\/Logo-Cavall-de-Cartr\u00f3-gesti\u00f3-escoles-bressol-i-menjadors-escolars-e1596129492304.png","contentUrl":"https:\/\/www.cavallcartro.cat\/wp-content\/uploads\/2020\/07\/Logo-Cavall-de-Cartr\u00f3-gesti\u00f3-escoles-bressol-i-menjadors-escolars-e1596129492304.png","width":528,"height":274,"caption":"Cavall de Cartr\u00f3"},"image":{"@id":"https:\/\/www.cavallcartro.cat\/#\/schema\/logo\/image\/"},"sameAs":["https:\/\/www.facebook.com\/cavallcartroedu","https:\/\/x.com\/cavallcartroedu","https:\/\/www.instagram.com\/cavallcartroedu\/","https:\/\/www.youtube.com\/@CavalldeCartro"]},{"@type":"Person","@id":"https:\/\/www.cavallcartro.cat\/#\/schema\/person\/6747bc1660e32d545ab2b8e5927ea542","name":"cgarcia","image":{"@type":"ImageObject","inLanguage":"es","@id":"https:\/\/secure.gravatar.com\/avatar\/469990a84f48a39e93ee0d8243415a74ba5692f608ea41afee8cae0e81f99f77?s=96&d=mm&r=g","url":"https:\/\/secure.gravatar.com\/avatar\/469990a84f48a39e93ee0d8243415a74ba5692f608ea41afee8cae0e81f99f77?s=96&d=mm&r=g","contentUrl":"https:\/\/secure.gravatar.com\/avatar\/469990a84f48a39e93ee0d8243415a74ba5692f608ea41afee8cae0e81f99f77?s=96&d=mm&r=g","caption":"cgarcia"},"url":"https:\/\/www.cavallcartro.cat\/es\/author\/cgarcia"}]}},"_links":{"self":[{"href":"https:\/\/www.cavallcartro.cat\/es\/wp-json\/wp\/v2\/pages\/3707","targetHints":{"allow":["GET"]}}],"collection":[{"href":"https:\/\/www.cavallcartro.cat\/es\/wp-json\/wp\/v2\/pages"}],"about":[{"href":"https:\/\/www.cavallcartro.cat\/es\/wp-json\/wp\/v2\/types\/page"}],"author":[{"embeddable":true,"href":"https:\/\/www.cavallcartro.cat\/es\/wp-json\/wp\/v2\/users\/1"}],"replies":[{"embeddable":true,"href":"https:\/\/www.cavallcartro.cat\/es\/wp-json\/wp\/v2\/comments?post=3707"}],"version-history":[{"count":6,"href":"https:\/\/www.cavallcartro.cat\/es\/wp-json\/wp\/v2\/pages\/3707\/revisions"}],"predecessor-version":[{"id":4309,"href":"https:\/\/www.cavallcartro.cat\/es\/wp-json\/wp\/v2\/pages\/3707\/revisions\/4309"}],"wp:attachment":[{"href":"https:\/\/www.cavallcartro.cat\/es\/wp-json\/wp\/v2\/media?parent=3707"}],"curies":[{"name":"wp","href":"https:\/\/api.w.org\/{rel}","templated":true}]}}