{"id":3466,"date":"2018-06-29T08:57:48","date_gmt":"2018-06-29T08:57:48","guid":{"rendered":"https:\/\/www.cavallcartro.cat\/?page_id=3466"},"modified":"2019-02-21T12:47:34","modified_gmt":"2019-02-21T12:47:34","slug":"transporte-escolar","status":"publish","type":"page","link":"https:\/\/www.cavallcartro.cat\/es\/transporte-escolar","title":{"rendered":"Transporte escolar"},"content":{"rendered":"<div class=\"wpb-content-wrapper\">[vc_row][vc_column]<div   >\n                        <div class=\"swmsc_container\">\n                            [vc_row_inner][vc_column_inner]<div  class=\"swmsc_fancy_heading swmsc_fancy_heading_center fh_icon_star\" style=\"margin-top:0;margin-bottom:60px;\">\n                        <div class=\"swmsc_fancy_heading_text\" style=\"font-size:42px;line-height:36px;\">\n                            <span style=\"color: #f47e40;\"><strong>Acompa\u00f1amiento en el Transporte Escolar y Adaptado<\/strong><\/span>\n                            <div class=\"swmsc_fancy_heading_border\">\n                                <span class=\"swmsc_fancy_heading_border1\" style=\"background:#87888a;\"><\/span>\n                                <span class=\"swmsc_fancy_heading_border2\" style=\"background:#87888a;\"><\/span>\n                                <span class=\"swmsc_fancy_heading_icon\"><i class=\"fa fa-star\"  style=\"color:#80b5df;\"><\/i><\/span>\n                            <\/div>\n                        <\/div>\n                    <\/div>[\/vc_column_inner][\/vc_row_inner]\n                            <div class=\"clear\"><\/div>\n                        <\/div>\n                    <\/div>[\/vc_column][\/vc_row][vc_row css=\u00bb.vc_custom_1459449116032{padding-top: 60px !important;padding-bottom: 60px !important;}\u00bb][vc_column]<div   >\n                        <div class=\"swmsc_container\">\n                            [vc_row_inner][vc_column_inner]<div  class=\"swmsc_text_block\" > Gestionamos el servicio de monitorizaci\u00f3n del transporte escolar y adaptado obligatorio y no obligatorio de los alumnos desplazados a los Centros Docentes, Trabajos Ocupacionales o Centros de D\u00eda.\u00a0Garantizamos la seguridad y bienestar durante el trayecto de ida y de vuelta a los centros que les corresponde.\u00a0En cuanto a los centros educativos el acompa\u00f1amiento se realiza todos los d\u00edas lectivos marcados en el calendario escolar de cada curso, que ser\u00e1 aprobado por el Departamento de Ense\u00f1anza de la Generalidad de Catalu\u00f1a y por los Centros Educativos respectivos.\u00a0Objetivos principales:<\/p>\n<ul>\n<li>Realizar el servicio de acompa\u00f1amiento de manera eficaz y sin incidencias<\/li>\n<li>Garantizar la seguridad y bienestar de los usuarios del servicio de transporte<\/li>\n<li>Mantener un equipo de acompa\u00f1antes motivados por el trabajo hecho y comprometidos a mejorar d\u00eda a d\u00eda<\/li>\n<\/ul>\n<\/div>[\/vc_column_inner][\/vc_row_inner]\n                            <div class=\"clear\"><\/div>\n                        <\/div>\n                    <\/div>[\/vc_column][\/vc_row]\n<\/div>","protected":false},"excerpt":{"rendered":"<p>[vc_row][vc_column][\/vc_column][\/vc_row][vc_row css=\u00bb.vc_custom_1459449116032{padding-top: 60px !important;padding-bottom: 60px !important;}\u00bb][vc_column][\/vc_column][\/vc_row]<\/p>\n","protected":false},"author":1,"featured_media":0,"parent":0,"menu_order":0,"comment_status":"closed","ping_status":"closed","template":"templates\/100-width.php","meta":{"footnotes":""},"class_list":["post-3466","page","type-page","status-publish","hentry"],"yoast_head":"<!-- This site is optimized with the Yoast SEO plugin v27.5 - https:\/\/yoast.com\/product\/yoast-seo-wordpress\/ -->\n<title>Transporte escolar | Cavall de Cartr\u00f3 - Serveis Educatius<\/title>\n<meta name=\"robots\" content=\"index, follow, max-snippet:-1, max-image-preview:large, max-video-preview:-1\" \/>\n<link rel=\"canonical\" href=\"https:\/\/www.cavallcartro.cat\/es\/transporte-escolar\" \/>\n<meta property=\"og:locale\" content=\"es_ES\" \/>\n<meta property=\"og:type\" content=\"article\" \/>\n<meta property=\"og:title\" content=\"Transporte escolar | Cavall de Cartr\u00f3 - Serveis Educatius\" \/>\n<meta property=\"og:description\" content=\"[vc_row][vc_column][\/vc_column][\/vc_row][vc_row css=\u00bb.vc_custom_1459449116032{padding-top: 60px !important;padding-bottom: 60px !important;}\u00bb][vc_column][\/vc_column][\/vc_row]\" \/>\n<meta property=\"og:url\" content=\"https:\/\/www.cavallcartro.cat\/es\/transporte-escolar\" \/>\n<meta property=\"og:site_name\" content=\"Cavall de Cartr\u00f3 - Serveis Educatius\" \/>\n<meta property=\"article:publisher\" content=\"https:\/\/www.facebook.com\/cavallcartroedu\" \/>\n<meta property=\"article:modified_time\" content=\"2019-02-21T12:47:34+00:00\" \/>\n<meta property=\"og:image\" content=\"https:\/\/www.cavallcartro.cat\/wp-content\/uploads\/2019\/03\/Logo-HD-Cavall-de-Cartr\u00f3-Bressol-2019-transparent.png\" \/>\n\t<meta property=\"og:image:width\" content=\"1200\" \/>\n\t<meta property=\"og:image:height\" content=\"496\" \/>\n\t<meta property=\"og:image:type\" content=\"image\/png\" \/>\n<meta name=\"twitter:card\" content=\"summary_large_image\" \/>\n<meta name=\"twitter:site\" content=\"@cavallcartroedu\" \/>\n<meta name=\"twitter:label1\" content=\"Tiempo de lectura\" \/>\n\t<meta name=\"twitter:data1\" content=\"1 minuto\" \/>\n<script type=\"application\/ld+json\" class=\"yoast-schema-graph\">{\"@context\":\"https:\\\/\\\/schema.org\",\"@graph\":[{\"@type\":\"Article\",\"@id\":\"https:\\\/\\\/www.cavallcartro.cat\\\/es\\\/transporte-escolar#article\",\"isPartOf\":{\"@id\":\"https:\\\/\\\/www.cavallcartro.cat\\\/es\\\/transporte-escolar\"},\"author\":{\"name\":\"cgarcia\",\"@id\":\"https:\\\/\\\/www.cavallcartro.cat\\\/#\\\/schema\\\/person\\\/6747bc1660e32d545ab2b8e5927ea542\"},\"headline\":\"Transporte escolar\",\"datePublished\":\"2018-06-29T08:57:48+00:00\",\"dateModified\":\"2019-02-21T12:47:34+00:00\",\"mainEntityOfPage\":{\"@id\":\"https:\\\/\\\/www.cavallcartro.cat\\\/es\\\/transporte-escolar\"},\"wordCount\":257,\"publisher\":{\"@id\":\"https:\\\/\\\/www.cavallcartro.cat\\\/#organization\"},\"inLanguage\":\"es\"},{\"@type\":\"WebPage\",\"@id\":\"https:\\\/\\\/www.cavallcartro.cat\\\/es\\\/transporte-escolar\",\"url\":\"https:\\\/\\\/www.cavallcartro.cat\\\/es\\\/transporte-escolar\",\"name\":\"Transporte escolar | Cavall de Cartr\u00f3 - Serveis Educatius\",\"isPartOf\":{\"@id\":\"https:\\\/\\\/www.cavallcartro.cat\\\/#website\"},\"datePublished\":\"2018-06-29T08:57:48+00:00\",\"dateModified\":\"2019-02-21T12:47:34+00:00\",\"breadcrumb\":{\"@id\":\"https:\\\/\\\/www.cavallcartro.cat\\\/es\\\/transporte-escolar#breadcrumb\"},\"inLanguage\":\"es\",\"potentialAction\":[{\"@type\":\"ReadAction\",\"target\":[\"https:\\\/\\\/www.cavallcartro.cat\\\/es\\\/transporte-escolar\"]}]},{\"@type\":\"BreadcrumbList\",\"@id\":\"https:\\\/\\\/www.cavallcartro.cat\\\/es\\\/transporte-escolar#breadcrumb\",\"itemListElement\":[{\"@type\":\"ListItem\",\"position\":1,\"name\":\"Portada\",\"item\":\"https:\\\/\\\/www.cavallcartro.cat\\\/es\"},{\"@type\":\"ListItem\",\"position\":2,\"name\":\"Transporte escolar\"}]},{\"@type\":\"WebSite\",\"@id\":\"https:\\\/\\\/www.cavallcartro.cat\\\/#website\",\"url\":\"https:\\\/\\\/www.cavallcartro.cat\\\/\",\"name\":\"Cavall de Cartr\u00f3\",\"description\":\"Gesti\u00f3 d&#039;escoles bressol i llars d&#039;infants municipals a Barcelona i tota Catalunya.\",\"publisher\":{\"@id\":\"https:\\\/\\\/www.cavallcartro.cat\\\/#organization\"},\"potentialAction\":[{\"@type\":\"SearchAction\",\"target\":{\"@type\":\"EntryPoint\",\"urlTemplate\":\"https:\\\/\\\/www.cavallcartro.cat\\\/?s={search_term_string}\"},\"query-input\":{\"@type\":\"PropertyValueSpecification\",\"valueRequired\":true,\"valueName\":\"search_term_string\"}}],\"inLanguage\":\"es\"},{\"@type\":\"Organization\",\"@id\":\"https:\\\/\\\/www.cavallcartro.cat\\\/#organization\",\"name\":\"Cavall de Cartr\u00f3\",\"url\":\"https:\\\/\\\/www.cavallcartro.cat\\\/\",\"logo\":{\"@type\":\"ImageObject\",\"inLanguage\":\"es\",\"@id\":\"https:\\\/\\\/www.cavallcartro.cat\\\/#\\\/schema\\\/logo\\\/image\\\/\",\"url\":\"https:\\\/\\\/www.cavallcartro.cat\\\/wp-content\\\/uploads\\\/2020\\\/07\\\/Logo-Cavall-de-Cartr\u00f3-gesti\u00f3-escoles-bressol-i-menjadors-escolars-e1596129492304.png\",\"contentUrl\":\"https:\\\/\\\/www.cavallcartro.cat\\\/wp-content\\\/uploads\\\/2020\\\/07\\\/Logo-Cavall-de-Cartr\u00f3-gesti\u00f3-escoles-bressol-i-menjadors-escolars-e1596129492304.png\",\"width\":528,\"height\":274,\"caption\":\"Cavall de Cartr\u00f3\"},\"image\":{\"@id\":\"https:\\\/\\\/www.cavallcartro.cat\\\/#\\\/schema\\\/logo\\\/image\\\/\"},\"sameAs\":[\"https:\\\/\\\/www.facebook.com\\\/cavallcartroedu\",\"https:\\\/\\\/x.com\\\/cavallcartroedu\",\"https:\\\/\\\/www.instagram.com\\\/cavallcartroedu\\\/\",\"https:\\\/\\\/www.youtube.com\\\/@CavalldeCartro\"]},{\"@type\":\"Person\",\"@id\":\"https:\\\/\\\/www.cavallcartro.cat\\\/#\\\/schema\\\/person\\\/6747bc1660e32d545ab2b8e5927ea542\",\"name\":\"cgarcia\",\"image\":{\"@type\":\"ImageObject\",\"inLanguage\":\"es\",\"@id\":\"https:\\\/\\\/secure.gravatar.com\\\/avatar\\\/469990a84f48a39e93ee0d8243415a74ba5692f608ea41afee8cae0e81f99f77?s=96&d=mm&r=g\",\"url\":\"https:\\\/\\\/secure.gravatar.com\\\/avatar\\\/469990a84f48a39e93ee0d8243415a74ba5692f608ea41afee8cae0e81f99f77?s=96&d=mm&r=g\",\"contentUrl\":\"https:\\\/\\\/secure.gravatar.com\\\/avatar\\\/469990a84f48a39e93ee0d8243415a74ba5692f608ea41afee8cae0e81f99f77?s=96&d=mm&r=g\",\"caption\":\"cgarcia\"},\"url\":\"https:\\\/\\\/www.cavallcartro.cat\\\/es\\\/author\\\/cgarcia\"}]}<\/script>\n<!-- \/ Yoast SEO plugin. -->","yoast_head_json":{"title":"Transporte escolar | Cavall de Cartr\u00f3 - Serveis Educatius","robots":{"index":"index","follow":"follow","max-snippet":"max-snippet:-1","max-image-preview":"max-image-preview:large","max-video-preview":"max-video-preview:-1"},"canonical":"https:\/\/www.cavallcartro.cat\/es\/transporte-escolar","og_locale":"es_ES","og_type":"article","og_title":"Transporte escolar | Cavall de Cartr\u00f3 - Serveis Educatius","og_description":"[vc_row][vc_column][\/vc_column][\/vc_row][vc_row css=\u00bb.vc_custom_1459449116032{padding-top: 60px !important;padding-bottom: 60px !important;}\u00bb][vc_column][\/vc_column][\/vc_row]","og_url":"https:\/\/www.cavallcartro.cat\/es\/transporte-escolar","og_site_name":"Cavall de Cartr\u00f3 - Serveis Educatius","article_publisher":"https:\/\/www.facebook.com\/cavallcartroedu","article_modified_time":"2019-02-21T12:47:34+00:00","og_image":[{"width":1200,"height":496,"url":"https:\/\/www.cavallcartro.cat\/wp-content\/uploads\/2019\/03\/Logo-HD-Cavall-de-Cartr\u00f3-Bressol-2019-transparent.png","type":"image\/png"}],"twitter_card":"summary_large_image","twitter_site":"@cavallcartroedu","twitter_misc":{"Tiempo de lectura":"1 minuto"},"schema":{"@context":"https:\/\/schema.org","@graph":[{"@type":"Article","@id":"https:\/\/www.cavallcartro.cat\/es\/transporte-escolar#article","isPartOf":{"@id":"https:\/\/www.cavallcartro.cat\/es\/transporte-escolar"},"author":{"name":"cgarcia","@id":"https:\/\/www.cavallcartro.cat\/#\/schema\/person\/6747bc1660e32d545ab2b8e5927ea542"},"headline":"Transporte escolar","datePublished":"2018-06-29T08:57:48+00:00","dateModified":"2019-02-21T12:47:34+00:00","mainEntityOfPage":{"@id":"https:\/\/www.cavallcartro.cat\/es\/transporte-escolar"},"wordCount":257,"publisher":{"@id":"https:\/\/www.cavallcartro.cat\/#organization"},"inLanguage":"es"},{"@type":"WebPage","@id":"https:\/\/www.cavallcartro.cat\/es\/transporte-escolar","url":"https:\/\/www.cavallcartro.cat\/es\/transporte-escolar","name":"Transporte escolar | Cavall de Cartr\u00f3 - Serveis Educatius","isPartOf":{"@id":"https:\/\/www.cavallcartro.cat\/#website"},"datePublished":"2018-06-29T08:57:48+00:00","dateModified":"2019-02-21T12:47:34+00:00","breadcrumb":{"@id":"https:\/\/www.cavallcartro.cat\/es\/transporte-escolar#breadcrumb"},"inLanguage":"es","potentialAction":[{"@type":"ReadAction","target":["https:\/\/www.cavallcartro.cat\/es\/transporte-escolar"]}]},{"@type":"BreadcrumbList","@id":"https:\/\/www.cavallcartro.cat\/es\/transporte-escolar#breadcrumb","itemListElement":[{"@type":"ListItem","position":1,"name":"Portada","item":"https:\/\/www.cavallcartro.cat\/es"},{"@type":"ListItem","position":2,"name":"Transporte escolar"}]},{"@type":"WebSite","@id":"https:\/\/www.cavallcartro.cat\/#website","url":"https:\/\/www.cavallcartro.cat\/","name":"Cavall de Cartr\u00f3","description":"Gesti\u00f3 d&#039;escoles bressol i llars d&#039;infants municipals a Barcelona i tota Catalunya.","publisher":{"@id":"https:\/\/www.cavallcartro.cat\/#organization"},"potentialAction":[{"@type":"SearchAction","target":{"@type":"EntryPoint","urlTemplate":"https:\/\/www.cavallcartro.cat\/?s={search_term_string}"},"query-input":{"@type":"PropertyValueSpecification","valueRequired":true,"valueName":"search_term_string"}}],"inLanguage":"es"},{"@type":"Organization","@id":"https:\/\/www.cavallcartro.cat\/#organization","name":"Cavall de Cartr\u00f3","url":"https:\/\/www.cavallcartro.cat\/","logo":{"@type":"ImageObject","inLanguage":"es","@id":"https:\/\/www.cavallcartro.cat\/#\/schema\/logo\/image\/","url":"https:\/\/www.cavallcartro.cat\/wp-content\/uploads\/2020\/07\/Logo-Cavall-de-Cartr\u00f3-gesti\u00f3-escoles-bressol-i-menjadors-escolars-e1596129492304.png","contentUrl":"https:\/\/www.cavallcartro.cat\/wp-content\/uploads\/2020\/07\/Logo-Cavall-de-Cartr\u00f3-gesti\u00f3-escoles-bressol-i-menjadors-escolars-e1596129492304.png","width":528,"height":274,"caption":"Cavall de Cartr\u00f3"},"image":{"@id":"https:\/\/www.cavallcartro.cat\/#\/schema\/logo\/image\/"},"sameAs":["https:\/\/www.facebook.com\/cavallcartroedu","https:\/\/x.com\/cavallcartroedu","https:\/\/www.instagram.com\/cavallcartroedu\/","https:\/\/www.youtube.com\/@CavalldeCartro"]},{"@type":"Person","@id":"https:\/\/www.cavallcartro.cat\/#\/schema\/person\/6747bc1660e32d545ab2b8e5927ea542","name":"cgarcia","image":{"@type":"ImageObject","inLanguage":"es","@id":"https:\/\/secure.gravatar.com\/avatar\/469990a84f48a39e93ee0d8243415a74ba5692f608ea41afee8cae0e81f99f77?s=96&d=mm&r=g","url":"https:\/\/secure.gravatar.com\/avatar\/469990a84f48a39e93ee0d8243415a74ba5692f608ea41afee8cae0e81f99f77?s=96&d=mm&r=g","contentUrl":"https:\/\/secure.gravatar.com\/avatar\/469990a84f48a39e93ee0d8243415a74ba5692f608ea41afee8cae0e81f99f77?s=96&d=mm&r=g","caption":"cgarcia"},"url":"https:\/\/www.cavallcartro.cat\/es\/author\/cgarcia"}]}},"_links":{"self":[{"href":"https:\/\/www.cavallcartro.cat\/es\/wp-json\/wp\/v2\/pages\/3466","targetHints":{"allow":["GET"]}}],"collection":[{"href":"https:\/\/www.cavallcartro.cat\/es\/wp-json\/wp\/v2\/pages"}],"about":[{"href":"https:\/\/www.cavallcartro.cat\/es\/wp-json\/wp\/v2\/types\/page"}],"author":[{"embeddable":true,"href":"https:\/\/www.cavallcartro.cat\/es\/wp-json\/wp\/v2\/users\/1"}],"replies":[{"embeddable":true,"href":"https:\/\/www.cavallcartro.cat\/es\/wp-json\/wp\/v2\/comments?post=3466"}],"version-history":[{"count":3,"href":"https:\/\/www.cavallcartro.cat\/es\/wp-json\/wp\/v2\/pages\/3466\/revisions"}],"predecessor-version":[{"id":3722,"href":"https:\/\/www.cavallcartro.cat\/es\/wp-json\/wp\/v2\/pages\/3466\/revisions\/3722"}],"wp:attachment":[{"href":"https:\/\/www.cavallcartro.cat\/es\/wp-json\/wp\/v2\/media?parent=3466"}],"curies":[{"name":"wp","href":"https:\/\/api.w.org\/{rel}","templated":true}]}}