{"id":2453,"date":"2017-01-26T12:22:41","date_gmt":"2017-01-26T12:22:41","guid":{"rendered":"http:\/\/www.cavallcartro.cat\/inici\/politica-de-cookies"},"modified":"2023-09-07T09:36:02","modified_gmt":"2023-09-07T09:36:02","slug":"politica-de-cookies","status":"publish","type":"page","link":"https:\/\/www.cavallcartro.cat\/es\/inicio\/politica-de-cookies","title":{"rendered":"Pol\u00edtica de cookies"},"content":{"rendered":"<h3><strong>INTRODUCCI\u00d3N<\/strong><\/h3>\n<p>El editor de la p\u00e1gina <a href=\"http:\/\/www.cavallcartro.cat\">www.cavallcartro.cat<\/a> es Servicios Educativos Cavall de Cartr\u00f3, S.L., en cumplimiento del art\u00edculo\u00a022 de la Ley 34\/2002, de 11 de julio, de servicios de la sociedad de la informaci\u00f3n y de\u00a0comercio electr\u00f3nico, facilita a los Usuarios informaci\u00f3n relativa a las cookies, qu\u00e9 son las\u00a0cookies, qu\u00e9 tipos de cookies se instalan en el ordenador (en adelante \u201cequipo\u201d) del Usuario\u00a0cuando este visita nuestro sitio, y cu\u00e1l es la finalidad del uso de las cookies.<\/p>\n<h3><\/h3>\n<h3>\u00bfQU\u00c9 SON LAS COOKIES?<\/h3>\n<p>Una \u201ccookie\u201d es un elemento de datos que un sitio Web puede enviar a su explorador y que\u00a0puede que se almacene en su sistema.<\/p>\n<p>Una cookie es un peque\u00f1o archivo de texto que un proveedor de servicios en l\u00ednea (como\u00a0www.cavallcartro.cat) instala en el equipo de las personas que visitan su\u00a0sitio web. Las cookies pueden recabar informaci\u00f3n sobre los h\u00e1bitos de los visitantes por lo que\u00a0respecta al uso de dicho sitio web registrando las actividades de su equipo en relaci\u00f3n con\u00a0dicho sitio, por ejemplo, cuando realiza compras.<\/p>\n<p>Las cookies utilizadas son fundamentalmente para optimizar el funcionamiento del sitio web.<\/p>\n<p>Las cookies generadas cuando un Usuario visita solamente nuestro sitio no nos permiten\u00a0identificarlo personalmente<\/p>\n<p>&nbsp;<\/p>\n<h3>TIPOS DE COOKIES<\/h3>\n<p>La informaci\u00f3n que le proporcionamos a continuaci\u00f3n, le ayudar\u00e1 a comprender los diferentes tipos de cookies:<\/p>\n<p><strong>SEG\u00daN EL PLAZO DE TIEMPO QUE PERMANECEN ACTIVADAS:<\/strong><\/p>\n<p><strong>Cookies de sesi\u00f3n:<\/strong>\u00a0Son cookies temporales que permanecen en el archivo de cookies de su\u00a0navegador hasta que abandone la p\u00e1gina web, por lo que ninguna queda registrada en el\u00a0equipo del Usuario. La informaci\u00f3n obtenida por medio de estas cookies, sirven para analizar pautas de tr\u00e1fico en la web. Por ejemplo, permiten llevar a cabo un seguimiento del uso que\u00a0se realiza de nuestros sitios durante una sesi\u00f3n de navegaci\u00f3n \u00fanica y ayudan a utilizar nuestro\u00a0sitio de forma m\u00e1s eficaz.<\/p>\n<p><strong>Cookies persistentes:<\/strong>\u00a0Son almacenadas en el equipo del Usuario durante una sesi\u00f3n de\u00a0navegaci\u00f3n y permanecen en el equipo al finalizar la sesi\u00f3n de navegaci\u00f3n. Las cookies\u00a0persistentes se mantienen activas durante per\u00edodos definidos que pueden ir entre varios\u00a0minutos a a\u00f1os.<\/p>\n<p><strong>SEG\u00daN LA ENTIDAD QUE LAS GESTIONE:<\/strong><\/p>\n<p><strong>Cookies propias:<\/strong>\u00a0Son aqu\u00e9llas que se env\u00edan al equipo del usuario desde un equipo o dominio gestionado por el\u00a0propio editor y desde el que se presta el servicio solicitado por el usuario.\u00a0Pueden incluir cookies como cookies de sesi\u00f3n y cookies persistentes. Utilizamos las cookies de\u00a0origen para seguir los movimientos efectuados desde el ordenador u otro dispositivo del Usuario\u00a0al consultar nuestro sitio, por ejemplo, con fines de comercializaci\u00f3n y an\u00e1lisis.<\/p>\n<p><strong>Cookies de terceros:<\/strong>\u00a0Son aqu\u00e9llas que se env\u00edan al equipo del usuario desde un equipo o dominio que no es\u00a0gestionado por el editor, sino por otra entidad que trata los datos obtenidos trav\u00e9s de las\u00a0cookies, como por ejemplo, las usadas en redes sociales, o por complementos externos de\u00a0contenido como google maps.<\/p>\n<p>&nbsp;<\/p>\n<h3>RELACI\u00d3N Y DESCRIPCI\u00d3N DE COOKIES<\/h3>\n<p>A continuaci\u00f3n se proporciona informaci\u00f3n m\u00e1s detallada sobre las cookies que se instalan en el equipo del Usuario al visitar nuestro sitio:<\/p>\n<p><script id=\"CookieDeclaration\" data-culture=\"es\" src=\"https:\/\/consent.cookiebot.com\/198668fc-9a81-475c-a0eb-84bd59c132a7\/cd.js\" type=\"text\/javascript\" async><\/script><\/p>\n<p>Con el uso de redes sociales en el sitio se instalan cookies de terceros a todos sus visitantes, aunque no sean usuarios registrados en las correspondientes plataformas:<\/p>\n<ul>\n<li><a href=\"https:\/\/www.facebook.com\/help\/cookies\" target=\"_blank\" rel=\"noopener\">P\u00e1gina de Cookies de Facebook<\/a><\/li>\n<li><a href=\"https:\/\/support.twitter.com\/articles\/20170521-el-uso-que-hace-twitter-de-cookies-y-tecnologias-similares\" target=\"_blank\" rel=\"noopener\">P\u00e1gina de Cookies de Twitter<\/a><\/li>\n<li><a href=\"http:\/\/vimeo.com\/cookie_policy\" target=\"_blank\" rel=\"noopener\">P\u00e1gina de cookies de Vimeo<\/a><\/li>\n<li><a href=\"https:\/\/www.google.es\/intl\/es\/policies\/technologies\/cookies\/\" target=\"_blank\" rel=\"noopener\">https:\/\/www.google.es\/intl\/es\/policies\/technologies\/cookies\/<\/a><\/li>\n<li><a href=\"https:\/\/es.linkedin.com\/legal\/cookie-policy\" target=\"_blank\" rel=\"noopener\">https:\/\/es.linkedin.com\/legal\/cookie-policy<\/a><\/li>\n<\/ul>\n<h3><\/h3>\n<h3>Uso de Web Beacons:<\/h3>\n<p>Algunas de nuestras p\u00e1ginas web pueden contener im\u00e1genes electr\u00f3nicas conocidas\u00a0como web beacons (algunas veces conocidas como gifs transparentes) que nos\u00a0permiten contar los usuarios que han visitado estas p\u00e1ginas. Los web beacons s\u00f3lo\u00a0recogen informaci\u00f3n limitada que incluye un n\u00famero de cookie, hora y fecha de\u00a0visionado de la p\u00e1gina y una descripci\u00f3n de la p\u00e1gina en la que reside el web beacon.\u00a0Tambi\u00e9n podemos transportar los web beacons colocados por terceros anunciantes. \u00a0Estos beacons no llevan informaci\u00f3n personal identificable alguna y s\u00f3lo se utilizan\u00a0para rastrear la eficacia de una campa\u00f1a particular.<\/p>\n<h3><\/h3>\n<h3>\u00bfC\u00f3mo puede desactivarse las Cookies?<\/h3>\n<p>El Usuario puede bloquear\/deshabilitar la instalaci\u00f3n de cookies en su equipo modificando la configuraci\u00f3n del explorador, para lo cual debe seguir las instrucciones proporcionadas por el proveedor del explorador de Internet o de cualquier otro dispositivo. No obstante, el Usuario debe tener en cuenta que este bloqueo puede limitar en gran medida el grado de satisfacci\u00f3n de las visitas a\u00a0<a href=\"http:\/\/www.clece.es\/\">www.clece.es<\/a>\u00a0e, incluso, puede impedirle utilizar nuestros sitios. Normalmente es posible dejar de aceptar las Cookies del navegador, o dejar de aceptar las Cookies de un Servicio en particular.<\/p>\n<p>Los usuarios pueden decidir libremente gestionar el uso de las cookies (habilitar\/deshabilitar). Pueden controlar y modificar los ajustes de las cookies en su explorador web. Las informaciones sobre los ajustes de las cookies (para diferentes exploradores web) est\u00e1n disponibles a trav\u00e9s de los siguientes enlaces:<\/p>\n<ul class=\"cuadrado\">\n<li><a href=\"http:\/\/windows.microsoft.com\/es-es\/windows-vista\/block-or-allow-cookies\" target=\"_blank\" rel=\"noopener\">Internet Explorer 7 i 8<\/a><\/li>\n<li><a href=\"http:\/\/windows.microsoft.com\/es-es\/windows7\/how-to-manage-cookies-in-internet-explorer-9\" target=\"_blank\" rel=\"noopener\">Internet Explorer 9<\/a><\/li>\n<li><a href=\"https:\/\/support.google.com\/accounts\/answer\/61416?hl=es\" target=\"_blank\" rel=\"noopener\">Google Chrome<\/a><\/li>\n<li><a href=\"http:\/\/support.mozilla.org\/es\/kb\/habilitar-y-deshabilitar-cookies-que-los-sitios-we\" target=\"_blank\" rel=\"noopener\">Firefox<\/a><\/li>\n<li><a href=\"http:\/\/www.opera.com\/help\/tutorials\/security\/cookies\/\" target=\"_blank\" rel=\"noopener\">Opera (p\u00e0gina en angl\u00e8s)<\/a><\/li>\n<li><a href=\"http:\/\/support.apple.com\/kb\/HT1677?viewlocale=es_ES\" target=\"_blank\" rel=\"noopener\">Safari<\/a><\/li>\n<\/ul>\n<p>Si bloquee las cookies, algunas posibilidades de la p\u00e1gina web ser\u00e1n deshabilitadas.<\/p>\n<p>Para obtener m\u00e1s informaci\u00f3n acerca de las cookies, incluyendo c\u00f3mo ver lo que se han establecido las cookies y c\u00f3mo gestionar y borrarlas, puede visitar\u00a0<a href=\"http:\/\/support.microsoft.com\/gp\/cookies\">http:\/\/support.microsoft.com\/gp\/cookies<\/a>\u00a0o\u00a0<a href=\"http:\/\/www.aboutcookies.org\/\">www.aboutcookies.org<\/a>.<\/p>\n<h3><\/h3>\n<h3>\u00bfAlguna pregunta?<\/h3>\n<p>Si el usuario tiene alguna pregunta, no debe dudar en ponerse en contacto con nosotros en <a href=\"mailto:lopd-clece@clece.es\">lopd-clece@clece.es<\/a><\/p>\n","protected":false},"excerpt":{"rendered":"<p>INTRODUCCI\u00d3N El editor de la p\u00e1gina www.cavallcartro.cat es Servicios Educativos Cavall de Cartr\u00f3, S.L., en cumplimiento del art\u00edculo\u00a022 de la Ley 34\/2002, de 11 de julio, de servicios de la sociedad de la informaci\u00f3n y de\u00a0comercio electr\u00f3nico, facilita a los Usuarios informaci\u00f3n relativa a las cookies, qu\u00e9 son las\u00a0cookies, qu\u00e9 [&hellip;]<\/p>\n","protected":false},"author":1,"featured_media":0,"parent":2402,"menu_order":0,"comment_status":"closed","ping_status":"closed","template":"","meta":{"footnotes":""},"class_list":["post-2453","page","type-page","status-publish","hentry"],"yoast_head":"<!-- This site is optimized with the Yoast SEO plugin v27.4 - https:\/\/yoast.com\/product\/yoast-seo-wordpress\/ -->\n<title>Pol\u00edtica de cookies | Cavall de Cartr\u00f3 - Serveis Educatius<\/title>\n<meta name=\"robots\" content=\"index, follow, max-snippet:-1, max-image-preview:large, max-video-preview:-1\" \/>\n<link rel=\"canonical\" href=\"https:\/\/www.cavallcartro.cat\/es\/inicio\/politica-de-cookies\" \/>\n<meta property=\"og:locale\" content=\"es_ES\" \/>\n<meta property=\"og:type\" content=\"article\" \/>\n<meta property=\"og:title\" content=\"Pol\u00edtica de cookies | Cavall de Cartr\u00f3 - Serveis Educatius\" \/>\n<meta property=\"og:description\" content=\"INTRODUCCI\u00d3N El editor de la p\u00e1gina www.cavallcartro.cat es Servicios Educativos Cavall de Cartr\u00f3, S.L., en cumplimiento del art\u00edculo\u00a022 de la Ley 34\/2002, de 11 de julio, de servicios de la sociedad de la informaci\u00f3n y de\u00a0comercio electr\u00f3nico, facilita a los Usuarios informaci\u00f3n relativa a las cookies, qu\u00e9 son las\u00a0cookies, qu\u00e9 [&hellip;]\" \/>\n<meta property=\"og:url\" content=\"https:\/\/www.cavallcartro.cat\/es\/inicio\/politica-de-cookies\" \/>\n<meta property=\"og:site_name\" content=\"Cavall de Cartr\u00f3 - Serveis Educatius\" \/>\n<meta property=\"article:publisher\" content=\"https:\/\/www.facebook.com\/cavallcartroedu\" \/>\n<meta property=\"article:modified_time\" content=\"2023-09-07T09:36:02+00:00\" \/>\n<meta property=\"og:image\" content=\"https:\/\/www.cavallcartro.cat\/wp-content\/uploads\/2019\/03\/Logo-HD-Cavall-de-Cartr\u00f3-Bressol-2019-transparent.png\" \/>\n\t<meta property=\"og:image:width\" content=\"1200\" \/>\n\t<meta property=\"og:image:height\" content=\"496\" \/>\n\t<meta property=\"og:image:type\" content=\"image\/png\" \/>\n<meta name=\"twitter:card\" content=\"summary_large_image\" \/>\n<meta name=\"twitter:site\" content=\"@cavallcartroedu\" \/>\n<meta name=\"twitter:label1\" content=\"Tiempo de lectura\" \/>\n\t<meta name=\"twitter:data1\" content=\"5 minutos\" \/>\n<script type=\"application\/ld+json\" class=\"yoast-schema-graph\">{\"@context\":\"https:\\\/\\\/schema.org\",\"@graph\":[{\"@type\":\"Article\",\"@id\":\"https:\\\/\\\/www.cavallcartro.cat\\\/es\\\/inicio\\\/politica-de-cookies#article\",\"isPartOf\":{\"@id\":\"https:\\\/\\\/www.cavallcartro.cat\\\/es\\\/inicio\\\/politica-de-cookies\"},\"author\":{\"name\":\"cgarcia\",\"@id\":\"https:\\\/\\\/www.cavallcartro.cat\\\/#\\\/schema\\\/person\\\/6747bc1660e32d545ab2b8e5927ea542\"},\"headline\":\"Pol\u00edtica de cookies\",\"datePublished\":\"2017-01-26T12:22:41+00:00\",\"dateModified\":\"2023-09-07T09:36:02+00:00\",\"mainEntityOfPage\":{\"@id\":\"https:\\\/\\\/www.cavallcartro.cat\\\/es\\\/inicio\\\/politica-de-cookies\"},\"wordCount\":974,\"publisher\":{\"@id\":\"https:\\\/\\\/www.cavallcartro.cat\\\/#organization\"},\"inLanguage\":\"es\"},{\"@type\":\"WebPage\",\"@id\":\"https:\\\/\\\/www.cavallcartro.cat\\\/es\\\/inicio\\\/politica-de-cookies\",\"url\":\"https:\\\/\\\/www.cavallcartro.cat\\\/es\\\/inicio\\\/politica-de-cookies\",\"name\":\"Pol\u00edtica de cookies | Cavall de Cartr\u00f3 - Serveis Educatius\",\"isPartOf\":{\"@id\":\"https:\\\/\\\/www.cavallcartro.cat\\\/#website\"},\"datePublished\":\"2017-01-26T12:22:41+00:00\",\"dateModified\":\"2023-09-07T09:36:02+00:00\",\"breadcrumb\":{\"@id\":\"https:\\\/\\\/www.cavallcartro.cat\\\/es\\\/inicio\\\/politica-de-cookies#breadcrumb\"},\"inLanguage\":\"es\",\"potentialAction\":[{\"@type\":\"ReadAction\",\"target\":[\"https:\\\/\\\/www.cavallcartro.cat\\\/es\\\/inicio\\\/politica-de-cookies\"]}]},{\"@type\":\"BreadcrumbList\",\"@id\":\"https:\\\/\\\/www.cavallcartro.cat\\\/es\\\/inicio\\\/politica-de-cookies#breadcrumb\",\"itemListElement\":[{\"@type\":\"ListItem\",\"position\":1,\"name\":\"Portada\",\"item\":\"https:\\\/\\\/www.cavallcartro.cat\\\/es\"},{\"@type\":\"ListItem\",\"position\":2,\"name\":\"Inicio\",\"item\":\"https:\\\/\\\/www.cavallcartro.cat\\\/es\"},{\"@type\":\"ListItem\",\"position\":3,\"name\":\"Pol\u00edtica de cookies\"}]},{\"@type\":\"WebSite\",\"@id\":\"https:\\\/\\\/www.cavallcartro.cat\\\/#website\",\"url\":\"https:\\\/\\\/www.cavallcartro.cat\\\/\",\"name\":\"Cavall de Cartr\u00f3\",\"description\":\"Gesti\u00f3 d&#039;escoles bressol i llars d&#039;infants municipals a Barcelona i tota Catalunya.\",\"publisher\":{\"@id\":\"https:\\\/\\\/www.cavallcartro.cat\\\/#organization\"},\"potentialAction\":[{\"@type\":\"SearchAction\",\"target\":{\"@type\":\"EntryPoint\",\"urlTemplate\":\"https:\\\/\\\/www.cavallcartro.cat\\\/?s={search_term_string}\"},\"query-input\":{\"@type\":\"PropertyValueSpecification\",\"valueRequired\":true,\"valueName\":\"search_term_string\"}}],\"inLanguage\":\"es\"},{\"@type\":\"Organization\",\"@id\":\"https:\\\/\\\/www.cavallcartro.cat\\\/#organization\",\"name\":\"Cavall de Cartr\u00f3\",\"url\":\"https:\\\/\\\/www.cavallcartro.cat\\\/\",\"logo\":{\"@type\":\"ImageObject\",\"inLanguage\":\"es\",\"@id\":\"https:\\\/\\\/www.cavallcartro.cat\\\/#\\\/schema\\\/logo\\\/image\\\/\",\"url\":\"https:\\\/\\\/www.cavallcartro.cat\\\/wp-content\\\/uploads\\\/2020\\\/07\\\/Logo-Cavall-de-Cartr\u00f3-gesti\u00f3-escoles-bressol-i-menjadors-escolars-e1596129492304.png\",\"contentUrl\":\"https:\\\/\\\/www.cavallcartro.cat\\\/wp-content\\\/uploads\\\/2020\\\/07\\\/Logo-Cavall-de-Cartr\u00f3-gesti\u00f3-escoles-bressol-i-menjadors-escolars-e1596129492304.png\",\"width\":528,\"height\":274,\"caption\":\"Cavall de Cartr\u00f3\"},\"image\":{\"@id\":\"https:\\\/\\\/www.cavallcartro.cat\\\/#\\\/schema\\\/logo\\\/image\\\/\"},\"sameAs\":[\"https:\\\/\\\/www.facebook.com\\\/cavallcartroedu\",\"https:\\\/\\\/x.com\\\/cavallcartroedu\",\"https:\\\/\\\/www.instagram.com\\\/cavallcartroedu\\\/\",\"https:\\\/\\\/www.youtube.com\\\/@CavalldeCartro\"]},{\"@type\":\"Person\",\"@id\":\"https:\\\/\\\/www.cavallcartro.cat\\\/#\\\/schema\\\/person\\\/6747bc1660e32d545ab2b8e5927ea542\",\"name\":\"cgarcia\",\"image\":{\"@type\":\"ImageObject\",\"inLanguage\":\"es\",\"@id\":\"https:\\\/\\\/secure.gravatar.com\\\/avatar\\\/469990a84f48a39e93ee0d8243415a74ba5692f608ea41afee8cae0e81f99f77?s=96&d=mm&r=g\",\"url\":\"https:\\\/\\\/secure.gravatar.com\\\/avatar\\\/469990a84f48a39e93ee0d8243415a74ba5692f608ea41afee8cae0e81f99f77?s=96&d=mm&r=g\",\"contentUrl\":\"https:\\\/\\\/secure.gravatar.com\\\/avatar\\\/469990a84f48a39e93ee0d8243415a74ba5692f608ea41afee8cae0e81f99f77?s=96&d=mm&r=g\",\"caption\":\"cgarcia\"},\"url\":\"https:\\\/\\\/www.cavallcartro.cat\\\/es\\\/author\\\/cgarcia\"}]}<\/script>\n<!-- \/ Yoast SEO plugin. -->","yoast_head_json":{"title":"Pol\u00edtica de cookies | Cavall de Cartr\u00f3 - Serveis Educatius","robots":{"index":"index","follow":"follow","max-snippet":"max-snippet:-1","max-image-preview":"max-image-preview:large","max-video-preview":"max-video-preview:-1"},"canonical":"https:\/\/www.cavallcartro.cat\/es\/inicio\/politica-de-cookies","og_locale":"es_ES","og_type":"article","og_title":"Pol\u00edtica de cookies | Cavall de Cartr\u00f3 - Serveis Educatius","og_description":"INTRODUCCI\u00d3N El editor de la p\u00e1gina www.cavallcartro.cat es Servicios Educativos Cavall de Cartr\u00f3, S.L., en cumplimiento del art\u00edculo\u00a022 de la Ley 34\/2002, de 11 de julio, de servicios de la sociedad de la informaci\u00f3n y de\u00a0comercio electr\u00f3nico, facilita a los Usuarios informaci\u00f3n relativa a las cookies, qu\u00e9 son las\u00a0cookies, qu\u00e9 [&hellip;]","og_url":"https:\/\/www.cavallcartro.cat\/es\/inicio\/politica-de-cookies","og_site_name":"Cavall de Cartr\u00f3 - Serveis Educatius","article_publisher":"https:\/\/www.facebook.com\/cavallcartroedu","article_modified_time":"2023-09-07T09:36:02+00:00","og_image":[{"width":1200,"height":496,"url":"https:\/\/www.cavallcartro.cat\/wp-content\/uploads\/2019\/03\/Logo-HD-Cavall-de-Cartr\u00f3-Bressol-2019-transparent.png","type":"image\/png"}],"twitter_card":"summary_large_image","twitter_site":"@cavallcartroedu","twitter_misc":{"Tiempo de lectura":"5 minutos"},"schema":{"@context":"https:\/\/schema.org","@graph":[{"@type":"Article","@id":"https:\/\/www.cavallcartro.cat\/es\/inicio\/politica-de-cookies#article","isPartOf":{"@id":"https:\/\/www.cavallcartro.cat\/es\/inicio\/politica-de-cookies"},"author":{"name":"cgarcia","@id":"https:\/\/www.cavallcartro.cat\/#\/schema\/person\/6747bc1660e32d545ab2b8e5927ea542"},"headline":"Pol\u00edtica de cookies","datePublished":"2017-01-26T12:22:41+00:00","dateModified":"2023-09-07T09:36:02+00:00","mainEntityOfPage":{"@id":"https:\/\/www.cavallcartro.cat\/es\/inicio\/politica-de-cookies"},"wordCount":974,"publisher":{"@id":"https:\/\/www.cavallcartro.cat\/#organization"},"inLanguage":"es"},{"@type":"WebPage","@id":"https:\/\/www.cavallcartro.cat\/es\/inicio\/politica-de-cookies","url":"https:\/\/www.cavallcartro.cat\/es\/inicio\/politica-de-cookies","name":"Pol\u00edtica de cookies | Cavall de Cartr\u00f3 - Serveis Educatius","isPartOf":{"@id":"https:\/\/www.cavallcartro.cat\/#website"},"datePublished":"2017-01-26T12:22:41+00:00","dateModified":"2023-09-07T09:36:02+00:00","breadcrumb":{"@id":"https:\/\/www.cavallcartro.cat\/es\/inicio\/politica-de-cookies#breadcrumb"},"inLanguage":"es","potentialAction":[{"@type":"ReadAction","target":["https:\/\/www.cavallcartro.cat\/es\/inicio\/politica-de-cookies"]}]},{"@type":"BreadcrumbList","@id":"https:\/\/www.cavallcartro.cat\/es\/inicio\/politica-de-cookies#breadcrumb","itemListElement":[{"@type":"ListItem","position":1,"name":"Portada","item":"https:\/\/www.cavallcartro.cat\/es"},{"@type":"ListItem","position":2,"name":"Inicio","item":"https:\/\/www.cavallcartro.cat\/es"},{"@type":"ListItem","position":3,"name":"Pol\u00edtica de cookies"}]},{"@type":"WebSite","@id":"https:\/\/www.cavallcartro.cat\/#website","url":"https:\/\/www.cavallcartro.cat\/","name":"Cavall de Cartr\u00f3","description":"Gesti\u00f3 d&#039;escoles bressol i llars d&#039;infants municipals a Barcelona i tota Catalunya.","publisher":{"@id":"https:\/\/www.cavallcartro.cat\/#organization"},"potentialAction":[{"@type":"SearchAction","target":{"@type":"EntryPoint","urlTemplate":"https:\/\/www.cavallcartro.cat\/?s={search_term_string}"},"query-input":{"@type":"PropertyValueSpecification","valueRequired":true,"valueName":"search_term_string"}}],"inLanguage":"es"},{"@type":"Organization","@id":"https:\/\/www.cavallcartro.cat\/#organization","name":"Cavall de Cartr\u00f3","url":"https:\/\/www.cavallcartro.cat\/","logo":{"@type":"ImageObject","inLanguage":"es","@id":"https:\/\/www.cavallcartro.cat\/#\/schema\/logo\/image\/","url":"https:\/\/www.cavallcartro.cat\/wp-content\/uploads\/2020\/07\/Logo-Cavall-de-Cartr\u00f3-gesti\u00f3-escoles-bressol-i-menjadors-escolars-e1596129492304.png","contentUrl":"https:\/\/www.cavallcartro.cat\/wp-content\/uploads\/2020\/07\/Logo-Cavall-de-Cartr\u00f3-gesti\u00f3-escoles-bressol-i-menjadors-escolars-e1596129492304.png","width":528,"height":274,"caption":"Cavall de Cartr\u00f3"},"image":{"@id":"https:\/\/www.cavallcartro.cat\/#\/schema\/logo\/image\/"},"sameAs":["https:\/\/www.facebook.com\/cavallcartroedu","https:\/\/x.com\/cavallcartroedu","https:\/\/www.instagram.com\/cavallcartroedu\/","https:\/\/www.youtube.com\/@CavalldeCartro"]},{"@type":"Person","@id":"https:\/\/www.cavallcartro.cat\/#\/schema\/person\/6747bc1660e32d545ab2b8e5927ea542","name":"cgarcia","image":{"@type":"ImageObject","inLanguage":"es","@id":"https:\/\/secure.gravatar.com\/avatar\/469990a84f48a39e93ee0d8243415a74ba5692f608ea41afee8cae0e81f99f77?s=96&d=mm&r=g","url":"https:\/\/secure.gravatar.com\/avatar\/469990a84f48a39e93ee0d8243415a74ba5692f608ea41afee8cae0e81f99f77?s=96&d=mm&r=g","contentUrl":"https:\/\/secure.gravatar.com\/avatar\/469990a84f48a39e93ee0d8243415a74ba5692f608ea41afee8cae0e81f99f77?s=96&d=mm&r=g","caption":"cgarcia"},"url":"https:\/\/www.cavallcartro.cat\/es\/author\/cgarcia"}]}},"_links":{"self":[{"href":"https:\/\/www.cavallcartro.cat\/es\/wp-json\/wp\/v2\/pages\/2453","targetHints":{"allow":["GET"]}}],"collection":[{"href":"https:\/\/www.cavallcartro.cat\/es\/wp-json\/wp\/v2\/pages"}],"about":[{"href":"https:\/\/www.cavallcartro.cat\/es\/wp-json\/wp\/v2\/types\/page"}],"author":[{"embeddable":true,"href":"https:\/\/www.cavallcartro.cat\/es\/wp-json\/wp\/v2\/users\/1"}],"replies":[{"embeddable":true,"href":"https:\/\/www.cavallcartro.cat\/es\/wp-json\/wp\/v2\/comments?post=2453"}],"version-history":[{"count":8,"href":"https:\/\/www.cavallcartro.cat\/es\/wp-json\/wp\/v2\/pages\/2453\/revisions"}],"predecessor-version":[{"id":6136,"href":"https:\/\/www.cavallcartro.cat\/es\/wp-json\/wp\/v2\/pages\/2453\/revisions\/6136"}],"up":[{"embeddable":true,"href":"https:\/\/www.cavallcartro.cat\/es\/wp-json\/wp\/v2\/pages\/2402"}],"wp:attachment":[{"href":"https:\/\/www.cavallcartro.cat\/es\/wp-json\/wp\/v2\/media?parent=2453"}],"curies":[{"name":"wp","href":"https:\/\/api.w.org\/{rel}","templated":true}]}}