{"id":2452,"date":"2017-01-26T12:47:01","date_gmt":"2017-01-26T12:47:01","guid":{"rendered":"http:\/\/www.cavallcartro.cat\/inici\/canal-de-denuncies"},"modified":"2025-07-21T22:06:51","modified_gmt":"2025-07-21T22:06:51","slug":"integridad-conducta","status":"publish","type":"page","link":"https:\/\/www.cavallcartro.cat\/es\/inicio\/integridad-conducta","title":{"rendered":"Integridad y Conducta"},"content":{"rendered":"<div class=\"wpb-content-wrapper\">[vc_row][vc_column][vc_column_text css=\u00bb\u00bb]\n<h1 class=\"title\">Integridad y Conducta<\/h1>\n<h3 class=\"title\">\u00c9tica y transparencia, nuestra cultura corporativa<\/h3>\n<p>Cavall de Cartr\u00f3 dispone de un C\u00f3digo \u00c9tico que recoge nuestros principios, valores, normas generales de conducta y directrices de actuaci\u00f3n exigibles a todas las personas que integran la compa\u00f1\u00eda.<\/p>\n<p>Con el objetivo de asegurar que todas ellas se adapten a dichas pautas, est\u00e1 habilitado el Canal \u00c9tico (Sistema Interno de Informaci\u00f3n) a trav\u00e9s del cual los diferentes grupos de inter\u00e9s con los que interactuamos (personas trabajadoras, clientes, proveedores, etc.), pueden dirigir sus comunicaciones relativas a conductas susceptibles de generar incumplimientos o vulneraciones de la normativa vigente, conforme a las disposiciones de la Ley 2\/2023, de 20 de febrero, reguladora de la protecci\u00f3n de las personas que informen sobre infracciones normativas y de lucha contra la corrupci\u00f3n (\u201cLey de Protecci\u00f3n al Informante\u201d).[\/vc_column_text]<div  class=\"swmsc_horizontal_line\" style=\"padding-top:80px;padding-bottom:80px;\">\n                        <span class=\"swmsc_horizontal_line_h_line\" style=\"border-color:#fbb44d;\"><\/span><span class=\"swmsc_horizontal_line_icon\"><i class=\"fa fa-pencil\" style=\"color:#8373ce;\"><\/i><\/span>\n                    <div class=\"clear\"><\/div>\n                    <\/div>[vc_column_text css=\u00bb\u00bb]\n<h3>Canal \u00e9tico (Sistema interno de informaci\u00f3n)<\/h3>\n<p>En Cavall de Cartr\u00f3, hemos implementado de forma efectiva un Sistema de Gesti\u00f3n de Cumplimiento (<em>Compliance<\/em>) que garantiza que actuamos conforme a la legislaci\u00f3n vigente, en el marco de una conducta \u00e9ticamente irreprochable. Nuestro Canal \u00c9tico (Sistema Interno de Informaci\u00f3n) constituye una de las principales herramientas de este sistema de cumplimiento.<\/p>\n<p>El objetivo de este canal interno es recibir y tramitar eficazmente las comunicaciones relacionadas con los comportamientos que vulneran los principios contemplados en nuestro C\u00f3digo \u00c9tico y resto de documentos esenciales que conforman nuestro Sistema de Gesti\u00f3n de Cumplimiento, as\u00ed como la normativa vigente de aplicaci\u00f3n, tal y como establece la Ley de Protecci\u00f3n al Informante.<\/p>\n<p>Para facilitar su conocimiento y uso, nuestra <span style=\"color: #06205c;\"><a style=\"color: #06205c;\" href=\"https:\/\/www.cavallcartro.cat\/wp-content\/uploads\/2025\/07\/ES_CAVALLDECARTRO_Politica-de-Funcionamiento-del-Canal-Etico-V-Julio-2025.pdf\"><strong><em>Pol\u00edtica de Funcionamiento del Canal \u00c9tico<\/em><\/strong><\/a><\/span><a href=\"https:\/\/www.clece.es\/wp-content\/uploads\/2023\/07\/ES_Politica-de-Funcionamiento-del-Canal-Etico-V-Junio-2023-Clece.pdf\"><strong><em>\u00a0<\/em><\/strong><\/a>se encuentra a disposici\u00f3n de cualquier persona que pretenda comunicar \u00a0de buena fe una posible infracci\u00f3n en un contexto profesional con Cavall de Cartr\u00f3.<\/p>\n<p>La informaci\u00f3n que nos proporcione ser\u00e1 gestionada de forma totalmente confidencial y an\u00f3nima \u2013\u00a0si as\u00ed lo desea\u00a0-, y tiene nuestro compromiso de que sus comentarios ser\u00e1n tenidos en cuenta.<\/p>\n<p>Cavall de Cartr\u00f3 garantiza la protecci\u00f3n contra represalias, considerando como tal cualquier acci\u00f3n u omisi\u00f3n que pueda perjudicar a una persona que comunique de buena fe, a trav\u00e9s del Canal \u00c9tico, las posibles infracciones que se mencionan en el siguiente ep\u00edgrafe.<\/p>\n<p>&nbsp;<\/p>\n<h3>\u00bfQu\u00e9 se puede comunicar a trav\u00e9s del Canal \u00c9tico?<\/h3>\n<p>Informaci\u00f3n sobre infracciones o incumplimientos en un sentido amplio, esto es, sospechas razonables, infracciones reales o potenciales que se hayan producido o que sea probable que se produzcan. La comunicaci\u00f3n debe efectuarse siempre de buena fe y con el mayor grado de detalle y evidencias posibles.<\/p>\n<p>A t\u00edtulo ilustrativo, y sin perjuicio de lo contenido en la\u00a0<strong><em>Pol\u00edtica de Funcionamiento del Canal \u00c9tico<\/em><\/strong>, a continuaci\u00f3n, se indican algunas de las posibles tem\u00e1ticas objeto de comunicaci\u00f3n, conforme a las disposiciones de la Ley 2\/2023:<\/p>\n<ul>\n<li>Casos de soborno y corrupci\u00f3n.<\/li>\n<li>Conductas que atenten contra la salud y la seguridad en el trabajo.<\/li>\n<li>Conflictos de intereses en cualquier acci\u00f3n relacionada con el desarrollo profesional.<\/li>\n<li>Conductas discriminatorias.<\/li>\n<li>El acoso sexual, por raz\u00f3n de sexo, identidad sexual y acoso laboral.<\/li>\n<li>Fraudes internos.<\/li>\n<li>Supuestos de competencia desleal.<\/li>\n<li>Incumplimientos en materia de defensa de la competencia.<\/li>\n<li>Conductas que atenten contra la salud y seguridad de nuestros usuarios.<\/li>\n<\/ul>\n<p>Las quejas y reclamaciones relacionadas, por ejemplo, con la calidad del servicio se deben realizar de manera diferenciada, en el apartado \u201cContacto: Quejas\/Reclamaciones\u201d de esta p\u00e1gina web.<\/p>\n<p>&nbsp;<\/p>\n<h3>\u00bfQu\u00e9 canales existen para comunicar una posible conducta irregular?<\/h3>\n<p>Sin perjuicio de otros canales recogidos en la\u00a0<strong><em>Pol\u00edtica de Funcionamiento del Canal \u00c9tico<\/em><\/strong>, recomendamos que realice su comunicaci\u00f3n, por su mayor seguridad y confidencialidad, as\u00ed como por la posibilidad de su presentaci\u00f3n an\u00f3nima -si as\u00ed lo desea-, a trav\u00e9s del canal digital.<\/p>\n<p><strong>Puede acceder a dicho canal digital pinchando\u00a0<\/strong><span style=\"color: #06205c;\"><a style=\"color: #06205c;\" href=\"https:\/\/whistleblowersoftware.com\/secure\/compromiso_cavall\"><strong><u>AQU\u00cd<\/u><\/strong><\/a><\/span><strong>, y a trav\u00e9s de la l\u00ednea de tel\u00e9fono +34 900958058 (pin o n\u00ba identificativo de la empresa: <b>4627<\/b>). \u00a0<\/strong><\/p>\n<table width=\"290\">\n<tbody>\n<tr>\n<td>N\u00ba de tel\u00e9fono<\/td>\n<td>PIN<\/td>\n<\/tr>\n<tr>\n<td><strong>+34 900 958 058<\/strong><\/td>\n<td><strong><b>4627<\/b><\/strong><\/td>\n<\/tr>\n<\/tbody>\n<\/table>\n<p>&nbsp;<\/p>\n<h3>\u00bfQui\u00e9n tratar\u00e1 la informaci\u00f3n comunicada?<\/h3>\n<p>Es importante que conozca que la informaci\u00f3n contenida en su comunicaci\u00f3n, incluyendo los datos de car\u00e1cter personal podr\u00e1 ser tratada o trasladada a las siguientes partes, cuando se estime necesario:<\/p>\n<ul>\n<li>Miembros de la Unidad T\u00e9cnica de Cumplimiento de Cavall de Cartr\u00f3, as\u00ed como del Comit\u00e9 de <em>Compliance<\/em>\u00a0(\u00d3rgano de Cumplimiento) de la compa\u00f1\u00eda.<\/li>\n<li>Representantes autorizados de la compa\u00f1\u00eda que intervengan en la investigaci\u00f3n, si la naturaleza o el alcance de los hechos comunicados requiere su participaci\u00f3n.<\/li>\n<li>Cualquier investigador, asesor o consejero externo que haya sido contratado para apoyar a la compa\u00f1\u00eda en el an\u00e1lisis de la comunicaci\u00f3n, en la investigaci\u00f3n del asunto o para asesorar a la organizaci\u00f3n sobre temas relacionados con dichas cuestiones.<\/li>\n<li>La polic\u00eda y\/u otras autoridades p\u00fablicas competentes y reguladoras conforme a la Ley.<\/li>\n<\/ul>\n<p>Por favor, no olvide leer nuestra <span style=\"color: #06205c;\"><a style=\"color: #06205c;\" href=\"https:\/\/www.cavallcartro.cat\/es\/politica-privacidad-canal-etico\"><strong>Pol\u00edtica de Privacidad del Canal \u00c9tico<\/strong><\/a><\/span>. Tambi\u00e9n dispone de informaci\u00f3n relativa a la protecci\u00f3n de datos en la propia\u00a0<span style=\"color: #06205c;\"><a style=\"color: #06205c;\" href=\"https:\/\/www.cavallcartro.cat\/wp-content\/uploads\/2025\/07\/ES_CAVALLDECARTRO_Politica-de-Funcionamiento-del-Canal-Etico-V-Julio-2025.pdf\"><strong><em>Pol\u00edtica de Funcionamiento del Canal \u00c9tico<\/em><\/strong><\/a><strong><em>.<\/em><\/strong><\/span>[\/vc_column_text]<div  class=\"swmsc_horizontal_line\" style=\"padding-top:80px;padding-bottom:80px;\">\n                        <span class=\"swmsc_horizontal_line_h_line\" style=\"border-color:#fbb44d;\"><\/span><span class=\"swmsc_horizontal_line_icon\"><i class=\"fa fa-pencil\" style=\"color:#8373ce;\"><\/i><\/span>\n                    <div class=\"clear\"><\/div>\n                    <\/div>[\/vc_column][\/vc_row][vc_row][vc_column width=\u00bb1\/5&#8243;]<div   >\n                        <div class=\"swmsc_container\">\n                            [vc_single_image image=\u00bb6213&#8243; img_size=\u00bbmedium\u00bb onclick=\u00bbcustom_link\u00bb img_link_target=\u00bb_blank\u00bb link=\u00bbhttps:\/\/www.cavallcartro.cat\/wp-content\/uploads\/2024\/03\/ES_CAVALLDECARTRO_Codigo-Etico_2024.pdf\u00bb]\n                            <div class=\"clear\"><\/div>\n                        <\/div>\n                    <\/div>[\/vc_column][vc_column width=\u00bb1\/5&#8243;]<div   >\n                        <div class=\"swmsc_container\">\n                            [vc_single_image image=\u00bb6222&#8243; img_size=\u00bbmedium\u00bb onclick=\u00bbcustom_link\u00bb link=\u00bbhttps:\/\/www.cavallcartro.cat\/wp-content\/uploads\/2024\/03\/ES_CAVALLDECARTRO_Politica-de-Prevencion-2024.pdf\u00bb]\n                            <div class=\"clear\"><\/div>\n                        <\/div>\n                    <\/div>[\/vc_column][vc_column width=\u00bb1\/5&#8243;]<div   >\n                        <div class=\"swmsc_container\">\n                            [vc_single_image image=\u00bb6225&#8243; img_size=\u00bbmedium\u00bb onclick=\u00bbcustom_link\u00bb link=\u00bbhttps:\/\/www.cavallcartro.cat\/wp-content\/uploads\/2024\/03\/ES_CAVALLDECARTRO_Principios-Rectores-de-Prevencion_2024.pdf\u00bb]\n                            <div class=\"clear\"><\/div>\n                        <\/div>\n                    <\/div>[\/vc_column][vc_column width=\u00bb1\/5&#8243;]<div   >\n                        <div class=\"swmsc_container\">\n                            [vc_single_image image=\u00bb6219&#8243; img_size=\u00bbmedium\u00bb onclick=\u00bbcustom_link\u00bb img_link_target=\u00bb_blank\u00bb css=\u00bb\u00bb link=\u00bbhttps:\/\/www.cavallcartro.cat\/wp-content\/uploads\/2025\/07\/ES_CAVALLDECARTRO_Politica-de-Funcionamiento-del-Canal-Etico-V-Julio-2025.pdf\u00bb]\n                            <div class=\"clear\"><\/div>\n                        <\/div>\n                    <\/div>[\/vc_column][vc_column width=\u00bb1\/5&#8243;]<div   >\n                        <div class=\"swmsc_container\">\n                            [vc_single_image image=\u00bb6216&#8243; img_size=\u00bbmedium\u00bb onclick=\u00bbcustom_link\u00bb link=\u00bbhttps:\/\/www.cavallcartro.cat\/wp-content\/uploads\/2024\/03\/ES_CAVALLDECARTRO_Politica-de-Cumplimiento-en-materia-de-Competencia_2024.pdf\u00bb]\n                            <div class=\"clear\"><\/div>\n                        <\/div>\n                    <\/div>[\/vc_column][\/vc_row]\n<\/div>","protected":false},"excerpt":{"rendered":"<p>[vc_row][vc_column][vc_column_text css=\u00bb\u00bb] Integridad y Conducta \u00c9tica y transparencia, nuestra cultura corporativa Cavall de Cartr\u00f3 dispone de un C\u00f3digo \u00c9tico que recoge nuestros principios, valores, normas generales de conducta y directrices de actuaci\u00f3n exigibles a todas las personas que integran la compa\u00f1\u00eda. Con el objetivo de asegurar que todas ellas se [&hellip;]<\/p>\n","protected":false},"author":1,"featured_media":0,"parent":2402,"menu_order":0,"comment_status":"closed","ping_status":"closed","template":"","meta":{"footnotes":""},"class_list":["post-2452","page","type-page","status-publish","hentry"],"yoast_head":"<!-- This site is optimized with the Yoast SEO plugin v27.4 - https:\/\/yoast.com\/product\/yoast-seo-wordpress\/ -->\n<title>Integridad y Conducta | Cavall de Cartr\u00f3 - Serveis Educatius<\/title>\n<meta name=\"description\" content=\"Integridad y conducta en las escuelas infantiles Cavall de Cartr\u00f3. C\u00f3digo \u00e9tico, prevenci\u00f3n de riesgos y cumplimiento en competencia.\" \/>\n<meta name=\"robots\" content=\"index, follow, max-snippet:-1, max-image-preview:large, max-video-preview:-1\" \/>\n<link rel=\"canonical\" href=\"https:\/\/www.cavallcartro.cat\/es\/inicio\/integridad-conducta\" \/>\n<meta property=\"og:locale\" content=\"es_ES\" \/>\n<meta property=\"og:type\" content=\"article\" \/>\n<meta property=\"og:title\" content=\"Integridad y Conducta | Cavall de Cartr\u00f3 - Serveis Educatius\" \/>\n<meta property=\"og:description\" content=\"Integridad y conducta en las escuelas infantiles Cavall de Cartr\u00f3. C\u00f3digo \u00e9tico, prevenci\u00f3n de riesgos y cumplimiento en competencia.\" \/>\n<meta property=\"og:url\" content=\"https:\/\/www.cavallcartro.cat\/es\/inicio\/integridad-conducta\" \/>\n<meta property=\"og:site_name\" content=\"Cavall de Cartr\u00f3 - Serveis Educatius\" \/>\n<meta property=\"article:publisher\" content=\"https:\/\/www.facebook.com\/cavallcartroedu\" \/>\n<meta property=\"article:modified_time\" content=\"2025-07-21T22:06:51+00:00\" \/>\n<meta property=\"og:image\" content=\"https:\/\/www.cavallcartro.cat\/wp-content\/uploads\/2019\/03\/Logo-HD-Cavall-de-Cartr\u00f3-Bressol-2019-transparent.png\" \/>\n\t<meta property=\"og:image:width\" content=\"1200\" \/>\n\t<meta property=\"og:image:height\" content=\"496\" \/>\n\t<meta property=\"og:image:type\" content=\"image\/png\" \/>\n<meta name=\"twitter:card\" content=\"summary_large_image\" \/>\n<meta name=\"twitter:site\" content=\"@cavallcartroedu\" \/>\n<meta name=\"twitter:label1\" content=\"Tiempo de lectura\" \/>\n\t<meta name=\"twitter:data1\" content=\"6 minutos\" \/>\n<script type=\"application\/ld+json\" class=\"yoast-schema-graph\">{\"@context\":\"https:\\\/\\\/schema.org\",\"@graph\":[{\"@type\":\"Article\",\"@id\":\"https:\\\/\\\/www.cavallcartro.cat\\\/es\\\/inicio\\\/integridad-conducta#article\",\"isPartOf\":{\"@id\":\"https:\\\/\\\/www.cavallcartro.cat\\\/es\\\/inicio\\\/integridad-conducta\"},\"author\":{\"name\":\"cgarcia\",\"@id\":\"https:\\\/\\\/www.cavallcartro.cat\\\/#\\\/schema\\\/person\\\/6747bc1660e32d545ab2b8e5927ea542\"},\"headline\":\"Integridad y Conducta\",\"datePublished\":\"2017-01-26T12:47:01+00:00\",\"dateModified\":\"2025-07-21T22:06:51+00:00\",\"mainEntityOfPage\":{\"@id\":\"https:\\\/\\\/www.cavallcartro.cat\\\/es\\\/inicio\\\/integridad-conducta\"},\"wordCount\":1106,\"publisher\":{\"@id\":\"https:\\\/\\\/www.cavallcartro.cat\\\/#organization\"},\"inLanguage\":\"es\"},{\"@type\":\"WebPage\",\"@id\":\"https:\\\/\\\/www.cavallcartro.cat\\\/es\\\/inicio\\\/integridad-conducta\",\"url\":\"https:\\\/\\\/www.cavallcartro.cat\\\/es\\\/inicio\\\/integridad-conducta\",\"name\":\"Integridad y Conducta | Cavall de Cartr\u00f3 - Serveis Educatius\",\"isPartOf\":{\"@id\":\"https:\\\/\\\/www.cavallcartro.cat\\\/#website\"},\"datePublished\":\"2017-01-26T12:47:01+00:00\",\"dateModified\":\"2025-07-21T22:06:51+00:00\",\"description\":\"Integridad y conducta en las escuelas infantiles Cavall de Cartr\u00f3. C\u00f3digo \u00e9tico, prevenci\u00f3n de riesgos y cumplimiento en competencia.\",\"breadcrumb\":{\"@id\":\"https:\\\/\\\/www.cavallcartro.cat\\\/es\\\/inicio\\\/integridad-conducta#breadcrumb\"},\"inLanguage\":\"es\",\"potentialAction\":[{\"@type\":\"ReadAction\",\"target\":[\"https:\\\/\\\/www.cavallcartro.cat\\\/es\\\/inicio\\\/integridad-conducta\"]}]},{\"@type\":\"BreadcrumbList\",\"@id\":\"https:\\\/\\\/www.cavallcartro.cat\\\/es\\\/inicio\\\/integridad-conducta#breadcrumb\",\"itemListElement\":[{\"@type\":\"ListItem\",\"position\":1,\"name\":\"Portada\",\"item\":\"https:\\\/\\\/www.cavallcartro.cat\\\/es\"},{\"@type\":\"ListItem\",\"position\":2,\"name\":\"Inicio\",\"item\":\"https:\\\/\\\/www.cavallcartro.cat\\\/es\"},{\"@type\":\"ListItem\",\"position\":3,\"name\":\"Integridad y Conducta\"}]},{\"@type\":\"WebSite\",\"@id\":\"https:\\\/\\\/www.cavallcartro.cat\\\/#website\",\"url\":\"https:\\\/\\\/www.cavallcartro.cat\\\/\",\"name\":\"Cavall de Cartr\u00f3\",\"description\":\"Gesti\u00f3 d&#039;escoles bressol i llars d&#039;infants municipals a Barcelona i tota Catalunya.\",\"publisher\":{\"@id\":\"https:\\\/\\\/www.cavallcartro.cat\\\/#organization\"},\"potentialAction\":[{\"@type\":\"SearchAction\",\"target\":{\"@type\":\"EntryPoint\",\"urlTemplate\":\"https:\\\/\\\/www.cavallcartro.cat\\\/?s={search_term_string}\"},\"query-input\":{\"@type\":\"PropertyValueSpecification\",\"valueRequired\":true,\"valueName\":\"search_term_string\"}}],\"inLanguage\":\"es\"},{\"@type\":\"Organization\",\"@id\":\"https:\\\/\\\/www.cavallcartro.cat\\\/#organization\",\"name\":\"Cavall de Cartr\u00f3\",\"url\":\"https:\\\/\\\/www.cavallcartro.cat\\\/\",\"logo\":{\"@type\":\"ImageObject\",\"inLanguage\":\"es\",\"@id\":\"https:\\\/\\\/www.cavallcartro.cat\\\/#\\\/schema\\\/logo\\\/image\\\/\",\"url\":\"https:\\\/\\\/www.cavallcartro.cat\\\/wp-content\\\/uploads\\\/2020\\\/07\\\/Logo-Cavall-de-Cartr\u00f3-gesti\u00f3-escoles-bressol-i-menjadors-escolars-e1596129492304.png\",\"contentUrl\":\"https:\\\/\\\/www.cavallcartro.cat\\\/wp-content\\\/uploads\\\/2020\\\/07\\\/Logo-Cavall-de-Cartr\u00f3-gesti\u00f3-escoles-bressol-i-menjadors-escolars-e1596129492304.png\",\"width\":528,\"height\":274,\"caption\":\"Cavall de Cartr\u00f3\"},\"image\":{\"@id\":\"https:\\\/\\\/www.cavallcartro.cat\\\/#\\\/schema\\\/logo\\\/image\\\/\"},\"sameAs\":[\"https:\\\/\\\/www.facebook.com\\\/cavallcartroedu\",\"https:\\\/\\\/x.com\\\/cavallcartroedu\",\"https:\\\/\\\/www.instagram.com\\\/cavallcartroedu\\\/\",\"https:\\\/\\\/www.youtube.com\\\/@CavalldeCartro\"]},{\"@type\":\"Person\",\"@id\":\"https:\\\/\\\/www.cavallcartro.cat\\\/#\\\/schema\\\/person\\\/6747bc1660e32d545ab2b8e5927ea542\",\"name\":\"cgarcia\",\"image\":{\"@type\":\"ImageObject\",\"inLanguage\":\"es\",\"@id\":\"https:\\\/\\\/secure.gravatar.com\\\/avatar\\\/469990a84f48a39e93ee0d8243415a74ba5692f608ea41afee8cae0e81f99f77?s=96&d=mm&r=g\",\"url\":\"https:\\\/\\\/secure.gravatar.com\\\/avatar\\\/469990a84f48a39e93ee0d8243415a74ba5692f608ea41afee8cae0e81f99f77?s=96&d=mm&r=g\",\"contentUrl\":\"https:\\\/\\\/secure.gravatar.com\\\/avatar\\\/469990a84f48a39e93ee0d8243415a74ba5692f608ea41afee8cae0e81f99f77?s=96&d=mm&r=g\",\"caption\":\"cgarcia\"},\"url\":\"https:\\\/\\\/www.cavallcartro.cat\\\/es\\\/author\\\/cgarcia\"}]}<\/script>\n<!-- \/ Yoast SEO plugin. -->","yoast_head_json":{"title":"Integridad y Conducta | Cavall de Cartr\u00f3 - Serveis Educatius","description":"Integridad y conducta en las escuelas infantiles Cavall de Cartr\u00f3. C\u00f3digo \u00e9tico, prevenci\u00f3n de riesgos y cumplimiento en competencia.","robots":{"index":"index","follow":"follow","max-snippet":"max-snippet:-1","max-image-preview":"max-image-preview:large","max-video-preview":"max-video-preview:-1"},"canonical":"https:\/\/www.cavallcartro.cat\/es\/inicio\/integridad-conducta","og_locale":"es_ES","og_type":"article","og_title":"Integridad y Conducta | Cavall de Cartr\u00f3 - Serveis Educatius","og_description":"Integridad y conducta en las escuelas infantiles Cavall de Cartr\u00f3. C\u00f3digo \u00e9tico, prevenci\u00f3n de riesgos y cumplimiento en competencia.","og_url":"https:\/\/www.cavallcartro.cat\/es\/inicio\/integridad-conducta","og_site_name":"Cavall de Cartr\u00f3 - Serveis Educatius","article_publisher":"https:\/\/www.facebook.com\/cavallcartroedu","article_modified_time":"2025-07-21T22:06:51+00:00","og_image":[{"width":1200,"height":496,"url":"https:\/\/www.cavallcartro.cat\/wp-content\/uploads\/2019\/03\/Logo-HD-Cavall-de-Cartr\u00f3-Bressol-2019-transparent.png","type":"image\/png"}],"twitter_card":"summary_large_image","twitter_site":"@cavallcartroedu","twitter_misc":{"Tiempo de lectura":"6 minutos"},"schema":{"@context":"https:\/\/schema.org","@graph":[{"@type":"Article","@id":"https:\/\/www.cavallcartro.cat\/es\/inicio\/integridad-conducta#article","isPartOf":{"@id":"https:\/\/www.cavallcartro.cat\/es\/inicio\/integridad-conducta"},"author":{"name":"cgarcia","@id":"https:\/\/www.cavallcartro.cat\/#\/schema\/person\/6747bc1660e32d545ab2b8e5927ea542"},"headline":"Integridad y Conducta","datePublished":"2017-01-26T12:47:01+00:00","dateModified":"2025-07-21T22:06:51+00:00","mainEntityOfPage":{"@id":"https:\/\/www.cavallcartro.cat\/es\/inicio\/integridad-conducta"},"wordCount":1106,"publisher":{"@id":"https:\/\/www.cavallcartro.cat\/#organization"},"inLanguage":"es"},{"@type":"WebPage","@id":"https:\/\/www.cavallcartro.cat\/es\/inicio\/integridad-conducta","url":"https:\/\/www.cavallcartro.cat\/es\/inicio\/integridad-conducta","name":"Integridad y Conducta | Cavall de Cartr\u00f3 - Serveis Educatius","isPartOf":{"@id":"https:\/\/www.cavallcartro.cat\/#website"},"datePublished":"2017-01-26T12:47:01+00:00","dateModified":"2025-07-21T22:06:51+00:00","description":"Integridad y conducta en las escuelas infantiles Cavall de Cartr\u00f3. C\u00f3digo \u00e9tico, prevenci\u00f3n de riesgos y cumplimiento en competencia.","breadcrumb":{"@id":"https:\/\/www.cavallcartro.cat\/es\/inicio\/integridad-conducta#breadcrumb"},"inLanguage":"es","potentialAction":[{"@type":"ReadAction","target":["https:\/\/www.cavallcartro.cat\/es\/inicio\/integridad-conducta"]}]},{"@type":"BreadcrumbList","@id":"https:\/\/www.cavallcartro.cat\/es\/inicio\/integridad-conducta#breadcrumb","itemListElement":[{"@type":"ListItem","position":1,"name":"Portada","item":"https:\/\/www.cavallcartro.cat\/es"},{"@type":"ListItem","position":2,"name":"Inicio","item":"https:\/\/www.cavallcartro.cat\/es"},{"@type":"ListItem","position":3,"name":"Integridad y Conducta"}]},{"@type":"WebSite","@id":"https:\/\/www.cavallcartro.cat\/#website","url":"https:\/\/www.cavallcartro.cat\/","name":"Cavall de Cartr\u00f3","description":"Gesti\u00f3 d&#039;escoles bressol i llars d&#039;infants municipals a Barcelona i tota Catalunya.","publisher":{"@id":"https:\/\/www.cavallcartro.cat\/#organization"},"potentialAction":[{"@type":"SearchAction","target":{"@type":"EntryPoint","urlTemplate":"https:\/\/www.cavallcartro.cat\/?s={search_term_string}"},"query-input":{"@type":"PropertyValueSpecification","valueRequired":true,"valueName":"search_term_string"}}],"inLanguage":"es"},{"@type":"Organization","@id":"https:\/\/www.cavallcartro.cat\/#organization","name":"Cavall de Cartr\u00f3","url":"https:\/\/www.cavallcartro.cat\/","logo":{"@type":"ImageObject","inLanguage":"es","@id":"https:\/\/www.cavallcartro.cat\/#\/schema\/logo\/image\/","url":"https:\/\/www.cavallcartro.cat\/wp-content\/uploads\/2020\/07\/Logo-Cavall-de-Cartr\u00f3-gesti\u00f3-escoles-bressol-i-menjadors-escolars-e1596129492304.png","contentUrl":"https:\/\/www.cavallcartro.cat\/wp-content\/uploads\/2020\/07\/Logo-Cavall-de-Cartr\u00f3-gesti\u00f3-escoles-bressol-i-menjadors-escolars-e1596129492304.png","width":528,"height":274,"caption":"Cavall de Cartr\u00f3"},"image":{"@id":"https:\/\/www.cavallcartro.cat\/#\/schema\/logo\/image\/"},"sameAs":["https:\/\/www.facebook.com\/cavallcartroedu","https:\/\/x.com\/cavallcartroedu","https:\/\/www.instagram.com\/cavallcartroedu\/","https:\/\/www.youtube.com\/@CavalldeCartro"]},{"@type":"Person","@id":"https:\/\/www.cavallcartro.cat\/#\/schema\/person\/6747bc1660e32d545ab2b8e5927ea542","name":"cgarcia","image":{"@type":"ImageObject","inLanguage":"es","@id":"https:\/\/secure.gravatar.com\/avatar\/469990a84f48a39e93ee0d8243415a74ba5692f608ea41afee8cae0e81f99f77?s=96&d=mm&r=g","url":"https:\/\/secure.gravatar.com\/avatar\/469990a84f48a39e93ee0d8243415a74ba5692f608ea41afee8cae0e81f99f77?s=96&d=mm&r=g","contentUrl":"https:\/\/secure.gravatar.com\/avatar\/469990a84f48a39e93ee0d8243415a74ba5692f608ea41afee8cae0e81f99f77?s=96&d=mm&r=g","caption":"cgarcia"},"url":"https:\/\/www.cavallcartro.cat\/es\/author\/cgarcia"}]}},"_links":{"self":[{"href":"https:\/\/www.cavallcartro.cat\/es\/wp-json\/wp\/v2\/pages\/2452","targetHints":{"allow":["GET"]}}],"collection":[{"href":"https:\/\/www.cavallcartro.cat\/es\/wp-json\/wp\/v2\/pages"}],"about":[{"href":"https:\/\/www.cavallcartro.cat\/es\/wp-json\/wp\/v2\/types\/page"}],"author":[{"embeddable":true,"href":"https:\/\/www.cavallcartro.cat\/es\/wp-json\/wp\/v2\/users\/1"}],"replies":[{"embeddable":true,"href":"https:\/\/www.cavallcartro.cat\/es\/wp-json\/wp\/v2\/comments?post=2452"}],"version-history":[{"count":27,"href":"https:\/\/www.cavallcartro.cat\/es\/wp-json\/wp\/v2\/pages\/2452\/revisions"}],"predecessor-version":[{"id":6922,"href":"https:\/\/www.cavallcartro.cat\/es\/wp-json\/wp\/v2\/pages\/2452\/revisions\/6922"}],"up":[{"embeddable":true,"href":"https:\/\/www.cavallcartro.cat\/es\/wp-json\/wp\/v2\/pages\/2402"}],"wp:attachment":[{"href":"https:\/\/www.cavallcartro.cat\/es\/wp-json\/wp\/v2\/media?parent=2452"}],"curies":[{"name":"wp","href":"https:\/\/api.w.org\/{rel}","templated":true}]}}