{"id":2445,"date":"2016-12-30T11:53:20","date_gmt":"2016-12-30T11:53:20","guid":{"rendered":"http:\/\/www.cavallcartro.cat\/familia-escola"},"modified":"2019-02-21T13:11:05","modified_gmt":"2019-02-21T13:11:05","slug":"familia-escuela","status":"publish","type":"page","link":"https:\/\/www.cavallcartro.cat\/es\/familia-escuela","title":{"rendered":"Familia-Escuela"},"content":{"rendered":"<div class=\"wpb-content-wrapper\">[vc_row][vc_column]<div   >\n                        <div class=\"swmsc_container\">\n                            [vc_row_inner][vc_column_inner]<div  class=\"swmsc_fancy_heading swmsc_fancy_heading_center fh_icon_star\" style=\"margin-top:0;margin-bottom:60px;\">\n                        <div class=\"swmsc_fancy_heading_text\" style=\"font-size:42px;line-height:36px;\">\n                            <span style=\"color: #9fcdb1;\"><strong>Familia-Escuela<\/strong><\/span>\n                            <div class=\"swmsc_fancy_heading_border\">\n                                <span class=\"swmsc_fancy_heading_border1\" style=\"background:#87888a;\"><\/span>\n                                <span class=\"swmsc_fancy_heading_border2\" style=\"background:#87888a;\"><\/span>\n                                <span class=\"swmsc_fancy_heading_icon\"><i class=\"fa fa-star\"  style=\"color:#9fcdb1;\"><\/i><\/span>\n                            <\/div>\n                        <\/div>\n                    <\/div>[\/vc_column_inner][\/vc_row_inner]\n                            <div class=\"clear\"><\/div>\n                        <\/div>\n                    <\/div>[\/vc_column][\/vc_row][vc_row css=\u00bb.vc_custom_1459665581274{padding: 0px !important;}\u00bb][vc_column css=\u00bb.vc_custom_1459665604137{padding: 0px !important;}\u00bb]<div  class=\"swmsc_full_width_section\" style=\" background-color:#9fcdb1;background-image:url(https:\/\/www.cavallcartro.cat\/wp-content\/uploads\/2016\/02\/sample-school-sketch-elements-4.png); background-position:center top; background-repeat: repeat; background-attachment: scroll; background-size: auto;  padding-top:20px; padding-bottom:20px; margin-top:0px; margin-bottom:0px; color:#ffffff; \">\n                        <div class=\"swmsc_container\">\n                            [vc_row_inner][vc_column_inner]<div  class=\"swmsc_promotion_box p_border p_box_text_center\" style=\"background:;\">\n                        <div class=\"swmsc_promotion_box_text p_text\">\n                            <div class=\"swmsc_promotion_box_title_text\" style=\" margin-top:8px; font-size:30px; color:#ffffff;\">\n<h2 style=\"text-align: center;\"><strong><em>\u201cFamilia y escuela trabajamos conjuntamente\u201d<\/em><\/strong><\/h2>\n<div class=\"swmsc_promotion_box_sub_title\" style=\"color:#ffffff; font-size:16px;\"><\/div>\n                            <\/div>\n                        <\/div><div class=\"clear\"><\/div>\n                    <\/div>[\/vc_column_inner][\/vc_row_inner]\n                            <div class=\"clear\"><\/div>\n                        <\/div>\n                    <\/div>[\/vc_column][\/vc_row][vc_row css=\u00bb.vc_custom_1459449116032{padding-top: 60px !important;padding-bottom: 60px !important;}\u00bb][vc_column]<div   >\n                        <div class=\"swmsc_container\">\n                            [vc_row_inner][vc_column_inner]<div  class=\"swmsc_text_block\" > La educaci\u00f3n de los ni\u00f1os y las ni\u00f1as y los primeros aprendizajes se hacen en la familia, pero a partir del momento en que entran en el mundo escolar, esta responsabilidad educativa se comparte. Por tanto, debemos trabajar en este sentido. La familia debe ser parte integrante de la escuela, para implicarse en un proyecto com\u00fan y garantizar todos los canales de comunicaci\u00f3n y de colaboraci\u00f3n.<\/p>\n<p>La escuela infantil no pretende suplantar la funci\u00f3n educadora de la familia, sino ser el complemento adecuado para el desarrollo completo de la ni\u00f1a o el ni\u00f1o en sus primeros a\u00f1os de vida. Colaborar en este sentido es fundamental para conseguir su bienestar en los \u00e1mbitos afectivos, cognitivos, motrices y relacionales.<\/p>\n<p>Para nosotros la implicaci\u00f3n y participaci\u00f3n de las familias es una pieza clave para el desarrollo de los ni\u00f1os y ni\u00f1as en el d\u00eda a d\u00eda de la escuela infantil. Facilitamos y promovemos los canales de comunicaci\u00f3n y participaci\u00f3n que mejor se adapten a las caracter\u00edsticas y necesidades de las familias, con el fin de avanzar juntos en el acompa\u00f1amiento de las ni\u00f1as y los ni\u00f1os.<\/div>[\/vc_column_inner][\/vc_row_inner]\n                            <div class=\"clear\"><\/div>\n                        <\/div>\n                    <\/div>[\/vc_column][\/vc_row]\n<\/div>","protected":false},"excerpt":{"rendered":"<p>[vc_row][vc_column][\/vc_column][\/vc_row][vc_row css=\u00bb.vc_custom_1459665581274{padding: 0px !important;}\u00bb][vc_column css=\u00bb.vc_custom_1459665604137{padding: 0px !important;}\u00bb][\/vc_column][\/vc_row][vc_row css=\u00bb.vc_custom_1459449116032{padding-top: 60px !important;padding-bottom: 60px !important;}\u00bb][vc_column][\/vc_column][\/vc_row]<\/p>\n","protected":false},"author":1,"featured_media":0,"parent":0,"menu_order":0,"comment_status":"closed","ping_status":"closed","template":"templates\/100-width.php","meta":{"footnotes":""},"class_list":["post-2445","page","type-page","status-publish","hentry"],"yoast_head":"<!-- This site is optimized with the Yoast SEO plugin v27.4 - https:\/\/yoast.com\/product\/yoast-seo-wordpress\/ -->\n<title>Familia-Escuela | Cavall de Cartr\u00f3 - Serveis Educatius<\/title>\n<meta name=\"robots\" content=\"index, follow, max-snippet:-1, max-image-preview:large, max-video-preview:-1\" \/>\n<link rel=\"canonical\" href=\"https:\/\/www.cavallcartro.cat\/es\/familia-escuela\" \/>\n<meta property=\"og:locale\" content=\"es_ES\" \/>\n<meta property=\"og:type\" content=\"article\" \/>\n<meta property=\"og:title\" content=\"Familia-Escuela | Cavall de Cartr\u00f3 - Serveis Educatius\" \/>\n<meta property=\"og:description\" content=\"[vc_row][vc_column][\/vc_column][\/vc_row][vc_row css=\u00bb.vc_custom_1459665581274{padding: 0px !important;}\u00bb][vc_column css=\u00bb.vc_custom_1459665604137{padding: 0px !important;}\u00bb][\/vc_column][\/vc_row][vc_row css=\u00bb.vc_custom_1459449116032{padding-top: 60px !important;padding-bottom: 60px !important;}\u00bb][vc_column][\/vc_column][\/vc_row]\" \/>\n<meta property=\"og:url\" content=\"https:\/\/www.cavallcartro.cat\/es\/familia-escuela\" \/>\n<meta property=\"og:site_name\" content=\"Cavall de Cartr\u00f3 - Serveis Educatius\" \/>\n<meta property=\"article:publisher\" content=\"https:\/\/www.facebook.com\/cavallcartroedu\" \/>\n<meta property=\"article:modified_time\" content=\"2019-02-21T13:11:05+00:00\" \/>\n<meta property=\"og:image\" content=\"https:\/\/www.cavallcartro.cat\/wp-content\/uploads\/2019\/03\/Logo-HD-Cavall-de-Cartr\u00f3-Bressol-2019-transparent.png\" \/>\n\t<meta property=\"og:image:width\" content=\"1200\" \/>\n\t<meta property=\"og:image:height\" content=\"496\" \/>\n\t<meta property=\"og:image:type\" content=\"image\/png\" \/>\n<meta name=\"twitter:card\" content=\"summary_large_image\" \/>\n<meta name=\"twitter:site\" content=\"@cavallcartroedu\" \/>\n<meta name=\"twitter:label1\" content=\"Tiempo de lectura\" \/>\n\t<meta name=\"twitter:data1\" content=\"2 minutos\" \/>\n<script type=\"application\/ld+json\" class=\"yoast-schema-graph\">{\"@context\":\"https:\\\/\\\/schema.org\",\"@graph\":[{\"@type\":\"Article\",\"@id\":\"https:\\\/\\\/www.cavallcartro.cat\\\/es\\\/familia-escuela#article\",\"isPartOf\":{\"@id\":\"https:\\\/\\\/www.cavallcartro.cat\\\/es\\\/familia-escuela\"},\"author\":{\"name\":\"cgarcia\",\"@id\":\"https:\\\/\\\/www.cavallcartro.cat\\\/#\\\/schema\\\/person\\\/6747bc1660e32d545ab2b8e5927ea542\"},\"headline\":\"Familia-Escuela\",\"datePublished\":\"2016-12-30T11:53:20+00:00\",\"dateModified\":\"2019-02-21T13:11:05+00:00\",\"mainEntityOfPage\":{\"@id\":\"https:\\\/\\\/www.cavallcartro.cat\\\/es\\\/familia-escuela\"},\"wordCount\":445,\"publisher\":{\"@id\":\"https:\\\/\\\/www.cavallcartro.cat\\\/#organization\"},\"inLanguage\":\"es\"},{\"@type\":\"WebPage\",\"@id\":\"https:\\\/\\\/www.cavallcartro.cat\\\/es\\\/familia-escuela\",\"url\":\"https:\\\/\\\/www.cavallcartro.cat\\\/es\\\/familia-escuela\",\"name\":\"Familia-Escuela | Cavall de Cartr\u00f3 - Serveis Educatius\",\"isPartOf\":{\"@id\":\"https:\\\/\\\/www.cavallcartro.cat\\\/#website\"},\"datePublished\":\"2016-12-30T11:53:20+00:00\",\"dateModified\":\"2019-02-21T13:11:05+00:00\",\"breadcrumb\":{\"@id\":\"https:\\\/\\\/www.cavallcartro.cat\\\/es\\\/familia-escuela#breadcrumb\"},\"inLanguage\":\"es\",\"potentialAction\":[{\"@type\":\"ReadAction\",\"target\":[\"https:\\\/\\\/www.cavallcartro.cat\\\/es\\\/familia-escuela\"]}]},{\"@type\":\"BreadcrumbList\",\"@id\":\"https:\\\/\\\/www.cavallcartro.cat\\\/es\\\/familia-escuela#breadcrumb\",\"itemListElement\":[{\"@type\":\"ListItem\",\"position\":1,\"name\":\"Portada\",\"item\":\"https:\\\/\\\/www.cavallcartro.cat\\\/es\"},{\"@type\":\"ListItem\",\"position\":2,\"name\":\"Familia-Escuela\"}]},{\"@type\":\"WebSite\",\"@id\":\"https:\\\/\\\/www.cavallcartro.cat\\\/#website\",\"url\":\"https:\\\/\\\/www.cavallcartro.cat\\\/\",\"name\":\"Cavall de Cartr\u00f3\",\"description\":\"Gesti\u00f3 d&#039;escoles bressol i llars d&#039;infants municipals a Barcelona i tota Catalunya.\",\"publisher\":{\"@id\":\"https:\\\/\\\/www.cavallcartro.cat\\\/#organization\"},\"potentialAction\":[{\"@type\":\"SearchAction\",\"target\":{\"@type\":\"EntryPoint\",\"urlTemplate\":\"https:\\\/\\\/www.cavallcartro.cat\\\/?s={search_term_string}\"},\"query-input\":{\"@type\":\"PropertyValueSpecification\",\"valueRequired\":true,\"valueName\":\"search_term_string\"}}],\"inLanguage\":\"es\"},{\"@type\":\"Organization\",\"@id\":\"https:\\\/\\\/www.cavallcartro.cat\\\/#organization\",\"name\":\"Cavall de Cartr\u00f3\",\"url\":\"https:\\\/\\\/www.cavallcartro.cat\\\/\",\"logo\":{\"@type\":\"ImageObject\",\"inLanguage\":\"es\",\"@id\":\"https:\\\/\\\/www.cavallcartro.cat\\\/#\\\/schema\\\/logo\\\/image\\\/\",\"url\":\"https:\\\/\\\/www.cavallcartro.cat\\\/wp-content\\\/uploads\\\/2020\\\/07\\\/Logo-Cavall-de-Cartr\u00f3-gesti\u00f3-escoles-bressol-i-menjadors-escolars-e1596129492304.png\",\"contentUrl\":\"https:\\\/\\\/www.cavallcartro.cat\\\/wp-content\\\/uploads\\\/2020\\\/07\\\/Logo-Cavall-de-Cartr\u00f3-gesti\u00f3-escoles-bressol-i-menjadors-escolars-e1596129492304.png\",\"width\":528,\"height\":274,\"caption\":\"Cavall de Cartr\u00f3\"},\"image\":{\"@id\":\"https:\\\/\\\/www.cavallcartro.cat\\\/#\\\/schema\\\/logo\\\/image\\\/\"},\"sameAs\":[\"https:\\\/\\\/www.facebook.com\\\/cavallcartroedu\",\"https:\\\/\\\/x.com\\\/cavallcartroedu\",\"https:\\\/\\\/www.instagram.com\\\/cavallcartroedu\\\/\",\"https:\\\/\\\/www.youtube.com\\\/@CavalldeCartro\"]},{\"@type\":\"Person\",\"@id\":\"https:\\\/\\\/www.cavallcartro.cat\\\/#\\\/schema\\\/person\\\/6747bc1660e32d545ab2b8e5927ea542\",\"name\":\"cgarcia\",\"image\":{\"@type\":\"ImageObject\",\"inLanguage\":\"es\",\"@id\":\"https:\\\/\\\/secure.gravatar.com\\\/avatar\\\/469990a84f48a39e93ee0d8243415a74ba5692f608ea41afee8cae0e81f99f77?s=96&d=mm&r=g\",\"url\":\"https:\\\/\\\/secure.gravatar.com\\\/avatar\\\/469990a84f48a39e93ee0d8243415a74ba5692f608ea41afee8cae0e81f99f77?s=96&d=mm&r=g\",\"contentUrl\":\"https:\\\/\\\/secure.gravatar.com\\\/avatar\\\/469990a84f48a39e93ee0d8243415a74ba5692f608ea41afee8cae0e81f99f77?s=96&d=mm&r=g\",\"caption\":\"cgarcia\"},\"url\":\"https:\\\/\\\/www.cavallcartro.cat\\\/es\\\/author\\\/cgarcia\"}]}<\/script>\n<!-- \/ Yoast SEO plugin. -->","yoast_head_json":{"title":"Familia-Escuela | Cavall de Cartr\u00f3 - Serveis Educatius","robots":{"index":"index","follow":"follow","max-snippet":"max-snippet:-1","max-image-preview":"max-image-preview:large","max-video-preview":"max-video-preview:-1"},"canonical":"https:\/\/www.cavallcartro.cat\/es\/familia-escuela","og_locale":"es_ES","og_type":"article","og_title":"Familia-Escuela | Cavall de Cartr\u00f3 - Serveis Educatius","og_description":"[vc_row][vc_column][\/vc_column][\/vc_row][vc_row css=\u00bb.vc_custom_1459665581274{padding: 0px !important;}\u00bb][vc_column css=\u00bb.vc_custom_1459665604137{padding: 0px !important;}\u00bb][\/vc_column][\/vc_row][vc_row css=\u00bb.vc_custom_1459449116032{padding-top: 60px !important;padding-bottom: 60px !important;}\u00bb][vc_column][\/vc_column][\/vc_row]","og_url":"https:\/\/www.cavallcartro.cat\/es\/familia-escuela","og_site_name":"Cavall de Cartr\u00f3 - Serveis Educatius","article_publisher":"https:\/\/www.facebook.com\/cavallcartroedu","article_modified_time":"2019-02-21T13:11:05+00:00","og_image":[{"width":1200,"height":496,"url":"https:\/\/www.cavallcartro.cat\/wp-content\/uploads\/2019\/03\/Logo-HD-Cavall-de-Cartr\u00f3-Bressol-2019-transparent.png","type":"image\/png"}],"twitter_card":"summary_large_image","twitter_site":"@cavallcartroedu","twitter_misc":{"Tiempo de lectura":"2 minutos"},"schema":{"@context":"https:\/\/schema.org","@graph":[{"@type":"Article","@id":"https:\/\/www.cavallcartro.cat\/es\/familia-escuela#article","isPartOf":{"@id":"https:\/\/www.cavallcartro.cat\/es\/familia-escuela"},"author":{"name":"cgarcia","@id":"https:\/\/www.cavallcartro.cat\/#\/schema\/person\/6747bc1660e32d545ab2b8e5927ea542"},"headline":"Familia-Escuela","datePublished":"2016-12-30T11:53:20+00:00","dateModified":"2019-02-21T13:11:05+00:00","mainEntityOfPage":{"@id":"https:\/\/www.cavallcartro.cat\/es\/familia-escuela"},"wordCount":445,"publisher":{"@id":"https:\/\/www.cavallcartro.cat\/#organization"},"inLanguage":"es"},{"@type":"WebPage","@id":"https:\/\/www.cavallcartro.cat\/es\/familia-escuela","url":"https:\/\/www.cavallcartro.cat\/es\/familia-escuela","name":"Familia-Escuela | Cavall de Cartr\u00f3 - Serveis Educatius","isPartOf":{"@id":"https:\/\/www.cavallcartro.cat\/#website"},"datePublished":"2016-12-30T11:53:20+00:00","dateModified":"2019-02-21T13:11:05+00:00","breadcrumb":{"@id":"https:\/\/www.cavallcartro.cat\/es\/familia-escuela#breadcrumb"},"inLanguage":"es","potentialAction":[{"@type":"ReadAction","target":["https:\/\/www.cavallcartro.cat\/es\/familia-escuela"]}]},{"@type":"BreadcrumbList","@id":"https:\/\/www.cavallcartro.cat\/es\/familia-escuela#breadcrumb","itemListElement":[{"@type":"ListItem","position":1,"name":"Portada","item":"https:\/\/www.cavallcartro.cat\/es"},{"@type":"ListItem","position":2,"name":"Familia-Escuela"}]},{"@type":"WebSite","@id":"https:\/\/www.cavallcartro.cat\/#website","url":"https:\/\/www.cavallcartro.cat\/","name":"Cavall de Cartr\u00f3","description":"Gesti\u00f3 d&#039;escoles bressol i llars d&#039;infants municipals a Barcelona i tota Catalunya.","publisher":{"@id":"https:\/\/www.cavallcartro.cat\/#organization"},"potentialAction":[{"@type":"SearchAction","target":{"@type":"EntryPoint","urlTemplate":"https:\/\/www.cavallcartro.cat\/?s={search_term_string}"},"query-input":{"@type":"PropertyValueSpecification","valueRequired":true,"valueName":"search_term_string"}}],"inLanguage":"es"},{"@type":"Organization","@id":"https:\/\/www.cavallcartro.cat\/#organization","name":"Cavall de Cartr\u00f3","url":"https:\/\/www.cavallcartro.cat\/","logo":{"@type":"ImageObject","inLanguage":"es","@id":"https:\/\/www.cavallcartro.cat\/#\/schema\/logo\/image\/","url":"https:\/\/www.cavallcartro.cat\/wp-content\/uploads\/2020\/07\/Logo-Cavall-de-Cartr\u00f3-gesti\u00f3-escoles-bressol-i-menjadors-escolars-e1596129492304.png","contentUrl":"https:\/\/www.cavallcartro.cat\/wp-content\/uploads\/2020\/07\/Logo-Cavall-de-Cartr\u00f3-gesti\u00f3-escoles-bressol-i-menjadors-escolars-e1596129492304.png","width":528,"height":274,"caption":"Cavall de Cartr\u00f3"},"image":{"@id":"https:\/\/www.cavallcartro.cat\/#\/schema\/logo\/image\/"},"sameAs":["https:\/\/www.facebook.com\/cavallcartroedu","https:\/\/x.com\/cavallcartroedu","https:\/\/www.instagram.com\/cavallcartroedu\/","https:\/\/www.youtube.com\/@CavalldeCartro"]},{"@type":"Person","@id":"https:\/\/www.cavallcartro.cat\/#\/schema\/person\/6747bc1660e32d545ab2b8e5927ea542","name":"cgarcia","image":{"@type":"ImageObject","inLanguage":"es","@id":"https:\/\/secure.gravatar.com\/avatar\/469990a84f48a39e93ee0d8243415a74ba5692f608ea41afee8cae0e81f99f77?s=96&d=mm&r=g","url":"https:\/\/secure.gravatar.com\/avatar\/469990a84f48a39e93ee0d8243415a74ba5692f608ea41afee8cae0e81f99f77?s=96&d=mm&r=g","contentUrl":"https:\/\/secure.gravatar.com\/avatar\/469990a84f48a39e93ee0d8243415a74ba5692f608ea41afee8cae0e81f99f77?s=96&d=mm&r=g","caption":"cgarcia"},"url":"https:\/\/www.cavallcartro.cat\/es\/author\/cgarcia"}]}},"_links":{"self":[{"href":"https:\/\/www.cavallcartro.cat\/es\/wp-json\/wp\/v2\/pages\/2445","targetHints":{"allow":["GET"]}}],"collection":[{"href":"https:\/\/www.cavallcartro.cat\/es\/wp-json\/wp\/v2\/pages"}],"about":[{"href":"https:\/\/www.cavallcartro.cat\/es\/wp-json\/wp\/v2\/types\/page"}],"author":[{"embeddable":true,"href":"https:\/\/www.cavallcartro.cat\/es\/wp-json\/wp\/v2\/users\/1"}],"replies":[{"embeddable":true,"href":"https:\/\/www.cavallcartro.cat\/es\/wp-json\/wp\/v2\/comments?post=2445"}],"version-history":[{"count":4,"href":"https:\/\/www.cavallcartro.cat\/es\/wp-json\/wp\/v2\/pages\/2445\/revisions"}],"predecessor-version":[{"id":3634,"href":"https:\/\/www.cavallcartro.cat\/es\/wp-json\/wp\/v2\/pages\/2445\/revisions\/3634"}],"wp:attachment":[{"href":"https:\/\/www.cavallcartro.cat\/es\/wp-json\/wp\/v2\/media?parent=2445"}],"curies":[{"name":"wp","href":"https:\/\/api.w.org\/{rel}","templated":true}]}}