{"id":2431,"date":"2016-12-16T09:10:08","date_gmt":"2016-12-16T09:10:08","guid":{"rendered":"http:\/\/www.cavallcartro.cat\/com-treballem"},"modified":"2019-02-21T11:21:40","modified_gmt":"2019-02-21T11:21:40","slug":"como-trabajamos","status":"publish","type":"page","link":"https:\/\/www.cavallcartro.cat\/es\/como-trabajamos","title":{"rendered":"C\u00f3mo trabajamos | Metodolog\u00eda en las escuelas"},"content":{"rendered":"<div class=\"wpb-content-wrapper\">[vc_row][vc_column]<div   >\n                        <div class=\"swmsc_container\">\n                            [vc_row_inner][vc_column_inner]<div  class=\"swmsc_fancy_heading swmsc_fancy_heading_center fh_icon_star\" style=\"margin-top:0;margin-bottom:60px;\">\n                        <div class=\"swmsc_fancy_heading_text\" style=\"font-size:42px;line-height:36px;\">\n                            <span style=\"color: #9fcdb1;\"><strong>C\u00f3mo trabajamos<\/strong><\/span>\n                            <div class=\"swmsc_fancy_heading_border\">\n                                <span class=\"swmsc_fancy_heading_border1\" style=\"background:#87888a;\"><\/span>\n                                <span class=\"swmsc_fancy_heading_border2\" style=\"background:#87888a;\"><\/span>\n                                <span class=\"swmsc_fancy_heading_icon\"><i class=\"fa fa-star\"  style=\"color:#9fcdb1;\"><\/i><\/span>\n                            <\/div>\n                        <\/div>\n                    <\/div><div  class=\"swmsc_text_block\" > Nuestra metodolog\u00eda est\u00e1 basada en el descubrimiento y la experimentaci\u00f3n, siendo el ni\u00f1o o ni\u00f1a el <strong>protagonista activo de sus aprendizajes<\/strong>. Potenciamos su imaginaci\u00f3n y la creatividad, su motivaci\u00f3n y su esp\u00edritu cr\u00edtico. Damos respuesta a sus necesidades individuales, respetando su tiempo y potenciando sus capacidades.<\/div><div  class=\"clear swmsc_gap\" style=\"margin:30px 0 0 0;\"><\/div>[\/vc_column_inner][\/vc_row_inner]\n                            <div class=\"clear\"><\/div>\n                        <\/div>\n                    <\/div>[\/vc_column][\/vc_row][vc_row css=\u00bb.vc_custom_1459665581274{padding: 0px !important;}\u00bb][vc_column css=\u00bb.vc_custom_1459665604137{padding: 0px !important;}\u00bb]<div  class=\"swmsc_full_width_section\" style=\" background-color:#9fcdb1;background-image:url(https:\/\/www.cavallcartro.cat\/wp-content\/uploads\/2016\/02\/sample-school-sketch-elements-4.png); background-position:center top; background-repeat: repeat; background-attachment: scroll; background-size: auto;  padding-top:20px; padding-bottom:20px; margin-top:0px; margin-bottom:0px; color:#ffffff; \">\n                        <div class=\"swmsc_container\">\n                            [vc_row_inner][vc_column_inner]<div  class=\"swmsc_promotion_box p_border p_box_text_center\" style=\"background:;\">\n                        <div class=\"swmsc_promotion_box_text p_text\">\n                            <div class=\"swmsc_promotion_box_title_text\" style=\" margin-top:8px; font-size:42px; color:#ffffff;\">\n<h2 style=\"text-align: center;\">\u201cJugamos, experimentamos, investigamos, aprendemos\u2026\u201d<\/h2>\n<div class=\"swmsc_promotion_box_sub_title\" style=\"color:#ffffff; font-size:16px;\"><\/div>\n                            <\/div>\n                        <\/div><div class=\"clear\"><\/div>\n                    <\/div>[\/vc_column_inner][\/vc_row_inner]\n                            <div class=\"clear\"><\/div>\n                        <\/div>\n                    <\/div>[\/vc_column][\/vc_row][vc_row][vc_column]<div   >\n                        <div class=\"swmsc_container\">\n                            [vc_row_inner][vc_column_inner]<div  class=\"swmsc_fancy_heading swmsc_fancy_heading_center fh_icon_heart\" style=\"margin-top:40px;margin-bottom:70px;\">\n                        <div class=\"swmsc_fancy_heading_text\" style=\"font-size:30px;line-height:36px;\">\n                            <span style=\"color: #9fcdb1;\"><strong>Ni\u00f1as y ni\u00f1os curiosos<br \/>\n<\/strong><\/span>\n                            <div class=\"swmsc_fancy_heading_border\">\n                                <span class=\"swmsc_fancy_heading_border1\" style=\"background:#87888a;\"><\/span>\n                                <span class=\"swmsc_fancy_heading_border2\" style=\"background:#87888a;\"><\/span>\n                                <span class=\"swmsc_fancy_heading_icon\"><i class=\"fa fa-heart\"  style=\"color:#9fcdb1;\"><\/i><\/span>\n                            <\/div>\n                        <\/div>\n                    <\/div><div  class=\"swmsc_text_block\" > El concepto de ni\u00f1a o ni\u00f1o entendido como ser activo, competente, curioso y creador. Poco a poco va construyendo su conocimiento, interactuando con su entorno gracias, tambi\u00e9n, a su mirada curiosa. Acompa\u00f1amos a los ni\u00f1os para lograr un <strong>desarrollo f\u00edsico, psicol\u00f3gico, emocional y social<\/strong>, en armon\u00eda con su manera de ser, teniendo en cuenta la diversidad y caracter\u00edsticas de cada uno. Ofrecemos <strong>espacios seguros y adaptados a cada momento evolutivo<\/strong> y facilitamos materiales interesantes que fomenten la exploraci\u00f3n, la experimentaci\u00f3n y la relaci\u00f3n con los dem\u00e1s.<\/div><div  class=\"clear swmsc_gap\" style=\"margin:100px 0 0 0;\"><\/div><div  class=\"swmsc_fancy_heading swmsc_fancy_heading_center fh_icon_heart\" style=\"margin-top:40px;margin-bottom:70px;\">\n                        <div class=\"swmsc_fancy_heading_text\" style=\"font-size:30px;line-height:36px;\">\n                            <span style=\"color: #9fcdb1;\"><strong>La importancia de la vida cotidiana en el aprendizaje de los m\u00e1s peque\u00f1os<\/strong><\/span>\n                            <div class=\"swmsc_fancy_heading_border\">\n                                <span class=\"swmsc_fancy_heading_border1\" style=\"background:#87888a;\"><\/span>\n                                <span class=\"swmsc_fancy_heading_border2\" style=\"background:#87888a;\"><\/span>\n                                <span class=\"swmsc_fancy_heading_icon\"><i class=\"fa fa-heart\"  style=\"color:#9fcdb1;\"><\/i><\/span>\n                            <\/div>\n                        <\/div>\n                    <\/div><div  class=\"swmsc_text_block\" > Las actividades de la vida cotidiana tienen un alto componente educativo. <strong>Los h\u00e1bitos y las rutinas<\/strong> proporcionan seguridad a los ni\u00f1os y ni\u00f1as. Momentos como la alimentaci\u00f3n, la higiene o el cambio de pa\u00f1ales son situaciones muy especiales en las que desarrollar <strong>capacidades motrices, de autonom\u00eda, de conocimiento de uno mismo<\/strong>&#8230; Concretamos la cotidianidad del aula y de la escuela a trav\u00e9s de propuestas adaptadas a su propio bienestar, a sus intereses, necesidades e inquietudes.<\/div><div  class=\"clear swmsc_gap\" style=\"margin:100px 0 0 0;\"><\/div><div  class=\"swmsc_fancy_heading swmsc_fancy_heading_center fh_icon_heart\" style=\"margin-top:40px;margin-bottom:70px;\">\n                        <div class=\"swmsc_fancy_heading_text\" style=\"font-size:30px;line-height:36px;\">\n                            <span style=\"color: #9fcdb1;\"><strong>Respetamos el ritmo evolutivo de cada menor<\/strong><\/span>\n                            <div class=\"swmsc_fancy_heading_border\">\n                                <span class=\"swmsc_fancy_heading_border1\" style=\"background:#87888a;\"><\/span>\n                                <span class=\"swmsc_fancy_heading_border2\" style=\"background:#87888a;\"><\/span>\n                                <span class=\"swmsc_fancy_heading_icon\"><i class=\"fa fa-heart\"  style=\"color:#9fcdb1;\"><\/i><\/span>\n                            <\/div>\n                        <\/div>\n                    <\/div><div  class=\"swmsc_text_block\" > El respeto a cada ni\u00f1a y ni\u00f1o pasa por adecuarnos a su ritmo evolutivo y en las <strong>actividades cotidianas de alimentaci\u00f3n, higiene y motricidad<\/strong>, teniendo en cuenta la diversidad y caracter\u00edsticas de cada uno. Acompa\u00f1amos a los ni\u00f1os y ni\u00f1as, ofreciendo propuestas y observando. Facilitamos su movimiento libre, para que puedan <strong>explorar, descubrir, desplazarse hacia donde los lleve su curiosidad<\/strong> y como medio de conocimiento del propio cuerpo, respetando sus iniciativas.<\/div><div  class=\"clear swmsc_gap\" style=\"margin:100px 0 0 0;\"><\/div><div  class=\"swmsc_fancy_heading swmsc_fancy_heading_center fh_icon_heart\" style=\"margin-top:40px;margin-bottom:70px;\">\n                        <div class=\"swmsc_fancy_heading_text\" style=\"font-size:30px;line-height:36px;\">\n                            <span style=\"color: #9fcdb1;\"><strong>Proporcionamos espacios y diferentes materiales para experimentar<br \/>\n<\/strong><\/span>\n                            <div class=\"swmsc_fancy_heading_border\">\n                                <span class=\"swmsc_fancy_heading_border1\" style=\"background:#87888a;\"><\/span>\n                                <span class=\"swmsc_fancy_heading_border2\" style=\"background:#87888a;\"><\/span>\n                                <span class=\"swmsc_fancy_heading_icon\"><i class=\"fa fa-heart\"  style=\"color:#9fcdb1;\"><\/i><\/span>\n                            <\/div>\n                        <\/div>\n                    <\/div><div  class=\"swmsc_text_block\" > Preparamos tanto los diferentes espacios como los materiales, para permitir a los ni\u00f1os y ni\u00f1as y fomentar<strong> la experimentaci\u00f3n y el descubrimiento<\/strong>, utilizando el aula como un medio privilegiado para establecer nuevos aprendizajes. Organizamos los espacios y materiales con el objetivo de mantener vivo su inter\u00e9s y su curiosidad, siendo estos los motores principales de sus aprendizajes. El contacto con la naturaleza, los materiales naturales, reciclados y reales ser\u00e1n la base de su experimentaci\u00f3n. <strong>El juego es la base del aprendizaje<\/strong>, por lo tanto, ofrecemos propuestas de juegos coherentes, estimulantes y atractivos, teniendo en cuenta el momento evolutivo del ni\u00f1o y del grupo. Partimos de que cada ni\u00f1a y ni\u00f1o es \u00fanico, y de que cada grupo de ni\u00f1os, como totalidad, es tambi\u00e9n \u00fanico.<\/div><div  class=\"clear swmsc_gap\" style=\"margin:100px 0 0 0;\"><\/div>[\/vc_column_inner][\/vc_row_inner]\n                            <div class=\"clear\"><\/div>\n                        <\/div>\n                    <\/div>[\/vc_column][\/vc_row]\n<\/div>","protected":false},"excerpt":{"rendered":"<p>[vc_row][vc_column][\/vc_column][\/vc_row][vc_row css=\u00bb.vc_custom_1459665581274{padding: 0px !important;}\u00bb][vc_column css=\u00bb.vc_custom_1459665604137{padding: 0px !important;}\u00bb][\/vc_column][\/vc_row][vc_row][vc_column][\/vc_column][\/vc_row]<\/p>\n","protected":false},"author":1,"featured_media":0,"parent":0,"menu_order":0,"comment_status":"closed","ping_status":"closed","template":"templates\/100-width.php","meta":{"footnotes":""},"class_list":["post-2431","page","type-page","status-publish","hentry"],"yoast_head":"<!-- This site is optimized with the Yoast SEO plugin v27.5 - https:\/\/yoast.com\/product\/yoast-seo-wordpress\/ -->\n<title>C\u00f3mo trabajamos | Metodolog\u00eda en las escuelas Cavall de Cartr\u00f3<\/title>\n<meta name=\"description\" content=\"Nuestra metodolog\u00eda est\u00e1 basada en el descubrimiento y la experimentaci\u00f3n. Potenciamos la imaginaci\u00f3n y la creatividad, la motivaci\u00f3n y el esp\u00edritu cr\u00edtico.\" \/>\n<meta name=\"robots\" content=\"index, follow, max-snippet:-1, max-image-preview:large, max-video-preview:-1\" \/>\n<link rel=\"canonical\" href=\"https:\/\/www.cavallcartro.cat\/es\/como-trabajamos\" \/>\n<meta property=\"og:locale\" content=\"es_ES\" \/>\n<meta property=\"og:type\" content=\"article\" \/>\n<meta property=\"og:title\" content=\"C\u00f3mo trabajamos | Metodolog\u00eda en las escuelas Cavall de Cartr\u00f3\" \/>\n<meta property=\"og:description\" content=\"Nuestra metodolog\u00eda est\u00e1 basada en el descubrimiento y la experimentaci\u00f3n. Potenciamos la imaginaci\u00f3n y la creatividad, la motivaci\u00f3n y el esp\u00edritu cr\u00edtico.\" \/>\n<meta property=\"og:url\" content=\"https:\/\/www.cavallcartro.cat\/es\/como-trabajamos\" \/>\n<meta property=\"og:site_name\" content=\"Cavall de Cartr\u00f3 - Serveis Educatius\" \/>\n<meta property=\"article:publisher\" content=\"https:\/\/www.facebook.com\/cavallcartroedu\" \/>\n<meta property=\"article:modified_time\" content=\"2019-02-21T11:21:40+00:00\" \/>\n<meta property=\"og:image\" content=\"https:\/\/www.cavallcartro.cat\/wp-content\/uploads\/2019\/03\/Logo-HD-Cavall-de-Cartr\u00f3-Bressol-2019-transparent.png\" \/>\n\t<meta property=\"og:image:width\" content=\"1200\" \/>\n\t<meta property=\"og:image:height\" content=\"496\" \/>\n\t<meta property=\"og:image:type\" content=\"image\/png\" \/>\n<meta name=\"twitter:card\" content=\"summary_large_image\" \/>\n<meta name=\"twitter:site\" content=\"@cavallcartroedu\" \/>\n<meta name=\"twitter:label1\" content=\"Tiempo de lectura\" \/>\n\t<meta name=\"twitter:data1\" content=\"5 minutos\" \/>\n<script type=\"application\/ld+json\" class=\"yoast-schema-graph\">{\"@context\":\"https:\\\/\\\/schema.org\",\"@graph\":[{\"@type\":\"Article\",\"@id\":\"https:\\\/\\\/www.cavallcartro.cat\\\/es\\\/como-trabajamos#article\",\"isPartOf\":{\"@id\":\"https:\\\/\\\/www.cavallcartro.cat\\\/es\\\/como-trabajamos\"},\"author\":{\"name\":\"cgarcia\",\"@id\":\"https:\\\/\\\/www.cavallcartro.cat\\\/#\\\/schema\\\/person\\\/6747bc1660e32d545ab2b8e5927ea542\"},\"headline\":\"C\u00f3mo trabajamos | Metodolog\u00eda en las escuelas\",\"datePublished\":\"2016-12-16T09:10:08+00:00\",\"dateModified\":\"2019-02-21T11:21:40+00:00\",\"mainEntityOfPage\":{\"@id\":\"https:\\\/\\\/www.cavallcartro.cat\\\/es\\\/como-trabajamos\"},\"wordCount\":914,\"publisher\":{\"@id\":\"https:\\\/\\\/www.cavallcartro.cat\\\/#organization\"},\"inLanguage\":\"es\"},{\"@type\":\"WebPage\",\"@id\":\"https:\\\/\\\/www.cavallcartro.cat\\\/es\\\/como-trabajamos\",\"url\":\"https:\\\/\\\/www.cavallcartro.cat\\\/es\\\/como-trabajamos\",\"name\":\"C\u00f3mo trabajamos | Metodolog\u00eda en las escuelas Cavall de Cartr\u00f3\",\"isPartOf\":{\"@id\":\"https:\\\/\\\/www.cavallcartro.cat\\\/#website\"},\"datePublished\":\"2016-12-16T09:10:08+00:00\",\"dateModified\":\"2019-02-21T11:21:40+00:00\",\"description\":\"Nuestra metodolog\u00eda est\u00e1 basada en el descubrimiento y la experimentaci\u00f3n. Potenciamos la imaginaci\u00f3n y la creatividad, la motivaci\u00f3n y el esp\u00edritu cr\u00edtico.\",\"breadcrumb\":{\"@id\":\"https:\\\/\\\/www.cavallcartro.cat\\\/es\\\/como-trabajamos#breadcrumb\"},\"inLanguage\":\"es\",\"potentialAction\":[{\"@type\":\"ReadAction\",\"target\":[\"https:\\\/\\\/www.cavallcartro.cat\\\/es\\\/como-trabajamos\"]}]},{\"@type\":\"BreadcrumbList\",\"@id\":\"https:\\\/\\\/www.cavallcartro.cat\\\/es\\\/como-trabajamos#breadcrumb\",\"itemListElement\":[{\"@type\":\"ListItem\",\"position\":1,\"name\":\"Portada\",\"item\":\"https:\\\/\\\/www.cavallcartro.cat\\\/es\"},{\"@type\":\"ListItem\",\"position\":2,\"name\":\"C\u00f3mo trabajamos | Metodolog\u00eda en las escuelas\"}]},{\"@type\":\"WebSite\",\"@id\":\"https:\\\/\\\/www.cavallcartro.cat\\\/#website\",\"url\":\"https:\\\/\\\/www.cavallcartro.cat\\\/\",\"name\":\"Cavall de Cartr\u00f3\",\"description\":\"Gesti\u00f3 d&#039;escoles bressol i llars d&#039;infants municipals a Barcelona i tota Catalunya.\",\"publisher\":{\"@id\":\"https:\\\/\\\/www.cavallcartro.cat\\\/#organization\"},\"potentialAction\":[{\"@type\":\"SearchAction\",\"target\":{\"@type\":\"EntryPoint\",\"urlTemplate\":\"https:\\\/\\\/www.cavallcartro.cat\\\/?s={search_term_string}\"},\"query-input\":{\"@type\":\"PropertyValueSpecification\",\"valueRequired\":true,\"valueName\":\"search_term_string\"}}],\"inLanguage\":\"es\"},{\"@type\":\"Organization\",\"@id\":\"https:\\\/\\\/www.cavallcartro.cat\\\/#organization\",\"name\":\"Cavall de Cartr\u00f3\",\"url\":\"https:\\\/\\\/www.cavallcartro.cat\\\/\",\"logo\":{\"@type\":\"ImageObject\",\"inLanguage\":\"es\",\"@id\":\"https:\\\/\\\/www.cavallcartro.cat\\\/#\\\/schema\\\/logo\\\/image\\\/\",\"url\":\"https:\\\/\\\/www.cavallcartro.cat\\\/wp-content\\\/uploads\\\/2020\\\/07\\\/Logo-Cavall-de-Cartr\u00f3-gesti\u00f3-escoles-bressol-i-menjadors-escolars-e1596129492304.png\",\"contentUrl\":\"https:\\\/\\\/www.cavallcartro.cat\\\/wp-content\\\/uploads\\\/2020\\\/07\\\/Logo-Cavall-de-Cartr\u00f3-gesti\u00f3-escoles-bressol-i-menjadors-escolars-e1596129492304.png\",\"width\":528,\"height\":274,\"caption\":\"Cavall de Cartr\u00f3\"},\"image\":{\"@id\":\"https:\\\/\\\/www.cavallcartro.cat\\\/#\\\/schema\\\/logo\\\/image\\\/\"},\"sameAs\":[\"https:\\\/\\\/www.facebook.com\\\/cavallcartroedu\",\"https:\\\/\\\/x.com\\\/cavallcartroedu\",\"https:\\\/\\\/www.instagram.com\\\/cavallcartroedu\\\/\",\"https:\\\/\\\/www.youtube.com\\\/@CavalldeCartro\"]},{\"@type\":\"Person\",\"@id\":\"https:\\\/\\\/www.cavallcartro.cat\\\/#\\\/schema\\\/person\\\/6747bc1660e32d545ab2b8e5927ea542\",\"name\":\"cgarcia\",\"image\":{\"@type\":\"ImageObject\",\"inLanguage\":\"es\",\"@id\":\"https:\\\/\\\/secure.gravatar.com\\\/avatar\\\/469990a84f48a39e93ee0d8243415a74ba5692f608ea41afee8cae0e81f99f77?s=96&d=mm&r=g\",\"url\":\"https:\\\/\\\/secure.gravatar.com\\\/avatar\\\/469990a84f48a39e93ee0d8243415a74ba5692f608ea41afee8cae0e81f99f77?s=96&d=mm&r=g\",\"contentUrl\":\"https:\\\/\\\/secure.gravatar.com\\\/avatar\\\/469990a84f48a39e93ee0d8243415a74ba5692f608ea41afee8cae0e81f99f77?s=96&d=mm&r=g\",\"caption\":\"cgarcia\"},\"url\":\"https:\\\/\\\/www.cavallcartro.cat\\\/es\\\/author\\\/cgarcia\"}]}<\/script>\n<!-- \/ Yoast SEO plugin. -->","yoast_head_json":{"title":"C\u00f3mo trabajamos | Metodolog\u00eda en las escuelas Cavall de Cartr\u00f3","description":"Nuestra metodolog\u00eda est\u00e1 basada en el descubrimiento y la experimentaci\u00f3n. Potenciamos la imaginaci\u00f3n y la creatividad, la motivaci\u00f3n y el esp\u00edritu cr\u00edtico.","robots":{"index":"index","follow":"follow","max-snippet":"max-snippet:-1","max-image-preview":"max-image-preview:large","max-video-preview":"max-video-preview:-1"},"canonical":"https:\/\/www.cavallcartro.cat\/es\/como-trabajamos","og_locale":"es_ES","og_type":"article","og_title":"C\u00f3mo trabajamos | Metodolog\u00eda en las escuelas Cavall de Cartr\u00f3","og_description":"Nuestra metodolog\u00eda est\u00e1 basada en el descubrimiento y la experimentaci\u00f3n. Potenciamos la imaginaci\u00f3n y la creatividad, la motivaci\u00f3n y el esp\u00edritu cr\u00edtico.","og_url":"https:\/\/www.cavallcartro.cat\/es\/como-trabajamos","og_site_name":"Cavall de Cartr\u00f3 - Serveis Educatius","article_publisher":"https:\/\/www.facebook.com\/cavallcartroedu","article_modified_time":"2019-02-21T11:21:40+00:00","og_image":[{"width":1200,"height":496,"url":"https:\/\/www.cavallcartro.cat\/wp-content\/uploads\/2019\/03\/Logo-HD-Cavall-de-Cartr\u00f3-Bressol-2019-transparent.png","type":"image\/png"}],"twitter_card":"summary_large_image","twitter_site":"@cavallcartroedu","twitter_misc":{"Tiempo de lectura":"5 minutos"},"schema":{"@context":"https:\/\/schema.org","@graph":[{"@type":"Article","@id":"https:\/\/www.cavallcartro.cat\/es\/como-trabajamos#article","isPartOf":{"@id":"https:\/\/www.cavallcartro.cat\/es\/como-trabajamos"},"author":{"name":"cgarcia","@id":"https:\/\/www.cavallcartro.cat\/#\/schema\/person\/6747bc1660e32d545ab2b8e5927ea542"},"headline":"C\u00f3mo trabajamos | Metodolog\u00eda en las escuelas","datePublished":"2016-12-16T09:10:08+00:00","dateModified":"2019-02-21T11:21:40+00:00","mainEntityOfPage":{"@id":"https:\/\/www.cavallcartro.cat\/es\/como-trabajamos"},"wordCount":914,"publisher":{"@id":"https:\/\/www.cavallcartro.cat\/#organization"},"inLanguage":"es"},{"@type":"WebPage","@id":"https:\/\/www.cavallcartro.cat\/es\/como-trabajamos","url":"https:\/\/www.cavallcartro.cat\/es\/como-trabajamos","name":"C\u00f3mo trabajamos | Metodolog\u00eda en las escuelas Cavall de Cartr\u00f3","isPartOf":{"@id":"https:\/\/www.cavallcartro.cat\/#website"},"datePublished":"2016-12-16T09:10:08+00:00","dateModified":"2019-02-21T11:21:40+00:00","description":"Nuestra metodolog\u00eda est\u00e1 basada en el descubrimiento y la experimentaci\u00f3n. Potenciamos la imaginaci\u00f3n y la creatividad, la motivaci\u00f3n y el esp\u00edritu cr\u00edtico.","breadcrumb":{"@id":"https:\/\/www.cavallcartro.cat\/es\/como-trabajamos#breadcrumb"},"inLanguage":"es","potentialAction":[{"@type":"ReadAction","target":["https:\/\/www.cavallcartro.cat\/es\/como-trabajamos"]}]},{"@type":"BreadcrumbList","@id":"https:\/\/www.cavallcartro.cat\/es\/como-trabajamos#breadcrumb","itemListElement":[{"@type":"ListItem","position":1,"name":"Portada","item":"https:\/\/www.cavallcartro.cat\/es"},{"@type":"ListItem","position":2,"name":"C\u00f3mo trabajamos | Metodolog\u00eda en las escuelas"}]},{"@type":"WebSite","@id":"https:\/\/www.cavallcartro.cat\/#website","url":"https:\/\/www.cavallcartro.cat\/","name":"Cavall de Cartr\u00f3","description":"Gesti\u00f3 d&#039;escoles bressol i llars d&#039;infants municipals a Barcelona i tota Catalunya.","publisher":{"@id":"https:\/\/www.cavallcartro.cat\/#organization"},"potentialAction":[{"@type":"SearchAction","target":{"@type":"EntryPoint","urlTemplate":"https:\/\/www.cavallcartro.cat\/?s={search_term_string}"},"query-input":{"@type":"PropertyValueSpecification","valueRequired":true,"valueName":"search_term_string"}}],"inLanguage":"es"},{"@type":"Organization","@id":"https:\/\/www.cavallcartro.cat\/#organization","name":"Cavall de Cartr\u00f3","url":"https:\/\/www.cavallcartro.cat\/","logo":{"@type":"ImageObject","inLanguage":"es","@id":"https:\/\/www.cavallcartro.cat\/#\/schema\/logo\/image\/","url":"https:\/\/www.cavallcartro.cat\/wp-content\/uploads\/2020\/07\/Logo-Cavall-de-Cartr\u00f3-gesti\u00f3-escoles-bressol-i-menjadors-escolars-e1596129492304.png","contentUrl":"https:\/\/www.cavallcartro.cat\/wp-content\/uploads\/2020\/07\/Logo-Cavall-de-Cartr\u00f3-gesti\u00f3-escoles-bressol-i-menjadors-escolars-e1596129492304.png","width":528,"height":274,"caption":"Cavall de Cartr\u00f3"},"image":{"@id":"https:\/\/www.cavallcartro.cat\/#\/schema\/logo\/image\/"},"sameAs":["https:\/\/www.facebook.com\/cavallcartroedu","https:\/\/x.com\/cavallcartroedu","https:\/\/www.instagram.com\/cavallcartroedu\/","https:\/\/www.youtube.com\/@CavalldeCartro"]},{"@type":"Person","@id":"https:\/\/www.cavallcartro.cat\/#\/schema\/person\/6747bc1660e32d545ab2b8e5927ea542","name":"cgarcia","image":{"@type":"ImageObject","inLanguage":"es","@id":"https:\/\/secure.gravatar.com\/avatar\/469990a84f48a39e93ee0d8243415a74ba5692f608ea41afee8cae0e81f99f77?s=96&d=mm&r=g","url":"https:\/\/secure.gravatar.com\/avatar\/469990a84f48a39e93ee0d8243415a74ba5692f608ea41afee8cae0e81f99f77?s=96&d=mm&r=g","contentUrl":"https:\/\/secure.gravatar.com\/avatar\/469990a84f48a39e93ee0d8243415a74ba5692f608ea41afee8cae0e81f99f77?s=96&d=mm&r=g","caption":"cgarcia"},"url":"https:\/\/www.cavallcartro.cat\/es\/author\/cgarcia"}]}},"_links":{"self":[{"href":"https:\/\/www.cavallcartro.cat\/es\/wp-json\/wp\/v2\/pages\/2431","targetHints":{"allow":["GET"]}}],"collection":[{"href":"https:\/\/www.cavallcartro.cat\/es\/wp-json\/wp\/v2\/pages"}],"about":[{"href":"https:\/\/www.cavallcartro.cat\/es\/wp-json\/wp\/v2\/types\/page"}],"author":[{"embeddable":true,"href":"https:\/\/www.cavallcartro.cat\/es\/wp-json\/wp\/v2\/users\/1"}],"replies":[{"embeddable":true,"href":"https:\/\/www.cavallcartro.cat\/es\/wp-json\/wp\/v2\/comments?post=2431"}],"version-history":[{"count":8,"href":"https:\/\/www.cavallcartro.cat\/es\/wp-json\/wp\/v2\/pages\/2431\/revisions"}],"predecessor-version":[{"id":3784,"href":"https:\/\/www.cavallcartro.cat\/es\/wp-json\/wp\/v2\/pages\/2431\/revisions\/3784"}],"wp:attachment":[{"href":"https:\/\/www.cavallcartro.cat\/es\/wp-json\/wp\/v2\/media?parent=2431"}],"curies":[{"name":"wp","href":"https:\/\/api.w.org\/{rel}","templated":true}]}}